{"id":245,"date":"2020-10-01T12:01:32","date_gmt":"2020-10-01T11:01:32","guid":{"rendered":"https:\/\/yoni.life\/cs\/my-account\/"},"modified":"2021-07-11T00:50:35","modified_gmt":"2021-07-10T23:50:35","slug":"muj-ucet","status":"publish","type":"page","link":"https:\/\/yoni.life\/cs\/muj-ucet\/","title":{"rendered":"M\u016fj \u00fa\u010det"},"content":{"rendered":"\t\t<div data-elementor-type=\"wp-page\" data-elementor-id=\"245\" class=\"elementor elementor-245\" data-elementor-settings=\"[]\">\n\t\t\t\t\t\t\t<div class=\"elementor-section-wrap\">\n\t\t\t\t\t\t\t<section class=\"elementor-section elementor-top-section elementor-element elementor-element-9509e9a elementor-section-boxed elementor-section-height-default elementor-section-height-default\" data-id=\"9509e9a\" data-element_type=\"section\">\n\t\t\t\t\t\t<div class=\"elementor-container elementor-column-gap-default\">\n\t\t\t\t\t<div class=\"elementor-column elementor-col-100 elementor-top-column elementor-element elementor-element-1ee63a5\" data-id=\"1ee63a5\" data-element_type=\"column\">\n\t\t\t<div class=\"elementor-widget-wrap elementor-element-populated\">\n\t\t\t\t\t\t\t\t<div class=\"elementor-element elementor-element-6f8aa2c elementor-widget elementor-widget-heading\" data-id=\"6f8aa2c\" data-element_type=\"widget\" data-widget_type=\"heading.default\">\n\t\t\t\t<div class=\"elementor-widget-container\">\n\t\t\t<h2 class=\"elementor-heading-title elementor-size-default\">M\u016fj \u00fa\u010det<\/h2>\t\t<\/div>\n\t\t\t\t<\/div>\n\t\t\t\t<div class=\"elementor-element elementor-element-a282e19 elementor-widget elementor-widget-shortcode\" data-id=\"a282e19\" data-element_type=\"widget\" data-widget_type=\"shortcode.default\">\n\t\t\t\t<div class=\"elementor-widget-container\">\n\t\t\t\t\t<div class=\"elementor-shortcode\"><div class=\"woocommerce\"><\/div><\/div>\n\t\t\t\t<\/div>\n\t\t\t\t<\/div>\n\t\t\t\t\t<\/div>\n\t\t<\/div>\n\t\t\t\t\t\t\t<\/div>\n\t\t<\/section>\n\t\t\t\t\t\t<\/div>\n\t\t\t\t\t<\/div>\n\t\t","protected":false},"excerpt":{"rendered":"<p>M\u016fj \u00fa\u010det<\/p>\n","protected":false},"author":1,"featured_media":0,"parent":0,"menu_order":0,"comment_status":"closed","ping_status":"closed","template":"","meta":{"footnotes":""},"_links":{"self":[{"href":"https:\/\/yoni.life\/cs\/wp-json\/wp\/v2\/pages\/245"}],"collection":[{"href":"https:\/\/yoni.life\/cs\/wp-json\/wp\/v2\/pages"}],"about":[{"href":"https:\/\/yoni.life\/cs\/wp-json\/wp\/v2\/types\/page"}],"author":[{"embeddable":true,"href":"https:\/\/yoni.life\/cs\/wp-json\/wp\/v2\/users\/1"}],"replies":[{"embeddable":true,"href":"https:\/\/yoni.life\/cs\/wp-json\/wp\/v2\/comments?post=245"}],"version-history":[{"count":1,"href":"https:\/\/yoni.life\/cs\/wp-json\/wp\/v2\/pages\/245\/revisions"}],"predecessor-version":[{"id":82924,"href":"https:\/\/yoni.life\/cs\/wp-json\/wp\/v2\/pages\/245\/revisions\/82924"}],"wp:attachment":[{"href":"https:\/\/yoni.life\/cs\/wp-json\/wp\/v2\/media?parent=245"}],"curies":[{"name":"wp","href":"https:\/\/api.w.org\/{rel}","templated":true}]}}