{"id":72210,"date":"2021-03-10T18:36:04","date_gmt":"2021-03-10T17:36:04","guid":{"rendered":"https:\/\/yoni.life\/cs\/?page_id=72210"},"modified":"2021-09-16T11:00:20","modified_gmt":"2021-09-16T10:00:20","slug":"o-affiliate-program","status":"publish","type":"page","link":"https:\/\/yoni.life\/cs\/o-affiliate-program\/","title":{"rendered":"Partnersk\u00fd program Yoni"},"content":{"rendered":"\t\t<div data-elementor-type=\"wp-page\" data-elementor-id=\"72210\" class=\"elementor elementor-72210\" data-elementor-settings=\"[]\">\n\t\t\t\t\t\t\t<div class=\"elementor-section-wrap\">\n\t\t\t\t\t\t\t<section class=\"elementor-section elementor-top-section elementor-element elementor-element-547c60a2 elementor-section-boxed elementor-section-height-default elementor-section-height-default\" data-id=\"547c60a2\" data-element_type=\"section\">\n\t\t\t\t\t\t<div class=\"elementor-container elementor-column-gap-default\">\n\t\t\t\t\t<div class=\"elementor-column elementor-col-100 elementor-top-column elementor-element elementor-element-255542ff\" data-id=\"255542ff\" data-element_type=\"column\">\n\t\t\t<div class=\"elementor-widget-wrap elementor-element-populated\">\n\t\t\t\t\t\t\t\t<div class=\"elementor-element elementor-element-6cd7d64 elementor-widget elementor-widget-heading\" data-id=\"6cd7d64\" data-element_type=\"widget\" data-widget_type=\"heading.default\">\n\t\t\t\t<div class=\"elementor-widget-container\">\n\t\t\t<h2 class=\"elementor-heading-title elementor-size-default\">Partnersk\u00fd program Yoni <\/h2>\t\t<\/div>\n\t\t\t\t<\/div>\n\t\t\t\t<div class=\"elementor-element elementor-element-14f98c8 elementor-align-center elementor-mobile-align-center elementor-widget elementor-widget-button\" data-id=\"14f98c8\" data-element_type=\"widget\" data-widget_type=\"button.default\">\n\t\t\t\t<div class=\"elementor-widget-container\">\n\t\t\t\t\t<div class=\"elementor-button-wrapper\">\n\t\t\t<a href=\"https:\/\/yoni.life\/cs\/partnerska-zona\/\" class=\"elementor-button-link elementor-button elementor-size-sm elementor-animation-grow\" role=\"button\">\n\t\t\t\t\t\t<span class=\"elementor-button-content-wrapper\">\n\t\t\t\t\t\t<span class=\"elementor-button-text\">P\u0159ihl\u00e1sit \/ Registrovat<\/span>\n\t\t<\/span>\n\t\t\t\t\t<\/a>\n\t\t<\/div>\n\t\t\t\t<\/div>\n\t\t\t\t<\/div>\n\t\t\t\t\t<\/div>\n\t\t<\/div>\n\t\t\t\t\t\t\t<\/div>\n\t\t<\/section>\n\t\t\t\t<section class=\"elementor-section elementor-top-section elementor-element elementor-element-b3a8953 elementor-section-boxed elementor-section-height-default elementor-section-height-default\" data-id=\"b3a8953\" data-element_type=\"section\">\n\t\t\t\t\t\t<div class=\"elementor-container elementor-column-gap-default\">\n\t\t\t\t\t<div class=\"elementor-column elementor-col-100 elementor-top-column elementor-element elementor-element-95cd21a\" data-id=\"95cd21a\" data-element_type=\"column\">\n\t\t\t<div class=\"elementor-widget-wrap elementor-element-populated\">\n\t\t\t\t\t\t\t\t<div class=\"elementor-element elementor-element-dccd4ba elementor-widget elementor-widget-text-editor\" data-id=\"dccd4ba\" data-element_type=\"widget\" data-widget_type=\"text-editor.default\">\n\t\t\t\t<div class=\"elementor-widget-container\">\n\t\t\t\t\t\t\t<p style=\"text-align: center;\">V\u00edtej na str\u00e1nce o partnersk\u00e9m programu Yoni. Zde se dozv\u00ed\u0161 v\u0161echny z\u00e1kladn\u00ed infromace.<\/p>\n<p style=\"text-align: center;\">\u00a0<\/p>\n<h3 style=\"text-align: center;\">Co je to Partnersk\u00fd program<\/h3>\n<p style=\"text-align: center;\">Je to program ur\u010den\u00fd pro na\u0161e partnery k Online a Offline propagaci na\u0161ich produkt\u016f. V partnersk\u00e9m programu je partner odm\u011bn\u011bn za ka\u017ed\u00fd n\u00e1kup, kte\u0159\u00ed u\u010din\u00ed lid\u00e9, kter\u00e9 k n\u00e1m p\u0159ivede.\u00a0<\/p>\n<p style=\"text-align: center;\">\u00a0<\/p>\n<h3 style=\"text-align: center;\">Jak partnersk\u00fd program funguje?<\/h3>\n<p style=\"text-align: center;\">Je to velmi jednoduch\u00e9. Sta\u010d\u00ed se u n\u00e1s zaregistrovat jako partner. Po registraci obdr\u017e\u00edte svoje unik\u00e1tn\u00ed identifika\u010dn\u00ed \u010d\u00edslo <strong>&#8220;ID&#8221; a V\u00e1\u0161 unik\u00e1tn\u00ed odkaz<\/strong>. Kdy\u017e va\u0161e <strong>ID<\/strong>\u00a0pou\u017eijete p\u0159i odkazov\u00e1n\u00ed na n\u00e1\u0161 web (V\u00e1\u0161 unik\u00e1tn\u00ed odkaz), n\u00e1v\u0161t\u011bvn\u00edk se automaticky p\u0159ip\u00ed\u0161e jako V\u00e1\u0161 \u010dlov\u011bk. Pokud tento \u010dlov\u011bk nakoup\u00ed, do Va\u0161eho \u00fa\u010dtu se p\u0159ip\u00ed\u0161e z toho prodeje provize.<\/p>\n<h3 style=\"text-align: center;\">Jak\u00e1 je v\u00fd\u0161e provize ?<\/h3>\n<p style=\"text-align: center;\">Provize je bu\u010fto 25% nebo 15% z ceny bez DPH a dopravy. V\u00fd\u0161e provize z\u00e1le\u017e\u00ed, jestli vy\u017eadujete pro Va\u0161e n\u00e1v\u0161t\u011bvn\u00edky slevov\u00fd kup\u00f3n nebo nikoliv.<\/p>\n<p style=\"text-align: center;\">\u00a0<\/p>\t\t\t\t\t\t<\/div>\n\t\t\t\t<\/div>\n\t\t\t\t<div class=\"elementor-element elementor-element-5d56182 elementor-widget elementor-widget-heading\" data-id=\"5d56182\" data-element_type=\"widget\" data-widget_type=\"heading.default\">\n\t\t\t\t<div class=\"elementor-widget-container\">\n\t\t\t<h2 class=\"elementor-heading-title elementor-size-default\">Zp\u011btn\u00e9 vazby na kvalitu na\u0161ich produkt\u016f<\/h2>\t\t<\/div>\n\t\t\t\t<\/div>\n\t\t\t\t<section class=\"elementor-section elementor-inner-section elementor-element elementor-element-05129c6 elementor-section-boxed elementor-section-height-default elementor-section-height-default\" data-id=\"05129c6\" data-element_type=\"section\">\n\t\t\t\t\t\t<div class=\"elementor-container elementor-column-gap-default\">\n\t\t\t\t\t<div class=\"elementor-column elementor-col-50 elementor-inner-column elementor-element elementor-element-c4e65d8\" data-id=\"c4e65d8\" data-element_type=\"column\">\n\t\t\t<div class=\"elementor-widget-wrap elementor-element-populated\">\n\t\t\t\t\t\t\t\t<div class=\"elementor-element elementor-element-8796ad6 elementor-widget elementor-widget-image\" data-id=\"8796ad6\" data-element_type=\"widget\" data-widget_type=\"image.default\">\n\t\t\t\t<div class=\"elementor-widget-container\">\n\t\t\t\t\t\t\t\t\t\t\t\t\t\t\t<img loading=\"lazy\" decoding=\"async\" width=\"320\" height=\"320\" src=\"https:\/\/yoni.life\/cs\/wp-content\/uploads\/sites\/3\/2021\/03\/recenze-egg-mobile-4.jpg\" class=\"attachment-large size-large\" alt=\"Recenze yoni vaj\u00ed\u010dko #1\" srcset=\"https:\/\/yoni.life\/cs\/wp-content\/uploads\/sites\/3\/2021\/03\/recenze-egg-mobile-4.jpg 320w, https:\/\/yoni.life\/cs\/wp-content\/uploads\/sites\/3\/2021\/03\/recenze-egg-mobile-4-300x300.jpg 300w, https:\/\/yoni.life\/cs\/wp-content\/uploads\/sites\/3\/2021\/03\/recenze-egg-mobile-4-150x150.jpg 150w, https:\/\/yoni.life\/cs\/wp-content\/uploads\/sites\/3\/2021\/03\/recenze-egg-mobile-4-100x100.jpg 100w\" sizes=\"(max-width: 320px) 100vw, 320px\" \/>\t\t\t\t\t\t\t\t\t\t\t\t\t\t\t<\/div>\n\t\t\t\t<\/div>\n\t\t\t\t\t<\/div>\n\t\t<\/div>\n\t\t\t\t<div class=\"elementor-column elementor-col-50 elementor-inner-column elementor-element elementor-element-71a05b5\" data-id=\"71a05b5\" data-element_type=\"column\">\n\t\t\t<div class=\"elementor-widget-wrap elementor-element-populated\">\n\t\t\t\t\t\t\t\t<div class=\"elementor-element elementor-element-4d6b03f elementor-widget elementor-widget-image\" data-id=\"4d6b03f\" data-element_type=\"widget\" data-widget_type=\"image.default\">\n\t\t\t\t<div class=\"elementor-widget-container\">\n\t\t\t\t\t\t\t\t\t\t\t\t\t\t\t<img loading=\"lazy\" decoding=\"async\" width=\"320\" height=\"320\" src=\"https:\/\/yoni.life\/cs\/wp-content\/uploads\/sites\/3\/2021\/03\/recenze-egg-mobile-3.jpg\" class=\"attachment-large size-large\" alt=\"Recenze yoni vaj\u00ed\u010dko #2\" srcset=\"https:\/\/yoni.life\/cs\/wp-content\/uploads\/sites\/3\/2021\/03\/recenze-egg-mobile-3.jpg 320w, https:\/\/yoni.life\/cs\/wp-content\/uploads\/sites\/3\/2021\/03\/recenze-egg-mobile-3-300x300.jpg 300w, https:\/\/yoni.life\/cs\/wp-content\/uploads\/sites\/3\/2021\/03\/recenze-egg-mobile-3-150x150.jpg 150w, https:\/\/yoni.life\/cs\/wp-content\/uploads\/sites\/3\/2021\/03\/recenze-egg-mobile-3-100x100.jpg 100w\" sizes=\"(max-width: 320px) 100vw, 320px\" \/>\t\t\t\t\t\t\t\t\t\t\t\t\t\t\t<\/div>\n\t\t\t\t<\/div>\n\t\t\t\t\t<\/div>\n\t\t<\/div>\n\t\t\t\t\t\t\t<\/div>\n\t\t<\/section>\n\t\t\t\t<section class=\"elementor-section elementor-inner-section elementor-element elementor-element-037437a elementor-section-boxed elementor-section-height-default elementor-section-height-default\" data-id=\"037437a\" data-element_type=\"section\">\n\t\t\t\t\t\t<div class=\"elementor-container elementor-column-gap-default\">\n\t\t\t\t\t<div class=\"elementor-column elementor-col-50 elementor-inner-column elementor-element elementor-element-304100c\" data-id=\"304100c\" data-element_type=\"column\">\n\t\t\t<div class=\"elementor-widget-wrap elementor-element-populated\">\n\t\t\t\t\t\t\t\t<div class=\"elementor-element elementor-element-5ce9d4d elementor-widget elementor-widget-image\" data-id=\"5ce9d4d\" data-element_type=\"widget\" data-widget_type=\"image.default\">\n\t\t\t\t<div class=\"elementor-widget-container\">\n\t\t\t\t\t\t\t\t\t\t\t\t\t\t\t<img loading=\"lazy\" decoding=\"async\" width=\"320\" height=\"320\" src=\"https:\/\/yoni.life\/cs\/wp-content\/uploads\/sites\/3\/2021\/03\/recenze-RTB-mobile-2.jpg\" class=\"attachment-large size-large\" alt=\"P\u0159\u00edrodn\u00ed kart\u00e1\u010dky recenze #4\" srcset=\"https:\/\/yoni.life\/cs\/wp-content\/uploads\/sites\/3\/2021\/03\/recenze-RTB-mobile-2.jpg 320w, https:\/\/yoni.life\/cs\/wp-content\/uploads\/sites\/3\/2021\/03\/recenze-RTB-mobile-2-300x300.jpg 300w, https:\/\/yoni.life\/cs\/wp-content\/uploads\/sites\/3\/2021\/03\/recenze-RTB-mobile-2-150x150.jpg 150w, https:\/\/yoni.life\/cs\/wp-content\/uploads\/sites\/3\/2021\/03\/recenze-RTB-mobile-2-100x100.jpg 100w\" sizes=\"(max-width: 320px) 100vw, 320px\" \/>\t\t\t\t\t\t\t\t\t\t\t\t\t\t\t<\/div>\n\t\t\t\t<\/div>\n\t\t\t\t\t<\/div>\n\t\t<\/div>\n\t\t\t\t<div class=\"elementor-column elementor-col-50 elementor-inner-column elementor-element elementor-element-40f79b8\" data-id=\"40f79b8\" data-element_type=\"column\">\n\t\t\t<div class=\"elementor-widget-wrap elementor-element-populated\">\n\t\t\t\t\t\t\t\t<div class=\"elementor-element elementor-element-77b968b elementor-widget elementor-widget-image\" data-id=\"77b968b\" data-element_type=\"widget\" data-widget_type=\"image.default\">\n\t\t\t\t<div class=\"elementor-widget-container\">\n\t\t\t\t\t\t\t\t\t\t\t\t\t\t\t<img loading=\"lazy\" decoding=\"async\" width=\"320\" height=\"320\" src=\"https:\/\/yoni.life\/cs\/wp-content\/uploads\/sites\/3\/2021\/03\/recenze-RTB-mobile-4.jpg\" class=\"attachment-large size-large\" alt=\"P\u0159\u00edrodn\u00ed kart\u00e1\u010dky recenze #1\" srcset=\"https:\/\/yoni.life\/cs\/wp-content\/uploads\/sites\/3\/2021\/03\/recenze-RTB-mobile-4.jpg 320w, https:\/\/yoni.life\/cs\/wp-content\/uploads\/sites\/3\/2021\/03\/recenze-RTB-mobile-4-300x300.jpg 300w, https:\/\/yoni.life\/cs\/wp-content\/uploads\/sites\/3\/2021\/03\/recenze-RTB-mobile-4-150x150.jpg 150w, https:\/\/yoni.life\/cs\/wp-content\/uploads\/sites\/3\/2021\/03\/recenze-RTB-mobile-4-100x100.jpg 100w\" sizes=\"(max-width: 320px) 100vw, 320px\" \/>\t\t\t\t\t\t\t\t\t\t\t\t\t\t\t<\/div>\n\t\t\t\t<\/div>\n\t\t\t\t\t<\/div>\n\t\t<\/div>\n\t\t\t\t\t\t\t<\/div>\n\t\t<\/section>\n\t\t\t\t<div class=\"elementor-element elementor-element-eaaf2da elementor-widget elementor-widget-text-editor\" data-id=\"eaaf2da\" data-element_type=\"widget\" data-widget_type=\"text-editor.default\">\n\t\t\t\t<div class=\"elementor-widget-container\">\n\t\t\t\t\t\t\t<p style=\"text-align: center;\"><strong>Dal\u0161\u00ed recenze si m\u016f\u017eete p\u0159e\u010d\u00edst p\u0159\u00edmo u produkt\u016f na str\u00e1nce <span style=\"color: #ff8c91;\"><a style=\"color: #ff8c91;\" href=\"https:\/\/yoni.life\/cs\/obchod\/\">obchodu<\/a>.<\/span><\/strong><\/p>\t\t\t\t\t\t<\/div>\n\t\t\t\t<\/div>\n\t\t\t\t<div class=\"elementor-element elementor-element-844a689 elementor-widget elementor-widget-text-editor\" data-id=\"844a689\" data-element_type=\"widget\" data-widget_type=\"text-editor.default\">\n\t\t\t\t<div class=\"elementor-widget-container\">\n\t\t\t\t\t\t\t<h3 style=\"text-align: center;\">V\u00fdplaty proviz\u00ed a obchodn\u00ed podm\u00ednky<\/h3>\n<div>\n<h4 style=\"text-align: center;\"><span style=\"color: #ff8c91;\"><a style=\"color: #ff8c91;\" href=\"https:\/\/yoni.life\/cs\/affiliate-podminky\/\" target=\"_blank\" rel=\"noopener\">Obchodn\u00ed podm\u00ednky pro partnersk\u00fd program Yoni<\/a><\/span><\/h4>\n<\/div>\t\t\t\t\t\t<\/div>\n\t\t\t\t<\/div>\n\t\t\t\t<div class=\"elementor-element elementor-element-199d72d elementor-align-center elementor-mobile-align-center elementor-widget elementor-widget-button\" data-id=\"199d72d\" data-element_type=\"widget\" data-widget_type=\"button.default\">\n\t\t\t\t<div class=\"elementor-widget-container\">\n\t\t\t\t\t<div class=\"elementor-button-wrapper\">\n\t\t\t<a href=\"https:\/\/yoni.life\/cs\/partnerska-zona\/\" class=\"elementor-button-link elementor-button elementor-size-sm elementor-animation-grow\" role=\"button\">\n\t\t\t\t\t\t<span class=\"elementor-button-content-wrapper\">\n\t\t\t\t\t\t<span class=\"elementor-button-text\">P\u0159ihl\u00e1sit \/ Registrovat<\/span>\n\t\t<\/span>\n\t\t\t\t\t<\/a>\n\t\t<\/div>\n\t\t\t\t<\/div>\n\t\t\t\t<\/div>\n\t\t\t\t<div class=\"elementor-element elementor-element-3af24a0b elementor-hidden-desktop elementor-hidden-tablet elementor-hidden-mobile elementor-widget elementor-widget-text-editor\" data-id=\"3af24a0b\" data-element_type=\"widget\" data-widget_type=\"text-editor.default\">\n\t\t\t\t<div class=\"elementor-widget-container\">\n\t\t\t\t\t\t\t<!-- wp:heading -->\n<h2>ZP\u016eSOBY PROPAGACE<\/h2>\n<!-- \/wp:heading -->\n\n<!-- wp:paragraph -->\n<p>Pro propagaci m\u016f\u017eete pou\u017e\u00edt n\u00e1\u0161 st\u011b\u017eejn\u00ed \u010dl\u00e1nek o&nbsp;<a href=\"https:\/\/yoni.life\/cs\/prirodni-kartacek-na-zuby\/\" class=\"rank-math-link\">P\u0159\u00edrodn\u00edm kart\u00e1\u010dku na zuby<\/a><\/p>\n<!-- \/wp:paragraph -->\n\n<!-- wp:paragraph -->\n<p>https:\/\/yoni.life\/cs\/prirodni-kartacek-na-zuby\/<strong>?a=<\/strong><strong>X(X nahra\u010fte \u010d\u00edslem, kter\u00e9 v\u00e1m bylo p\u0159id\u011bleno)<\/strong><\/p>\n<!-- \/wp:paragraph -->\n\n<!-- wp:paragraph -->\n<p>Nezapome\u0148te uv\u00e9st zdroj \u010dl\u00e1nku. U v\u0161ech link\u016f pou\u017e\u00edjte v\u00e1\u0161 Partnersk\u00fd odkaz.<\/p>\n<!-- \/wp:paragraph -->\n\n<!-- wp:heading {\"level\":3} -->\n<h3>Nebo m\u016f\u017eete napsat o Va\u0161\u00ed vlastn\u00ed zku\u0161enosti s kart\u00e1\u010dkem.<\/h3>\n<!-- \/wp:heading -->\n\n<!-- wp:paragraph -->\n<p>To maj\u00ed lid\u00e9 v\u011bt\u0161inou nejrad\u0161i a nejv\u00edc na to sly\u0161\u00ed.<\/p>\n<!-- \/wp:paragraph -->\n\n<!-- wp:paragraph -->\n<p>D\u00e1le je mo\u017en\u00e9 \u010derpat z \u010dl\u00e1nku&nbsp;<a href=\"https:\/\/yoni.life\/cs\/blog\/ustni-hygiena-jak-si-zachovat-zdrave-zuby\/\" class=\"rank-math-link\">\u00dastn\u00ed hygiena \u2013 jak si zachovat zdrav\u00e9 zuby<\/a>&nbsp;nebo&nbsp;<a href=\"https:\/\/yoni.life\/cs\/blog\/jak-funguje-prirodni-kartacek\/\" class=\"rank-math-link\">\u00da\u010dinky p\u0159\u00edrodn\u00edho kart\u00e1\u010dku na zuby \u2013 v\u011bdeck\u00e9 studie<\/a><\/p>\n<!-- \/wp:paragraph -->\n\n<!-- wp:paragraph -->\n<p>V p\u0159\u00edpad\u011b dotaz\u016f n\u00e1s nev\u00e1hejte kontaktovat na&nbsp;<a href=\"mailto:kristof@yonilife.com\" target=\"_blank\" rel=\"noreferrer noopener\">kristof@yonilife.com<\/a><\/p>\n<!-- \/wp:paragraph -->\n\n<!-- wp:heading -->\n<h2>JAK YONI PARTNERSK\u00dd PROGRAM FUNGUJE, KOLIK DOSTANU PEN\u011aZ ?<\/h2>\n<!-- \/wp:heading -->\n\n<!-- wp:paragraph -->\n<p>15% z&nbsp;<strong>ceny bez DPH&nbsp;<\/strong>bez po\u0161tovn\u00e9ho a baln\u00e9ho na p\u0159\u00edrodn\u00ed kart\u00e1\u010dky na zuby<\/p>\n<!-- \/wp:paragraph -->\n\n<!-- wp:paragraph -->\n<p>10% z&nbsp;<strong>ceny bez DPH<\/strong>&nbsp;Pouzdra na p\u0159\u00edrodn\u00ed kart\u00e1\u010dek<\/p>\n<!-- \/wp:paragraph -->\n\n<!-- wp:paragraph -->\n<p>7% z&nbsp;<strong>ceny bez DPH<\/strong>Vaj\u00ed\u010dka ke cvi\u010den\u00ed p\u00e1nevn\u00edho dna<\/p>\n<!-- \/wp:paragraph -->\n\n<!-- wp:paragraph -->\n<p>V p\u0159\u00edpad\u011b sady 5x p\u0159\u00edrodn\u00ed kart\u00e1\u010dek na zuby,&nbsp;kter\u00e1 stoj\u00ed 319,-K\u010d (nejprod\u00e1van\u011bj\u0161\u00ed produkt) je to 48k\u010d,-<\/p>\n<!-- \/wp:paragraph -->\n\n<!-- wp:heading -->\n<h2>DOST\u00c1V\u00c1TE ZAPLACENO POKA\u017dD\u00c9!<\/h2>\n<!-- \/wp:heading -->\n\n<!-- wp:paragraph -->\n<p>Jakmile si \u010dlov\u011bk jednou koup\u00ed p\u0159es V\u00e1\u0161 odkaz a u koup\u011b se registruje, u\u017e&nbsp;<strong>nav\u017edy<\/strong>&nbsp;z n\u011bj m\u00e1te provizi. Tedy i z dal\u0161\u00edch n\u00e1kup\u016f. A jeliko\u017e kart\u00e1\u010dek vydr\u017e\u00ed 3-4&nbsp;t\u00fddny, m\u016f\u017ee to b\u00fdt docela&nbsp;<strong>slu\u0161n\u00fd pasivn\u00ed p\u0159\u00edjem.<\/strong><\/p>\n<!-- \/wp:paragraph -->\n\n<!-- wp:heading {\"level\":3} -->\n<h3>Kdy si m\u016f\u017eu pen\u00edze nechat vyplatit?<\/h3>\n<!-- \/wp:heading -->\n\n<!-- wp:paragraph -->\n<p>O vyplacen\u00ed m\u016f\u017eete po\u017e\u00e1dat pokud m\u00e1te vyd\u011bl\u00e1no 333,-K\u010d a posledn\u00ed v\u00fdd\u011blek je star\u0161\u00ed 14 dn\u016f.<\/p>\n<!-- \/wp:paragraph -->\n\n<!-- wp:heading {\"level\":4} -->\n<h4>Jak si pen\u00edze m\u016f\u017eu nechat vyplatit?<\/h4>\n<!-- \/wp:heading -->\n\n<!-- wp:paragraph -->\n<p>Pen\u00edze vypl\u00e1c\u00edme bankovn\u00edm p\u0159evodem. Po\u017e\u00e1d\u00e1n\u00ed o vyplacen\u00ed zas\u00edlejte ze sv\u00e9ho registra\u010dn\u00edho emailu na&nbsp;<a href=\"mailto:kristof@yonilife.com\" target=\"_blank\" rel=\"noreferrer noopener\">kristof@yonilife.com<\/a><\/p>\n<!-- \/wp:paragraph -->\n\n<!-- wp:paragraph -->\n<p>V emailu uve\u010fte \u010d\u00edslo Va\u0161eho \u00fa\u010dtu(bankovn\u00ed spojen\u00ed), kam chcete pen\u00edze poslat.<\/p>\n<!-- \/wp:paragraph -->\n\n<!-- wp:paragraph -->\n<p>Vypl\u00e1cen\u00ed na \u00fa\u010det veden\u00fdch u zahrani\u010dn\u00edch bank je zpoplatn\u011bno.<\/p>\n<!-- \/wp:paragraph -->\n\n<!-- wp:paragraph -->\n<p>zde vlo\u017eit formul\u00e1\u0159 pro registrace nebo p\u0159ihl\u00e1\u0161en\u00ed k affilu<\/p>\n<!-- \/wp:paragraph -->\t\t\t\t\t\t<\/div>\n\t\t\t\t<\/div>\n\t\t\t\t\t<\/div>\n\t\t<\/div>\n\t\t\t\t\t\t\t<\/div>\n\t\t<\/section>\n\t\t\t\t\t\t<\/div>\n\t\t\t\t\t<\/div>\n\t\t","protected":false},"excerpt":{"rendered":"<p>Partnersk\u00fd program Yoni P\u0159ihl\u00e1sit \/ Registrovat V\u00edtej na str\u00e1nce o partnersk\u00e9m programu Yoni. Zde se dozv\u00ed\u0161 v\u0161echny z\u00e1kladn\u00ed infromace. \u00a0 Co je to Partnersk\u00fd program Je to program ur\u010den\u00fd pro na\u0161e partnery k Online a Offline propagaci na\u0161ich produkt\u016f. V partnersk\u00e9m programu je partner odm\u011bn\u011bn za ka\u017ed\u00fd n\u00e1kup, kte\u0159\u00ed u\u010din\u00ed lid\u00e9, kter\u00e9 k n\u00e1m p\u0159ivede.\u00a0 [&hellip;]<\/p>\n","protected":false},"author":1,"featured_media":1257,"parent":0,"menu_order":0,"comment_status":"closed","ping_status":"closed","template":"","meta":{"footnotes":""},"_links":{"self":[{"href":"https:\/\/yoni.life\/cs\/wp-json\/wp\/v2\/pages\/72210"}],"collection":[{"href":"https:\/\/yoni.life\/cs\/wp-json\/wp\/v2\/pages"}],"about":[{"href":"https:\/\/yoni.life\/cs\/wp-json\/wp\/v2\/types\/page"}],"author":[{"embeddable":true,"href":"https:\/\/yoni.life\/cs\/wp-json\/wp\/v2\/users\/1"}],"replies":[{"embeddable":true,"href":"https:\/\/yoni.life\/cs\/wp-json\/wp\/v2\/comments?post=72210"}],"version-history":[{"count":38,"href":"https:\/\/yoni.life\/cs\/wp-json\/wp\/v2\/pages\/72210\/revisions"}],"predecessor-version":[{"id":83203,"href":"https:\/\/yoni.life\/cs\/wp-json\/wp\/v2\/pages\/72210\/revisions\/83203"}],"wp:featuredmedia":[{"embeddable":true,"href":"https:\/\/yoni.life\/cs\/wp-json\/wp\/v2\/media\/1257"}],"wp:attachment":[{"href":"https:\/\/yoni.life\/cs\/wp-json\/wp\/v2\/media?parent=72210"}],"curies":[{"name":"wp","href":"https:\/\/api.w.org\/{rel}","templated":true}]}}