{"id":72214,"date":"2021-03-10T18:37:54","date_gmt":"2021-03-10T17:37:54","guid":{"rendered":"https:\/\/yoni.life\/cs\/?page_id=72214"},"modified":"2021-09-13T13:44:19","modified_gmt":"2021-09-13T12:44:19","slug":"affiliate-podminky","status":"publish","type":"page","link":"https:\/\/yoni.life\/cs\/affiliate-podminky\/","title":{"rendered":"Obchodn\u00ed podm\u00ednky partnersk\u00e9ho programu Yoni"},"content":{"rendered":"\n<p>Registrac\u00ed do partnersk\u00e9ho programu potvrzuje Partner i Provozovatel partnersk\u00e9ho programu sv\u016fj z\u00e1vazek \u0159\u00eddit se t\u011bmito Obchodn\u00edmi podm\u00ednkami.<\/p>\n\n\n\n<p>Provozovatelem partnersk\u00e9ho progamu je: Yonilife, s.r.o. Topolky 26, 61600 Brno I\u010cO: 05690030.(d\u00e1le jen Provozovatel)<\/p>\n\n\n\n<p>Tyto obchodn\u00ed podm\u00ednky upravuj\u00ed vztah mezi provozovatelem na stran\u011b jedn\u00e9 a partnerem na stran\u011b druh\u00e9. Partnerem se rozum\u00ed pr\u00e1vnick\u00e1 \u010di fyzick\u00e1 osoba, kter\u00e1 se registrovala do partnersk\u00e9ho programu Provozovatele.<\/p>\n\n\n\n<p>1. Obecn\u00e9 podm\u00ednky<\/p>\n\n\n\n<p>1.1 Partnersk\u00e9ho program provozuje Provozovatel<\/p>\n\n\n\n<p>1.2 Z\u00e1jemce, kter\u00fd se registruje do partnersk\u00e9ho programu se naz\u00fdv\u00e1 Partner.<\/p>\n\n\n\n<p>1.3 Partner propaguje slu\u017eby \u010di zbo\u017e\u00ed Provozovatele sv\u00fdmi marketingov\u00fdmi aktivitami na webov\u00fdch str\u00e1nk\u00e1ch, diskuzn\u00edch f\u00f3rech a e-mailem (jen souhlasn\u00fd e-mailing bez SPAMU).<\/p>\n\n\n\n<p>2. Pr\u00e1va a povinnosti Partnera<\/p>\n\n\n\n<p>2.1 Partner sm\u00ed po\u017e\u00e1dat o ukon\u010den\u00ed partnerstv\u00ed kdykoliv b\u011bhem jeho \u010dlenstv\u00ed v partnersk\u00e9m programu. Pokud tak u\u010din\u00ed, bude mu do dvou m\u011bs\u00edc\u016f vyplacena odm\u011bna za schv\u00e1len\u00e9 provize do dne, kdy po\u017e\u00e1dal o ukon\u010den\u00ed sv\u00e9ho \u010dlenstv\u00ed. Ukon\u010den\u00ed se \u017e\u00e1d\u00e1 emailem na obchod@yonilife.com<\/p>\n\n\n\n<p>2.2 Partner nesm\u00ed propagovat kampan\u011b a produkty na str\u00e1nk\u00e1ch, v emailech, diskuzn\u00edch forech a soci\u00e1ln\u00edch s\u00edt\u00edch, kter\u00e9 jsou v rozporu se z\u00e1kony \u010cesk\u00e9 republiky, nebo s dobr\u00fdmi mravy.<\/p>\n\n\n\n<p>2.3 Partner nesm\u00ed po\u0161kozovat dobr\u00e9 jm\u00e9no Poskytovatele.<\/p>\n\n\n\n<p>2.4 Partner si nesm\u00ed objednat zbo\u017e\u00ed, \u010di slu\u017eby Poskytovatele p\u0159es sv\u016fj vlastn\u00ed provizn\u00ed odkaz. Pokud tak u\u010din\u00ed, nem\u00e1 n\u00e1rok na vzniklou provizi.<\/p>\n\n\n\n<p>2.5 Partner je povinnen chr\u00e1nit sv\u00e9 p\u0159\u00edstupov\u00e9 \u00fadaje k provizn\u00edmu software p\u0159ed zneu\u017eit\u00edm t\u0159et\u00ed stranou.<\/p>\n\n\n\n<p>2.6 Partner sm\u00ed k propagaci vyu\u017e\u00edt textov\u00fdch a obrazov\u00fdch materi\u00e1l\u016f Poskytovatele, kter\u00e9 jsou j\u00edm za t\u00edmto \u00fa\u010delem poskytnuty.<\/p>\n\n\n\n<p>2.7 P\u0159\u00edsn\u011b zak\u00e1z\u00e1no je propagovat Poskytovatele rozes\u00edl\u00e1n\u00edm zpr\u00e1v (emailem, SMS, na diskuzn\u00edch forech), kter\u00e9 jsou kvalifikov\u00e1ny jako SPAM. Pokud bude Poskytovatelem zji\u0161t\u011bna takov\u00e1to aktivita Partnera, m\u016f\u017ee to v\u00e9st k okam\u017eit\u00e9mu ukon\u010den\u00ed partnersk\u00e9 spolupr\u00e1ce a uzav\u0159en\u00ed \u00fa\u010dtu Partnera. Partner t\u00edmto tak\u00e9 ztr\u00e1c\u00ed jak\u00fdkoliv n\u00e1rok na provize, kter\u00e9 mu dosud nebyly vyplaceny. Poskytovatel Partnerovi za poru\u0161en\u00ed t\u00e9to podm\u00ednky vy\u00fa\u010dtuje pokutu za ka\u017ed\u00e9 poru\u0161en\u00ed pravidel Obchodn\u00edch podm\u00ednek 10 000,- K\u010d.<\/p>\n\n\n\n<p>2.8 Kampan\u011b zapojen\u00e9 v tomto provizn\u00edm programu je zak\u00e1z\u00e1no propagovat pomoc\u00ed PPC reklamy v AdWords a Sklik (tzv. p\u0159\u00edm\u00e1 arbitr\u00e1\u017e).<\/p>\n\n\n\n<p>3. Vypl\u00e1cen\u00ed proviz\u00ed<\/p>\n\n\n\n<p>3.1. Provize Partnera je 15-25% z celkov\u00e9 ceny objedn\u00e1vky bez DPH a po\u0161tovn\u00e9ho. Z\u00e1kladn\u00ed provize je 25%, kter\u00e1 m\u016f\u017ee b\u00fdt sn\u00ed\u017eena v p\u0159\u00edpad\u011b poskytnut\u00ed slevov\u00e9ho kup\u00f3nu pro Partnera a jeho klienty \/ n\u00e1v\u0161t\u011bvn\u00edky.<\/p>\n\n\n\n<p>3.2 Partner m\u016f\u017ee po\u017e\u00e1dat o vyplacen\u00ed proviz\u00ed od nasb\u00edr\u00e1n\u00ed 333,- K\u010d z potvrzen\u00fdch proviz\u00ed, p\u0159i\u010dem\u017e posledn\u00ed potvrzen\u00e1 provize mus\u00ed b\u00fdt star\u0161\u00ed 30 dn\u016f. Respektive, Partner m\u016f\u017ee Provozovatele po\u017e\u00e1dat o vyplacen\u00ed ve\u0161ker\u00fdch proviz\u00ed, kter\u00e9 jsou potvrzeny d\u00e9le ne\u017e 30 dn\u016f.<\/p>\n\n\n\n<p>3.3 Partner \u017e\u00e1da Provozovatele o vyplacen\u00ed emailem na obchod@yonilife.com . V hlavi\u010dce uvede \u201c\u017d\u00e1dost o vyplacen\u00ed proviz\u00ed z partnersk\u00e9ho porgramu Yoni\u201d. V t\u011ble zpr\u00e1vy uvede sv\u016fj registra\u010dn\u00ed email, cel\u00e9 jm\u00e9no, adresu a p\u0159\u00edpadn\u011b I\u010cO.<\/p>\n\n\n\n<p>3.4. Provozovatel je povinnen zaplatit Partnerovi provize, spnuj\u00edc\u00ed podm\u00ednky 3.1 a 3.2, kter\u00e9 jsou \u0159\u00e1dn\u011b pod\u00e1ny dle pravidla 3.3 do 30 dn\u016f od obdr\u017een\u00ed \u017e\u00e1dosti<\/p>\n\n\n\n<p>Obchodn\u00ed podm\u00ednky pro affiliate program https:\/\/yoni.life\/cs\/ jsou platn\u00e9 k 1.03.2019<\/p>\n","protected":false},"excerpt":{"rendered":"<p>Registrac\u00ed do partnersk\u00e9ho programu potvrzuje Partner i Provozovatel partnersk\u00e9ho programu sv\u016fj z\u00e1vazek \u0159\u00eddit se t\u011bmito Obchodn\u00edmi podm\u00ednkami. Provozovatelem partnersk\u00e9ho progamu je: Yonilife, s.r.o. Topolky 26, 61600 Brno I\u010cO: 05690030.(d\u00e1le jen Provozovatel) Tyto obchodn\u00ed podm\u00ednky upravuj\u00ed vztah mezi provozovatelem na stran\u011b jedn\u00e9 a partnerem na stran\u011b druh\u00e9. Partnerem se rozum\u00ed pr\u00e1vnick\u00e1 \u010di fyzick\u00e1 osoba, kter\u00e1 se [&hellip;]<\/p>\n","protected":false},"author":1,"featured_media":0,"parent":0,"menu_order":0,"comment_status":"closed","ping_status":"closed","template":"","meta":{"footnotes":""},"_links":{"self":[{"href":"https:\/\/yoni.life\/cs\/wp-json\/wp\/v2\/pages\/72214"}],"collection":[{"href":"https:\/\/yoni.life\/cs\/wp-json\/wp\/v2\/pages"}],"about":[{"href":"https:\/\/yoni.life\/cs\/wp-json\/wp\/v2\/types\/page"}],"author":[{"embeddable":true,"href":"https:\/\/yoni.life\/cs\/wp-json\/wp\/v2\/users\/1"}],"replies":[{"embeddable":true,"href":"https:\/\/yoni.life\/cs\/wp-json\/wp\/v2\/comments?post=72214"}],"version-history":[{"count":3,"href":"https:\/\/yoni.life\/cs\/wp-json\/wp\/v2\/pages\/72214\/revisions"}],"predecessor-version":[{"id":83164,"href":"https:\/\/yoni.life\/cs\/wp-json\/wp\/v2\/pages\/72214\/revisions\/83164"}],"wp:attachment":[{"href":"https:\/\/yoni.life\/cs\/wp-json\/wp\/v2\/media?parent=72214"}],"curies":[{"name":"wp","href":"https:\/\/api.w.org\/{rel}","templated":true}]}}