{"id":72217,"date":"2021-03-10T18:38:40","date_gmt":"2021-03-10T17:38:40","guid":{"rendered":"https:\/\/yoni.life\/cs\/?page_id=72217"},"modified":"2021-07-11T00:51:06","modified_gmt":"2021-07-10T23:51:06","slug":"postovne","status":"publish","type":"page","link":"https:\/\/yoni.life\/cs\/postovne\/","title":{"rendered":"Po\u0161tovn\u00e9"},"content":{"rendered":"\n<h2 class=\"wp-block-heading\">Po\u0161tovn\u00e9 po \u010cR<\/h2>\n\n\n\n<p>Spedi\u010dn\u00ed slu\u017eba: Z\u00e1silkovna, DPD, \u010cesk\u00e1 Po\u0161ta<\/p>\n\n\n\n<p>Cena: Od 64,- K\u010d (z\u00e1silkovna) \u2013 DPD a \u010cesk\u00e1 po\u0161ta dle v\u00e1hy<\/p>\n\n\n\n<p>Doba dod\u00e1n\u00ed: Cirka 1-3 dny od zaplacen\u00ed \/ odesl\u00e1n\u00ed<\/p>\n\n\n\n<h2 class=\"wp-block-heading\">Po\u0161tovn\u00e9 do SR<\/h2>\n\n\n\n<p>Spedi\u010dn\u00ed slu\u017eba: Z\u00e1silkovna, Kur\u00fdr, Slovensk\u00e1 Po\u0161ta<\/p>\n\n\n\n<p>Cena: Od 91,- K\u010d (z\u00e1silkovna) \u2013 Kur\u00fdr a Slovensk\u00e1 po\u0161ta dle V\u00e1hy od 119,- K\u010d<\/p>\n\n\n\n<p>Doba dod\u00e1n\u00ed: Cirka 2-4 dny od zaplacen\u00ed \/ odesl\u00e1n\u00ed<\/p>\n\n\n\n<p><strong>&nbsp;* Platba mo\u017en\u00e1 i v EUR<\/strong><\/p>\n\n\n\n<h2 class=\"wp-block-heading\">Po\u0161tovn\u00e9 do EU mimo SR<\/h2>\n\n\n\n<p>Cena: Od 99,-K\u010d dle v\u00e1hy<\/p>\n\n\n\n<p>Spedi\u010dn\u00ed slu\u017eba: \u010cesk\u00e1 po\u0161ta<\/p>\n\n\n\n<p>Doba dod\u00e1n\u00ed: Cirka 4- 28 dn\u016f od zaplacen\u00ed \/ odesl\u00e1n\u00ed<\/p>\n","protected":false},"excerpt":{"rendered":"<p>Po\u0161tovn\u00e9 po \u010cR Spedi\u010dn\u00ed slu\u017eba: Z\u00e1silkovna, DPD, \u010cesk\u00e1 Po\u0161ta Cena: Od 64,- K\u010d (z\u00e1silkovna) \u2013 DPD a \u010cesk\u00e1 po\u0161ta dle v\u00e1hy Doba dod\u00e1n\u00ed: Cirka 1-3 dny od zaplacen\u00ed \/ odesl\u00e1n\u00ed Po\u0161tovn\u00e9 do SR Spedi\u010dn\u00ed slu\u017eba: Z\u00e1silkovna, Kur\u00fdr, Slovensk\u00e1 Po\u0161ta Cena: Od 91,- K\u010d (z\u00e1silkovna) \u2013 Kur\u00fdr a Slovensk\u00e1 po\u0161ta dle V\u00e1hy od 119,- K\u010d Doba [&hellip;]<\/p>\n","protected":false},"author":1,"featured_media":0,"parent":0,"menu_order":0,"comment_status":"closed","ping_status":"closed","template":"","meta":{"footnotes":""},"_links":{"self":[{"href":"https:\/\/yoni.life\/cs\/wp-json\/wp\/v2\/pages\/72217"}],"collection":[{"href":"https:\/\/yoni.life\/cs\/wp-json\/wp\/v2\/pages"}],"about":[{"href":"https:\/\/yoni.life\/cs\/wp-json\/wp\/v2\/types\/page"}],"author":[{"embeddable":true,"href":"https:\/\/yoni.life\/cs\/wp-json\/wp\/v2\/users\/1"}],"replies":[{"embeddable":true,"href":"https:\/\/yoni.life\/cs\/wp-json\/wp\/v2\/comments?post=72217"}],"version-history":[{"count":1,"href":"https:\/\/yoni.life\/cs\/wp-json\/wp\/v2\/pages\/72217\/revisions"}],"predecessor-version":[{"id":82932,"href":"https:\/\/yoni.life\/cs\/wp-json\/wp\/v2\/pages\/72217\/revisions\/82932"}],"wp:attachment":[{"href":"https:\/\/yoni.life\/cs\/wp-json\/wp\/v2\/media?parent=72217"}],"curies":[{"name":"wp","href":"https:\/\/api.w.org\/{rel}","templated":true}]}}