{"id":72221,"date":"2021-03-10T18:40:57","date_gmt":"2021-03-10T17:40:57","guid":{"rendered":"https:\/\/yoni.life\/cs\/?page_id=72221"},"modified":"2021-07-11T00:50:04","modified_gmt":"2021-07-10T23:50:04","slug":"centrum-spravy-osobnich-udaju-2","status":"publish","type":"page","link":"https:\/\/yoni.life\/cs\/centrum-spravy-osobnich-udaju-2\/","title":{"rendered":"Centrum spr\u00e1vy osobn\u00edch \u00fadaj\u016f"},"content":{"rendered":"\n<p>[wordpress_gdpr_privacy_center]<\/p>\n","protected":false},"excerpt":{"rendered":"<p>[wordpress_gdpr_privacy_center]<\/p>\n","protected":false},"author":1,"featured_media":0,"parent":0,"menu_order":0,"comment_status":"closed","ping_status":"closed","template":"","meta":{"footnotes":""},"_links":{"self":[{"href":"https:\/\/yoni.life\/cs\/wp-json\/wp\/v2\/pages\/72221"}],"collection":[{"href":"https:\/\/yoni.life\/cs\/wp-json\/wp\/v2\/pages"}],"about":[{"href":"https:\/\/yoni.life\/cs\/wp-json\/wp\/v2\/types\/page"}],"author":[{"embeddable":true,"href":"https:\/\/yoni.life\/cs\/wp-json\/wp\/v2\/users\/1"}],"replies":[{"embeddable":true,"href":"https:\/\/yoni.life\/cs\/wp-json\/wp\/v2\/comments?post=72221"}],"version-history":[{"count":1,"href":"https:\/\/yoni.life\/cs\/wp-json\/wp\/v2\/pages\/72221\/revisions"}],"predecessor-version":[{"id":82919,"href":"https:\/\/yoni.life\/cs\/wp-json\/wp\/v2\/pages\/72221\/revisions\/82919"}],"wp:attachment":[{"href":"https:\/\/yoni.life\/cs\/wp-json\/wp\/v2\/media?parent=72221"}],"curies":[{"name":"wp","href":"https:\/\/api.w.org\/{rel}","templated":true}]}}