{"id":72229,"date":"2021-03-10T19:44:46","date_gmt":"2021-03-10T18:44:46","guid":{"rendered":"https:\/\/yoni.life\/cs\/?page_id=72229"},"modified":"2021-07-11T00:50:30","modified_gmt":"2021-07-10T23:50:30","slug":"mapa-obchodu","status":"publish","type":"page","link":"https:\/\/yoni.life\/cs\/mapa-obchodu\/","title":{"rendered":"Mapa obchod\u016f"},"content":{"rendered":"\t\t<div data-elementor-type=\"wp-page\" data-elementor-id=\"72229\" class=\"elementor elementor-72229\" data-elementor-settings=\"[]\">\n\t\t\t\t\t\t\t<div class=\"elementor-section-wrap\">\n\t\t\t\t\t\t\t<section class=\"elementor-section elementor-top-section elementor-element elementor-element-753d30f3 elementor-section-boxed elementor-section-height-default elementor-section-height-default\" data-id=\"753d30f3\" data-element_type=\"section\">\n\t\t\t\t\t\t<div class=\"elementor-container elementor-column-gap-default\">\n\t\t\t\t\t<div class=\"elementor-column elementor-col-100 elementor-top-column elementor-element elementor-element-16a0e954\" data-id=\"16a0e954\" data-element_type=\"column\">\n\t\t\t<div class=\"elementor-widget-wrap elementor-element-populated\">\n\t\t\t\t\t\t\t\t<div class=\"elementor-element elementor-element-ac351a1 elementor-widget elementor-widget-heading\" data-id=\"ac351a1\" data-element_type=\"widget\" data-widget_type=\"heading.default\">\n\t\t\t\t<div class=\"elementor-widget-container\">\n\t\t\t<h1 class=\"elementor-heading-title elementor-size-default\">Mapa obchod\u016f<\/h1>\t\t<\/div>\n\t\t\t\t<\/div>\n\t\t\t\t<div class=\"elementor-element elementor-element-a55f3fc elementor-widget elementor-widget-spacer\" data-id=\"a55f3fc\" data-element_type=\"widget\" data-widget_type=\"spacer.default\">\n\t\t\t\t<div class=\"elementor-widget-container\">\n\t\t\t\t\t<div class=\"elementor-spacer\">\n\t\t\t<div class=\"elementor-spacer-inner\"><\/div>\n\t\t<\/div>\n\t\t\t\t<\/div>\n\t\t\t\t<\/div>\n\t\t\t\t\t<\/div>\n\t\t<\/div>\n\t\t\t\t\t\t\t<\/div>\n\t\t<\/section>\n\t\t\t\t<section class=\"elementor-section elementor-top-section elementor-element elementor-element-a6b6b62 elementor-section-boxed elementor-section-height-default elementor-section-height-default\" data-id=\"a6b6b62\" data-element_type=\"section\">\n\t\t\t\t\t\t<div class=\"elementor-container elementor-column-gap-default\">\n\t\t\t\t\t<div class=\"elementor-column elementor-col-50 elementor-top-column elementor-element elementor-element-932ba2b\" data-id=\"932ba2b\" data-element_type=\"column\">\n\t\t\t<div class=\"elementor-widget-wrap elementor-element-populated\">\n\t\t\t\t\t\t\t\t<div class=\"elementor-element elementor-element-6c82fbe elementor-widget elementor-widget-heading\" data-id=\"6c82fbe\" data-element_type=\"widget\" data-widget_type=\"heading.default\">\n\t\t\t\t<div class=\"elementor-widget-container\">\n\t\t\t<h2 class=\"elementor-heading-title elementor-size-default\">Legenda mapy:<\/h2>\t\t<\/div>\n\t\t\t\t<\/div>\n\t\t\t\t<div class=\"elementor-element elementor-element-2cd9fa8 elementor-widget elementor-widget-text-editor\" data-id=\"2cd9fa8\" data-element_type=\"widget\" data-widget_type=\"text-editor.default\">\n\t\t\t\t<div class=\"elementor-widget-container\">\n\t\t\t\t\t\t\t<div class=\"wpb_text_column wpb_content_element\">\n<div class=\"wpb_wrapper\">\n<p>Mapa obsahuje n\u011bkoliv vrstev. Ka\u017ed\u00e1 vrstva koresponduje s n\u00e1zevm produktu, kter\u00fd do dan\u00e9ho ocbhodu dod\u00e1v\u00e1me.Vrstvy je mo\u017en\u00e9 vyp\u00ednat nebo zap\u00ednat, tak abyste si hled\u00e1n\u00ed uleh\u010dili.<\/p>\n<h3>N\u00e1zorn\u00e1 uk\u00e1zka:<\/h3>\n<\/div>\n<\/div>\t\t\t\t\t\t<\/div>\n\t\t\t\t<\/div>\n\t\t\t\t<div class=\"elementor-element elementor-element-cd7f747 elementor-widget elementor-widget-image\" data-id=\"cd7f747\" data-element_type=\"widget\" data-widget_type=\"image.default\">\n\t\t\t\t<div class=\"elementor-widget-container\">\n\t\t\t\t\t\t\t\t\t\t\t\t\t\t\t<img loading=\"lazy\" decoding=\"async\" width=\"610\" height=\"479\" src=\"https:\/\/yoni.life\/cs\/wp-content\/uploads\/sites\/3\/2021\/03\/Snimek-obrazovky-2019-05-20-v-11.58.48.png\" class=\"attachment-large size-large\" alt=\"Mapa prodejn\u00edch m\u00edst\" srcset=\"https:\/\/yoni.life\/cs\/wp-content\/uploads\/sites\/3\/2021\/03\/Snimek-obrazovky-2019-05-20-v-11.58.48.png 610w, https:\/\/yoni.life\/cs\/wp-content\/uploads\/sites\/3\/2021\/03\/Snimek-obrazovky-2019-05-20-v-11.58.48-300x236.png 300w, https:\/\/yoni.life\/cs\/wp-content\/uploads\/sites\/3\/2021\/03\/Snimek-obrazovky-2019-05-20-v-11.58.48-600x471.png 600w\" sizes=\"(max-width: 610px) 100vw, 610px\" \/>\t\t\t\t\t\t\t\t\t\t\t\t\t\t\t<\/div>\n\t\t\t\t<\/div>\n\t\t\t\t\t<\/div>\n\t\t<\/div>\n\t\t\t\t<div class=\"elementor-column elementor-col-50 elementor-top-column elementor-element elementor-element-d42053b\" data-id=\"d42053b\" data-element_type=\"column\">\n\t\t\t<div class=\"elementor-widget-wrap elementor-element-populated\">\n\t\t\t\t\t\t\t\t<div class=\"elementor-element elementor-element-c389222 elementor-widget elementor-widget-html\" data-id=\"c389222\" data-element_type=\"widget\" data-widget_type=\"html.default\">\n\t\t\t\t<div class=\"elementor-widget-container\">\n\t\t\t<iframe loading=\"lazy\" src=\"https:\/\/www.google.com\/maps\/d\/u\/0\/embed?mid=1JCheKP7rNqn1NQUabevlEq5IdRQ\" width=\"100%\" height=\"480\"><\/iframe>\n\t\t<\/div>\n\t\t\t\t<\/div>\n\t\t\t\t<div class=\"elementor-element elementor-element-940fe3e elementor-widget elementor-widget-text-editor\" data-id=\"940fe3e\" data-element_type=\"widget\" data-widget_type=\"text-editor.default\">\n\t\t\t\t<div class=\"elementor-widget-container\">\n\t\t\t\t\t\t\t<p><strong>Mapa obchod\u016f, do kter\u00fdch na\u0161e produkty dod\u00e1v\u00e1me je aktualizov\u00e1na nepravideln\u011b. Pros\u00edme V\u00e1s, zavolejte si do dan\u00e9ho m\u00edsto p\u0159ed Va\u0161\u00e1 n\u00e1v\u0161t\u011bvou, abyste si byli jist\u00ed, \u017ee je zbo\u017e\u00ed skladem. <\/strong> Kontaktn\u00ed informace naleznet v map\u011b.<\/p>\t\t\t\t\t\t<\/div>\n\t\t\t\t<\/div>\n\t\t\t\t\t<\/div>\n\t\t<\/div>\n\t\t\t\t\t\t\t<\/div>\n\t\t<\/section>\n\t\t\t\t\t\t<\/div>\n\t\t\t\t\t<\/div>\n\t\t","protected":false},"excerpt":{"rendered":"<p>Mapa obchod\u016f Legenda mapy: Mapa obsahuje n\u011bkoliv vrstev. Ka\u017ed\u00e1 vrstva koresponduje s n\u00e1zevm produktu, kter\u00fd do dan\u00e9ho ocbhodu dod\u00e1v\u00e1me.Vrstvy je mo\u017en\u00e9 vyp\u00ednat nebo zap\u00ednat, tak abyste si hled\u00e1n\u00ed uleh\u010dili. N\u00e1zorn\u00e1 uk\u00e1zka: Mapa obchod\u016f, do kter\u00fdch na\u0161e produkty dod\u00e1v\u00e1me je aktualizov\u00e1na nepravideln\u011b. Pros\u00edme V\u00e1s, zavolejte si do dan\u00e9ho m\u00edsto p\u0159ed Va\u0161\u00e1 n\u00e1v\u0161t\u011bvou, abyste si byli jist\u00ed, [&hellip;]<\/p>\n","protected":false},"author":1,"featured_media":0,"parent":0,"menu_order":0,"comment_status":"closed","ping_status":"closed","template":"","meta":{"footnotes":""},"_links":{"self":[{"href":"https:\/\/yoni.life\/cs\/wp-json\/wp\/v2\/pages\/72229"}],"collection":[{"href":"https:\/\/yoni.life\/cs\/wp-json\/wp\/v2\/pages"}],"about":[{"href":"https:\/\/yoni.life\/cs\/wp-json\/wp\/v2\/types\/page"}],"author":[{"embeddable":true,"href":"https:\/\/yoni.life\/cs\/wp-json\/wp\/v2\/users\/1"}],"replies":[{"embeddable":true,"href":"https:\/\/yoni.life\/cs\/wp-json\/wp\/v2\/comments?post=72229"}],"version-history":[{"count":1,"href":"https:\/\/yoni.life\/cs\/wp-json\/wp\/v2\/pages\/72229\/revisions"}],"predecessor-version":[{"id":82923,"href":"https:\/\/yoni.life\/cs\/wp-json\/wp\/v2\/pages\/72229\/revisions\/82923"}],"wp:attachment":[{"href":"https:\/\/yoni.life\/cs\/wp-json\/wp\/v2\/media?parent=72229"}],"curies":[{"name":"wp","href":"https:\/\/api.w.org\/{rel}","templated":true}]}}