{"id":72235,"date":"2021-03-10T19:51:10","date_gmt":"2021-03-10T18:51:10","guid":{"rendered":"https:\/\/yoni.life\/cs\/?page_id=72235"},"modified":"2021-07-11T00:50:15","modified_gmt":"2021-07-10T23:50:15","slug":"dentalni-zdravi","status":"publish","type":"page","link":"https:\/\/yoni.life\/cs\/dentalni-zdravi\/","title":{"rendered":"Dent\u00e1ln\u00ed zdrav\u00ed"},"content":{"rendered":"\t\t<div data-elementor-type=\"wp-page\" data-elementor-id=\"72235\" class=\"elementor elementor-72235\" data-elementor-settings=\"[]\">\n\t\t\t\t\t\t\t<div class=\"elementor-section-wrap\">\n\t\t\t\t\t\t\t<section class=\"elementor-section elementor-top-section elementor-element elementor-element-a95ecd4 elementor-section-boxed elementor-section-height-default elementor-section-height-default\" data-id=\"a95ecd4\" data-element_type=\"section\">\n\t\t\t\t\t\t<div class=\"elementor-container elementor-column-gap-default\">\n\t\t\t\t\t<div class=\"elementor-column elementor-col-100 elementor-top-column elementor-element elementor-element-9ce4854\" data-id=\"9ce4854\" data-element_type=\"column\">\n\t\t\t<div class=\"elementor-widget-wrap elementor-element-populated\">\n\t\t\t\t\t\t\t\t<div class=\"elementor-element elementor-element-574670d elementor-widget elementor-widget-heading\" data-id=\"574670d\" data-element_type=\"widget\" data-widget_type=\"heading.default\">\n\t\t\t\t<div class=\"elementor-widget-container\">\n\t\t\t<h2 class=\"elementor-heading-title elementor-size-default\">rawtoothbrush\u00ae<\/h2>\t\t<\/div>\n\t\t\t\t<\/div>\n\t\t\t\t<div class=\"elementor-element elementor-element-c8fb563 elementor-widget elementor-widget-heading\" data-id=\"c8fb563\" data-element_type=\"widget\" data-widget_type=\"heading.default\">\n\t\t\t\t<div class=\"elementor-widget-container\">\n\t\t\t<h3 class=\"elementor-heading-title elementor-size-default\">Revolu\u010dn\u00ed p\u0159\u00edrodn\u00ed kart\u00e1\u010dek.<br>\nUd\u011blej z povinnosti ritu\u00e1l.<\/h3>\t\t<\/div>\n\t\t\t\t<\/div>\n\t\t\t\t<section class=\"elementor-section elementor-inner-section elementor-element elementor-element-377d69f elementor-section-boxed elementor-section-height-default elementor-section-height-default\" data-id=\"377d69f\" data-element_type=\"section\">\n\t\t\t\t\t\t<div class=\"elementor-container elementor-column-gap-default\">\n\t\t\t\t\t<div class=\"elementor-column elementor-col-50 elementor-inner-column elementor-element elementor-element-3e181d1\" data-id=\"3e181d1\" data-element_type=\"column\">\n\t\t\t<div class=\"elementor-widget-wrap elementor-element-populated\">\n\t\t\t\t\t\t\t\t<div class=\"elementor-element elementor-element-ab1b053 elementor-align-right elementor-mobile-align-center elementor-widget elementor-widget-button\" data-id=\"ab1b053\" data-element_type=\"widget\" data-widget_type=\"button.default\">\n\t\t\t\t<div class=\"elementor-widget-container\">\n\t\t\t\t\t<div class=\"elementor-button-wrapper\">\n\t\t\t<a href=\"https:\/\/yoni.life\/cs\/p\/rawtoothbrush-stp\/\" class=\"elementor-button-link elementor-button elementor-size-sm elementor-animation-grow\" role=\"button\">\n\t\t\t\t\t\t<span class=\"elementor-button-content-wrapper\">\n\t\t\t\t\t\t<span class=\"elementor-button-text\">KOUPIT<\/span>\n\t\t<\/span>\n\t\t\t\t\t<\/a>\n\t\t<\/div>\n\t\t\t\t<\/div>\n\t\t\t\t<\/div>\n\t\t\t\t\t<\/div>\n\t\t<\/div>\n\t\t\t\t<div class=\"elementor-column elementor-col-50 elementor-inner-column elementor-element elementor-element-25c4030\" data-id=\"25c4030\" data-element_type=\"column\">\n\t\t\t<div class=\"elementor-widget-wrap elementor-element-populated\">\n\t\t\t\t\t\t\t\t<div class=\"elementor-element elementor-element-8888aa2 elementor-align-left elementor-mobile-align-center elementor-widget elementor-widget-button\" data-id=\"8888aa2\" data-element_type=\"widget\" data-widget_type=\"button.default\">\n\t\t\t\t<div class=\"elementor-widget-container\">\n\t\t\t\t\t<div class=\"elementor-button-wrapper\">\n\t\t\t<a href=\"https:\/\/yoni.life\/cs\/rawtoothbrush\/\" class=\"elementor-button-link elementor-button elementor-size-sm elementor-animation-grow\" role=\"button\">\n\t\t\t\t\t\t<span class=\"elementor-button-content-wrapper\">\n\t\t\t\t\t\t<span class=\"elementor-button-text\">ZJISTIT V\u00cdC<\/span>\n\t\t<\/span>\n\t\t\t\t\t<\/a>\n\t\t<\/div>\n\t\t\t\t<\/div>\n\t\t\t\t<\/div>\n\t\t\t\t\t<\/div>\n\t\t<\/div>\n\t\t\t\t\t\t\t<\/div>\n\t\t<\/section>\n\t\t\t\t<div class=\"elementor-element elementor-element-b87eca3 elementor-widget elementor-widget-image\" data-id=\"b87eca3\" data-element_type=\"widget\" data-widget_type=\"image.default\">\n\t\t\t\t<div class=\"elementor-widget-container\">\n\t\t\t\t\t\t\t\t\t\t\t\t\t\t\t<img loading=\"lazy\" decoding=\"async\" width=\"800\" height=\"222\" src=\"https:\/\/yoni.life\/cs\/wp-content\/uploads\/sites\/3\/2020\/09\/rtb-hlavni-stranka-2-1024x284.jpg\" class=\"attachment-large size-large\" alt=\"rawtoothbrush p\u0159\u00edrodn\u00ed kart\u00e1\u010dek\" srcset=\"https:\/\/yoni.life\/cs\/wp-content\/uploads\/sites\/3\/2020\/09\/rtb-hlavni-stranka-2-1024x284.jpg 1024w, https:\/\/yoni.life\/cs\/wp-content\/uploads\/sites\/3\/2020\/09\/rtb-hlavni-stranka-2-300x83.jpg 300w, https:\/\/yoni.life\/cs\/wp-content\/uploads\/sites\/3\/2020\/09\/rtb-hlavni-stranka-2-768x213.jpg 768w, https:\/\/yoni.life\/cs\/wp-content\/uploads\/sites\/3\/2020\/09\/rtb-hlavni-stranka-2-600x167.jpg 600w, https:\/\/yoni.life\/cs\/wp-content\/uploads\/sites\/3\/2020\/09\/rtb-hlavni-stranka-2.jpg 1440w\" sizes=\"(max-width: 800px) 100vw, 800px\" \/>\t\t\t\t\t\t\t\t\t\t\t\t\t\t\t<\/div>\n\t\t\t\t<\/div>\n\t\t\t\t\t<\/div>\n\t\t<\/div>\n\t\t\t\t\t\t\t<\/div>\n\t\t<\/section>\n\t\t\t\t<section class=\"elementor-section elementor-top-section elementor-element elementor-element-d452751 elementor-section-boxed elementor-section-height-default elementor-section-height-default\" data-id=\"d452751\" data-element_type=\"section\">\n\t\t\t\t\t\t<div class=\"elementor-container elementor-column-gap-default\">\n\t\t\t\t\t<div class=\"elementor-column elementor-col-100 elementor-top-column elementor-element elementor-element-1f1bdbb\" data-id=\"1f1bdbb\" data-element_type=\"column\">\n\t\t\t<div class=\"elementor-widget-wrap elementor-element-populated\">\n\t\t\t\t\t\t\t\t<div class=\"elementor-element elementor-element-c485c61 elementor-widget elementor-widget-spacer\" data-id=\"c485c61\" data-element_type=\"widget\" data-widget_type=\"spacer.default\">\n\t\t\t\t<div class=\"elementor-widget-container\">\n\t\t\t\t\t<div class=\"elementor-spacer\">\n\t\t\t<div class=\"elementor-spacer-inner\"><\/div>\n\t\t<\/div>\n\t\t\t\t<\/div>\n\t\t\t\t<\/div>\n\t\t\t\t<div class=\"elementor-element elementor-element-94278d2 elementor-widget elementor-widget-heading\" data-id=\"94278d2\" data-element_type=\"widget\" data-widget_type=\"heading.default\">\n\t\t\t\t<div class=\"elementor-widget-container\">\n\t\t\t<h2 class=\"elementor-heading-title elementor-size-default\">dent\u00e1ln\u00ed nit<\/h2>\t\t<\/div>\n\t\t\t\t<\/div>\n\t\t\t\t<div class=\"elementor-element elementor-element-acf2ecb elementor-widget elementor-widget-heading\" data-id=\"acf2ecb\" data-element_type=\"widget\" data-widget_type=\"heading.default\">\n\t\t\t\t<div class=\"elementor-widget-container\">\n\t\t\t<h3 class=\"elementor-heading-title elementor-size-default\">Vegan. Bez odpadu. Na dopln\u011bn\u00ed. Bio-rozlo\u017eiteln\u00e1.<\/h3>\t\t<\/div>\n\t\t\t\t<\/div>\n\t\t\t\t<section class=\"elementor-section elementor-inner-section elementor-element elementor-element-6752567 elementor-section-boxed elementor-section-height-default elementor-section-height-default\" data-id=\"6752567\" data-element_type=\"section\">\n\t\t\t\t\t\t<div class=\"elementor-container elementor-column-gap-default\">\n\t\t\t\t\t<div class=\"elementor-column elementor-col-100 elementor-inner-column elementor-element elementor-element-df8bf81\" data-id=\"df8bf81\" data-element_type=\"column\">\n\t\t\t<div class=\"elementor-widget-wrap elementor-element-populated\">\n\t\t\t\t\t\t\t\t<div class=\"elementor-element elementor-element-ba13f57 elementor-align-center elementor-mobile-align-center elementor-widget elementor-widget-button\" data-id=\"ba13f57\" data-element_type=\"widget\" data-widget_type=\"button.default\">\n\t\t\t\t<div class=\"elementor-widget-container\">\n\t\t\t\t\t<div class=\"elementor-button-wrapper\">\n\t\t\t<a href=\"https:\/\/yoni.life\/cs\/p\/dentalni-nit\/\" class=\"elementor-button-link elementor-button elementor-size-sm elementor-animation-grow\" role=\"button\">\n\t\t\t\t\t\t<span class=\"elementor-button-content-wrapper\">\n\t\t\t\t\t\t<span class=\"elementor-button-text\">P\u0158EJ\u00cdT NA PRODUKT<\/span>\n\t\t<\/span>\n\t\t\t\t\t<\/a>\n\t\t<\/div>\n\t\t\t\t<\/div>\n\t\t\t\t<\/div>\n\t\t\t\t\t<\/div>\n\t\t<\/div>\n\t\t\t\t\t\t\t<\/div>\n\t\t<\/section>\n\t\t\t\t<div class=\"elementor-element elementor-element-5cfb5d9 elementor-widget elementor-widget-image\" data-id=\"5cfb5d9\" data-element_type=\"widget\" data-widget_type=\"image.default\">\n\t\t\t\t<div class=\"elementor-widget-container\">\n\t\t\t\t\t\t\t\t\t\t\t\t\t\t\t<img loading=\"lazy\" decoding=\"async\" width=\"700\" height=\"700\" src=\"https:\/\/yoni.life\/cs\/wp-content\/uploads\/sites\/3\/2020\/10\/floss-product-ctverec-1.png\" class=\"attachment-large size-large\" alt=\"Dent\u00e1ln\u00ed nit z bambusov\u00e9ho uhl\u00ed\" srcset=\"https:\/\/yoni.life\/cs\/wp-content\/uploads\/sites\/3\/2020\/10\/floss-product-ctverec-1.png 700w, https:\/\/yoni.life\/cs\/wp-content\/uploads\/sites\/3\/2020\/10\/floss-product-ctverec-1-300x300.png 300w, https:\/\/yoni.life\/cs\/wp-content\/uploads\/sites\/3\/2020\/10\/floss-product-ctverec-1-150x150.png 150w, https:\/\/yoni.life\/cs\/wp-content\/uploads\/sites\/3\/2020\/10\/floss-product-ctverec-1-600x600.png 600w, https:\/\/yoni.life\/cs\/wp-content\/uploads\/sites\/3\/2020\/10\/floss-product-ctverec-1-100x100.png 100w\" sizes=\"(max-width: 700px) 100vw, 700px\" \/>\t\t\t\t\t\t\t\t\t\t\t\t\t\t\t<\/div>\n\t\t\t\t<\/div>\n\t\t\t\t\t<\/div>\n\t\t<\/div>\n\t\t\t\t\t\t\t<\/div>\n\t\t<\/section>\n\t\t\t\t<section class=\"elementor-section elementor-top-section elementor-element elementor-element-aef439e elementor-section-boxed elementor-section-height-default elementor-section-height-default\" data-id=\"aef439e\" data-element_type=\"section\">\n\t\t\t\t\t\t<div class=\"elementor-container elementor-column-gap-default\">\n\t\t\t\t\t<div class=\"elementor-column elementor-col-100 elementor-top-column elementor-element elementor-element-adf6b90\" data-id=\"adf6b90\" data-element_type=\"column\">\n\t\t\t<div class=\"elementor-widget-wrap elementor-element-populated\">\n\t\t\t\t\t\t\t\t<div class=\"elementor-element elementor-element-ed66acd elementor-widget elementor-widget-spacer\" data-id=\"ed66acd\" data-element_type=\"widget\" data-widget_type=\"spacer.default\">\n\t\t\t\t<div class=\"elementor-widget-container\">\n\t\t\t\t\t<div class=\"elementor-spacer\">\n\t\t\t<div class=\"elementor-spacer-inner\"><\/div>\n\t\t<\/div>\n\t\t\t\t<\/div>\n\t\t\t\t<\/div>\n\t\t\t\t<div class=\"elementor-element elementor-element-c12a918 elementor-widget elementor-widget-heading\" data-id=\"c12a918\" data-element_type=\"widget\" data-widget_type=\"heading.default\">\n\t\t\t\t<div class=\"elementor-widget-container\">\n\t\t\t<h2 class=\"elementor-heading-title elementor-size-default\">ko\u0159en Salvadory persk\u00e9\np\u0159\u00edrodn\u00ed kart\u00e1\u010dek<\/h2>\t\t<\/div>\n\t\t\t\t<\/div>\n\t\t\t\t<div class=\"elementor-element elementor-element-4504d95 elementor-widget elementor-widget-heading\" data-id=\"4504d95\" data-element_type=\"widget\" data-widget_type=\"heading.default\">\n\t\t\t\t<div class=\"elementor-widget-container\">\n\t\t\t<h3 class=\"elementor-heading-title elementor-size-default\">Kart\u00e1\u010dek a zubn\u00ed pasta v jednom. Vyu\u017eij s\u00edlu p\u0159\u00edrody<\/h3>\t\t<\/div>\n\t\t\t\t<\/div>\n\t\t\t\t<section class=\"elementor-section elementor-inner-section elementor-element elementor-element-bb040cf elementor-section-boxed elementor-section-height-default elementor-section-height-default\" data-id=\"bb040cf\" data-element_type=\"section\">\n\t\t\t\t\t\t<div class=\"elementor-container elementor-column-gap-default\">\n\t\t\t\t\t<div class=\"elementor-column elementor-col-100 elementor-inner-column elementor-element elementor-element-d65bc41\" data-id=\"d65bc41\" data-element_type=\"column\">\n\t\t\t<div class=\"elementor-widget-wrap elementor-element-populated\">\n\t\t\t\t\t\t\t\t<div class=\"elementor-element elementor-element-ab25f7b elementor-align-center elementor-mobile-align-center elementor-widget elementor-widget-button\" data-id=\"ab25f7b\" data-element_type=\"widget\" data-widget_type=\"button.default\">\n\t\t\t\t<div class=\"elementor-widget-container\">\n\t\t\t\t\t<div class=\"elementor-button-wrapper\">\n\t\t\t<a href=\"https:\/\/yoni.life\/cs\/p\/prirodni-kartacek\/\" class=\"elementor-button-link elementor-button elementor-size-sm elementor-animation-grow\" role=\"button\">\n\t\t\t\t\t\t<span class=\"elementor-button-content-wrapper\">\n\t\t\t\t\t\t<span class=\"elementor-button-text\">P\u0158EJ\u00cdT NA PRODUKT<\/span>\n\t\t<\/span>\n\t\t\t\t\t<\/a>\n\t\t<\/div>\n\t\t\t\t<\/div>\n\t\t\t\t<\/div>\n\t\t\t\t\t<\/div>\n\t\t<\/div>\n\t\t\t\t\t\t\t<\/div>\n\t\t<\/section>\n\t\t\t\t<div class=\"elementor-element elementor-element-e8495ca elementor-widget elementor-widget-image\" data-id=\"e8495ca\" data-element_type=\"widget\" data-widget_type=\"image.default\">\n\t\t\t\t<div class=\"elementor-widget-container\">\n\t\t\t\t\t\t\t\t\t\t\t\t\t\t\t<img decoding=\"async\" src=\"https:\/\/yoni.life\/cs\/wp-content\/uploads\/sites\/3\/2021\/03\/bily-pozadi-580-600x572.jpg\" title=\"bily-pozadi-580\" alt=\"p\u0159\u00edrodn\u00ed kart\u00e1\u010dky\" \/>\t\t\t\t\t\t\t\t\t\t\t\t\t\t\t<\/div>\n\t\t\t\t<\/div>\n\t\t\t\t\t<\/div>\n\t\t<\/div>\n\t\t\t\t\t\t\t<\/div>\n\t\t<\/section>\n\t\t\t\t<section class=\"elementor-section elementor-top-section elementor-element elementor-element-2f20e8f elementor-section-boxed elementor-section-height-default elementor-section-height-default\" data-id=\"2f20e8f\" data-element_type=\"section\">\n\t\t\t\t\t\t<div class=\"elementor-container elementor-column-gap-default\">\n\t\t\t\t\t<div class=\"elementor-column elementor-col-100 elementor-top-column elementor-element elementor-element-4905af0\" data-id=\"4905af0\" data-element_type=\"column\">\n\t\t\t<div class=\"elementor-widget-wrap elementor-element-populated\">\n\t\t\t\t\t\t\t\t<div class=\"elementor-element elementor-element-d175cd0 elementor-widget elementor-widget-spacer\" data-id=\"d175cd0\" data-element_type=\"widget\" data-widget_type=\"spacer.default\">\n\t\t\t\t<div class=\"elementor-widget-container\">\n\t\t\t\t\t<div class=\"elementor-spacer\">\n\t\t\t<div class=\"elementor-spacer-inner\"><\/div>\n\t\t<\/div>\n\t\t\t\t<\/div>\n\t\t\t\t<\/div>\n\t\t\t\t<div class=\"elementor-element elementor-element-05f541d elementor-widget elementor-widget-heading\" data-id=\"05f541d\" data-element_type=\"widget\" data-widget_type=\"heading.default\">\n\t\t\t\t<div class=\"elementor-widget-container\">\n\t\t\t<h2 class=\"elementor-heading-title elementor-size-default\">dopl\u0148ky<\/h2>\t\t<\/div>\n\t\t\t\t<\/div>\n\t\t\t\t<section class=\"elementor-section elementor-inner-section elementor-element elementor-element-a95bb4d elementor-section-boxed elementor-section-height-default elementor-section-height-default\" data-id=\"a95bb4d\" data-element_type=\"section\">\n\t\t\t\t\t\t<div class=\"elementor-container elementor-column-gap-default\">\n\t\t\t\t\t<div class=\"elementor-column elementor-col-100 elementor-inner-column elementor-element elementor-element-26fd659\" data-id=\"26fd659\" data-element_type=\"column\">\n\t\t\t<div class=\"elementor-widget-wrap elementor-element-populated\">\n\t\t\t\t\t\t\t\t<div class=\"elementor-element elementor-element-4b05f67 elementor-grid-3 elementor-product-loop-item--align-center elementor-grid-mobile-3 elementor-grid-tablet-3 elementor-products-grid elementor-wc-products elementor-widget elementor-widget-woocommerce-products\" data-id=\"4b05f67\" data-element_type=\"widget\" data-widget_type=\"woocommerce-products.default\">\n\t\t\t\t<div class=\"elementor-widget-container\">\n\t\t\t<div class=\"woocommerce columns-3 \"><ul class=\"products elementor-grid columns-3\">\n<li class=\"product type-product post-1825 status-publish first instock product_cat-doplnky product_cat-dentalni-zdravi has-post-thumbnail shipping-taxable purchasable product-type-variable\">\n\t<a href=\"https:\/\/yoni.life\/cs\/p\/tablety-pro-indikaci-zubniho-plaku\/\" class=\"woocommerce-LoopProduct-link woocommerce-loop-product__link\"><img loading=\"lazy\" decoding=\"async\" width=\"300\" height=\"300\" src=\"https:\/\/yoni.life\/cs\/wp-content\/uploads\/sites\/3\/2021\/02\/IMG_2359_Facetune_10-04-2020-11-43-56-300x300.jpg\" class=\"attachment-woocommerce_thumbnail size-woocommerce_thumbnail\" alt=\"tablety pro indikaci zubn\u00edho plaku Yoni\" srcset=\"https:\/\/yoni.life\/cs\/wp-content\/uploads\/sites\/3\/2021\/02\/IMG_2359_Facetune_10-04-2020-11-43-56-300x300.jpg 300w, https:\/\/yoni.life\/cs\/wp-content\/uploads\/sites\/3\/2021\/02\/IMG_2359_Facetune_10-04-2020-11-43-56-150x150.jpg 150w, https:\/\/yoni.life\/cs\/wp-content\/uploads\/sites\/3\/2021\/02\/IMG_2359_Facetune_10-04-2020-11-43-56-100x100.jpg 100w, https:\/\/yoni.life\/cs\/wp-content\/uploads\/sites\/3\/2021\/02\/IMG_2359_Facetune_10-04-2020-11-43-56.jpg 600w\" sizes=\"(max-width: 300px) 100vw, 300px\" \/><h2 class=\"woocommerce-loop-product__title\">Tablety pro indikaci zubn\u00edho plaku<\/h2>\n\t<span class=\"price\"><span class=\"woocommerce-Price-amount amount\"><bdi>29&nbsp;<span class=\"woocommerce-Price-currencySymbol\">&#75;&#269;<\/span><\/bdi><\/span> &ndash; <span class=\"woocommerce-Price-amount amount\"><bdi>79&nbsp;<span class=\"woocommerce-Price-currencySymbol\">&#75;&#269;<\/span><\/bdi><\/span><\/span>\n<\/a><a href=\"https:\/\/yoni.life\/cs\/p\/tablety-pro-indikaci-zubniho-plaku\/\" data-quantity=\"1\" class=\"button product_type_variable add_to_cart_button\" data-product_id=\"1825\" data-product_sku=\"INDI-PIL\" aria-label=\"Vyberte nastaven\u00ed pro &bdquo;Tablety pro indikaci zubn\u00edho plaku&ldquo;\" aria-describedby=\"This product has multiple variants. The options may be chosen on the product page\" rel=\"nofollow\">V\u00fdb\u011br mo\u017enost\u00ed<\/a><span class=\"gtm4wp_productdata\" style=\"display:none; visibility:hidden;\" data-gtm4wp_product_data=\"{&quot;internal_id&quot;:1825,&quot;item_id&quot;:&quot;INDI-PIL&quot;,&quot;item_name&quot;:&quot;Tablety pro indikaci zubn\\u00edho plaku&quot;,&quot;sku&quot;:&quot;INDI-PIL&quot;,&quot;price&quot;:29,&quot;stocklevel&quot;:null,&quot;stockstatus&quot;:&quot;instock&quot;,&quot;google_business_vertical&quot;:&quot;retail&quot;,&quot;item_category&quot;:&quot;Dopl\\u0148ky&quot;,&quot;id&quot;:&quot;INDI-PIL&quot;,&quot;productlink&quot;:&quot;https:\\\/\\\/yoni.life\\\/cs\\\/p\\\/tablety-pro-indikaci-zubniho-plaku\\\/&quot;,&quot;item_list_name&quot;:&quot;General Product List&quot;,&quot;index&quot;:1,&quot;product_type&quot;:&quot;variable&quot;,&quot;item_brand&quot;:&quot;&quot;}\"><\/span><\/li>\n<li class=\"product type-product post-193 status-publish outofstock product_cat-doplnky product_cat-zdravi product_tag-ceske-sklo product_tag-darkova-krabicka product_tag-daruj product_tag-daruj-usmev product_tag-kartac product_tag-kartacek product_tag-kartacky-yoni product_tag-kayu-sugi product_tag-koren-savladory-perske product_tag-kvet-zivota product_tag-meswak product_tag-pouzdro product_tag-prirodni-kartace product_tag-prirodni-kartacek product_tag-rawtoothbrush product_tag-sewak product_tag-usmev product_tag-vegan product_tag-zubni-pasta product_tag-zuby has-post-thumbnail shipping-taxable purchasable product-type-variable\">\n\t<a href=\"https:\/\/yoni.life\/cs\/p\/daruj-usmev\/\" class=\"woocommerce-LoopProduct-link woocommerce-loop-product__link\"><img loading=\"lazy\" decoding=\"async\" width=\"300\" height=\"300\" src=\"https:\/\/yoni.life\/cs\/wp-content\/uploads\/sites\/3\/2020\/10\/darkova-krabic\u030cka-2-300x300.jpg\" class=\"attachment-woocommerce_thumbnail size-woocommerce_thumbnail\" alt=\"d\u00e1rkov\u00e1 krabi\u010dka daruj \u00fasm\u011bv\" srcset=\"https:\/\/yoni.life\/cs\/wp-content\/uploads\/sites\/3\/2020\/10\/darkova-krabic\u030cka-2-300x300.jpg 300w, https:\/\/yoni.life\/cs\/wp-content\/uploads\/sites\/3\/2020\/10\/darkova-krabic\u030cka-2-150x150.jpg 150w, https:\/\/yoni.life\/cs\/wp-content\/uploads\/sites\/3\/2020\/10\/darkova-krabic\u030cka-2-100x100.jpg 100w\" sizes=\"(max-width: 300px) 100vw, 300px\" \/><h2 class=\"woocommerce-loop-product__title\">Daruj \u00fasm\u011bv<\/h2>\n\t<span class=\"price\"><span class=\"woocommerce-Price-amount amount\"><bdi>49&nbsp;<span class=\"woocommerce-Price-currencySymbol\">&#75;&#269;<\/span><\/bdi><\/span><\/span>\n<\/a><a href=\"https:\/\/yoni.life\/cs\/p\/daruj-usmev\/\" data-quantity=\"1\" class=\"button product_type_variable\" data-product_id=\"193\" data-product_sku=\"daruj-usmev\" aria-label=\"Vyberte nastaven\u00ed pro &bdquo;Daruj \u00fasm\u011bv&ldquo;\" aria-describedby=\"This product has multiple variants. The options may be chosen on the product page\" rel=\"nofollow\">V\u00fdb\u011br mo\u017enost\u00ed<\/a><span class=\"gtm4wp_productdata\" style=\"display:none; visibility:hidden;\" data-gtm4wp_product_data=\"{&quot;internal_id&quot;:193,&quot;item_id&quot;:&quot;daruj-usmev&quot;,&quot;item_name&quot;:&quot;Daruj \\u00fasm\\u011bv&quot;,&quot;sku&quot;:&quot;daruj-usmev&quot;,&quot;price&quot;:49,&quot;stocklevel&quot;:null,&quot;stockstatus&quot;:&quot;outofstock&quot;,&quot;google_business_vertical&quot;:&quot;retail&quot;,&quot;item_category&quot;:&quot;Dopl\\u0148ky&quot;,&quot;id&quot;:&quot;daruj-usmev&quot;,&quot;productlink&quot;:&quot;https:\\\/\\\/yoni.life\\\/cs\\\/p\\\/daruj-usmev\\\/&quot;,&quot;item_list_name&quot;:&quot;General Product List&quot;,&quot;index&quot;:2,&quot;product_type&quot;:&quot;variable&quot;,&quot;item_brand&quot;:&quot;&quot;}\"><\/span><\/li>\n<li class=\"product type-product post-129 status-publish last instock product_cat-doplnky product_cat-sklo product_cat-zero-waste product_tag-borosilikat product_tag-ceske-sklo product_tag-cisteni product_tag-daruj product_tag-kartac product_tag-kartacek product_tag-kayu-sugi product_tag-kvet-zivota product_tag-meswak product_tag-organik product_tag-pouzdro product_tag-prirodni product_tag-prirodni-kartacek product_tag-raw product_tag-rawtoothbrush product_tag-sewak product_tag-sklo product_tag-zubni-pasta has-post-thumbnail shipping-taxable purchasable product-type-simple\">\n\t<a href=\"https:\/\/yoni.life\/cs\/p\/pouzdro-na-prirodni-kartacek-sklo\/\" class=\"woocommerce-LoopProduct-link woocommerce-loop-product__link\"><img loading=\"lazy\" decoding=\"async\" width=\"300\" height=\"300\" src=\"https:\/\/yoni.life\/cs\/wp-content\/uploads\/sites\/3\/2020\/10\/pouzdra-300x300.jpg\" class=\"attachment-woocommerce_thumbnail size-woocommerce_thumbnail\" alt=\"sklen\u011bn\u00e9 pouzdru na p\u0159\u00edrodn\u00ed kart\u00e1\u010dek a rawtoothbrush\" srcset=\"https:\/\/yoni.life\/cs\/wp-content\/uploads\/sites\/3\/2020\/10\/pouzdra-300x300.jpg 300w, https:\/\/yoni.life\/cs\/wp-content\/uploads\/sites\/3\/2020\/10\/pouzdra-150x150.jpg 150w, https:\/\/yoni.life\/cs\/wp-content\/uploads\/sites\/3\/2020\/10\/pouzdra-100x100.jpg 100w\" sizes=\"(max-width: 300px) 100vw, 300px\" \/><h2 class=\"woocommerce-loop-product__title\">Pouzdro na p\u0159\u00edrodn\u00ed kart\u00e1\u010dek &#8211; sklo<\/h2>\n\t<span class=\"price\"><span class=\"woocommerce-Price-amount amount\"><bdi>169&nbsp;<span class=\"woocommerce-Price-currencySymbol\">&#75;&#269;<\/span><\/bdi><\/span><\/span>\n<\/a><a href=\"?add-to-cart=129\" data-quantity=\"1\" class=\"button product_type_simple add_to_cart_button ajax_add_to_cart\" data-product_id=\"129\" data-product_sku=\"obal-sklo-2\" aria-label=\"P\u0159idat do ko\u0161\u00edku: &ldquo;Pouzdro na p\u0159\u00edrodn\u00ed kart\u00e1\u010dek - sklo&rdquo;\" aria-describedby=\"\" rel=\"nofollow\">P\u0159idat do ko\u0161\u00edku<\/a><span class=\"gtm4wp_productdata\" style=\"display:none; visibility:hidden;\" data-gtm4wp_product_data=\"{&quot;internal_id&quot;:129,&quot;item_id&quot;:&quot;obal-sklo-2&quot;,&quot;item_name&quot;:&quot;Pouzdro na p\\u0159\\u00edrodn\\u00ed kart\\u00e1\\u010dek - sklo&quot;,&quot;sku&quot;:&quot;obal-sklo-2&quot;,&quot;price&quot;:169,&quot;stocklevel&quot;:null,&quot;stockstatus&quot;:&quot;instock&quot;,&quot;google_business_vertical&quot;:&quot;retail&quot;,&quot;item_category&quot;:&quot;Sklo&quot;,&quot;id&quot;:&quot;obal-sklo-2&quot;,&quot;productlink&quot;:&quot;https:\\\/\\\/yoni.life\\\/cs\\\/p\\\/pouzdro-na-prirodni-kartacek-sklo\\\/&quot;,&quot;item_list_name&quot;:&quot;General Product List&quot;,&quot;index&quot;:3,&quot;product_type&quot;:&quot;simple&quot;,&quot;item_brand&quot;:&quot;&quot;}\"><\/span><\/li>\n<\/ul>\n<\/div>\t\t<\/div>\n\t\t\t\t<\/div>\n\t\t\t\t\t<\/div>\n\t\t<\/div>\n\t\t\t\t\t\t\t<\/div>\n\t\t<\/section>\n\t\t\t\t\t<\/div>\n\t\t<\/div>\n\t\t\t\t\t\t\t<\/div>\n\t\t<\/section>\n\t\t\t\t\t\t<\/div>\n\t\t\t\t\t<\/div>\n\t\t","protected":false},"excerpt":{"rendered":"<p>rawtoothbrush\u00ae Revolu\u010dn\u00ed p\u0159\u00edrodn\u00ed kart\u00e1\u010dek. Ud\u011blej z povinnosti ritu\u00e1l. KOUPIT ZJISTIT V\u00cdC dent\u00e1ln\u00ed nit Vegan. Bez odpadu. Na dopln\u011bn\u00ed. Bio-rozlo\u017eiteln\u00e1. P\u0158EJ\u00cdT NA PRODUKT ko\u0159en Salvadory persk\u00e9 p\u0159\u00edrodn\u00ed kart\u00e1\u010dek Kart\u00e1\u010dek a zubn\u00ed pasta v jednom. Vyu\u017eij s\u00edlu p\u0159\u00edrody P\u0158EJ\u00cdT NA PRODUKT dopl\u0148ky<\/p>\n","protected":false},"author":1,"featured_media":0,"parent":0,"menu_order":0,"comment_status":"closed","ping_status":"closed","template":"","meta":{"footnotes":""},"_links":{"self":[{"href":"https:\/\/yoni.life\/cs\/wp-json\/wp\/v2\/pages\/72235"}],"collection":[{"href":"https:\/\/yoni.life\/cs\/wp-json\/wp\/v2\/pages"}],"about":[{"href":"https:\/\/yoni.life\/cs\/wp-json\/wp\/v2\/types\/page"}],"author":[{"embeddable":true,"href":"https:\/\/yoni.life\/cs\/wp-json\/wp\/v2\/users\/1"}],"replies":[{"embeddable":true,"href":"https:\/\/yoni.life\/cs\/wp-json\/wp\/v2\/comments?post=72235"}],"version-history":[{"count":5,"href":"https:\/\/yoni.life\/cs\/wp-json\/wp\/v2\/pages\/72235\/revisions"}],"predecessor-version":[{"id":82921,"href":"https:\/\/yoni.life\/cs\/wp-json\/wp\/v2\/pages\/72235\/revisions\/82921"}],"wp:attachment":[{"href":"https:\/\/yoni.life\/cs\/wp-json\/wp\/v2\/media?parent=72235"}],"curies":[{"name":"wp","href":"https:\/\/api.w.org\/{rel}","templated":true}]}}