{"id":809,"date":"2020-10-21T17:09:20","date_gmt":"2020-10-21T16:09:20","guid":{"rendered":"https:\/\/yoni.life\/cs\/?page_id=809"},"modified":"2021-07-11T00:49:49","modified_gmt":"2021-07-10T23:49:49","slug":"brcka-pro-vas-podnik","status":"publish","type":"page","link":"https:\/\/yoni.life\/cs\/brcka-pro-vas-podnik\/","title":{"rendered":"Br\u010dka pro V\u00e1\u0161 podnik"},"content":{"rendered":"\t\t<div data-elementor-type=\"wp-page\" data-elementor-id=\"809\" class=\"elementor elementor-809\" data-elementor-settings=\"[]\">\n\t\t\t\t\t\t\t<div class=\"elementor-section-wrap\">\n\t\t\t\t\t\t\t<section class=\"elementor-section elementor-top-section elementor-element elementor-element-58dc129 elementor-section-boxed elementor-section-height-default elementor-section-height-default\" data-id=\"58dc129\" data-element_type=\"section\">\n\t\t\t\t\t\t<div class=\"elementor-container elementor-column-gap-default\">\n\t\t\t\t\t<div class=\"elementor-column elementor-col-100 elementor-top-column elementor-element elementor-element-ebe090b\" data-id=\"ebe090b\" data-element_type=\"column\">\n\t\t\t<div class=\"elementor-widget-wrap elementor-element-populated\">\n\t\t\t\t\t\t\t\t<div class=\"elementor-element elementor-element-2098a31 elementor-widget elementor-widget-heading\" data-id=\"2098a31\" data-element_type=\"widget\" data-widget_type=\"heading.default\">\n\t\t\t\t<div class=\"elementor-widget-container\">\n\t\t\t<h2 class=\"elementor-heading-title elementor-size-default\">Br\u010dka pro V\u00e1\u0161 podnik<\/h2>\t\t<\/div>\n\t\t\t\t<\/div>\n\t\t\t\t<div class=\"elementor-element elementor-element-5de25d0 elementor-widget elementor-widget-spacer\" data-id=\"5de25d0\" data-element_type=\"widget\" data-widget_type=\"spacer.default\">\n\t\t\t\t<div class=\"elementor-widget-container\">\n\t\t\t\t\t<div class=\"elementor-spacer\">\n\t\t\t<div class=\"elementor-spacer-inner\"><\/div>\n\t\t<\/div>\n\t\t\t\t<\/div>\n\t\t\t\t<\/div>\n\t\t\t\t<div class=\"elementor-element elementor-element-d0fa909 elementor-widget elementor-widget-heading\" data-id=\"d0fa909\" data-element_type=\"widget\" data-widget_type=\"heading.default\">\n\t\t\t\t<div class=\"elementor-widget-container\">\n\t\t\t<h2 class=\"elementor-heading-title elementor-size-default\">Restaurace \u2022 kav\u00e1rny \u2022 \u010dajovny<\/h2>\t\t<\/div>\n\t\t\t\t<\/div>\n\t\t\t\t<div class=\"elementor-element elementor-element-a1545b3 elementor-widget elementor-widget-heading\" data-id=\"a1545b3\" data-element_type=\"widget\" data-widget_type=\"heading.default\">\n\t\t\t\t<div class=\"elementor-widget-container\">\n\t\t\t<h3 class=\"elementor-heading-title elementor-size-default\">Pro\u010d si po\u0159\u00eddit br\u010dka od n\u00e1s?<\/h3>\t\t<\/div>\n\t\t\t\t<\/div>\n\t\t\t\t\t<\/div>\n\t\t<\/div>\n\t\t\t\t\t\t\t<\/div>\n\t\t<\/section>\n\t\t\t\t<section class=\"elementor-section elementor-top-section elementor-element elementor-element-710b046 elementor-section-boxed elementor-section-height-default elementor-section-height-default\" data-id=\"710b046\" data-element_type=\"section\">\n\t\t\t\t\t\t<div class=\"elementor-container elementor-column-gap-default\">\n\t\t\t\t\t<div class=\"elementor-column elementor-col-100 elementor-top-column elementor-element elementor-element-322a1c5\" data-id=\"322a1c5\" data-element_type=\"column\">\n\t\t\t<div class=\"elementor-widget-wrap elementor-element-populated\">\n\t\t\t\t\t\t\t\t<div class=\"elementor-element elementor-element-294f9dd elementor-aspect-ratio-169 elementor-widget elementor-widget-video\" data-id=\"294f9dd\" data-element_type=\"widget\" data-settings=\"{&quot;youtube_url&quot;:&quot;https:\\\/\\\/www.youtube.com\\\/watch?v=k3_0jlWGGgE&quot;,&quot;video_type&quot;:&quot;youtube&quot;,&quot;controls&quot;:&quot;yes&quot;,&quot;aspect_ratio&quot;:&quot;169&quot;}\" data-widget_type=\"video.default\">\n\t\t\t\t<div class=\"elementor-widget-container\">\n\t\t\t\t\t<div class=\"elementor-wrapper elementor-fit-aspect-ratio elementor-open-inline\">\n\t\t\t<div class=\"elementor-video\"><\/div>\t\t<\/div>\n\t\t\t\t<\/div>\n\t\t\t\t<\/div>\n\t\t\t\t\t<\/div>\n\t\t<\/div>\n\t\t\t\t\t\t\t<\/div>\n\t\t<\/section>\n\t\t\t\t<section class=\"elementor-section elementor-top-section elementor-element elementor-element-e032d1b elementor-section-boxed elementor-section-height-default elementor-section-height-default\" data-id=\"e032d1b\" data-element_type=\"section\">\n\t\t\t\t\t\t<div class=\"elementor-container elementor-column-gap-default\">\n\t\t\t\t\t<div class=\"elementor-column elementor-col-50 elementor-top-column elementor-element elementor-element-309c23b\" data-id=\"309c23b\" data-element_type=\"column\">\n\t\t\t<div class=\"elementor-widget-wrap elementor-element-populated\">\n\t\t\t\t\t\t\t\t<div class=\"elementor-element elementor-element-1fd1ef1 elementor-widget elementor-widget-image\" data-id=\"1fd1ef1\" data-element_type=\"widget\" data-widget_type=\"image.default\">\n\t\t\t\t<div class=\"elementor-widget-container\">\n\t\t\t\t\t\t\t\t\t\t\t\t\t\t\t<img loading=\"lazy\" decoding=\"async\" width=\"800\" height=\"800\" src=\"https:\/\/yoni.life\/cs\/wp-content\/uploads\/sites\/3\/2020\/10\/IMG_3632-kopie-2.jpg\" class=\"attachment-large size-large\" alt=\"Br\u010dka z \u010desk\u00e9ho skla od Yoni\" srcset=\"https:\/\/yoni.life\/cs\/wp-content\/uploads\/sites\/3\/2020\/10\/IMG_3632-kopie-2.jpg 900w, https:\/\/yoni.life\/cs\/wp-content\/uploads\/sites\/3\/2020\/10\/IMG_3632-kopie-2-300x300.jpg 300w, https:\/\/yoni.life\/cs\/wp-content\/uploads\/sites\/3\/2020\/10\/IMG_3632-kopie-2-150x150.jpg 150w, https:\/\/yoni.life\/cs\/wp-content\/uploads\/sites\/3\/2020\/10\/IMG_3632-kopie-2-768x768.jpg 768w, https:\/\/yoni.life\/cs\/wp-content\/uploads\/sites\/3\/2020\/10\/IMG_3632-kopie-2-600x600.jpg 600w, https:\/\/yoni.life\/cs\/wp-content\/uploads\/sites\/3\/2020\/10\/IMG_3632-kopie-2-100x100.jpg 100w\" sizes=\"(max-width: 800px) 100vw, 800px\" \/>\t\t\t\t\t\t\t\t\t\t\t\t\t\t\t<\/div>\n\t\t\t\t<\/div>\n\t\t\t\t\t<\/div>\n\t\t<\/div>\n\t\t\t\t<div class=\"elementor-column elementor-col-50 elementor-top-column elementor-element elementor-element-925710f\" data-id=\"925710f\" data-element_type=\"column\">\n\t\t\t<div class=\"elementor-widget-wrap elementor-element-populated\">\n\t\t\t\t\t\t\t\t<div class=\"elementor-element elementor-element-c4a496d elementor-widget elementor-widget-text-editor\" data-id=\"c4a496d\" data-element_type=\"widget\" data-widget_type=\"text-editor.default\">\n\t\t\t\t<div class=\"elementor-widget-container\">\n\t\t\t\t\t\t\t<h2>Cenov\u011b dostupn\u00e9 a ide\u00e1ln\u00ed do provozu<\/h2><p>Vzali jsme si za c\u00edl, p\u0159\u00edn\u00e9st \u010desk\u00e1 br\u010dka do \u010desk\u00fdch podnik\u016f. \u010c\u00edm\u017e se sna\u017e\u00edme podpo\u0159it \u010desk\u00e9 produkty a z\u00e1rove\u0148 podpo\u0159it organizaci GCI. Sta\u0148te se sou\u010d\u00e1st\u00ed na\u0161eho projektu. Poj\u010fme spolu podpo\u0159it \u010deskou kvalitu i tradici a z\u00e1rove\u0148 poj\u010fme pom\u00e1hat lidem v nouzi.<\/p><h3>Na kolik m\u011b to vyjde?<\/h3><p>Br\u010dka maj\u00ed n\u00e1\u0161 potisk, ka\u017ed\u00fd kousek m\u00e1 na sob\u011b na\u0161e logo, \u010d\u00edm\u017e zaru\u010d\u00edme kvalitu produktu a z\u00e1rove\u0148 se zvedne pov\u011bdom\u00ed o na\u0161em projektu. D\u00edky tomu jsou pro V\u00e1s br\u010dka cenov\u011b dostupn\u00e1.<\/p><h3>M\u016f\u017eu m\u00edt vlastn\u00ed potisk?<\/h3><p>Bohu\u017eel ne. Vlastn\u00ed potisk se finan\u010dn\u011b vyplat\u00ed jen p\u0159i odb\u011bru nad 1500ks. To je pro v\u011bt\u0161inu provoz\u016f zhruba 15x v\u00edc br\u010dek, ne\u017e pot\u0159ebuj\u00ed.<\/p><h3>A pro\u010d zrovna sklo?<\/h3><p>Br\u010dka jsou vyrobena z borosilik\u00e1tu, jsou tedy velmi odoln\u00e1. V porovn\u00e1n\u00ed s bambusov\u00fdmi nebo kovov\u00fdmi br\u010dky jsou pr\u016fhledn\u00e1, a tedy m\u00e1te jistotu, \u017ee z\u00e1kazn\u00edk dost\u00e1v\u00e1 br\u010dko v drinku \u010dist\u00e9, nikoliv s pl\u00edsn\u00ed nebo se zaschlou \u0161p\u00ednou.Sklo je prakticky\u00a0<strong>inertn\u00ed<\/strong>\u00a0(nepodl\u00e9haj\u00edc\u00ed chemick\u00fdm reakc\u00edm,nereaguj\u00edc\u00ed s jin\u00fdmi prvky).<\/p><p>Sklo jako jedin\u00e9 ze zm\u00edn\u011bn\u00fdch nem\u011bn\u00ed chu\u0165 n\u00e1poje.<\/p>\t\t\t\t\t\t<\/div>\n\t\t\t\t<\/div>\n\t\t\t\t\t<\/div>\n\t\t<\/div>\n\t\t\t\t\t\t\t<\/div>\n\t\t<\/section>\n\t\t\t\t<section class=\"elementor-section elementor-top-section elementor-element elementor-element-2c03297 elementor-section-boxed elementor-section-height-default elementor-section-height-default\" data-id=\"2c03297\" data-element_type=\"section\">\n\t\t\t\t\t\t<div class=\"elementor-container elementor-column-gap-default\">\n\t\t\t\t\t<div class=\"elementor-column elementor-col-50 elementor-top-column elementor-element elementor-element-d6edf8d\" data-id=\"d6edf8d\" data-element_type=\"column\">\n\t\t\t<div class=\"elementor-widget-wrap elementor-element-populated\">\n\t\t\t\t\t\t\t\t<div class=\"elementor-element elementor-element-6ef0bdb elementor-widget elementor-widget-image\" data-id=\"6ef0bdb\" data-element_type=\"widget\" data-widget_type=\"image.default\">\n\t\t\t\t<div class=\"elementor-widget-container\">\n\t\t\t\t\t\t\t\t\t\t\t\t\t\t\t<img loading=\"lazy\" decoding=\"async\" width=\"700\" height=\"935\" src=\"https:\/\/yoni.life\/cs\/wp-content\/uploads\/sites\/3\/2020\/10\/IMG_3526-kopie-2.jpg\" class=\"attachment-large size-large\" alt=\"Br\u010dka z \u010desk\u00e9ho skla od Yoni\" srcset=\"https:\/\/yoni.life\/cs\/wp-content\/uploads\/sites\/3\/2020\/10\/IMG_3526-kopie-2.jpg 700w, https:\/\/yoni.life\/cs\/wp-content\/uploads\/sites\/3\/2020\/10\/IMG_3526-kopie-2-225x300.jpg 225w, https:\/\/yoni.life\/cs\/wp-content\/uploads\/sites\/3\/2020\/10\/IMG_3526-kopie-2-600x801.jpg 600w\" sizes=\"(max-width: 700px) 100vw, 700px\" \/>\t\t\t\t\t\t\t\t\t\t\t\t\t\t\t<\/div>\n\t\t\t\t<\/div>\n\t\t\t\t\t<\/div>\n\t\t<\/div>\n\t\t\t\t<div class=\"elementor-column elementor-col-50 elementor-top-column elementor-element elementor-element-7e69e11\" data-id=\"7e69e11\" data-element_type=\"column\">\n\t\t\t<div class=\"elementor-widget-wrap elementor-element-populated\">\n\t\t\t\t\t\t\t\t<div class=\"elementor-element elementor-element-fcfdb41 elementor-widget elementor-widget-shortcode\" data-id=\"fcfdb41\" data-element_type=\"widget\" data-widget_type=\"shortcode.default\">\n\t\t\t\t<div class=\"elementor-widget-container\">\n\t\t\t\t\t<div class=\"elementor-shortcode\">[contact-form-7 id=\"817\" title=\"Straws for your establishment\"]<\/div>\n\t\t\t\t<\/div>\n\t\t\t\t<\/div>\n\t\t\t\t\t<\/div>\n\t\t<\/div>\n\t\t\t\t\t\t\t<\/div>\n\t\t<\/section>\n\t\t\t\t<section class=\"elementor-section elementor-top-section elementor-element elementor-element-6d9b302 elementor-section-boxed elementor-section-height-default elementor-section-height-default\" data-id=\"6d9b302\" data-element_type=\"section\">\n\t\t\t\t\t\t<div class=\"elementor-container elementor-column-gap-default\">\n\t\t\t\t\t\t\t\t<\/div>\n\t\t<\/section>\n\t\t\t\t\t\t<\/div>\n\t\t\t\t\t<\/div>\n\t\t","protected":false},"excerpt":{"rendered":"<p>Br\u010dka pro V\u00e1\u0161 podnik Restaurace \u2022 kav\u00e1rny \u2022 \u010dajovny Pro\u010d si po\u0159\u00eddit br\u010dka od n\u00e1s? Cenov\u011b dostupn\u00e9 a ide\u00e1ln\u00ed do provozu Vzali jsme si za c\u00edl, p\u0159\u00edn\u00e9st \u010desk\u00e1 br\u010dka do \u010desk\u00fdch podnik\u016f. \u010c\u00edm\u017e se sna\u017e\u00edme podpo\u0159it \u010desk\u00e9 produkty a z\u00e1rove\u0148 podpo\u0159it organizaci GCI. Sta\u0148te se sou\u010d\u00e1st\u00ed na\u0161eho projektu. Poj\u010fme spolu podpo\u0159it \u010deskou kvalitu i tradici [&hellip;]<\/p>\n","protected":false},"author":1,"featured_media":0,"parent":0,"menu_order":0,"comment_status":"closed","ping_status":"closed","template":"","meta":{"footnotes":""},"_links":{"self":[{"href":"https:\/\/yoni.life\/cs\/wp-json\/wp\/v2\/pages\/809"}],"collection":[{"href":"https:\/\/yoni.life\/cs\/wp-json\/wp\/v2\/pages"}],"about":[{"href":"https:\/\/yoni.life\/cs\/wp-json\/wp\/v2\/types\/page"}],"author":[{"embeddable":true,"href":"https:\/\/yoni.life\/cs\/wp-json\/wp\/v2\/users\/1"}],"replies":[{"embeddable":true,"href":"https:\/\/yoni.life\/cs\/wp-json\/wp\/v2\/comments?post=809"}],"version-history":[{"count":1,"href":"https:\/\/yoni.life\/cs\/wp-json\/wp\/v2\/pages\/809\/revisions"}],"predecessor-version":[{"id":82916,"href":"https:\/\/yoni.life\/cs\/wp-json\/wp\/v2\/pages\/809\/revisions\/82916"}],"wp:attachment":[{"href":"https:\/\/yoni.life\/cs\/wp-json\/wp\/v2\/media?parent=809"}],"curies":[{"name":"wp","href":"https:\/\/api.w.org\/{rel}","templated":true}]}}