{"id":948,"date":"2020-10-23T11:25:53","date_gmt":"2020-10-23T10:25:53","guid":{"rendered":"https:\/\/yoni.life\/cs\/?page_id=948"},"modified":"2021-07-11T00:50:39","modified_gmt":"2021-07-10T23:50:39","slug":"o-nas","status":"publish","type":"page","link":"https:\/\/yoni.life\/cs\/o-nas\/","title":{"rendered":"O n\u00e1s"},"content":{"rendered":"\t\t<div data-elementor-type=\"wp-page\" data-elementor-id=\"948\" class=\"elementor elementor-948\" data-elementor-settings=\"[]\">\n\t\t\t\t\t\t\t<div class=\"elementor-section-wrap\">\n\t\t\t\t\t\t\t<section class=\"elementor-section elementor-top-section elementor-element elementor-element-8f345fd elementor-section-boxed elementor-section-height-default elementor-section-height-default\" data-id=\"8f345fd\" data-element_type=\"section\">\n\t\t\t\t\t\t<div class=\"elementor-container elementor-column-gap-default\">\n\t\t\t\t\t<div class=\"elementor-column elementor-col-100 elementor-top-column elementor-element elementor-element-9f17a2b\" data-id=\"9f17a2b\" data-element_type=\"column\">\n\t\t\t<div class=\"elementor-widget-wrap elementor-element-populated\">\n\t\t\t\t\t\t\t\t<div class=\"elementor-element elementor-element-fc8ab3d elementor-widget elementor-widget-heading\" data-id=\"fc8ab3d\" data-element_type=\"widget\" data-widget_type=\"heading.default\">\n\t\t\t\t<div class=\"elementor-widget-container\">\n\t\t\t<h2 class=\"elementor-heading-title elementor-size-default\">\u201cIf you think we can\u2019t change the world,<br> it just means you\u2019re not one of those who will.\u201d<br>\n\u2015 Jacque Fresco<\/h2>\t\t<\/div>\n\t\t\t\t<\/div>\n\t\t\t\t\t<\/div>\n\t\t<\/div>\n\t\t\t\t\t\t\t<\/div>\n\t\t<\/section>\n\t\t\t\t<section class=\"elementor-section elementor-top-section elementor-element elementor-element-956c3d1 elementor-section-boxed elementor-section-height-default elementor-section-height-default\" data-id=\"956c3d1\" data-element_type=\"section\">\n\t\t\t\t\t\t<div class=\"elementor-container elementor-column-gap-default\">\n\t\t\t\t\t<div class=\"elementor-column elementor-col-50 elementor-top-column elementor-element elementor-element-a07aeb4\" data-id=\"a07aeb4\" data-element_type=\"column\">\n\t\t\t<div class=\"elementor-widget-wrap elementor-element-populated\">\n\t\t\t\t\t\t\t\t<div class=\"elementor-element elementor-element-32c8d87 elementor-widget elementor-widget-image\" data-id=\"32c8d87\" data-element_type=\"widget\" data-widget_type=\"image.default\">\n\t\t\t\t<div class=\"elementor-widget-container\">\n\t\t\t\t\t\t\t\t\t\t\t\t\t\t\t<img loading=\"lazy\" decoding=\"async\" width=\"800\" height=\"800\" src=\"https:\/\/yoni.life\/cs\/wp-content\/uploads\/sites\/3\/2020\/10\/IMG_4210_Facetune_16-05-2019-14-20-20-1.jpeg\" class=\"attachment-large size-large\" alt=\"Kristof - Yonilife spoluzakladatel\" srcset=\"https:\/\/yoni.life\/cs\/wp-content\/uploads\/sites\/3\/2020\/10\/IMG_4210_Facetune_16-05-2019-14-20-20-1.jpeg 900w, https:\/\/yoni.life\/cs\/wp-content\/uploads\/sites\/3\/2020\/10\/IMG_4210_Facetune_16-05-2019-14-20-20-1-300x300.jpeg 300w, https:\/\/yoni.life\/cs\/wp-content\/uploads\/sites\/3\/2020\/10\/IMG_4210_Facetune_16-05-2019-14-20-20-1-150x150.jpeg 150w, https:\/\/yoni.life\/cs\/wp-content\/uploads\/sites\/3\/2020\/10\/IMG_4210_Facetune_16-05-2019-14-20-20-1-768x768.jpeg 768w, https:\/\/yoni.life\/cs\/wp-content\/uploads\/sites\/3\/2020\/10\/IMG_4210_Facetune_16-05-2019-14-20-20-1-600x600.jpeg 600w, https:\/\/yoni.life\/cs\/wp-content\/uploads\/sites\/3\/2020\/10\/IMG_4210_Facetune_16-05-2019-14-20-20-1-100x100.jpeg 100w\" sizes=\"(max-width: 800px) 100vw, 800px\" \/>\t\t\t\t\t\t\t\t\t\t\t\t\t\t\t<\/div>\n\t\t\t\t<\/div>\n\t\t\t\t\t<\/div>\n\t\t<\/div>\n\t\t\t\t<div class=\"elementor-column elementor-col-50 elementor-top-column elementor-element elementor-element-3752b49\" data-id=\"3752b49\" data-element_type=\"column\">\n\t\t\t<div class=\"elementor-widget-wrap elementor-element-populated\">\n\t\t\t\t\t\t\t\t<div class=\"elementor-element elementor-element-733ea36 elementor-widget elementor-widget-image\" data-id=\"733ea36\" data-element_type=\"widget\" data-widget_type=\"image.default\">\n\t\t\t\t<div class=\"elementor-widget-container\">\n\t\t\t\t\t\t\t\t\t\t\t\t\t\t\t<img loading=\"lazy\" decoding=\"async\" width=\"800\" height=\"800\" src=\"https:\/\/yoni.life\/cs\/wp-content\/uploads\/sites\/3\/2021\/02\/AfterlightImage.jpg\" class=\"attachment-large size-large\" alt=\"Jazine, Spoluzakladatelka Yoni\" srcset=\"https:\/\/yoni.life\/cs\/wp-content\/uploads\/sites\/3\/2021\/02\/AfterlightImage.jpg 900w, https:\/\/yoni.life\/cs\/wp-content\/uploads\/sites\/3\/2021\/02\/AfterlightImage-300x300.jpg 300w, https:\/\/yoni.life\/cs\/wp-content\/uploads\/sites\/3\/2021\/02\/AfterlightImage-150x150.jpg 150w, https:\/\/yoni.life\/cs\/wp-content\/uploads\/sites\/3\/2021\/02\/AfterlightImage-768x768.jpg 768w, https:\/\/yoni.life\/cs\/wp-content\/uploads\/sites\/3\/2021\/02\/AfterlightImage-600x600.jpg 600w, https:\/\/yoni.life\/cs\/wp-content\/uploads\/sites\/3\/2021\/02\/AfterlightImage-100x100.jpg 100w\" sizes=\"(max-width: 800px) 100vw, 800px\" \/>\t\t\t\t\t\t\t\t\t\t\t\t\t\t\t<\/div>\n\t\t\t\t<\/div>\n\t\t\t\t\t<\/div>\n\t\t<\/div>\n\t\t\t\t\t\t\t<\/div>\n\t\t<\/section>\n\t\t\t\t<section class=\"elementor-section elementor-top-section elementor-element elementor-element-a4a611d elementor-section-boxed elementor-section-height-default elementor-section-height-default\" data-id=\"a4a611d\" data-element_type=\"section\">\n\t\t\t\t\t\t<div class=\"elementor-container elementor-column-gap-default\">\n\t\t\t\t\t<div class=\"elementor-column elementor-col-50 elementor-top-column elementor-element elementor-element-bcbfb7a\" data-id=\"bcbfb7a\" data-element_type=\"column\">\n\t\t\t<div class=\"elementor-widget-wrap elementor-element-populated\">\n\t\t\t\t\t\t\t\t<div class=\"elementor-element elementor-element-d1fc43a elementor-widget elementor-widget-heading\" data-id=\"d1fc43a\" data-element_type=\"widget\" data-widget_type=\"heading.default\">\n\t\t\t\t<div class=\"elementor-widget-container\">\n\t\t\t<h2 class=\"elementor-heading-title elementor-size-default\">jazine & kri\u0161tof<\/h2>\t\t<\/div>\n\t\t\t\t<\/div>\n\t\t\t\t\t<\/div>\n\t\t<\/div>\n\t\t\t\t<div class=\"elementor-column elementor-col-50 elementor-top-column elementor-element elementor-element-00c3c7c\" data-id=\"00c3c7c\" data-element_type=\"column\">\n\t\t\t<div class=\"elementor-widget-wrap elementor-element-populated\">\n\t\t\t\t\t\t\t\t<div class=\"elementor-element elementor-element-daeb81a elementor-widget elementor-widget-heading\" data-id=\"daeb81a\" data-element_type=\"widget\" data-widget_type=\"heading.default\">\n\t\t\t\t<div class=\"elementor-widget-container\">\n\t\t\t<h3 class=\"elementor-heading-title elementor-size-default\">cestou necestou<\/h3>\t\t<\/div>\n\t\t\t\t<\/div>\n\t\t\t\t<div class=\"elementor-element elementor-element-595a04b elementor-widget elementor-widget-text-editor\" data-id=\"595a04b\" data-element_type=\"widget\" data-widget_type=\"text-editor.default\">\n\t\t\t\t<div class=\"elementor-widget-container\">\n\t\t\t\t\t\t\t<p>Kdy\u017e n\u00e1m bylo 19 let, mysleli jsme si ,\u017ee sbal\u00edme batoh a u\u017e se nevr\u00e1t\u00edme. Najdeme si to prav\u00e9 m\u00edsto ve sv\u011bt\u011b, kde se schoul\u00edme a bude n\u00e1m dob\u0159e. Oholili jsme si teda vlasy, pobrali nejd\u016fle\u017eit\u011bj\u0161\u00ed v\u011bci a za\u010dli stopovat. Spol\u00e9hali jsme se na vesm\u00edr. Odevzdali mu v\u0161echny strachy. Nav\u0161t\u00edvili jsme ty nejkr\u00e1sn\u011bj\u0161\u00ed m\u00edsta a poznali se s lidmi, kte\u0159\u00ed byli na\u0161e rodina od prvn\u00edho pohledu. Jen\u017ee a\u0165 jsme byli kdekoli, n\u011bco chyb\u011blo. Seberealizace. A na\u0161e m\u00edsto? Nen\u00ed tam ve sv\u011bt\u011b, ale uvnit\u0159 v na\u0161em srdci.<\/p><p><br \/>Yoni je pro n\u00e1s osobn\u00ed z\u00e1le\u017eitost. Yoni je souhrn na\u0161ich n\u00e1pad\u016f a pr\u00e1ce na realizaci. Nen\u00ed to pouze to, co se n\u00e1m poda\u0159ilo ji\u017e zrealizovat, je to i v\u0161echno na \u010dem teprve pracujeme, v co douf\u00e1me a jak\u00fd sv\u011bt si p\u0159ejeme tvo\u0159it. Je to na\u0161e vize budoucnosti pro jedince i spole\u010dnost. Je to na\u0161e v\u00edra v p\u0159\u00edrodu a zdrav\u00fd \u017eivotn\u00ed styl. Nejsme velk\u00e1 firma se spoustou zam\u011bstnanc\u016f. Jsme jen dva lidi, kte\u0159\u00ed se rozhodli vydat na cestu a neust\u00e1le se pot\u00fdkaj\u00ed s v\u00fdzvami, zku\u0161enostmi, radostmi a strastmi. Spojen\u00ed mu\u017esk\u00e9 a \u017eensk\u00e9 energie n\u00e1s dr\u017e\u00ed p\u0159i \u017eivot\u011b. Kreativita a pocit ve spojen\u00ed s logikou a mysl\u00ed n\u00e1s zavedla a\u017e sem, k tob\u011b. D\u011bkujeme ti z cel\u00e9ho srdce, \u017ee jsi v tom s n\u00e1mi. V\u00edme, \u017ee v hloubi du\u0161e tou\u017e\u00ed\u0161 po tom stejn\u00e9m.<\/p>\t\t\t\t\t\t<\/div>\n\t\t\t\t<\/div>\n\t\t\t\t\t<\/div>\n\t\t<\/div>\n\t\t\t\t\t\t\t<\/div>\n\t\t<\/section>\n\t\t\t\t<section class=\"elementor-section elementor-top-section elementor-element elementor-element-daac146 elementor-section-boxed elementor-section-height-default elementor-section-height-default\" data-id=\"daac146\" data-element_type=\"section\">\n\t\t\t\t\t\t<div class=\"elementor-container elementor-column-gap-default\">\n\t\t\t\t\t<div class=\"elementor-column elementor-col-50 elementor-top-column elementor-element elementor-element-b9ae383\" data-id=\"b9ae383\" data-element_type=\"column\">\n\t\t\t<div class=\"elementor-widget-wrap\">\n\t\t\t\t\t\t\t\t\t<\/div>\n\t\t<\/div>\n\t\t\t\t<div class=\"elementor-column elementor-col-50 elementor-top-column elementor-element elementor-element-f3258ec\" data-id=\"f3258ec\" data-element_type=\"column\">\n\t\t\t<div class=\"elementor-widget-wrap elementor-element-populated\">\n\t\t\t\t\t\t\t\t<section class=\"elementor-section elementor-inner-section elementor-element elementor-element-3d5652c elementor-section-boxed elementor-section-height-default elementor-section-height-default\" data-id=\"3d5652c\" data-element_type=\"section\">\n\t\t\t\t\t\t<div class=\"elementor-container elementor-column-gap-default\">\n\t\t\t\t\t<div class=\"elementor-column elementor-col-50 elementor-inner-column elementor-element elementor-element-b7413f8\" data-id=\"b7413f8\" data-element_type=\"column\">\n\t\t\t<div class=\"elementor-widget-wrap elementor-element-populated\">\n\t\t\t\t\t\t\t\t<div class=\"elementor-element elementor-element-f1646af elementor-view-default elementor-widget elementor-widget-icon\" data-id=\"f1646af\" data-element_type=\"widget\" data-widget_type=\"icon.default\">\n\t\t\t\t<div class=\"elementor-widget-container\">\n\t\t\t\t\t<div class=\"elementor-icon-wrapper\">\n\t\t\t<a class=\"elementor-icon\" href=\"https:\/\/www.instagram.com\/yonilife\/\" target=\"_blank\" rel=\"noopener\">\n\t\t\t<i aria-hidden=\"true\" class=\"fab fa-instagram\"><\/i>\t\t\t<\/a>\n\t\t<\/div>\n\t\t\t\t<\/div>\n\t\t\t\t<\/div>\n\t\t\t\t\t<\/div>\n\t\t<\/div>\n\t\t\t\t<div class=\"elementor-column elementor-col-50 elementor-inner-column elementor-element elementor-element-0d9def0\" data-id=\"0d9def0\" data-element_type=\"column\">\n\t\t\t<div class=\"elementor-widget-wrap elementor-element-populated\">\n\t\t\t\t\t\t\t\t<div class=\"elementor-element elementor-element-29d7b4b elementor-view-default elementor-widget elementor-widget-icon\" data-id=\"29d7b4b\" data-element_type=\"widget\" data-widget_type=\"icon.default\">\n\t\t\t\t<div class=\"elementor-widget-container\">\n\t\t\t\t\t<div class=\"elementor-icon-wrapper\">\n\t\t\t<a class=\"elementor-icon\" href=\"https:\/\/www.facebook.com\/rawyoni\" target=\"_blank\" rel=\"noopener\">\n\t\t\t<i aria-hidden=\"true\" class=\"fab fa-facebook-square\"><\/i>\t\t\t<\/a>\n\t\t<\/div>\n\t\t\t\t<\/div>\n\t\t\t\t<\/div>\n\t\t\t\t\t<\/div>\n\t\t<\/div>\n\t\t\t\t\t\t\t<\/div>\n\t\t<\/section>\n\t\t\t\t\t<\/div>\n\t\t<\/div>\n\t\t\t\t\t\t\t<\/div>\n\t\t<\/section>\n\t\t\t\t<section class=\"elementor-section elementor-top-section elementor-element elementor-element-d9e7034 elementor-section-boxed elementor-section-height-default elementor-section-height-default\" data-id=\"d9e7034\" data-element_type=\"section\">\n\t\t\t\t\t\t<div class=\"elementor-container elementor-column-gap-default\">\n\t\t\t\t\t<div class=\"elementor-column elementor-col-50 elementor-top-column elementor-element elementor-element-650c3b0\" data-id=\"650c3b0\" data-element_type=\"column\">\n\t\t\t<div class=\"elementor-widget-wrap\">\n\t\t\t\t\t\t\t\t\t<\/div>\n\t\t<\/div>\n\t\t\t\t<div class=\"elementor-column elementor-col-50 elementor-top-column elementor-element elementor-element-2e2c78c\" data-id=\"2e2c78c\" data-element_type=\"column\">\n\t\t\t<div class=\"elementor-widget-wrap elementor-element-populated\">\n\t\t\t\t\t\t\t\t<div class=\"elementor-element elementor-element-14f6186 elementor-widget elementor-widget-heading\" data-id=\"14f6186\" data-element_type=\"widget\" data-widget_type=\"heading.default\">\n\t\t\t\t<div class=\"elementor-widget-container\">\n\t\t\t<h2 class=\"elementor-heading-title elementor-size-default\">Yoni<\/h2>\t\t<\/div>\n\t\t\t\t<\/div>\n\t\t\t\t<div class=\"elementor-element elementor-element-0c6870e elementor-widget elementor-widget-heading\" data-id=\"0c6870e\" data-element_type=\"widget\" data-widget_type=\"heading.default\">\n\t\t\t\t<div class=\"elementor-widget-container\">\n\t\t\t<h3 class=\"elementor-heading-title elementor-size-default\">m\u00edsto vzniku, zrozen\u00ed, prap\u016fvod, zdroj, vag\u00edna<\/h3>\t\t<\/div>\n\t\t\t\t<\/div>\n\t\t\t\t<div class=\"elementor-element elementor-element-3ee3f85 elementor-widget elementor-widget-text-editor\" data-id=\"3ee3f85\" data-element_type=\"widget\" data-widget_type=\"text-editor.default\">\n\t\t\t\t<div class=\"elementor-widget-container\">\n\t\t\t\t\t\t\t<p>dohromady s lingamem symbolizuj\u00ed spojen\u00ed mikrokosmu a makrokosmu, bo\u017esk\u00fd nekone\u010dn\u00fd proces stvo\u0159en\u00ed a regenerace, spojen\u00ed \u017eensk\u00e9(yoni) a mu\u017esk\u00e9(lingam) energie kter\u00e1 obnovuje celou existenci.<\/p>\t\t\t\t\t\t<\/div>\n\t\t\t\t<\/div>\n\t\t\t\t<section class=\"elementor-section elementor-inner-section elementor-element elementor-element-e540eb3 elementor-section-boxed elementor-section-height-default elementor-section-height-default\" data-id=\"e540eb3\" data-element_type=\"section\">\n\t\t\t\t\t\t<div class=\"elementor-container elementor-column-gap-default\">\n\t\t\t\t\t<div class=\"elementor-column elementor-col-50 elementor-inner-column elementor-element elementor-element-70be612\" data-id=\"70be612\" data-element_type=\"column\">\n\t\t\t<div class=\"elementor-widget-wrap elementor-element-populated\">\n\t\t\t\t\t\t\t\t<div class=\"elementor-element elementor-element-527f7c0 elementor-widget elementor-widget-heading\" data-id=\"527f7c0\" data-element_type=\"widget\" data-widget_type=\"heading.default\">\n\t\t\t\t<div class=\"elementor-widget-container\">\n\t\t\t<h3 class=\"elementor-heading-title elementor-size-default\">jazine<\/h3>\t\t<\/div>\n\t\t\t\t<\/div>\n\t\t\t\t<div class=\"elementor-element elementor-element-2a2d5e8 elementor-widget elementor-widget-text-editor\" data-id=\"2a2d5e8\" data-element_type=\"widget\" data-widget_type=\"text-editor.default\">\n\t\t\t\t<div class=\"elementor-widget-container\">\n\t\t\t\t\t\t\tspont\u00e1n\u011b mi p\u0159i\u0161lo slovo yoni jako n\u00e1zev na\u0161eho projektu, z\u00e1m\u011br zprost\u0159edkovat lidem p\u0159\u00edrodn\u00ed kart\u00e1\u010dek, yoni vaj\u00ed\u010dko\u2026. od prvn\u00edho momentu jsme oba c\u00edtili, \u017ee n\u00e1s \u201cvesm\u00edr\u201d vede a my jsme se rozhodli tohle vol\u00e1n\u00ed n\u00e1sledovat. Zam\u011b\u0159uji se na fotky, texty, soci\u00e1ln\u00ed s\u00edt\u011b. Moje mamka n\u00e1m pom\u00e1h\u00e1 se skladem a \u010d\u00e1ste\u010dn\u011b s komunikac\u00ed, bal\u00ed produkty, odes\u00edl\u00e1 z\u00e1silky. Je n\u00e1\u0161 jedin\u00fd zam\u011bstnanec. Je na\u0161\u00ed obrovskou podporou a motivac\u00ed.\t\t\t\t\t\t<\/div>\n\t\t\t\t<\/div>\n\t\t\t\t\t<\/div>\n\t\t<\/div>\n\t\t\t\t<div class=\"elementor-column elementor-col-50 elementor-inner-column elementor-element elementor-element-144dce6\" data-id=\"144dce6\" data-element_type=\"column\">\n\t\t\t<div class=\"elementor-widget-wrap elementor-element-populated\">\n\t\t\t\t\t\t\t\t<div class=\"elementor-element elementor-element-84f6c6e elementor-widget elementor-widget-heading\" data-id=\"84f6c6e\" data-element_type=\"widget\" data-widget_type=\"heading.default\">\n\t\t\t\t<div class=\"elementor-widget-container\">\n\t\t\t<h3 class=\"elementor-heading-title elementor-size-default\">kristof<\/h3>\t\t<\/div>\n\t\t\t\t<\/div>\n\t\t\t\t<div class=\"elementor-element elementor-element-3e95a41 elementor-widget elementor-widget-text-editor\" data-id=\"3e95a41\" data-element_type=\"widget\" data-widget_type=\"text-editor.default\">\n\t\t\t\t<div class=\"elementor-widget-container\">\n\t\t\t\t\t\t\tbez n\u011bj by v\u0161echny vize z\u016fstaly pouhou my\u0161lenkou. Rozhodl se vypo\u0159\u00e1dat s ka\u017edou technickou nutnost\u00ed, obe\u0161el \u00fa\u0159ady podepsal smlouvy. Udr\u017euje technickou strukturu na\u0161\u00ed firmy. Je mluv\u010d\u00ed a reprezentac\u00ed n\u00e1s obou v ka\u017edodenn\u00edm \u017eivot\u011b. Zaji\u0161\u0165uje extern\u00ed technick\u00e9 spolupr\u00e1ce. T\u00edmto chceme z\u00e1rove\u0148 pod\u011bkovat v\u0161em, kte\u0159\u00ed prop\u016fj\u010dili svoje schopnosti pro zdokonalen\u00ed webu, designu, marketingu atd. bez vn\u011bj\u0161\u00ed pomoci by jsme nebyli tam kde jsme te\u010f.\t\t\t\t\t\t<\/div>\n\t\t\t\t<\/div>\n\t\t\t\t\t<\/div>\n\t\t<\/div>\n\t\t\t\t\t\t\t<\/div>\n\t\t<\/section>\n\t\t\t\t\t<\/div>\n\t\t<\/div>\n\t\t\t\t\t\t\t<\/div>\n\t\t<\/section>\n\t\t\t\t<section class=\"elementor-section elementor-top-section elementor-element elementor-element-6a2155c elementor-section-boxed elementor-section-height-default elementor-section-height-default\" data-id=\"6a2155c\" data-element_type=\"section\">\n\t\t\t\t\t\t<div class=\"elementor-container elementor-column-gap-default\">\n\t\t\t\t\t<div class=\"elementor-column elementor-col-50 elementor-top-column elementor-element elementor-element-5c43bd5\" data-id=\"5c43bd5\" data-element_type=\"column\">\n\t\t\t<div class=\"elementor-widget-wrap elementor-element-populated\">\n\t\t\t\t\t\t\t\t<div class=\"elementor-element elementor-element-03c18ed elementor-widget elementor-widget-image\" data-id=\"03c18ed\" data-element_type=\"widget\" data-widget_type=\"image.default\">\n\t\t\t\t<div class=\"elementor-widget-container\">\n\t\t\t\t\t\t\t\t\t\t\t\t\t\t\t<img loading=\"lazy\" decoding=\"async\" width=\"800\" height=\"34\" src=\"https:\/\/yoni.life\/cs\/wp-content\/uploads\/sites\/3\/2020\/10\/partneri-yoni-1024x43.png\" class=\"attachment-large size-large\" alt=\"napsali o n\u00e1s\" srcset=\"https:\/\/yoni.life\/cs\/wp-content\/uploads\/sites\/3\/2020\/10\/partneri-yoni-1024x43.png 1024w, https:\/\/yoni.life\/cs\/wp-content\/uploads\/sites\/3\/2020\/10\/partneri-yoni-300x13.png 300w, https:\/\/yoni.life\/cs\/wp-content\/uploads\/sites\/3\/2020\/10\/partneri-yoni-768x32.png 768w, https:\/\/yoni.life\/cs\/wp-content\/uploads\/sites\/3\/2020\/10\/partneri-yoni-600x25.png 600w, https:\/\/yoni.life\/cs\/wp-content\/uploads\/sites\/3\/2020\/10\/partneri-yoni.png 1440w\" sizes=\"(max-width: 800px) 100vw, 800px\" \/>\t\t\t\t\t\t\t\t\t\t\t\t\t\t\t<\/div>\n\t\t\t\t<\/div>\n\t\t\t\t\t<\/div>\n\t\t<\/div>\n\t\t\t\t<div class=\"elementor-column elementor-col-50 elementor-top-column elementor-element elementor-element-a70cbd2\" data-id=\"a70cbd2\" data-element_type=\"column\">\n\t\t\t<div class=\"elementor-widget-wrap elementor-element-populated\">\n\t\t\t\t\t\t\t\t<div class=\"elementor-element elementor-element-2fcae5c elementor-widget elementor-widget-image\" data-id=\"2fcae5c\" data-element_type=\"widget\" data-widget_type=\"image.default\">\n\t\t\t\t<div class=\"elementor-widget-container\">\n\t\t\t\t\t\t\t\t\t\t\t\t\t\t\t<img loading=\"lazy\" decoding=\"async\" width=\"137\" height=\"60\" src=\"https:\/\/yoni.life\/cs\/wp-content\/uploads\/sites\/3\/2020\/10\/czech-design-week-logo-small-navypurple.jpg\" class=\"attachment-large size-large\" alt=\"Czech design week logo\" \/>\t\t\t\t\t\t\t\t\t\t\t\t\t\t\t<\/div>\n\t\t\t\t<\/div>\n\t\t\t\t<div class=\"elementor-element elementor-element-11155ed elementor-widget elementor-widget-text-editor\" data-id=\"11155ed\" data-element_type=\"widget\" data-widget_type=\"text-editor.default\">\n\t\t\t\t<div class=\"elementor-widget-container\">\n\t\t\t\t\t\t\t<p>prvn\u00ed m\u00edsto (nejlep\u0161\u00ed instalace) CZDW 2017<\/p>\t\t\t\t\t\t<\/div>\n\t\t\t\t<\/div>\n\t\t\t\t\t<\/div>\n\t\t<\/div>\n\t\t\t\t\t\t\t<\/div>\n\t\t<\/section>\n\t\t\t\t\t\t<\/div>\n\t\t\t\t\t<\/div>\n\t\t","protected":false},"excerpt":{"rendered":"<p>\u201cIf you think we can\u2019t change the world, it just means you\u2019re not one of those who will.\u201d \u2015 Jacque Fresco jazine &amp; kri\u0161tof cestou necestou Kdy\u017e n\u00e1m bylo 19 let, mysleli jsme si ,\u017ee sbal\u00edme batoh a u\u017e se nevr\u00e1t\u00edme. Najdeme si to prav\u00e9 m\u00edsto ve sv\u011bt\u011b, kde se schoul\u00edme a bude n\u00e1m dob\u0159e. [&hellip;]<\/p>\n","protected":false},"author":1,"featured_media":0,"parent":0,"menu_order":0,"comment_status":"closed","ping_status":"closed","template":"","meta":{"footnotes":""},"_links":{"self":[{"href":"https:\/\/yoni.life\/cs\/wp-json\/wp\/v2\/pages\/948"}],"collection":[{"href":"https:\/\/yoni.life\/cs\/wp-json\/wp\/v2\/pages"}],"about":[{"href":"https:\/\/yoni.life\/cs\/wp-json\/wp\/v2\/types\/page"}],"author":[{"embeddable":true,"href":"https:\/\/yoni.life\/cs\/wp-json\/wp\/v2\/users\/1"}],"replies":[{"embeddable":true,"href":"https:\/\/yoni.life\/cs\/wp-json\/wp\/v2\/comments?post=948"}],"version-history":[{"count":1,"href":"https:\/\/yoni.life\/cs\/wp-json\/wp\/v2\/pages\/948\/revisions"}],"predecessor-version":[{"id":82925,"href":"https:\/\/yoni.life\/cs\/wp-json\/wp\/v2\/pages\/948\/revisions\/82925"}],"wp:attachment":[{"href":"https:\/\/yoni.life\/cs\/wp-json\/wp\/v2\/media?parent=948"}],"curies":[{"name":"wp","href":"https:\/\/api.w.org\/{rel}","templated":true}]}}