{"id":960,"date":"2020-10-23T11:42:28","date_gmt":"2020-10-23T10:42:28","guid":{"rendered":"https:\/\/yoni.life\/cs\/?page_id=960"},"modified":"2024-04-15T08:17:01","modified_gmt":"2024-04-15T07:17:01","slug":"obchodni-podminky","status":"publish","type":"page","link":"https:\/\/yoni.life\/cs\/obchodni-podminky\/","title":{"rendered":"Obchodn\u00ed podm\u00ednky"},"content":{"rendered":"\n<p>V\u0161eobecn\u00e9 obchodn\u00ed podm\u00ednky<\/p>\n\n\n\n<h4 class=\"wp-block-heading\">1. Preambule<\/h4>\n\n\n\n<p>Tyto v\u0161eobecn\u00e9 obchodn\u00ed podm\u00ednky (d\u00e1le t\u00e9\u017e VOP) plat\u00ed pro n\u00e1kup v internetov\u00e9m obchod\u011b<br>https:\/\/yoni.life\/cs\/, kter\u00fd je provozov\u00e1n Kristof Kelecsenyi, I\u010c:04978111, Zvolska 695\/5, Praha 14200 tyto VOP upravuj\u00ed<br>vztahy mezi Kupuj\u00edc\u00edm a Prod\u00e1vaj\u00edc\u00edm v oblasti prodeje zbo\u017e\u00ed mezi Kristof Kelecsenyi, I\u010c:04978111, Zvolska 695\/5, Praha 14200 (d\u00e1le jen \u201eProd\u00e1vaj\u00edc\u00ed\u201c) a jej\u00edmi obchodn\u00edmi partnery (d\u00e1le jen \u201eKupuj\u00edc\u00ed\u201c). Ve\u0161ker\u00e9 smluvn\u00ed vztahy jsou uzav\u0159eny v souladu s pr\u00e1vn\u00edm \u0159\u00e1dem \u010cesk\u00e9 republiky. Kupuj\u00edc\u00ed<br>pod\u00e1n\u00edm objedn\u00e1vky potvrzuje, \u017ee se sezn\u00e1mil s t\u011bmito obchodn\u00edmi podm\u00ednkami, jejich\u017e<br>ned\u00edlnou sou\u010d\u00e1st tvo\u0159\u00ed reklama\u010dn\u00ed \u0159\u00e1d, a \u017ee s nimi souhlas\u00ed. Na tyto obchodn\u00ed podm\u00ednky<br>je Kupuj\u00edc\u00ed dostate\u010dn\u00fdm zp\u016fsobem p\u0159ed vlastn\u00edm uskute\u010dn\u011bn\u00edm objedn\u00e1vky upozorn\u011bn<br>a m\u00e1 mo\u017enost se s nimi sezn\u00e1mit.<\/p>\n\n\n\n<h4 class=\"wp-block-heading\">2. Definice<\/h4>\n\n\n\n<h5 class=\"wp-block-heading\">1. Prod\u00e1vaj\u00edc\u00ed<\/h5>\n\n\n\n<p>Prod\u00e1vaj\u00edc\u00edm je Kristof Kelecsenyi, I\u010c:04978111, Zvolska 695\/5, Praha 14200<\/p>\n\n\n\n<h5 class=\"wp-block-heading\">2. Kupuj\u00edc\u00ed<\/h5>\n\n\n\n<p>Kupuj\u00edc\u00edm je spot\u0159ebitel nebo podnikatel.<br>Spot\u0159ebitelem je fyzick\u00e1 osoba, kter\u00e1 p\u0159i uzav\u00edr\u00e1n\u00ed a pln\u011bn\u00ed kupn\u00ed Smlouvy s Prod\u00e1vaj\u00edc\u00edm<br>nejedn\u00e1 v r\u00e1mci sv\u00e9 obchodn\u00ed nebo jin\u00e9 podnikatelsk\u00e9 \u010dinnosti nebo v r\u00e1mci samostatn\u00e9ho<br>v\u00fdkonu sv\u00e9ho povol\u00e1n\u00ed. Spot\u0159ebitel p\u0159i zah\u00e1jen\u00ed obchodn\u00edch vztah\u016f p\u0159ed\u00e1v\u00e1 Prod\u00e1vaj\u00edc\u00edmu<br>pouze sv\u00e9 kontaktn\u00ed \u00fadaje, nutn\u00e9 pro bezprobl\u00e9mov\u00e9 vy\u0159\u00edzen\u00ed objedn\u00e1vky, pop\u0159\u00edpad\u011b \u00fadaje,<br>kter\u00e9 chce m\u00edt uvedeny na n\u00e1kupn\u00edch dokladech.<br>Pr\u00e1vn\u00ed vztahy Prod\u00e1vaj\u00edc\u00edho se spot\u0159ebitelem v\u00fdslovn\u011b neupraven\u00e9 t\u011bmito VOP se \u0159\u00edd\u00ed<br>p\u0159\u00edslu\u0161n\u00fdmi ustanoven\u00edmi z\u00e1k. \u010d. 40\/1964 Sb., ob\u010dansk\u00fd z\u00e1kon\u00edk a z\u00e1k. \u010d. 634\/1992 Sb.,<br>o ochran\u011b spot\u0159ebitele, oba v platn\u00e9m zn\u011bn\u00ed, jako\u017e i p\u0159edpisy souvisej\u00edc\u00edmi.<br>Podnikatelem se rozum\u00ed:<br>osoba zapsan\u00e1 v obchodn\u00edm rejst\u0159\u00edku (p\u0159edev\u0161\u00edm obchodn\u00ed spole\u010dnosti),<br>osoba, kter\u00e1 podnik\u00e1 na z\u00e1klad\u011b \u017eivnostensk\u00e9ho opr\u00e1vn\u011bn\u00ed (\u017eivnostn\u00edk zapsan\u00fd<br>v \u017eivnostensk\u00e9m rejst\u0159\u00edku), osoba, kter\u00e1 podnik\u00e1 na z\u00e1klad\u011b jin\u00e9ho ne\u017e \u017eivnostensk\u00e9ho opr\u00e1vn\u011bn\u00ed podle zvl\u00e1\u0161tn\u00edch<br>p\u0159edpis\u016f (sem pat\u0159\u00ed nap\u0159. svobodn\u00e1 povol\u00e1n\u00ed jako advokacie apod.), a<br>osoba, kter\u00e1 provozuje zem\u011bd\u011blskou v\u00fdrobu a je zaps\u00e1na do evidence podle zvl\u00e1\u0161tn\u00edho<br>p\u0159edpisu.<\/p>\n\n\n\n<p>Pr\u00e1vn\u00ed vztahy Prod\u00e1vaj\u00edc\u00edho s Kupuj\u00edc\u00edm, kter\u00fd je podnikatel, v\u00fdslovn\u011b neupraven\u00e9 t\u011bmito<br>VOP ani Smlouvou mezi Prod\u00e1vaj\u00edc\u00edm a Kupuj\u00edc\u00edm se \u0159\u00edd\u00ed p\u0159\u00edslu\u0161n\u00fdmi ustanoven\u00edmi z\u00e1k.<br>\u010d. 513\/1991 Sb., obchodn\u00ed z\u00e1kon\u00edk v platn\u00e9m zn\u011bn\u00ed, jako\u017e i p\u0159edpisy souvisej\u00edc\u00edmi.<br>Individu\u00e1ln\u00ed Smlouva Prod\u00e1vaj\u00edc\u00edho s Kupuj\u00edc\u00edm je nad\u0159azena obchodn\u00edm podm\u00ednk\u00e1m.<\/p>\n\n\n\n<h5 class=\"wp-block-heading\">3. Spot\u0159ebitelsk\u00e1 smlouva<\/h5>\n\n\n\n<p>Smlouva kupn\u00ed, o d\u00edlo, p\u0159\u00edpadn\u011b jin\u00e9 smlouvy dle ob\u010dansk\u00e9ho z\u00e1kon\u00edku, pokud smluvn\u00edmi<br>stranami jsou na jedn\u00e9 stran\u011b spot\u0159ebitel a na druh\u00e9 stran\u011b dodavatel, resp. Prod\u00e1vaj\u00edc\u00ed.<\/p>\n\n\n\n<h4 class=\"wp-block-heading\">3. Z\u00e1sady ochrany osobn\u00edch \u00fadaj\u016f a informace o zpracov\u00e1n\u00ed osobn\u00edch \u00fadaj\u016f<\/h4>\n\n\n\n<p>Kompletn\u00ed zn\u011bn\u00ed Z\u00e1sad ochrany osobn\u00edch \u00fadaj\u016f a informace o jejich zpracov\u00e1n\u00ed je dostupn\u00e1 na str\u00e1nce na\u0161ich webov\u00fdch st\u00e1rnek =&gt;&nbsp;<a href=\"https:\/\/yoni.life\/cs\/zasady-ochrany-osobnich-udaju-a-informace-o-zpracovani\/\" class=\"rank-math-link\">Z\u00c1SADY OCHRANY OSOBN\u00cdCH \u00daDAJ\u016e A INFORMACE O ZPRACOV\u00c1N\u00cd<\/a><\/p>\n\n\n\n<h4 class=\"wp-block-heading\">4. Objedn\u00e1vka a uzav\u0159en\u00ed Smlouvy<\/h4>\n\n\n\n<p>Objedn\u00e1vku je Kupuj\u00edc\u00ed opr\u00e1vn\u011bn zaslat Prod\u00e1vaj\u00edc\u00edmu pouze skrze objedn\u00e1vkov\u00fd syst\u00e9m<br>eshopu.<br>N\u00e1vrhem k uzav\u0159en\u00ed kupn\u00ed Smlouvy je um\u00edst\u011bn\u00ed nab\u00edzen\u00e9ho zbo\u017e\u00ed Prod\u00e1vaj\u00edc\u00edm na str\u00e1nky,<br>kupn\u00ed Smlouva vznik\u00e1 odesl\u00e1n\u00edm objedn\u00e1vky Kupuj\u00edc\u00edm spot\u0159ebitelem a p\u0159ijet\u00edm objedn\u00e1vky<br>Prod\u00e1vaj\u00edc\u00edm. Toto p\u0159ijet\u00ed Prod\u00e1vaj\u00edc\u00ed neprodlen\u011b potvrd\u00ed Kupuj\u00edc\u00edmu informativn\u00edm emailem<br>na zadan\u00fd email, na vznik Smlouvy v\u0161ak toto potvrzen\u00ed nem\u00e1 vliv. Vzniklou Smlouvu (v\u010detn\u011b<br>dohodnut\u00e9 ceny) lze m\u011bnit nebo ru\u0161it pouze na z\u00e1klad\u011b dohody stran nebo na z\u00e1klad\u011b<br>z\u00e1konn\u00fdch d\u016fvod\u016f.<br>Tyto VOP jsou vyhotoveny v \u010desk\u00e9m jazyce, p\u0159i\u010dem\u017e kupn\u00ed smlouvu je mo\u017en\u00e9 uzav\u0159\u00edt t\u00e9\u017e pouze<br>v jazyce \u010desk\u00e9m. Spot\u0159ebitel, kter\u00fd m\u00e1 trval\u00e9 bydli\u0161t\u011b v \u010dlensk\u00e9m st\u00e1t\u011b Evropsk\u00e9 unie<br>mimo \u00fazem\u00ed \u010cesk\u00e9 republiky, pop\u0159. kter\u00fd je ob\u010danem \u010dlensk\u00e9ho st\u00e1tu Evropsk\u00e9 unie<br>mimo \u00fazem\u00ed \u010cesk\u00e9 republiky, potvrzen\u00edm objedn\u00e1vky souhlas\u00ed s uzav\u0159en\u00edm kupn\u00ed smlouvy<br>v \u010desk\u00e9m jazyce. Po uzav\u0159en\u00ed kupn\u00ed smlouvy nen\u00ed mo\u017en\u00e9 zji\u0161\u0165ovat, zda p\u0159i zpracov\u00e1n\u00ed<br>dat p\u0159ed pod\u00e1n\u00edm objedn\u00e1vky vznikly chyby, p\u0159\u00edpadn\u011b tyto chyby opravovat. Uzav\u0159en\u00e1 kupn\u00ed<br>smlouva je Prod\u00e1vaj\u00edc\u00edm archivov\u00e1na a je po vy\u017e\u00e1d\u00e1n\u00ed Kupuj\u00edc\u00edmu p\u0159\u00edstupn\u00e1 ve lh\u016ft\u011b<br>1. let ode dne jej\u00edho podpisu.<\/p>\n\n\n\n<h4 class=\"wp-block-heading\">5. Cena a platba<\/h4>\n\n\n\n<p>Nab\u00eddka s ceny uv\u00e1d\u011bn\u00e9 na eshopu prodejce jsou smluvn\u00ed, kone\u010dn\u00e9, v\u017edy aktu\u00e1ln\u00ed a platn\u00e9,<br>a to po dobu, kdy jsou takto Prod\u00e1vaj\u00edc\u00edm v internetov\u00e9m obchod\u011b nab\u00edzeny. N\u00e1klady<br>na dopravu jsou uvedeny v \u010d\u00e1sti \u201eDodac\u00ed lh\u016fta a podm\u00ednky dod\u00e1n\u00ed\u201c. N\u00e1klady na pou\u017eit\u00ed<br>komunika\u010dn\u00edch prost\u0159edk\u016f na d\u00e1lku nese Kupuj\u00edc\u00ed. Kone\u010dn\u00e1 kalkulovan\u00e1 cena po vypln\u011bn\u00ed<br>objedn\u00e1vkov\u00e9ho formul\u00e1\u0159e je ji\u017e uvedena i v\u010detn\u011b dopravn\u00e9ho. Jako cena p\u0159i uzav\u0159en\u00ed Smlouvy<br>mezi prod\u00e1vaj\u00edc\u00edm a kupuj\u00edc\u00edm plat\u00ed cena uveden\u00e1 u zbo\u017e\u00ed v dob\u011b objedn\u00e1v\u00e1n\u00ed zbo\u017e\u00ed kupuj\u00edc\u00edm.<br>Da\u0148ov\u00fd doklad na z\u00e1klad\u011b kupn\u00ed Smlouvy mezi Prod\u00e1vaj\u00edc\u00edm a Kupuj\u00edc\u00edm slou\u017e\u00ed z\u00e1rove\u0148 i jako<br>dodac\u00ed list. Kupuj\u00edc\u00ed m\u016f\u017ee zbo\u017e\u00ed p\u0159evz\u00edt z\u00e1sadn\u011b a\u017e po jeho \u00fapln\u00e9m uhrazen\u00ed, pokud nen\u00ed toto<br>dohodnuto jinak.<br>V p\u0159\u00edpad\u011b, kdy Kupuj\u00edc\u00ed provede \u00fahradu a Prod\u00e1vaj\u00edc\u00ed posl\u00e9ze nen\u00ed schopen zajistit dod\u00e1n\u00ed<br>zbo\u017e\u00ed, vr\u00e1t\u00ed Prod\u00e1vaj\u00edc\u00ed neprodlen\u011b pln\u011bn\u00ed Kupuj\u00edc\u00edmu dohodnut\u00fdm zp\u016fsobem. Lh\u016fta k vr\u00e1cen\u00ed<br>vynalo\u017een\u00fdch prost\u0159edk\u016f je z\u00e1visl\u00e1 na zvolen\u00e9m zp\u016fsobu jejich vr\u00e1cen\u00ed, nesm\u00ed v\u0161ak p\u0159ekro\u010dit<br>dobu 30 dn\u00ed od okam\u017eiku, kdy tato nemo\u017enost vznikla.<br>Zbo\u017e\u00ed z\u016fst\u00e1v\u00e1 do \u00fapln\u00e9ho zaplacen\u00ed majetkem prod\u00e1vaj\u00edc\u00edho.<br>Prod\u00e1vaj\u00edc\u00ed akceptuje n\u00e1sleduj\u00edc\u00ed platebn\u00ed podm\u00ednky:<\/p>\n\n\n\n<p>Platba Kartou<\/p>\n\n\n\n<p>Bankovn\u00edm p\u0159evodem<\/p>\n\n\n\n<p>Dob\u00edrka<\/p>\n\n\n\n<h4 class=\"wp-block-heading\">6. Dodac\u00ed lh\u016fta a podm\u00ednky dod\u00e1n\u00ed<\/h4>\n\n\n\n<p>Prod\u00e1vaj\u00edc\u00ed spln\u00ed dod\u00e1vku zbo\u017e\u00ed p\u0159ed\u00e1n\u00edm tohoto zbo\u017e\u00ed kupuj\u00edc\u00edmu, nebo p\u0159ed\u00e1n\u00edm zbo\u017e\u00ed<br>prvn\u00edmu dopravci, t\u00edm tak\u00e9 p\u0159ech\u00e1z\u00ed na Kupuj\u00edc\u00edho nebezpe\u010d\u00ed \u0161kody na v\u011bci.Dostupnost<br>produktu je uvedena v\u017edy v detailu tohoto produktu. Dodac\u00ed lh\u016fta je z\u00e1visl\u00e1 na dostupnosti<br>produktu, platebn\u00edch podm\u00ednk\u00e1ch a podm\u00ednk\u00e1ch dod\u00e1n\u00ed, a \u010din\u00ed maxim\u00e1ln\u011b 14 dn\u016f. V b\u011b\u017en\u00fdch<br>p\u0159\u00edpadech zbo\u017e\u00ed expedujeme do 2 pracovn\u00edch dn\u00ed od uhrazen\u00ed pln\u00e9 v\u00fd\u0161e kupn\u00ed ceny. Kone\u010dn\u00fd<br>term\u00edn dod\u00e1n\u00ed je v\u017edy uveden v emailu, j\u00edm\u017e se potvrzuje objedn\u00e1vka. Sou\u010d\u00e1st\u00ed dod\u00e1vky nen\u00ed<br>instalace zakoupen\u00e9ho zbo\u017e\u00ed.Spole\u010dn\u011b se z\u00e1silkou obdr\u017e\u00ed Kupuj\u00edc\u00ed da\u0148ov\u00fd doklad\/fakturu.<br>Dodac\u00ed lh\u016fta za\u010d\u00edn\u00e1 u zbo\u017e\u00ed, kter\u00e9 bude Kupuj\u00edc\u00edm placeno p\u0159i p\u0159evzet\u00ed, tj. na dob\u00edrku, b\u011b\u017eet<br>dnem platn\u00e9ho uzav\u0159en\u00ed kupn\u00ed Smlouvy dle \u010dl\u00e1nku IV. t\u011bchto VOP. V p\u0159\u00edpad\u011b, \u017ee Kupuj\u00edc\u00ed zvolil<br>jinou variantu \u00fahrady ne\u017e zaplacen\u00ed zbo\u017e\u00ed p\u0159i jeho p\u0159evzet\u00ed, za\u010d\u00edn\u00e1 dodac\u00ed lh\u016fta b\u011b\u017eet<br>a\u017e od \u00fapln\u00e9ho zaplacen\u00ed kupn\u00ed ceny, tj. od p\u0159ips\u00e1n\u00ed p\u0159\u00edslu\u0161n\u00e9 \u010d\u00e1stky na \u00fa\u010det Prod\u00e1vaj\u00edc\u00edho.<br>Prod\u00e1vaj\u00edc\u00ed akceptuje n\u00e1sleduj\u00edc\u00ed dodac\u00ed podm\u00ednky:<\/p>\n\n\n\n<p>Z\u00e1silkovna (zahrnuje p\u0159ed\u00e1n\u00ed dal\u0161\u00edm sepdi\u010dn\u00edm firm\u00e1m \u201c\u010cesk\u00e1 Po\u0161ta a DPD\u201d<\/p>\n\n\n\n<p>\u010cesk\u00e1 Po\u0161ta \u2013 Evropa (dle v\u00e1hy)<\/p>\n\n\n\n<p>Do 14-ti dn\u016f od zakoupen\u00ed zbo\u017e\u00ed poskytujeme mo\u017enost v\u00fdm\u011bny zbo\u017e\u00ed zdarma, p\u0159i\u010dem\u017e v r\u00e1mci<br>t\u00e9to bezplatn\u00e9 v\u00fdm\u011bny je mo\u017en\u00e9 zbo\u017e\u00ed zaslat kupuj\u00edc\u00edmu 1 kr\u00e1t, a to bu\u010f formou zasl\u00e1n\u00ed nov\u00e9<br>velikosti zbo\u017e\u00ed, nebo jin\u00e9ho produktu.<br>V p\u0159\u00edpad\u011b vr\u00e1cen\u00ed zbo\u017e\u00ed Kupuj\u00edc\u00edm Prod\u00e1vaj\u00edc\u00edmu do 14-ti dn\u016f hrad\u00ed n\u00e1klady na po\u0161tovn\u00e9<br>Kupuj\u00edc\u00ed.<\/p>\n\n\n\n<h4 class=\"wp-block-heading\">7. Z\u00e1ruka a servis<\/h4>\n\n\n\n<p>P\u0159i prodeji spot\u0159ebn\u00edho zbo\u017e\u00ed je z\u00e1ru\u010dn\u00ed doba 24 m\u011bs\u00edc\u016f; jde-li o prodej potravin\u00e1\u0159sk\u00e9ho zbo\u017e\u00ed,<br>je z\u00e1ru\u010dn\u00ed doba osm dn\u00ed, u prodeje krmiv t\u0159i t\u00fddny a u prodeje zv\u00ed\u0159at \u0161est t\u00fddn\u016f. Je-li<br>na prod\u00e1van\u00e9 v\u011bci, jej\u00edm obalu nebo n\u00e1vodu k n\u00ed p\u0159ipojen\u00e9m vyzna\u010dena v souladu se zvl\u00e1\u0161tn\u00edmi<br>pr\u00e1vn\u00edmi p\u0159edpisy lh\u016fta k pou\u017eit\u00ed v\u011bci, skon\u010d\u00ed z\u00e1ru\u010dn\u00ed doba uplynut\u00edm t\u00e9to lh\u016fty.<br>Z\u00e1ruka se nevztahuje na opot\u0159eben\u00ed v\u011bci zp\u016fsoben\u00e9 jej\u00edm obvykl\u00fdm u\u017e\u00edv\u00e1n\u00edm. U v\u011bc\u00ed<br>prod\u00e1van\u00fdch za ni\u017e\u0161\u00ed cenu se z\u00e1ruka nevztahuje na vady, pro kter\u00e9 byla ni\u017e\u0161\u00ed cena sjedn\u00e1na.<br>Jde-li o v\u011bci pou\u017eit\u00e9, neodpov\u00edd\u00e1 prod\u00e1vaj\u00edc\u00ed za vady odpov\u00eddaj\u00edc\u00ed m\u00ed\u0159e pou\u017e\u00edv\u00e1n\u00ed nebo<br>opot\u0159eben\u00ed, kter\u00e9 m\u011bla v\u011bc p\u0159i p\u0159evzet\u00ed kupuj\u00edc\u00edm.<br>V souladu s platn\u00fdm pr\u00e1vn\u00edm \u0159\u00e1dem \u010cesk\u00e9 republiky nen\u00ed Kupuj\u00edc\u00edmu, kter\u00fd je podnikatelem<br>a zbo\u017e\u00ed nakupuje v souvislosti s podnik\u00e1n\u00edm, poskytov\u00e1na z\u00e1ruka na zbo\u017e\u00ed mimo obecnou<br>odpov\u011bdnost Prod\u00e1vaj\u00edc\u00edho za vady zbo\u017e\u00ed p\u0159i jeho p\u0159ed\u00e1n\u00ed. Kupuj\u00edc\u00edm, kte\u0159\u00ed jsou podnikateli<br>a kupuj\u00ed zbo\u017e\u00ed v souvislosti se svou podnikatelskou \u010dinnost\u00ed, je poskytov\u00e1na z\u00e1ru\u010dn\u00ed doba<br>12 m\u011bs\u00edc\u016f.<br>Pro uplatn\u011bn\u00ed z\u00e1ru\u010dn\u00ed opravy je pot\u0159ebn\u00e9 p\u0159edlo\u017eit po\u0159izovac\u00ed doklad (\u00fa\u010dtenka, faktura), pop\u0159. z\u00e1ru\u010dn\u00ed list. V p\u0159\u00edpad\u011b zasl\u00e1n\u00ed zbo\u017e\u00ed Prodejci je nutn\u00e9 zbo\u017e\u00ed zabalit<br>pro p\u0159epravu takov\u00fdm zp\u016fsobem, aby nedo\u0161lo k jeho po\u0161kozen\u00ed b\u011bhem p\u0159epravy.<br>Prod\u00e1vaj\u00edc\u00ed neposkytuje Kupuj\u00edc\u00edm poz\u00e1ru\u010dn\u00ed servis.<\/p>\n\n\n\n<p>Produkty &#8220;p\u0159\u00edrodn\u00ed kart\u00e1\u010dek su\u0161en\u00fd&#8221;, &#8220;p\u0159\u00edrodn\u00ed kart\u00e1\u010dek \u010derstv\u00fd z farmy&#8221; a &#8220;dent\u00e1ln\u00ed nit startovac\u00ed bal\u00ed\u010dek&#8221;, nelze vr\u00e1tit jeliko\u017e vzhledem k balen\u00ed nelze po doru\u010den\u00ed Kupuj\u00edc\u00edmu ur\u010dit znehodnocen\u00ed zbo\u017e\u00ed nebo p\u0159\u00edpadnou kontaminaci.<\/p>\n\n\n\n<h4 class=\"wp-block-heading\">8. Reklama\u010dn\u00ed \u0159\u00e1d<\/h4>\n\n\n\n<p>V p\u0159\u00edpad\u011b, \u017ee se v pr\u016fb\u011bhu z\u00e1ru\u010dn\u00ed doby vyskytne vada, m\u00e1 Kupuj\u00edc\u00ed, v z\u00e1vislosti na povaze<br>t\u00e9to vady, p\u0159i uplatn\u011bn\u00ed z\u00e1ruky n\u00e1sleduj\u00edc\u00ed pr\u00e1va:<br>v p\u0159\u00edpad\u011b vady odstraniteln\u00e9:<br>a.) pr\u00e1vo na bezplatn\u00e9, \u0159\u00e1dn\u00e9 a v\u010dasn\u00e9 odstran\u011bn\u00ed vady<br>b.) pr\u00e1vo na v\u00fdm\u011bnu vadn\u00e9ho zbo\u017e\u00ed nebo vadn\u00e9 sou\u010d\u00e1sti, nen\u00ed-li to vzhledem k povaze vady<br>ne\u00fam\u011brn\u00e9<br>c.) v p\u0159\u00edpad\u011b nemo\u017enosti postup\u016f uveden\u00fdch v bodech a.) a b.) m\u00e1 pr\u00e1vo na p\u0159im\u011b\u0159enou slevu<br>z kupn\u00ed ceny nebo odstoupen\u00ed od kupn\u00ed smlouvy<br>v p\u0159\u00edpad\u011b vady neodstraniteln\u00e9:<br>a.) pr\u00e1vo na v\u00fdm\u011bnu vadn\u00e9ho zbo\u017e\u00ed nebo odstoupen\u00ed od kupn\u00ed smlouvy<br>v p\u0159\u00edpad\u011b vady odstraniteln\u00e9, pokud Kupuj\u00edc\u00ed nem\u016f\u017ee pro op\u011btovn\u00e9 vyskytnut\u00ed vady<br>po oprav\u011b (tzn. zbo\u017e\u00ed bylo ji\u017e 3x reklamov\u00e1no pro stejnou vadu) nebo pro v\u011bt\u0161\u00ed po\u010det<br>vad v\u011bc \u0159\u00e1dn\u011b u\u017e\u00edvat<br>a.) pr\u00e1vo na v\u00fdm\u011bnu vadn\u00e9ho zbo\u017e\u00ed nebo odstoupen\u00ed od kupn\u00ed smlouvy<br>jde-li o jin\u00e9 vady neodstraniteln\u00e9 a nepo\u017eaduje-li spot\u0159ebitel v\u00fdm\u011bnu v\u011bci:<br>a.) pr\u00e1vo na p\u0159im\u011b\u0159enou slevu z kupn\u00ed ceny nebo odstoupen\u00ed od kupn\u00ed smlouvy<\/p>\n\n\n\n<p>Reklamaci lze uplatnit u Prod\u00e1vaj\u00edc\u00edho, a to ve v\u0161ech jeho provozovn\u00e1ch nebo zasl\u00e1n\u00edm zbo\u017e\u00ed na adresu \u201cYonilife,s.r.o., Zvolsk\u00e1 695\/5, Praha 14200\u201d<br>Reklamaci je vhodn\u00e9 p\u0159edem ohl\u00e1sit na email obchod@yonilife.com<br>Reklamace se nevztahuj\u00ed na p\u0159\u00edpady:<\/p>\n\n\n\n<p>vznikla-li z\u00e1vada nebo po\u0161kozen\u00ed prokazateln\u011b nespr\u00e1vn\u00fdm u\u017e\u00edv\u00e1n\u00edm, v rozporu<br>s n\u00e1vodem k pou\u017eit\u00ed anebo jin\u00fdm nespr\u00e1vn\u00fdm jedn\u00e1n\u00edm Kupuj\u00edc\u00edho<br>prokazateln\u00fdch nedovolen\u00fdch z\u00e1sah\u016f do zbo\u017e\u00ed<br>na vady, kter\u00e9 vznikly b\u011b\u017en\u00fdm opot\u0159eben\u00edm spot\u0159ebn\u00edho zbo\u017e\u00ed se stanovenou lh\u016ftou<br>pou\u017eit\u00ed dle zvl\u00e1\u0161tn\u00edch pr\u00e1vn\u00edch p\u0159edpis\u016f, pokud je takov\u00e1 reklamace uplat\u0148ov\u00e1na<br>po uplynut\u00ed t\u00e9to lh\u016fty<br>vady zp\u016fsoben\u00e9 vlivem \u017eiveln\u00fdch katastrof<\/p>\n\n\n\n<h4 class=\"wp-block-heading\">9. Ukon\u010den\u00ed smlouvy<\/h4>\n\n\n\n<p>Vzhledem k charakteru uzav\u0159en\u00ed kupn\u00ed Smlouvy prost\u0159ednictv\u00edm komunikace na d\u00e1lku,<br>m\u00e1 Kupuj\u00edc\u00ed, kter\u00fd je spot\u0159ebitelem, pr\u00e1vo odstoupit od t\u00e9to Smlouvy bez jak\u00e9koli sankce<br>ve lh\u016ft\u011b 14-ti dn\u016f od p\u0159evzet\u00ed zbo\u017e\u00ed. D\u00e1le m\u00e1 Kupuj\u00edc\u00ed, kter\u00fd je spot\u0159ebitelem pr\u00e1vo odstoupit<br>od Smlouvy v souladu s ust. \u00a7 53 odst. 7 a 8 z\u00e1kona \u010d. 40\/164 Sb., ob\u010dansk\u00fd z\u00e1kon\u00edk, ve zn\u011bn\u00ed<br>pozd\u011bj\u0161\u00edch p\u0159edpis\u016f. V\u00fd\u0161e uveden\u00e9 se nevztahuje na Kupuj\u00edc\u00edho, kter\u00fd je podnikatelem<br>a uzav\u00edr\u00e1 kupn\u00ed Smlouvu v souvislosti se svou podnikatelskou \u010dinnost\u00ed. V p\u0159\u00edpad\u011b v\u00fd\u0161e<br>uveden\u00e9ho odstoupen\u00ed od smlouvy bude Prod\u00e1vaj\u00edc\u00edm zasl\u00e1na kupn\u00ed cena na bankovn\u00ed \u00fa\u010det<br>Kupuj\u00edc\u00edho, kter\u00fd za t\u00edmto \u00fa\u010delem Kupuj\u00edc\u00ed Prod\u00e1vaj\u00edc\u00edmu sd\u011bl\u00ed.<br>Prod\u00e1vaj\u00edc\u00ed m\u00e1 pr\u00e1vo odstoupit od Smlouvy v p\u0159\u00edpad\u011b, kdy Kupuj\u00edc\u00ed neuhrad\u00ed plnou v\u00fd\u0161i kun\u00ed<br>ceny ve lh\u016ft\u011b 30-ti dn\u016f ode dne uzav\u0159en\u00ed kupn\u00ed Smlouvy.<\/p>\n\n\n\n<h4 class=\"wp-block-heading\">10. Z\u00e1v\u011bre\u010dn\u00e1 ustanoven\u00ed<\/h4>\n\n\n\n<p>Kupuj\u00edc\u00ed umo\u017en\u00ed Prod\u00e1vaj\u00edc\u00edmu pln\u011bn\u00ed povinnost\u00ed v souladu se Nab\u00eddkou\/Smlouvou, k \u010demu\u017e<br>vyvine ve\u0161kerou pot\u0159ebnou sou\u010dinnost.<br>Kupuj\u00edc\u00ed se zavazuje uhradit ve\u0161ker\u00e9 n\u00e1klady vznikl\u00e9 Prod\u00e1vaj\u00edc\u00edmu rozes\u00edl\u00e1n\u00edm upom\u00ednek<br>a n\u00e1klady spojen\u00e9 s vym\u00e1h\u00e1n\u00edm p\u0159\u00edpadn\u00fdch pohled\u00e1vek.<br>Kupuj\u00edc\u00ed bere na v\u011bdom\u00ed, \u017ee Prod\u00e1vaj\u00edc\u00ed je opr\u00e1vn\u011bn postoupit svou pohled\u00e1vku ze Smlouvy<br>na t\u0159et\u00ed osobu.<br>Kupuj\u00edc\u00ed bude neprodlen\u011b informovat Prod\u00e1vaj\u00edc\u00edho o zm\u011bn\u011b sv\u00fdch identifika\u010dn\u00edch \u00fadaj\u016f,<br>a to nejpozd\u011bji do 5 pracovn\u00edch dn\u016f ode dne, kdy takov\u00e1 zm\u011bna nastala.<br>Strany se zavazuj\u00ed, \u017ee vynalo\u017e\u00ed maxim\u00e1ln\u00ed \u00fasil\u00ed na sm\u00edrn\u00e9 \u0159e\u0161en\u00ed ve\u0161ker\u00fdch spor\u016f vze\u0161l\u00fdch<br>ze Smlouvy a\/nebo VOP nebo v souvislosti s nimi.<br>Vz\u00e1jemn\u00fd z\u00e1vazkov\u00fd vztah smluvn\u00edch stran se \u0159\u00edd\u00ed pr\u00e1vn\u00edm \u0159\u00e1dem \u010cesk\u00e9 republiky, zejm\u00e9na<br>z\u00e1konem \u010d. 40\/1964 Sb., ob\u010dansk\u00fdm z\u00e1kon\u00edkem, v platn\u00e9m zn\u011bn\u00ed. Pro \u00fa\u010dely kontraktace<br>s mezin\u00e1rodn\u00edm prvkem t\u00edmto v souladu s \u010dl. III. na\u0159\u00edzen\u00ed \u010d. 593\/2008 o pr\u00e1vu rozhodn\u00e9m<br>pro smluvn\u00ed z\u00e1vazkov\u00e9 vztahy, p\u0159ijat\u00e9ho Evropsk\u00fdm parlamentem a Radou Evropsk\u00e9 unie<br>dne 17. \u010dervna 2008 (d\u00e1le jen \u201e\u0158\u00edm I\u201c), \u017ee zvolily rozhodn\u00fdm pr\u00e1vem pro kupn\u00ed Smlouvu a tyto<br>VOP pr\u00e1vo \u010desk\u00e9, a to s vylou\u010den\u00edm pou\u017eit\u00ed \u201e\u00damluvy OSN o smlouv\u00e1ch o mezin\u00e1rodn\u00ed koupi<br>zbo\u017e\u00ed\u201c. Touto volbou nen\u00ed dot\u010den \u010dl. VI \u0158\u00edm I, t\u00fdkaj\u00edc\u00ed se spot\u0159ebitelsk\u00fdch smluv.<br>V p\u0159\u00edpad\u011b, \u017ee kter\u00e9koliv ustanoven\u00ed Smlouvy a\/nebo VOP je nebo se stane \u010di bude shled\u00e1no<br>neplatn\u00fdm nebo nevymahateln\u00fdm, neovlivn\u00ed to (v nejvy\u0161\u0161\u00edm rozsahu povolen\u00e9m pr\u00e1vn\u00edmi<br>p\u0159edpisy) platnost a vymahatelnost zb\u00fdvaj\u00edc\u00edch ustanoven\u00ed Smlouvy a\/nebo VOP. Smluvn\u00ed<br>strany se v takov\u00fdch p\u0159\u00edpadech zavazuj\u00ed nahradit neplatn\u00e9 \u010di nevymahateln\u00e9 ustanoven\u00ed<br>ustanoven\u00edm platn\u00fdm a vymahateln\u00fdm, kter\u00e9 bude m\u00edt do nejvy\u0161\u0161\u00ed m\u00edry stejn\u00fd a pr\u00e1vn\u00edmi<br>p\u0159edpisy p\u0159\u00edpustn\u00fd v\u00fdznam a \u00fa\u010dinek, jako byl z\u00e1m\u011br ustanoven\u00ed, je\u017e m\u00e1 b\u00fdt nahrazeno.<br>Z pr\u00e1vn\u00ed opatrnosti t\u00edmto smluvn\u00ed strany prohla\u0161uj\u00ed, pro p\u0159\u00edpady kontraktace s mezin\u00e1rodn\u00edm<br>prvkem pro jak\u00e9koliv p\u0159\u00edpady spor\u016f (s v\u00fdjimkou spor\u016f u nich\u017e je d\u00e1na v\u00fdlu\u010dn\u00e1 pravomoc<br>rozhodce a\/nebo v souvislosti s nimi) \u010di po p\u0159\u00edpady, v nich\u017e by bylo pravomocn\u00fdm rozhodnut\u00edm<br>soudu shled\u00e1no, \u017ee zde nen\u00ed d\u00e1na pravomoc rozhodce dle tohoto \u010dl\u00e1nku VOP, \u017ee v souladu s \u010dl.<br>23 Na\u0159\u00edzen\u00ed Rady (ES) \u010d. 44\/2001 ze dne 22. prosince 2000, o p\u0159\u00edslu\u0161nosti a uzn\u00e1v\u00e1n\u00ed a v\u00fdkonu<br>soudn\u00edch rozhodnut\u00ed v ob\u010dansk\u00fdch a obchodn\u00edch v\u011bcech, sjedn\u00e1vaj\u00edc\u00ed v\u00fdlu\u010dnou p\u0159\u00edslu\u0161nost<br>krajsk\u00e9ho soudu v Brn\u011b pro rozhodov\u00e1n\u00ed ve\u0161ker\u00fdch budouc\u00edch spor\u016f ze Smlouvy a\/nebo<br>VOP a\/nebo v souvislosti s nimi. Takt\u00e9\u017e smluvn\u00ed strany t\u00edmto zakl\u00e1daj\u00ed pro ve\u0161ker\u00e9 spory<br>v souvislosti se Smlouvou a VOP (s v\u00fdjimkou spor\u016f u nich\u017e je d\u00e1na v\u00fdlu\u010dn\u00e1 pravomoc rozhodce<br>a\/nebo v souvislosti s nimi) v\u00fdlu\u010dnou pravomoc krajsk\u00e9ho soudu v Brn\u011b.<\/p>\n\n\n\n<p>Tyto VOP nab\u00fdvaj\u00ed platnosti a \u00fa\u010dinnosti dne 19.5.2018 a jsou k dispozici takt\u00e9\u017e na internetov\u00fdch<br>str\u00e1nk\u00e1ch Prod\u00e1vaj\u00edc\u00edho. Tyto VOP je Prod\u00e1vaj\u00edc\u00ed opr\u00e1vn\u011bn kdykoliv zm\u011bnit. VOP pak pozb\u00fdvaj\u00ed<br>platnosti a \u00fa\u010dinnosti dnem nabyt\u00ed \u00fa\u010dinnosti VOP pozd\u011bj\u0161\u00edch.<\/p>\n","protected":false},"excerpt":{"rendered":"<p>V\u0161eobecn\u00e9 obchodn\u00ed podm\u00ednky 1. Preambule Tyto v\u0161eobecn\u00e9 obchodn\u00ed podm\u00ednky (d\u00e1le t\u00e9\u017e VOP) plat\u00ed pro n\u00e1kup v internetov\u00e9m obchod\u011bhttps:\/\/yoni.life\/cs\/, kter\u00fd je provozov\u00e1n Kristof Kelecsenyi, I\u010c:04978111, Zvolska 695\/5, Praha 14200 tyto VOP upravuj\u00edvztahy mezi Kupuj\u00edc\u00edm a Prod\u00e1vaj\u00edc\u00edm v oblasti prodeje zbo\u017e\u00ed mezi Kristof Kelecsenyi, I\u010c:04978111, Zvolska 695\/5, Praha 14200 (d\u00e1le jen \u201eProd\u00e1vaj\u00edc\u00ed\u201c) a jej\u00edmi obchodn\u00edmi partnery (d\u00e1le [&hellip;]<\/p>\n","protected":false},"author":1,"featured_media":0,"parent":0,"menu_order":0,"comment_status":"closed","ping_status":"closed","template":"","meta":{"footnotes":""},"_links":{"self":[{"href":"https:\/\/yoni.life\/cs\/wp-json\/wp\/v2\/pages\/960"}],"collection":[{"href":"https:\/\/yoni.life\/cs\/wp-json\/wp\/v2\/pages"}],"about":[{"href":"https:\/\/yoni.life\/cs\/wp-json\/wp\/v2\/types\/page"}],"author":[{"embeddable":true,"href":"https:\/\/yoni.life\/cs\/wp-json\/wp\/v2\/users\/1"}],"replies":[{"embeddable":true,"href":"https:\/\/yoni.life\/cs\/wp-json\/wp\/v2\/comments?post=960"}],"version-history":[{"count":3,"href":"https:\/\/yoni.life\/cs\/wp-json\/wp\/v2\/pages\/960\/revisions"}],"predecessor-version":[{"id":84764,"href":"https:\/\/yoni.life\/cs\/wp-json\/wp\/v2\/pages\/960\/revisions\/84764"}],"wp:attachment":[{"href":"https:\/\/yoni.life\/cs\/wp-json\/wp\/v2\/media?parent=960"}],"curies":[{"name":"wp","href":"https:\/\/api.w.org\/{rel}","templated":true}]}}