{"id":962,"date":"2020-10-23T11:42:52","date_gmt":"2020-10-23T10:42:52","guid":{"rendered":"https:\/\/yoni.life\/cs\/?page_id=962"},"modified":"2021-07-11T00:51:34","modified_gmt":"2021-07-10T23:51:34","slug":"zasady-ochrany-osobnich-udaju-a-informace-o-zpracovani","status":"publish","type":"page","link":"https:\/\/yoni.life\/cs\/zasady-ochrany-osobnich-udaju-a-informace-o-zpracovani\/","title":{"rendered":"Z\u00c1SADY OCHRANY OSOBN\u00cdCH \u00daDAJ\u016e A INFORMACE O ZPRACOV\u00c1N\u00cd"},"content":{"rendered":"\n<p>Tyto Z\u00e1sady dopl\u0148uj\u00ed&nbsp;<a href=\"https:\/\/yoni.life\/cs\/obchodni-podminky\/\" class=\"rank-math-link\">Obchodn\u00ed podm\u00ednky<\/a><\/p>\n\n\n\n<h2 class=\"wp-block-heading\">I. \u00daVODN\u00cd USTANOVEN\u00cd<\/h2>\n\n\n\n<ol><li>Pro pot\u0159eby t\u011bchto Z\u00e1sad se rozum\u00ed:<ol type=\"a\"><li><strong>Provozovatelem<\/strong>&nbsp;Yonilife, s.r.o., I\u010c:05690030, se s\u00eddlem Topolky 26, 61600<br>Brno, zaps. v OR veden\u00e9m krajsk\u00fdm soudem v Brn\u011b, odd\u00edl C, vlo\u017eka 97393, &nbsp;e-mail: obchod@yonilife.com<\/li><li><strong>Osobn\u00edmi \u00fadaji<\/strong>&nbsp;jm\u00e9no a&nbsp;p\u0159\u00edjmen\u00ed, adresa bydli\u0161t\u011b, emailov\u00e1 adresa, telefonn\u00ed \u010d\u00edslo,IP adresa, identifika\u010dn\u00ed \u010d\u00edslo podnikaj\u00edc\u00ed fyzick\u00e9 osoby a&nbsp;da\u0148ov\u00e9 identifika\u010dn\u00ed \u010d\u00edslo podnikaj\u00edc\u00ed fyzick\u00e9 osoby.<\/li><\/ol><\/li><li>Provozovatel jako\u017eto spr\u00e1vce Osobn\u00edch \u00fadaj\u016f t\u00edmto informuje o&nbsp;zp\u016fsobu a&nbsp;rozsahu zpracov\u00e1n\u00ed Osobn\u00edch \u00fadaj\u016f, v\u010detn\u011b rozsahu pr\u00e1v U\u017eivatele (jak je tento definov\u00e1n n\u00ed\u017ee) souvisej\u00edc\u00edch se zpracov\u00e1n\u00edm jejich Osobn\u00edch \u00fadaj\u016f.<\/li><li>Provozovatel e-obchod www.yoni.life\/cs\/. V r\u00e1mci t\u00e9to \u010dinnosti jsou Provozovatelem zpracov\u00e1v\u00e1ny Osobn\u00ed \u00fadaje:<ul><li>v&nbsp;rozsahu v&nbsp;jak\u00e9m byly poskytnuty v&nbsp;souvislosti s&nbsp;objedn\u00e1vkou produkt\u016f &nbsp;Provozovatele, resp. v&nbsp;r\u00e1mci jedn\u00e1n\u00ed o&nbsp;uzav\u0159en\u00ed smlouvy s&nbsp;Provozovatelem, jako\u017e i&nbsp;v&nbsp;souvislosti s&nbsp;uzav\u0159enou smlouvou; a<\/li><li>za \u00fa\u010delem\/\u00fa\u010dely uveden\u00fdmi n\u00ed\u017ee v&nbsp;bod\u011b 4.<\/li><\/ul><\/li><li>Provozovatel zpracov\u00e1v\u00e1 Osobn\u00ed \u00fadaje pro n\u00e1sleduj\u00edc\u00ed \u00fa\u010dely:<ul><li>pln\u011bn\u00ed smlouvy a&nbsp;poskytov\u00e1n\u00ed slu\u017eeb;<\/li><li>spln\u011bn\u00ed pr\u00e1vn\u00ed povinnosti (zejm\u00e9na \u00fa\u010detn\u00ed, da\u0148ov\u00e9 a&nbsp;archiva\u010dn\u00ed);<\/li><li>marketingov\u00e9 a&nbsp;obchodn\u00ed nab\u00eddky slu\u017eeb Provozovatele<\/li><li>ochranu pr\u00e1v a&nbsp;pr\u00e1vem chr\u00e1n\u011bn\u00fdch z\u00e1jm\u016f spr\u00e1vce (opr\u00e1vn\u011bn\u00fd z\u00e1jem).<\/li><\/ul><\/li><li>Provozovatel je spr\u00e1vcem Osobn\u00edch \u00fadaj\u016f.<\/li><\/ol>\n\n\n\n<h2 class=\"wp-block-heading\">II. OCHRANA OSOBN\u00cdCH \u00daDAJ\u016e A&nbsp;INFORMACE O&nbsp;ZPRACOV\u00c1N\u00cd<\/h2>\n\n\n\n<ol><li>Na fyzick\u00e9 osoby, kter\u00e9 vypln\u00ed a&nbsp;ode\u0161lou Provozovateli vypln\u011bn\u00fd objedn\u00e1vkov\u00fd formul\u00e1\u0159 z&nbsp;internetov\u00e9ho obchodu yonilife.com\/cs\/ (d\u00e1le jen \u201e<strong>U\u017eivatel<\/strong>\u201c), se vztahuje z\u00e1kon \u010d.&nbsp;101\/2000 Sb., o&nbsp;ochran\u011b osobn\u00edch \u00fadaj\u016f, ve zn\u011bn\u00ed pozd\u011bj\u0161\u00edch p\u0159edpis\u016f a&nbsp;dal\u0161\u00ed p\u0159\u00edslu\u0161n\u00e9 pr\u00e1vn\u00ed p\u0159edpisy.<\/li><li>U\u017eivatel bere na v\u011bdom\u00ed, \u017ee odesl\u00e1n\u00edm vypln\u011bn\u00e9ho objedn\u00e1vkov\u00e9ho formul\u00e1\u0159e zapo\u010dne zpracov\u00e1v\u00e1n\u00ed Osobn\u00edch \u00fadaj\u016f Provozovatelem.<\/li><li>Pokud U\u017eivatel neposkytne sv\u00e9 Osobn\u00ed \u00fadaje, nen\u00ed mo\u017en\u00e9 uzav\u0159\u00edt smlouvu s&nbsp;Provozovatelem a\/nebo mu poskytnout slu\u017eby z&nbsp;n\u00ed vypl\u00fdvaj\u00edc\u00ed. Osobn\u00ed \u00fadaje jsou v&nbsp;t\u00e9to souvislosti nezbytn\u00e9 pro poskytnut\u00ed konkr\u00e9tn\u00ed slu\u017eby \u010di&nbsp;produktu Provozovatele.<\/li><li>Osobn\u00ed \u00fadaje budou zpracov\u00e1v\u00e1ny po&nbsp;dobu jedn\u00e1n\u00ed o&nbsp;uzav\u0159en\u00ed smlouvy mezi Provozovatelem a&nbsp;U\u017eivatelem, a&nbsp;to za \u00fa\u010delem uzav\u0159en\u00ed smlouvy, jako\u017e i&nbsp;po&nbsp;dobu trv\u00e1n\u00ed smluvn\u00edho vztahu.<\/li><li>V&nbsp;p\u0159\u00edpad\u011b uzav\u0159en\u00ed smlouvy dle Obchodn\u00edch podm\u00ednek Provozovatele budou Osobn\u00ed \u00fadaje zpracov\u00e1v\u00e1ny a&nbsp;uchov\u00e1v\u00e1ny po&nbsp;dobu n\u00e1sleduj\u00edc\u00edch 36 m\u011bs\u00edc\u016f pro p\u0159\u00edpad vzniku sporu t\u00fdkaj\u00edc\u00edho se vztahu mezi Provozovatelem a&nbsp;U\u017eivatelem, a&nbsp;to za \u00fa\u010delem ochrany opr\u00e1vn\u011bn\u00fdch z\u00e1jm\u016f Provozovatele. Opr\u00e1vn\u011bn\u00fdm z\u00e1jmem Provozovatele je \u0159\u00e1dn\u00e9 a&nbsp;v\u010dasn\u00e9 pln\u011bn\u00ed dohodnut\u00e9ho smluvn\u00edho z\u00e1vazku mezi Provozovatelem a&nbsp;U\u017eivatelem a&nbsp;pln\u011bn\u00ed z\u00e1konn\u00fdch povinnost\u00ed, kter\u00e9 Provozovateli ze smluvn\u00edho vztahu mezi n\u00edm a&nbsp;U\u017eivatelem vypl\u00fdvaj\u00ed.<\/li><li>Za \u00fa\u010delem pln\u011bn\u00ed z\u00e1konn\u00e9 povinnosti archivace \u00fa\u010detn\u00edch doklad\u016f na z\u00e1klad\u011b z\u00e1kona \u010d.&nbsp;563\/1991 Sb., o&nbsp;\u00fa\u010detnictv\u00ed, ve zn\u011bn\u00ed pozd\u011bj\u0161\u00edch p\u0159edpis\u016f budou Osobn\u00ed \u00fadaje (krom\u011b e-mailov\u00e9 adresy a&nbsp;telefonn\u00edho \u010d\u00edsla) d\u00e1le zpracov\u00e1v\u00e1ny a&nbsp;uchov\u00e1v\u00e1ny po&nbsp;dobu 5 let po\u010d\u00ednaje rokem n\u00e1sleduj\u00edc\u00edm po&nbsp;roce, v&nbsp;n\u011bm\u017e do\u0161lo k&nbsp;uzav\u0159en\u00ed smlouvy mezi Provozovatelem a&nbsp;U\u017eivatelem.<\/li><li>Osobn\u00ed \u00fadaje \u2013 telefonn\u00ed \u010d\u00edslo a&nbsp;e-mail- budou zpracov\u00e1v\u00e1ny pro \u00fa\u010dely marketingov\u00fdch a&nbsp;obchodn\u00edch sd\u011blen\u00ed po&nbsp;dobu evidence U\u017eivatele dle \u010dl\u00e1nku II. odst. 5 a&nbsp;d\u00e1le po&nbsp;dobu 12 m\u011bs\u00edc\u016f po&nbsp;jej\u00edm skon\u010den\u00ed, pokud nebude souhlas kdykoliv U\u017eivatelem odvol\u00e1n.<\/li><li>Faktura\u010dn\u00ed \u00fadaje jsou zpracov\u00e1ny \u00fa\u010detn\u00ed firmou a faktura\u010dn\u00ed softwarem&nbsp;<strong>Fakturoid s. r. o.<\/strong><\/li><li>Osobn\u00ed \u00fadaje budou zpracov\u00e1ny dopravcem PPL s.r.o. nebo \u010cesk\u00e1 Po\u0161ta s.p., nebo Z\u00e1silkovna s.r.o. za \u00fa\u010delem zaji\u0161t\u011bn\u00ed dopravy p\u0159edm\u011btu objedn\u00e1vky.<\/li><li>Po uplynut\u00ed lh\u016fty uveden\u00e9 v&nbsp;\u010dl\u00e1nku II. odst. 4, odst. 5, 6 a&nbsp;7 Provozovatel Osobn\u00ed \u00fadaje zlikviduje.<\/li><li>U\u017eivatel &nbsp;je povinen Provozovateli poskytnout pouze pravdiv\u00e9 a&nbsp;p\u0159esn\u00e9 Osobn\u00ed \u00fadaje.<\/li><li>Provozovatel vynalo\u017e\u00ed maxim\u00e1ln\u00ed \u00fasil\u00ed, aby nedo\u0161lo k&nbsp;neopr\u00e1vn\u011bn\u00e9mu zpracov\u00e1n\u00ed Osobn\u00edch \u00fadaj\u016f.<\/li><li>Osobn\u00ed \u00fadaje jsou a&nbsp;budou zpracov\u00e1v\u00e1ny v&nbsp;elektronick\u00e9 podob\u011b neautomatizovan\u00fdm zp\u016fsobem.<\/li><li>U\u017eivatel bere na v\u011bdom\u00ed, \u017ee jeho osobn\u00ed \u00fadaje jsou ulo\u017eeny v&nbsp;datacentrech spole\u010dnosti Google LLC. Provozovatel vyu\u017e\u00edv\u00e1 slu\u017eby G Suite a&nbsp;Google Cloud Platform, jejich\u017e provoz je v&nbsp;souladu s&nbsp;evropsk\u00fdmi standardy ochrany osobn\u00edch \u00fadaj\u016f.<\/li><\/ol>\n\n\n\n<h2 class=\"wp-block-heading\">II.A) COOKIES A MARKETING<\/h2>\n\n\n\n<p>Na\u0161e z\u00e1sady cookies jsou pe\u010dliv\u011b rozeps\u00e1ny na str\u00e1nce&nbsp;<a href=\"https:\/\/yoni.life\/cs\/cookies-na-yonilife-com-cs\/\" class=\"rank-math-link\">Cookies na yoni.life\/cs\/<\/a><\/p>\n\n\n\n<h2 class=\"wp-block-heading\">III. PR\u00c1VA U\u017dIVATELE SOUVISEJ\u00cdC\u00cd SE ZPRACOV\u00c1V\u00c1N\u00cdM<\/h2>\n\n\n\n<ol><li>U\u017eivatel m\u00e1 pr\u00e1vo sv\u016fj souhlas (v&nbsp;p\u0159\u00edpadech, kde zpracov\u00e1n\u00ed Osobn\u00edch \u00fadaj\u016f prob\u00edh\u00e1 na z\u00e1klad\u011b souhlasu) se zpracov\u00e1n\u00edm poskytnut\u00fdch Osobn\u00edch \u00fadaj\u016f kdykoliv odvolat. Odvol\u00e1n\u00ed souhlasu se zpracov\u00e1n\u00edm Osobn\u00edch \u00fadaj\u016f v\u0161ak nen\u00ed mo\u017en\u00e9 v&nbsp;rozsahu a&nbsp;pro \u00fa\u010dely pln\u011bn\u00ed z\u00e1konn\u00e9 povinnosti Provozovatelem. Odvol\u00e1n\u00edm souhlasu nen\u00ed dot\u010dena z\u00e1konnost zpracov\u00e1n\u00ed zalo\u017een\u00e1 na souhlasu ud\u011blen\u00e9m p\u0159ed jeho odvol\u00e1n\u00edm. Odvol\u00e1n\u00ed souhlasu t\u00e9\u017e nem\u00e1 vliv na zpracov\u00e1n\u00ed Osobn\u00edch \u00fadaj\u016f, kter\u00e9 spr\u00e1vce zpracov\u00e1v\u00e1 na z\u00e1klad\u011b jin\u00e9ho pr\u00e1vn\u00edho z\u00e1kladu, ne\u017e je souhlas (tj.&nbsp;zejm\u00e9na je\u2010li zpracov\u00e1n\u00ed nezbytn\u00e9 pro spln\u011bn\u00ed smlouvy, pr\u00e1vn\u00ed povinnosti \u010di&nbsp;z&nbsp;jin\u00fdch d\u016fvod\u016f uveden\u00fdch v&nbsp;platn\u00fdch pr\u00e1vn\u00edch p\u0159edpisech).<\/li><li>U\u017eivatel m\u00e1 d\u00e1le pr\u00e1vo:<ul><li>po\u017eadovat od Provozovatele p\u0159\u00edstup k&nbsp;jeho Osobn\u00edm \u00fadaj\u016fm;<\/li><li>na opravu poskytnut\u00fdch Osobn\u00edch \u00fadaj\u016f;<\/li><li>na v\u00fdmaz poskytnut\u00fdch Osobn\u00edch \u00fadaj\u016f;<\/li><li>na omezen\u00ed zpracov\u00e1n\u00ed Osobn\u00edch \u00fadaj\u016f; a<\/li><li>podat st\u00ed\u017enost u&nbsp;\u00da\u0159adu pro ochranu osobn\u00edch \u00fadaj\u016f.<\/li><\/ul><\/li><li>V p\u0159\u00edpad\u011b, \u017ee by se U\u017eivatel domn\u00edval, \u017ee Provozovatel prov\u00e1d\u00ed zpracov\u00e1n\u00ed jeho Osobn\u00edch \u00fadaj\u016f, kter\u00e9 je v&nbsp;rozporu s&nbsp;ochranou jeho soukrom\u00e9ho a&nbsp;osobn\u00edho \u017eivota nebo v&nbsp;rozporu s&nbsp;p\u0159\u00edslu\u0161n\u00fdmi pr\u00e1vn\u00edmi p\u0159edpisy, zejm\u00e9na jsou-li Osobn\u00ed \u00fadaje nep\u0159esn\u00e9 s&nbsp;ohledem na \u00fa\u010del jejich zpracov\u00e1n\u00ed, m\u016f\u017ee:<ul><li>po\u017e\u00e1dat Provozovatele o&nbsp;vysv\u011btlen\u00ed a&nbsp;to e-mailem na adresu obchod@yonilife.com;<\/li><li>vzn\u00e9st n\u00e1mitku proti zpracov\u00e1n\u00ed a&nbsp;po\u017eadovat e-mailem zaslan\u00fdm na adresu obchod@yonilife.com, aby Provozovatel zajistil odstran\u011bn\u00ed takto vznikl\u00e9ho stavu (nap\u0159.&nbsp;blokov\u00e1n\u00edm, proveden\u00edm opravy, dopln\u011bn\u00edm nebo likvidac\u00ed osobn\u00edch \u00fadaj\u016f). Provozovatel o&nbsp;n\u00e1mitce neprodlen\u011b rozhodne a&nbsp;informuje U\u017eivatele. Nevyhov\u00ed-li Provozovatel n\u00e1mitce, m\u00e1 U\u017eivatel pr\u00e1vo obr\u00e1tit se p\u0159\u00edmo na \u00da\u0159ad pro ochranu osobn\u00edch \u00fadaj\u016f. T\u00edmto ustanoven\u00edm nen\u00ed dot\u010deno opr\u00e1vn\u011bn\u00ed U\u017eivatele obr\u00e1tit se se sv\u00fdm podn\u011btem na \u00da\u0159ad pro ochranu osobn\u00edch \u00fadaj\u016f p\u0159\u00edmo.<\/li><\/ul><\/li><li>Po\u017e\u00e1d\u00e1-li U\u017eivatel o&nbsp;informaci o&nbsp;rozsahu \u010di&nbsp;zp\u016fsobu zpracov\u00e1n\u00ed sv\u00fdch Osobn\u00edch \u00fadaj\u016f, je mu Provozovatel povinen tuto informaci p\u0159edat neprodlen\u011b, nejpozd\u011bji v\u0161ak do jednoho m\u011bs\u00edce od obdr\u017een\u00ed \u017e\u00e1dosti Provozovatelem na adrese obchod@yonilife.com.<\/li><li>Pokud U\u017eivatel uplatn\u00ed pr\u00e1vo na p\u0159\u00edstup k&nbsp;Osobn\u00edm \u00fadaj\u016fm v&nbsp;elektronick\u00e9 form\u011b, Provozovatel mu po\u017eadovan\u00e9 informace poskytne rovn\u011b\u017e v&nbsp;elektronick\u00e9 form\u011b, leda\u017ee U\u017eivatel po\u017e\u00e1d\u00e1 o&nbsp;jin\u00fd zp\u016fsob poskytnut\u00ed informac\u00ed.<\/li><li>Provozovatel je opr\u00e1vn\u011bn v&nbsp;p\u0159\u00edpad\u011b opakovan\u00e9 a&nbsp;ned\u016fvodn\u00e9 \u017e\u00e1dosti o&nbsp;poskytnut\u00ed fyzick\u00e9 kopie zpracov\u00e1van\u00fdch Osobn\u00edch \u00fadaj\u016f \u00fa\u010dtovat p\u0159im\u011b\u0159en\u00fd poplatek za administrativn\u00ed n\u00e1klady s&nbsp;t\u00edm spojen\u00e9.<\/li><\/ol>\n\n\n\n<h2 class=\"wp-block-heading\">IV. Z\u00c1V\u011aRE\u010cN\u00c1 USTANOVEN\u00cd<\/h2>\n\n\n\n<ol><li>Ve\u0161ker\u00e9 pr\u00e1vn\u00ed vztahy vznikaj\u00edc\u00ed v&nbsp;souvislosti se zpracov\u00e1v\u00e1n\u00edm Osobn\u00edch \u00fadaj\u016f se \u0159\u00edd\u00ed pr\u00e1vn\u00edm \u0159\u00e1dem \u010cesk\u00e9 republiky, a&nbsp;to bez ohledu na to, odkud byl p\u0159\u00edstup k&nbsp;nim realizov\u00e1n. K&nbsp;\u0159e\u0161en\u00ed p\u0159\u00edpadn\u00fdch spor\u016f vznikl\u00fdch v&nbsp;souvislosti s&nbsp;ochranou soukrom\u00ed mezi U\u017eivatelem a&nbsp;Provozovatelem jsou p\u0159\u00edslu\u0161n\u00e9 \u010desk\u00e9 soudy.<\/li><li>U\u017eivatel\u00e9, kte\u0159\u00ed prost\u0159ednictv\u00edm objedn\u00e1vkov\u00e9ho formul\u00e1\u0159e poskytnou sv\u00e9 Osobn\u00ed \u00fadaje za \u00fa\u010delem uzav\u0159en\u00ed smlouvy s&nbsp;Provozovatelem \u010di&nbsp;poskytnou souhlas se zpracov\u00e1n\u00edm Osobn\u00edch \u00fadaj\u016f tak \u010din\u00ed dobrovoln\u011b, sv\u00fdm jm\u00e9nem a&nbsp;Provozovatel jejich \u010dinnost nijak ne\u0159\u00edd\u00ed.<\/li><li>Zn\u011bn\u00ed Z\u00e1sad m\u016f\u017ee Provozovatel zm\u011bnit \u010di&nbsp;dopl\u0148ovat. O&nbsp;ka\u017ed\u00e9 takov\u00e9 zm\u011bn\u011b Provozovatel informuje U\u017eivatele &nbsp;e-mailem nejm\u00e9n\u011b 30 dn\u016f p\u0159ed nabyt\u00edm \u00fa\u010dinnosti zm\u011bn.<\/li><li>Tyto Z\u00e1sady nab\u00fdvaj\u00ed \u00fa\u010dinnosti 23.05.&nbsp;2018.<\/li><\/ol>\n","protected":false},"excerpt":{"rendered":"<p>Tyto Z\u00e1sady dopl\u0148uj\u00ed&nbsp;Obchodn\u00ed podm\u00ednky I. \u00daVODN\u00cd USTANOVEN\u00cd Pro pot\u0159eby t\u011bchto Z\u00e1sad se rozum\u00ed: Provozovatelem&nbsp;Yonilife, s.r.o., I\u010c:05690030, se s\u00eddlem Topolky 26, 61600Brno, zaps. v OR veden\u00e9m krajsk\u00fdm soudem v Brn\u011b, odd\u00edl C, vlo\u017eka 97393, &nbsp;e-mail: obchod@yonilife.com Osobn\u00edmi \u00fadaji&nbsp;jm\u00e9no a&nbsp;p\u0159\u00edjmen\u00ed, adresa bydli\u0161t\u011b, emailov\u00e1 adresa, telefonn\u00ed \u010d\u00edslo,IP adresa, identifika\u010dn\u00ed \u010d\u00edslo podnikaj\u00edc\u00ed fyzick\u00e9 osoby a&nbsp;da\u0148ov\u00e9 identifika\u010dn\u00ed \u010d\u00edslo podnikaj\u00edc\u00ed fyzick\u00e9 [&hellip;]<\/p>\n","protected":false},"author":1,"featured_media":0,"parent":0,"menu_order":0,"comment_status":"closed","ping_status":"closed","template":"","meta":{"footnotes":""},"_links":{"self":[{"href":"https:\/\/yoni.life\/cs\/wp-json\/wp\/v2\/pages\/962"}],"collection":[{"href":"https:\/\/yoni.life\/cs\/wp-json\/wp\/v2\/pages"}],"about":[{"href":"https:\/\/yoni.life\/cs\/wp-json\/wp\/v2\/types\/page"}],"author":[{"embeddable":true,"href":"https:\/\/yoni.life\/cs\/wp-json\/wp\/v2\/users\/1"}],"replies":[{"embeddable":true,"href":"https:\/\/yoni.life\/cs\/wp-json\/wp\/v2\/comments?post=962"}],"version-history":[{"count":1,"href":"https:\/\/yoni.life\/cs\/wp-json\/wp\/v2\/pages\/962\/revisions"}],"predecessor-version":[{"id":82939,"href":"https:\/\/yoni.life\/cs\/wp-json\/wp\/v2\/pages\/962\/revisions\/82939"}],"wp:attachment":[{"href":"https:\/\/yoni.life\/cs\/wp-json\/wp\/v2\/media?parent=962"}],"curies":[{"name":"wp","href":"https:\/\/api.w.org\/{rel}","templated":true}]}}