{"id":129,"date":"2020-10-01T11:59:41","date_gmt":"2020-10-01T10:59:41","guid":{"rendered":"https:\/\/yoni.life\/cs\/product\/import-placeholder-for-glass-case-for-rtb\/"},"modified":"2022-03-26T19:23:01","modified_gmt":"2022-03-26T18:23:01","slug":"pouzdro-na-prirodni-kartacek-sklo","status":"publish","type":"product","link":"https:\/\/yoni.life\/cs\/p\/pouzdro-na-prirodni-kartacek-sklo\/","title":{"rendered":"Pouzdro na p\u0159\u00edrodn\u00ed kart\u00e1\u010dek &#8211; sklo"},"content":{"rendered":"<p>P\u0159\u00edrodn\u00ed kart\u00e1\u010dek na zuby ve sklen\u011bn\u00e9m pouzdru je zapot\u0159eb\u00ed uchov\u00e1vat nejl\u00e9pe mimo dosah p\u0159\u00edm\u00e9ho slune\u010dn\u00edho z\u00e1\u0159en\u00ed. Pocen\u00ed kart\u00e1\u010dku je p\u0159irozen\u00e9, av\u0161ak, p\u0159i dlouhodob\u011bj\u0161\u00edm pou\u017e\u00edv\u00e1n\u00ed doporu\u010dujeme obal vy\u010distit vodou \u010di had\u0159\u00edkem, aby neza\u010daly vznikat pl\u00edsn\u011b.<\/p>\n<p>Pouzdro je vhodn\u00e9 k no\u0161en\u00ed v kabelce, batohu \u010di jin\u00e9 ta\u0161ce k jednodu\u0161\u0161\u00edmu pou\u017eit\u00ed kart\u00e1\u010dku b\u011bhem dne. Doporu\u010dujeme pou\u017eit\u00e9 \u0161t\u011btiny nenech\u00e1vat na kart\u00e1\u010dku v pouzd\u0159e d\u00e9le ne\u017e 24 hodin z hygienick\u00fdch d\u016fvod\u016f, tedy doporu\u010dujeme abyste kart\u00e1\u010dek p\u0159i no\u0161en\u00ed v sklen\u011bn\u00e9m pouzd\u0159e minim\u00e1ln\u011b 1x za 24 hodin zbavili pou\u017eit\u00fdch \u0161t\u011btin.<\/p>\n<p>&nbsp;<\/p>\n<p>Rozm\u011br pouzdra je 22x180mm<\/p>\n","protected":false},"excerpt":{"rendered":"<p>Sklen\u011bn\u00e9 pouzdro na p\u0159\u00edrodn\u00ed kart\u00e1\u010dek na zuby\u00a0je vyroben\u00e9 z tradi\u010dn\u00edho \u010desk\u00e9ho skla. Borsilik\u00e1tov\u00e9 sklo m\u00e1 nejv\u011bt\u0161\u00ed mo\u017enou odolnost. A my jsme ho pro v\u00e1s nechali obohatit je\u0161t\u011b o vzor kv\u011btu \u017eivota v b\u00edl\u00e9 barv\u011b.\u00a0Pouzdro\u00a0m\u00e1 korkovou z\u00e1tku z portugalsk\u00fdch korkov\u00fdch dub\u016f.\u00a0V z\u00e1tce je mal\u00e1 d\u00edrka, kter\u00e1 zlep\u0161uje prody\u0161nost pouzdra, co\u017e kart\u00e1\u010dku hodn\u011b prosp\u00edv\u00e1<\/p>\n<p>Pouzdro\u00a0m\u016f\u017eete samoz\u0159ejm\u011b pou\u017e\u00edvat i k jin\u00e9mu \u00fa\u010delu, naplnit jej t\u0159eba\u00a0kor\u00e1lky, vonn\u00fdmi ty\u010dinkami,\u00a0\u010dajem, sem\u00ednky, denn\u00ed d\u00e1vkou o\u0159\u00ed\u0161k\u016f a su\u0161en\u00e9ho ovoce, ko\u0159en\u00edm. Va\u0161\u00ed fantazii se tu meze nekladou. Popus\u0165te j\u00ed uzdu!<\/p>\n<p><span style=\"font-weight: 400;\">Zaj\u00edm\u00e1 v\u00e1s v\u00edc?<\/span><\/p>\n<p><span style=\"font-weight: 400;\"><a href=\"https:\/\/yoni.life\/cs\/blog\/the-mystery-of-the-flower-of-life\/\">O kv\u011btu \u017eivota<\/a> \u2013<a href=\"https:\/\/cs.wikipedia.org\/wiki\/Varn\u00e9_sklo\" target=\"_blank\" rel=\"noopener noreferrer\"> O borosilik\u00e1tov\u00e9m skle <\/a>\u2013 <a href=\"https:\/\/cs.wikipedia.org\/wiki\/Dub_korkov\u00fd\" target=\"_blank\" rel=\"noopener noreferrer\">O korkov\u00fdch dubech, kter\u00e9 m\u016f\u017eou b\u00fdt a\u017e 500 let star\u00e9<\/a><\/span><\/p>\n<p>&nbsp;<\/p>\n","protected":false},"featured_media":224,"comment_status":"open","ping_status":"closed","template":"","meta":[],"product_cat":[49,106,54],"product_tag":[167,38,37,46,24,33,25,39,26,28,36,40,168,29,30,31,50,34],"_links":{"self":[{"href":"https:\/\/yoni.life\/cs\/wp-json\/wp\/v2\/product\/129"}],"collection":[{"href":"https:\/\/yoni.life\/cs\/wp-json\/wp\/v2\/product"}],"about":[{"href":"https:\/\/yoni.life\/cs\/wp-json\/wp\/v2\/types\/product"}],"replies":[{"embeddable":true,"href":"https:\/\/yoni.life\/cs\/wp-json\/wp\/v2\/comments?post=129"}],"version-history":[{"count":1,"href":"https:\/\/yoni.life\/cs\/wp-json\/wp\/v2\/product\/129\/revisions"}],"predecessor-version":[{"id":82789,"href":"https:\/\/yoni.life\/cs\/wp-json\/wp\/v2\/product\/129\/revisions\/82789"}],"wp:featuredmedia":[{"embeddable":true,"href":"https:\/\/yoni.life\/cs\/wp-json\/wp\/v2\/media\/224"}],"wp:attachment":[{"href":"https:\/\/yoni.life\/cs\/wp-json\/wp\/v2\/media?parent=129"}],"wp:term":[{"taxonomy":"product_cat","embeddable":true,"href":"https:\/\/yoni.life\/cs\/wp-json\/wp\/v2\/product_cat?post=129"},{"taxonomy":"product_tag","embeddable":true,"href":"https:\/\/yoni.life\/cs\/wp-json\/wp\/v2\/product_tag?post=129"}],"curies":[{"name":"wp","href":"https:\/\/api.w.org\/{rel}","templated":true}]}}