{"id":130,"date":"2020-10-01T11:59:41","date_gmt":"2020-10-01T10:59:41","guid":{"rendered":"https:\/\/yoni.life\/cs\/product\/import-placeholder-for-4085\/"},"modified":"2024-07-09T06:26:56","modified_gmt":"2024-07-09T05:26:56","slug":"dentalni-nit","status":"publish","type":"product","link":"https:\/\/yoni.life\/cs\/p\/dentalni-nit\/","title":{"rendered":"Dent\u00e1ln\u00ed nit"},"content":{"rendered":"\t\t<div data-elementor-type=\"product-post\" data-elementor-id=\"130\" class=\"elementor elementor-130\" data-elementor-settings=\"[]\">\n\t\t\t\t\t\t\t<div class=\"elementor-section-wrap\">\n\t\t\t\t\t\t\t<section class=\"elementor-section elementor-top-section elementor-element elementor-element-34ef1d4 elementor-reverse-tablet elementor-reverse-mobile elementor-section-stretched elementor-section-boxed elementor-section-height-default elementor-section-height-default\" data-id=\"34ef1d4\" data-element_type=\"section\" data-settings=\"{&quot;stretch_section&quot;:&quot;section-stretched&quot;}\">\n\t\t\t\t\t\t<div class=\"elementor-container elementor-column-gap-default\">\n\t\t\t\t\t<div class=\"elementor-column elementor-col-50 elementor-top-column elementor-element elementor-element-5494720\" data-id=\"5494720\" data-element_type=\"column\">\n\t\t\t<div class=\"elementor-widget-wrap elementor-element-populated\">\n\t\t\t\t\t\t\t\t<div class=\"elementor-element elementor-element-6cb995e elementor-widget elementor-widget-image\" data-id=\"6cb995e\" data-element_type=\"widget\" data-widget_type=\"image.default\">\n\t\t\t\t<div class=\"elementor-widget-container\">\n\t\t\t\t\t\t\t\t\t\t\t\t\t\t\t<img loading=\"lazy\" decoding=\"async\" width=\"500\" height=\"500\" src=\"https:\/\/yoni.life\/cs\/wp-content\/uploads\/sites\/3\/2020\/10\/foloss-refill-new-transaprent.png\" class=\"attachment-large size-large\" alt=\"dent\u00e1ln\u00ed nit z bambusov\u00e9ho uhl\u00ed\" srcset=\"https:\/\/yoni.life\/cs\/wp-content\/uploads\/sites\/3\/2020\/10\/foloss-refill-new-transaprent.png 500w, https:\/\/yoni.life\/cs\/wp-content\/uploads\/sites\/3\/2020\/10\/foloss-refill-new-transaprent-300x300.png 300w, https:\/\/yoni.life\/cs\/wp-content\/uploads\/sites\/3\/2020\/10\/foloss-refill-new-transaprent-150x150.png 150w, https:\/\/yoni.life\/cs\/wp-content\/uploads\/sites\/3\/2020\/10\/foloss-refill-new-transaprent-100x100.png 100w\" sizes=\"(max-width: 500px) 100vw, 500px\" \/>\t\t\t\t\t\t\t\t\t\t\t\t\t\t\t<\/div>\n\t\t\t\t<\/div>\n\t\t\t\t\t<\/div>\n\t\t<\/div>\n\t\t\t\t<div class=\"elementor-column elementor-col-50 elementor-top-column elementor-element elementor-element-d9ebadd\" data-id=\"d9ebadd\" data-element_type=\"column\">\n\t\t\t<div class=\"elementor-widget-wrap elementor-element-populated\">\n\t\t\t\t\t\t\t\t<div class=\"elementor-element elementor-element-2b85abd elementor-widget elementor-widget-heading\" data-id=\"2b85abd\" data-element_type=\"widget\" data-widget_type=\"heading.default\">\n\t\t\t\t<div class=\"elementor-widget-container\">\n\t\t\t<h2 class=\"elementor-heading-title elementor-size-default\">prost\u011b dopl\u0148<\/h2>\t\t<\/div>\n\t\t\t\t<\/div>\n\t\t\t\t<div class=\"elementor-element elementor-element-af07818 elementor-widget elementor-widget-text-editor\" data-id=\"af07818\" data-element_type=\"widget\" data-widget_type=\"text-editor.default\">\n\t\t\t\t<div class=\"elementor-widget-container\">\n\t\t\t\t\t\t\tNen\u00ed pot\u0159eba zahodit cel\u00e9 balen\u00ed. N\u00e1hradn\u00ed n\u00e1pln\u011b jsou baleny v s\u00e1\u010dku na rostlinn\u00e9 b\u00e1zi, kter\u00fd je kompostovateln\u00fd.\t\t\t\t\t\t<\/div>\n\t\t\t\t<\/div>\n\t\t\t\t\t<\/div>\n\t\t<\/div>\n\t\t\t\t\t\t\t<\/div>\n\t\t<\/section>\n\t\t\t\t<section class=\"elementor-section elementor-top-section elementor-element elementor-element-a56cd8e elementor-section-stretched elementor-section-boxed elementor-section-height-default elementor-section-height-default\" data-id=\"a56cd8e\" data-element_type=\"section\" data-settings=\"{&quot;stretch_section&quot;:&quot;section-stretched&quot;}\">\n\t\t\t\t\t\t<div class=\"elementor-container elementor-column-gap-default\">\n\t\t\t\t\t<div class=\"elementor-column elementor-col-50 elementor-top-column elementor-element elementor-element-0014c42\" data-id=\"0014c42\" data-element_type=\"column\">\n\t\t\t<div class=\"elementor-widget-wrap elementor-element-populated\">\n\t\t\t\t\t\t\t\t<div class=\"elementor-element elementor-element-c225330 elementor-widget elementor-widget-heading\" data-id=\"c225330\" data-element_type=\"widget\" data-widget_type=\"heading.default\">\n\t\t\t\t<div class=\"elementor-widget-container\">\n\t\t\t<h2 class=\"elementor-heading-title elementor-size-default\">I be flossin<\/h2>\t\t<\/div>\n\t\t\t\t<\/div>\n\t\t\t\t<div class=\"elementor-element elementor-element-f520a24 elementor-widget elementor-widget-text-editor\" data-id=\"f520a24\" data-element_type=\"widget\" data-widget_type=\"text-editor.default\">\n\t\t\t\t<div class=\"elementor-widget-container\">\n\t\t\t\t\t\t\t\u010ci\u0161t\u011bn\u00ed mezizubn\u00edch prostor je stejn\u011b d\u016fle\u017eit\u00e9 jako ka\u017edodenn\u00ed \u010di\u0161t\u011bn\u00ed Va\u0161ich zub\u016f. Jedna n\u00e1pl\u0148 vydr\u017e\u00ed 3 m\u011bs\u00edce ka\u017edodenn\u00edho pou\u017e\u00edv\u00e1n\u00ed.\t\t\t\t\t\t<\/div>\n\t\t\t\t<\/div>\n\t\t\t\t\t<\/div>\n\t\t<\/div>\n\t\t\t\t<div class=\"elementor-column elementor-col-50 elementor-top-column elementor-element elementor-element-d9dcc02\" data-id=\"d9dcc02\" data-element_type=\"column\">\n\t\t\t<div class=\"elementor-widget-wrap elementor-element-populated\">\n\t\t\t\t\t\t\t\t<div class=\"elementor-element elementor-element-3ed42be elementor-widget elementor-widget-image\" data-id=\"3ed42be\" data-element_type=\"widget\" data-widget_type=\"image.default\">\n\t\t\t\t<div class=\"elementor-widget-container\">\n\t\t\t\t\t\t\t\t\t\t\t\t\t\t\t<img loading=\"lazy\" decoding=\"async\" width=\"550\" height=\"550\" src=\"https:\/\/yoni.life\/cs\/wp-content\/uploads\/sites\/3\/2020\/10\/floss-550-2.png\" class=\"attachment-large size-large\" alt=\"dent\u00e1ln\u00ed nit z bambusov\u00e9ho uhl\u00fd\" srcset=\"https:\/\/yoni.life\/cs\/wp-content\/uploads\/sites\/3\/2020\/10\/floss-550-2.png 550w, https:\/\/yoni.life\/cs\/wp-content\/uploads\/sites\/3\/2020\/10\/floss-550-2-300x300.png 300w, https:\/\/yoni.life\/cs\/wp-content\/uploads\/sites\/3\/2020\/10\/floss-550-2-150x150.png 150w, https:\/\/yoni.life\/cs\/wp-content\/uploads\/sites\/3\/2020\/10\/floss-550-2-100x100.png 100w\" sizes=\"(max-width: 550px) 100vw, 550px\" \/>\t\t\t\t\t\t\t\t\t\t\t\t\t\t\t<\/div>\n\t\t\t\t<\/div>\n\t\t\t\t\t<\/div>\n\t\t<\/div>\n\t\t\t\t\t\t\t<\/div>\n\t\t<\/section>\n\t\t\t\t<section class=\"elementor-section elementor-top-section elementor-element elementor-element-e1ac079 elementor-section-full_width elementor-section-stretched elementor-section-height-default elementor-section-height-default\" data-id=\"e1ac079\" data-element_type=\"section\" data-settings=\"{&quot;background_background&quot;:&quot;classic&quot;,&quot;stretch_section&quot;:&quot;section-stretched&quot;}\">\n\t\t\t\t\t\t<div class=\"elementor-container elementor-column-gap-default\">\n\t\t\t\t\t<div class=\"elementor-column elementor-col-50 elementor-top-column elementor-element elementor-element-0fb5316\" data-id=\"0fb5316\" data-element_type=\"column\">\n\t\t\t<div class=\"elementor-widget-wrap elementor-element-populated\">\n\t\t\t\t\t\t\t\t<div class=\"elementor-element elementor-element-1fa2e3d elementor-widget elementor-widget-heading\" data-id=\"1fa2e3d\" data-element_type=\"widget\" data-widget_type=\"heading.default\">\n\t\t\t\t<div class=\"elementor-widget-container\">\n\t\t\t<h2 class=\"elementor-heading-title elementor-size-default\">startovac\u00ed balen\u00ed<\/h2>\t\t<\/div>\n\t\t\t\t<\/div>\n\t\t\t\t<div class=\"elementor-element elementor-element-642b9bd elementor-widget elementor-widget-text-editor\" data-id=\"642b9bd\" data-element_type=\"widget\" data-widget_type=\"text-editor.default\">\n\t\t\t\t<div class=\"elementor-widget-container\">\n\t\t\t\t\t\t\tStartovac\u00ed bale\u00ed obsahuje sklen\u011bnou lahvi\u010dku a \u017eelezn\u00fd vr\u0161ek z od\u0159ez\u00e1va\u010dem. Kdy\u017e V\u00e1m nit dojde, po\u0159i\u010fte n\u00e1hradn\u00ed n\u00e1pl\u0148 a flossujte d\u00e1l\t\t\t\t\t\t<\/div>\n\t\t\t\t<\/div>\n\t\t\t\t<div class=\"elementor-element elementor-element-4cfcf44 elementor-widget elementor-widget-image\" data-id=\"4cfcf44\" data-element_type=\"widget\" data-widget_type=\"image.default\">\n\t\t\t\t<div class=\"elementor-widget-container\">\n\t\t\t\t\t\t\t\t\t\t\t\t\t\t\t<img loading=\"lazy\" decoding=\"async\" width=\"500\" height=\"500\" src=\"https:\/\/yoni.life\/cs\/wp-content\/uploads\/sites\/3\/2020\/10\/floss-starter-pack-new-transaprent.png\" class=\"attachment-large size-large\" alt=\"dent\u00e1ln\u00ed nit z bambusov\u00e9ho uhl\u00ed\" srcset=\"https:\/\/yoni.life\/cs\/wp-content\/uploads\/sites\/3\/2020\/10\/floss-starter-pack-new-transaprent.png 500w, https:\/\/yoni.life\/cs\/wp-content\/uploads\/sites\/3\/2020\/10\/floss-starter-pack-new-transaprent-300x300.png 300w, https:\/\/yoni.life\/cs\/wp-content\/uploads\/sites\/3\/2020\/10\/floss-starter-pack-new-transaprent-150x150.png 150w, https:\/\/yoni.life\/cs\/wp-content\/uploads\/sites\/3\/2020\/10\/floss-starter-pack-new-transaprent-100x100.png 100w\" sizes=\"(max-width: 500px) 100vw, 500px\" \/>\t\t\t\t\t\t\t\t\t\t\t\t\t\t\t<\/div>\n\t\t\t\t<\/div>\n\t\t\t\t<div class=\"elementor-element elementor-element-e85f9b4 elementor-align-center elementor-widget elementor-widget-button\" data-id=\"e85f9b4\" data-element_type=\"widget\" data-widget_type=\"button.default\">\n\t\t\t\t<div class=\"elementor-widget-container\">\n\t\t\t\t\t<div class=\"elementor-button-wrapper\">\n\t\t\t<a href=\"#addx\" class=\"elementor-button-link elementor-button elementor-size-sm\" role=\"button\">\n\t\t\t\t\t\t<span class=\"elementor-button-content-wrapper\">\n\t\t\t\t\t\t<span class=\"elementor-button-text\">P\u0158IDAT DO KO\u0160\u00cdKU<\/span>\n\t\t<\/span>\n\t\t\t\t\t<\/a>\n\t\t<\/div>\n\t\t\t\t<\/div>\n\t\t\t\t<\/div>\n\t\t\t\t<div class=\"elementor-element elementor-element-aea84dd elementor-widget elementor-widget-spacer\" data-id=\"aea84dd\" data-element_type=\"widget\" data-widget_type=\"spacer.default\">\n\t\t\t\t<div class=\"elementor-widget-container\">\n\t\t\t\t\t<div class=\"elementor-spacer\">\n\t\t\t<div class=\"elementor-spacer-inner\"><\/div>\n\t\t<\/div>\n\t\t\t\t<\/div>\n\t\t\t\t<\/div>\n\t\t\t\t\t<\/div>\n\t\t<\/div>\n\t\t\t\t<div class=\"elementor-column elementor-col-50 elementor-top-column elementor-element elementor-element-10eee66\" data-id=\"10eee66\" data-element_type=\"column\">\n\t\t\t<div class=\"elementor-widget-wrap elementor-element-populated\">\n\t\t\t\t\t\t\t\t<div class=\"elementor-element elementor-element-2d3a524 elementor-widget elementor-widget-heading\" data-id=\"2d3a524\" data-element_type=\"widget\" data-widget_type=\"heading.default\">\n\t\t\t\t<div class=\"elementor-widget-container\">\n\t\t\t<h2 class=\"elementor-heading-title elementor-size-default\">n\u00e1hradn\u00ed n\u00e1pln\u011b<\/h2>\t\t<\/div>\n\t\t\t\t<\/div>\n\t\t\t\t<div class=\"elementor-element elementor-element-7689d3a elementor-widget elementor-widget-text-editor\" data-id=\"7689d3a\" data-element_type=\"widget\" data-widget_type=\"text-editor.default\">\n\t\t\t\t<div class=\"elementor-widget-container\">\n\t\t\t\t\t\t\t<p>N\u00e1hradn\u00ed n\u00e1pl\u0148\u011b jsou v balen\u00ed dv\u011b 30 metr\u016f dlouh\u00e9 nite zabeleny v kompostovateln\u00e9m obalu vyroben\u00e9m z rostlin.<\/p>\t\t\t\t\t\t<\/div>\n\t\t\t\t<\/div>\n\t\t\t\t<div class=\"elementor-element elementor-element-b458bac elementor-widget elementor-widget-image\" data-id=\"b458bac\" data-element_type=\"widget\" data-widget_type=\"image.default\">\n\t\t\t\t<div class=\"elementor-widget-container\">\n\t\t\t\t\t\t\t\t\t\t\t\t\t\t\t<img loading=\"lazy\" decoding=\"async\" width=\"500\" height=\"500\" src=\"https:\/\/yoni.life\/cs\/wp-content\/uploads\/sites\/3\/2020\/10\/foloss-refill-new-transaprent.png\" class=\"attachment-large size-large\" alt=\"dent\u00e1ln\u00ed nit z bambusov\u00e9ho uhl\u00ed\" srcset=\"https:\/\/yoni.life\/cs\/wp-content\/uploads\/sites\/3\/2020\/10\/foloss-refill-new-transaprent.png 500w, https:\/\/yoni.life\/cs\/wp-content\/uploads\/sites\/3\/2020\/10\/foloss-refill-new-transaprent-300x300.png 300w, https:\/\/yoni.life\/cs\/wp-content\/uploads\/sites\/3\/2020\/10\/foloss-refill-new-transaprent-150x150.png 150w, https:\/\/yoni.life\/cs\/wp-content\/uploads\/sites\/3\/2020\/10\/foloss-refill-new-transaprent-100x100.png 100w\" sizes=\"(max-width: 500px) 100vw, 500px\" \/>\t\t\t\t\t\t\t\t\t\t\t\t\t\t\t<\/div>\n\t\t\t\t<\/div>\n\t\t\t\t<div class=\"elementor-element elementor-element-88c1f64 elementor-align-center elementor-widget elementor-widget-button\" data-id=\"88c1f64\" data-element_type=\"widget\" data-widget_type=\"button.default\">\n\t\t\t\t<div class=\"elementor-widget-container\">\n\t\t\t\t\t<div class=\"elementor-button-wrapper\">\n\t\t\t<a href=\"#addx\" class=\"elementor-button-link elementor-button elementor-size-sm\" role=\"button\">\n\t\t\t\t\t\t<span class=\"elementor-button-content-wrapper\">\n\t\t\t\t\t\t<span class=\"elementor-button-text\">P\u0158IDAT DO KO\u0160\u00cdKU<\/span>\n\t\t<\/span>\n\t\t\t\t\t<\/a>\n\t\t<\/div>\n\t\t\t\t<\/div>\n\t\t\t\t<\/div>\n\t\t\t\t<div class=\"elementor-element elementor-element-f208ea0 elementor-widget elementor-widget-spacer\" data-id=\"f208ea0\" data-element_type=\"widget\" data-widget_type=\"spacer.default\">\n\t\t\t\t<div class=\"elementor-widget-container\">\n\t\t\t\t\t<div class=\"elementor-spacer\">\n\t\t\t<div class=\"elementor-spacer-inner\"><\/div>\n\t\t<\/div>\n\t\t\t\t<\/div>\n\t\t\t\t<\/div>\n\t\t\t\t\t<\/div>\n\t\t<\/div>\n\t\t\t\t\t\t\t<\/div>\n\t\t<\/section>\n\t\t\t\t<section class=\"elementor-section elementor-top-section elementor-element elementor-element-bd16616 elementor-section-stretched elementor-section-boxed elementor-section-height-default elementor-section-height-default\" data-id=\"bd16616\" data-element_type=\"section\" data-settings=\"{&quot;stretch_section&quot;:&quot;section-stretched&quot;}\">\n\t\t\t\t\t\t<div class=\"elementor-container elementor-column-gap-default\">\n\t\t\t\t\t<div class=\"elementor-column elementor-col-100 elementor-top-column elementor-element elementor-element-c4839d8\" data-id=\"c4839d8\" data-element_type=\"column\">\n\t\t\t<div class=\"elementor-widget-wrap elementor-element-populated\">\n\t\t\t\t\t\t\t\t<div class=\"elementor-element elementor-element-52f8fe5 elementor-widget elementor-widget-heading\" data-id=\"52f8fe5\" data-element_type=\"widget\" data-widget_type=\"heading.default\">\n\t\t\t\t<div class=\"elementor-widget-container\">\n\t\t\t<h2 class=\"elementor-heading-title elementor-size-default\">v\u00edce z na\u0161\u00ed nab\u00eddky dent\u00e1ln\u00edho zdrav\u00ed<\/h2>\t\t<\/div>\n\t\t\t\t<\/div>\n\t\t\t\t<div class=\"elementor-element elementor-element-4ef0747 elementor-grid-3 elementor-product-loop-item--align-center elementor-grid-tablet-3 elementor-grid-mobile-2 elementor-products-grid elementor-wc-products show-heading-yes elementor-widget elementor-widget-woocommerce-product-upsell\" data-id=\"4ef0747\" data-element_type=\"widget\" data-widget_type=\"woocommerce-product-upsell.default\">\n\t\t\t\t<div class=\"elementor-widget-container\">\n\t\t\t\n\t<section class=\"up-sells upsells products\">\n\t\t\t\t\t<h2>Mohlo by se V\u00e1m l\u00edbit&hellip;<\/h2>\n\t\t\n\t\t<ul class=\"products elementor-grid columns-3\">\n\n\t\t\t\n\t\t\t\t<li class=\"product type-product post-117 status-publish first outofstock has-post-thumbnail shipping-taxable purchasable product-type-variation\">\n\t<a href=\"https:\/\/yoni.life\/cs\/p\/prirodni-kartacek\/?attribute_pa_kvalita=cerstvy-z-farmy&#038;attribute_pa_pocet-kusu=1-ks\" class=\"woocommerce-LoopProduct-link woocommerce-loop-product__link\"><img loading=\"lazy\" decoding=\"async\" width=\"300\" height=\"300\" src=\"https:\/\/yoni.life\/cs\/wp-content\/uploads\/sites\/3\/2020\/10\/rtb-refills-cross-sell-300x300.jpg\" class=\"attachment-woocommerce_thumbnail size-woocommerce_thumbnail\" alt=\"Rawtoothbrush n\u00e1hradn\u00ed n\u00e1pln\u011b\" srcset=\"https:\/\/yoni.life\/cs\/wp-content\/uploads\/sites\/3\/2020\/10\/rtb-refills-cross-sell-300x300.jpg 300w, https:\/\/yoni.life\/cs\/wp-content\/uploads\/sites\/3\/2020\/10\/rtb-refills-cross-sell-150x150.jpg 150w, https:\/\/yoni.life\/cs\/wp-content\/uploads\/sites\/3\/2020\/10\/rtb-refills-cross-sell-100x100.jpg 100w\" sizes=\"(max-width: 300px) 100vw, 300px\" \/><h2 class=\"woocommerce-loop-product__title\">P\u0159\u00edrodn\u00ed kart\u00e1\u010dek &#8211; ko\u0159en Salvadory persk\u00e9<\/h2>\n\t<span class=\"price\"><span class=\"woocommerce-Price-amount amount\"><bdi>229&nbsp;<span class=\"woocommerce-Price-currencySymbol\">&#75;&#269;<\/span><\/bdi><\/span><\/span>\n<\/a><a href=\"https:\/\/yoni.life\/cs\/p\/prirodni-kartacek\/?attribute_pa_kvalita=cerstvy-z-farmy&#038;attribute_pa_pocet-kusu=1-ks&#038;variation_id=117&#038;add-to-cart=111\" data-quantity=\"1\" class=\"button product_type_variation\" data-product_id=\"117\" data-product_sku=\"rawtoothbrush-farm-fresh-1-pcs\" aria-label=\"Zjistit v\u00edce o &bdquo;P\u0159\u00edrodn\u00ed kart\u00e1\u010dek - ko\u0159en Salvadory persk\u00e9&ldquo;\" aria-describedby=\"\" rel=\"nofollow\">\u010ct\u011bte v\u00edce<\/a><span class=\"gtm4wp_productdata\" style=\"display:none; visibility:hidden;\" data-gtm4wp_product_data=\"{&quot;internal_id&quot;:117,&quot;item_id&quot;:&quot;rawtoothbrush-farm-fresh-1-pcs&quot;,&quot;item_name&quot;:&quot;P\\u0159\\u00edrodn\\u00ed kart\\u00e1\\u010dek - ko\\u0159en Salvadory persk\\u00e9&quot;,&quot;sku&quot;:&quot;rawtoothbrush-farm-fresh-1-pcs&quot;,&quot;price&quot;:229,&quot;stocklevel&quot;:0,&quot;stockstatus&quot;:&quot;outofstock&quot;,&quot;google_business_vertical&quot;:&quot;retail&quot;,&quot;item_category&quot;:&quot;Dent\\u00e1ln\\u00ed zdrav\\u00ed&quot;,&quot;id&quot;:&quot;rawtoothbrush-farm-fresh-1-pcs&quot;,&quot;item_variant&quot;:&quot;cerstvy-z-farmy,1-ks&quot;,&quot;productlink&quot;:&quot;https:\\\/\\\/yoni.life\\\/cs\\\/p\\\/prirodni-kartacek\\\/?attribute_pa_kvalita=cerstvy-z-farmy&amp;attribute_pa_pocet-kusu=1-ks&quot;,&quot;item_list_name&quot;:&quot;Upsell Products&quot;,&quot;index&quot;:1,&quot;product_type&quot;:&quot;variation&quot;,&quot;item_brand&quot;:&quot;&quot;}\"><\/span><\/li>\n\n\t\t\t\n\t\t\t\t<li class=\"product type-product post-119 status-publish instock has-post-thumbnail shipping-taxable purchasable product-type-variation\">\n\t<a href=\"https:\/\/yoni.life\/cs\/p\/stojanek\/?attribute_pa_velikost-stojanku=par\" class=\"woocommerce-LoopProduct-link woocommerce-loop-product__link\"><img loading=\"lazy\" decoding=\"async\" width=\"300\" height=\"300\" src=\"https:\/\/yoni.life\/cs\/wp-content\/uploads\/sites\/3\/2020\/10\/stojan-na-bilem-1500-1-300x300.jpg\" class=\"attachment-woocommerce_thumbnail size-woocommerce_thumbnail\" alt=\"stoj\u00e1nek na rawtoothbrush p\u0159\u00edrodn\u00ed kart\u00e1\u010dek ze salvadory persk\u00e9\" srcset=\"https:\/\/yoni.life\/cs\/wp-content\/uploads\/sites\/3\/2020\/10\/stojan-na-bilem-1500-1-300x300.jpg 300w, https:\/\/yoni.life\/cs\/wp-content\/uploads\/sites\/3\/2020\/10\/stojan-na-bilem-1500-1-1024x1024.jpg 1024w, https:\/\/yoni.life\/cs\/wp-content\/uploads\/sites\/3\/2020\/10\/stojan-na-bilem-1500-1-150x150.jpg 150w, https:\/\/yoni.life\/cs\/wp-content\/uploads\/sites\/3\/2020\/10\/stojan-na-bilem-1500-1-768x768.jpg 768w, https:\/\/yoni.life\/cs\/wp-content\/uploads\/sites\/3\/2020\/10\/stojan-na-bilem-1500-1-600x600.jpg 600w, https:\/\/yoni.life\/cs\/wp-content\/uploads\/sites\/3\/2020\/10\/stojan-na-bilem-1500-1-100x100.jpg 100w, https:\/\/yoni.life\/cs\/wp-content\/uploads\/sites\/3\/2020\/10\/stojan-na-bilem-1500-1.jpg 1500w\" sizes=\"(max-width: 300px) 100vw, 300px\" \/><h2 class=\"woocommerce-loop-product__title\">Stojan &#8211; P\u00e1r<\/h2>\n\t<span class=\"price\"><span class=\"woocommerce-Price-amount amount\"><bdi>999&nbsp;<span class=\"woocommerce-Price-currencySymbol\">&#75;&#269;<\/span><\/bdi><\/span><\/span>\n<\/a><a href=\"https:\/\/yoni.life\/cs\/p\/stojanek\/?attribute_pa_velikost-stojanku=par&#038;variation_id=119&#038;add-to-cart=128\" data-quantity=\"1\" class=\"button product_type_variation add_to_cart_button ajax_add_to_cart\" data-product_id=\"119\" data-product_sku=\"wooden-stand-couple-glass-no\" aria-label=\"P\u0159idat do ko\u0161\u00edku: &ldquo;Stojan - P\u00e1r&rdquo;\" aria-describedby=\"\" rel=\"nofollow\">P\u0159idat do ko\u0161\u00edku<\/a><span class=\"gtm4wp_productdata\" style=\"display:none; visibility:hidden;\" data-gtm4wp_product_data=\"{&quot;internal_id&quot;:119,&quot;item_id&quot;:&quot;wooden-stand-couple-glass-no&quot;,&quot;item_name&quot;:&quot;Stojan&quot;,&quot;sku&quot;:&quot;wooden-stand-couple-glass-no&quot;,&quot;price&quot;:999,&quot;stocklevel&quot;:null,&quot;stockstatus&quot;:&quot;instock&quot;,&quot;google_business_vertical&quot;:&quot;retail&quot;,&quot;item_category&quot;:&quot;Dopl\\u0148ky&quot;,&quot;id&quot;:&quot;wooden-stand-couple-glass-no&quot;,&quot;item_variant&quot;:&quot;par&quot;,&quot;productlink&quot;:&quot;https:\\\/\\\/yoni.life\\\/cs\\\/p\\\/stojanek\\\/?attribute_pa_velikost-stojanku=par&quot;,&quot;item_list_name&quot;:&quot;Upsell Products&quot;,&quot;index&quot;:2,&quot;product_type&quot;:&quot;variation&quot;,&quot;item_brand&quot;:&quot;&quot;}\"><\/span><\/li>\n\n\t\t\t\n\t\t\t\t<li class=\"product type-product post-121 status-publish last outofstock has-post-thumbnail shipping-taxable purchasable product-type-variation\">\n\t<a href=\"https:\/\/yoni.life\/cs\/p\/rawtoothbrush-stp\/?attribute_pa_kvalita=vakuove-cerstvy\" class=\"woocommerce-LoopProduct-link woocommerce-loop-product__link\"><img loading=\"lazy\" decoding=\"async\" width=\"300\" height=\"300\" src=\"https:\/\/yoni.life\/cs\/wp-content\/uploads\/sites\/3\/2020\/10\/rtb-sp-cross-sell-1-300x300.jpg\" class=\"attachment-woocommerce_thumbnail size-woocommerce_thumbnail\" alt=\"Rawtoothbrush a sklen\u011bn\u00e9 pouzdro\" srcset=\"https:\/\/yoni.life\/cs\/wp-content\/uploads\/sites\/3\/2020\/10\/rtb-sp-cross-sell-1-300x300.jpg 300w, https:\/\/yoni.life\/cs\/wp-content\/uploads\/sites\/3\/2020\/10\/rtb-sp-cross-sell-1-150x150.jpg 150w, https:\/\/yoni.life\/cs\/wp-content\/uploads\/sites\/3\/2020\/10\/rtb-sp-cross-sell-1-100x100.jpg 100w\" sizes=\"(max-width: 300px) 100vw, 300px\" \/><h2 class=\"woocommerce-loop-product__title\">RAWTOOTHBRUSH \u00ae &#8211; vakuov\u011b \u010derstv\u00fd<\/h2>\n\t<span class=\"price\"><span class=\"woocommerce-Price-amount amount\"><bdi>299&nbsp;<span class=\"woocommerce-Price-currencySymbol\">&#75;&#269;<\/span><\/bdi><\/span><\/span>\n<\/a><a href=\"https:\/\/yoni.life\/cs\/p\/rawtoothbrush-stp\/?attribute_pa_kvalita=vakuove-cerstvy&#038;variation_id=121&#038;add-to-cart=118\" data-quantity=\"1\" class=\"button product_type_variation\" data-product_id=\"121\" data-product_sku=\"rtb-sp-vacuum\" aria-label=\"Zjistit v\u00edce o &bdquo;RAWTOOTHBRUSH \u00ae - vakuov\u011b \u010derstv\u00fd&ldquo;\" aria-describedby=\"\" rel=\"nofollow\">\u010ct\u011bte v\u00edce<\/a><span class=\"gtm4wp_productdata\" style=\"display:none; visibility:hidden;\" data-gtm4wp_product_data=\"{&quot;internal_id&quot;:121,&quot;item_id&quot;:&quot;rtb-sp-vacuum&quot;,&quot;item_name&quot;:&quot;RAWTOOTHBRUSH \\u00ae&quot;,&quot;sku&quot;:&quot;rtb-sp-vacuum&quot;,&quot;price&quot;:299,&quot;stocklevel&quot;:null,&quot;stockstatus&quot;:&quot;outofstock&quot;,&quot;google_business_vertical&quot;:&quot;retail&quot;,&quot;item_category&quot;:&quot;Zdrav\\u00ed&quot;,&quot;id&quot;:&quot;rtb-sp-vacuum&quot;,&quot;item_variant&quot;:&quot;vakuove-cerstvy&quot;,&quot;productlink&quot;:&quot;https:\\\/\\\/yoni.life\\\/cs\\\/p\\\/rawtoothbrush-stp\\\/?attribute_pa_kvalita=vakuove-cerstvy&quot;,&quot;item_list_name&quot;:&quot;Upsell Products&quot;,&quot;index&quot;:3,&quot;product_type&quot;:&quot;variation&quot;,&quot;item_brand&quot;:&quot;&quot;}\"><\/span><\/li>\n\n\t\t\t\n\t\t<\/ul>\n\n\t<\/section>\n\n\t\t\t<\/div>\n\t\t\t\t<\/div>\n\t\t\t\t\t<\/div>\n\t\t<\/div>\n\t\t\t\t\t\t\t<\/div>\n\t\t<\/section>\n\t\t\t\t\t\t<\/div>\n\t\t\t\t\t<\/div>\n\t\t","protected":false},"excerpt":{"rendered":"<p>Vegan. Bez odpadu. Na dopln\u011bn\u00ed. Bio-rozlo\u017eiteln\u00fd.<\/p>\n<p>Bambusov\u00e1 zubn\u00ed nit je 100% p\u0159\u00edrodn\u00ed pomocn\u00edk mezizubn\u00edch prostor.<\/p>\n<p>M\u00e1 osv\u011b\u017euj\u00edc\u00ed m\u00e1tovou p\u0159\u00edchu\u0165.<\/p>\n<p>Startovac\u00ed balen\u00ed obsahuje sklen\u011bnou lahvi\u010dku a \u017eelezn\u00fd vr\u0161ek s b\u0159item. Kdy\u017e V\u00e1m nit dojde, po\u0159i\u010fte n\u00e1hradn\u00ed n\u00e1pl\u0148 a flossujte d\u00e1l.<\/p>\n<p><strong>Jedna n\u00e1hradn\u00ed n\u00e1pl\u0148 vydr\u017e\u00ed 3 m\u011bs\u00edce ka\u017edodenn\u00edho pou\u017e\u00edv\u00e1n\u00ed.<\/strong><\/p>\n","protected":false},"featured_media":180,"comment_status":"open","ping_status":"closed","template":"","meta":[],"product_cat":[23,106,107,54],"product_tag":[160,52,161,159,33,162,163,164,165,36,40,50,41,35,166,42],"_links":{"self":[{"href":"https:\/\/yoni.life\/cs\/wp-json\/wp\/v2\/product\/130"}],"collection":[{"href":"https:\/\/yoni.life\/cs\/wp-json\/wp\/v2\/product"}],"about":[{"href":"https:\/\/yoni.life\/cs\/wp-json\/wp\/v2\/types\/product"}],"replies":[{"embeddable":true,"href":"https:\/\/yoni.life\/cs\/wp-json\/wp\/v2\/comments?post=130"}],"version-history":[{"count":2,"href":"https:\/\/yoni.life\/cs\/wp-json\/wp\/v2\/product\/130\/revisions"}],"predecessor-version":[{"id":83302,"href":"https:\/\/yoni.life\/cs\/wp-json\/wp\/v2\/product\/130\/revisions\/83302"}],"wp:featuredmedia":[{"embeddable":true,"href":"https:\/\/yoni.life\/cs\/wp-json\/wp\/v2\/media\/180"}],"wp:attachment":[{"href":"https:\/\/yoni.life\/cs\/wp-json\/wp\/v2\/media?parent=130"}],"wp:term":[{"taxonomy":"product_cat","embeddable":true,"href":"https:\/\/yoni.life\/cs\/wp-json\/wp\/v2\/product_cat?post=130"},{"taxonomy":"product_tag","embeddable":true,"href":"https:\/\/yoni.life\/cs\/wp-json\/wp\/v2\/product_tag?post=130"}],"curies":[{"name":"wp","href":"https:\/\/api.w.org\/{rel}","templated":true}]}}