{"id":140,"date":"2020-10-01T11:59:42","date_gmt":"2020-10-01T10:59:42","guid":{"rendered":"https:\/\/yoni.life\/cs\/product\/import-placeholder-for-4109\/"},"modified":"2025-05-28T18:04:25","modified_gmt":"2025-05-28T17:04:25","slug":"brcka","status":"publish","type":"product","link":"https:\/\/yoni.life\/cs\/p\/brcka\/","title":{"rendered":"Br\u010dka z \u010desk\u00e9ho skla (3ks)"},"content":{"rendered":"\t\t<div data-elementor-type=\"product-post\" data-elementor-id=\"140\" class=\"elementor elementor-140\" data-elementor-settings=\"[]\">\n\t\t\t\t\t\t\t<div class=\"elementor-section-wrap\">\n\t\t\t\t\t\t\t<section class=\"elementor-section elementor-top-section elementor-element elementor-element-273e926 elementor-reverse-tablet elementor-reverse-mobile elementor-section-stretched elementor-section-boxed elementor-section-height-default elementor-section-height-default\" data-id=\"273e926\" data-element_type=\"section\" data-settings=\"{&quot;stretch_section&quot;:&quot;section-stretched&quot;}\">\n\t\t\t\t\t\t<div class=\"elementor-container elementor-column-gap-default\">\n\t\t\t\t\t<div class=\"elementor-column elementor-col-50 elementor-top-column elementor-element elementor-element-28b7989\" data-id=\"28b7989\" data-element_type=\"column\">\n\t\t\t<div class=\"elementor-widget-wrap elementor-element-populated\">\n\t\t\t\t\t\t\t\t<div class=\"elementor-element elementor-element-41dd841 elementor-widget elementor-widget-image\" data-id=\"41dd841\" data-element_type=\"widget\" data-widget_type=\"image.default\">\n\t\t\t\t<div class=\"elementor-widget-container\">\n\t\t\t\t\t\t\t\t\t\t\t\t\t\t\t<img loading=\"lazy\" decoding=\"async\" width=\"550\" height=\"550\" src=\"https:\/\/yoni.life\/cs\/wp-content\/uploads\/sites\/3\/2020\/10\/brcka-pije-550.png\" class=\"attachment-large size-large\" alt=\"Yoni \u010desk\u00e1 br\u010dka z borosilik\u00e1tu\" srcset=\"https:\/\/yoni.life\/cs\/wp-content\/uploads\/sites\/3\/2020\/10\/brcka-pije-550.png 550w, https:\/\/yoni.life\/cs\/wp-content\/uploads\/sites\/3\/2020\/10\/brcka-pije-550-300x300.png 300w, https:\/\/yoni.life\/cs\/wp-content\/uploads\/sites\/3\/2020\/10\/brcka-pije-550-150x150.png 150w, https:\/\/yoni.life\/cs\/wp-content\/uploads\/sites\/3\/2020\/10\/brcka-pije-550-100x100.png 100w\" sizes=\"(max-width: 550px) 100vw, 550px\" \/>\t\t\t\t\t\t\t\t\t\t\t\t\t\t\t<\/div>\n\t\t\t\t<\/div>\n\t\t\t\t\t<\/div>\n\t\t<\/div>\n\t\t\t\t<div class=\"elementor-column elementor-col-50 elementor-top-column elementor-element elementor-element-bd1ad1b\" data-id=\"bd1ad1b\" data-element_type=\"column\">\n\t\t\t<div class=\"elementor-widget-wrap elementor-element-populated\">\n\t\t\t\t\t\t\t\t<div class=\"elementor-element elementor-element-f1f8aac elementor-widget elementor-widget-heading\" data-id=\"f1f8aac\" data-element_type=\"widget\" data-widget_type=\"heading.default\">\n\t\t\t\t<div class=\"elementor-widget-container\">\n\t\t\t<h2 class=\"elementor-heading-title elementor-size-default\">navazujeme na tradici<\/h2>\t\t<\/div>\n\t\t\t\t<\/div>\n\t\t\t\t<div class=\"elementor-element elementor-element-3b8ce7f elementor-widget elementor-widget-text-editor\" data-id=\"3b8ce7f\" data-element_type=\"widget\" data-widget_type=\"text-editor.default\">\n\t\t\t\t<div class=\"elementor-widget-container\">\n\t\t\t\t\t\t\t<p>Pokra\u010dujeme v \u0159emeslu, kter\u00e9 bylo v \u010cesk\u00e9 republice v\u017edy tradic\u00ed. Br\u010dka jsou vyroben\u00e1 v rodinn\u00e9 skl\u00e1rn\u011b v Podkrkono\u0161\u00ed z vysoce kvalitn\u00edho borosilik\u00e1tov\u00e9ho skla, kter\u00e9 je odoln\u00e9 v\u016f\u010di rozbit\u00ed. Na stupnici tvrdosti Mohs ( kde je diamant 10 a k\u0159\u00edda 1) je borosilik\u00e1tov\u00e9 sklo hodnoceno 7,5 body. B\u011b\u017en\u00e9 sklo m\u00e1 pouze 5 bod\u016f. My\u010dku miluje a nebo jej lze \u010distit kart\u00e1\u010dem, kter\u00fd je sou\u010d\u00e1st\u00ed balen\u00ed.<\/p>\t\t\t\t\t\t<\/div>\n\t\t\t\t<\/div>\n\t\t\t\t\t<\/div>\n\t\t<\/div>\n\t\t\t\t\t\t\t<\/div>\n\t\t<\/section>\n\t\t\t\t<section class=\"elementor-section elementor-top-section elementor-element elementor-element-74d92e4 elementor-section-stretched elementor-section-boxed elementor-section-height-default elementor-section-height-default\" data-id=\"74d92e4\" data-element_type=\"section\" data-settings=\"{&quot;stretch_section&quot;:&quot;section-stretched&quot;}\">\n\t\t\t\t\t\t<div class=\"elementor-container elementor-column-gap-default\">\n\t\t\t\t\t<div class=\"elementor-column elementor-col-50 elementor-top-column elementor-element elementor-element-19d4c80\" data-id=\"19d4c80\" data-element_type=\"column\">\n\t\t\t<div class=\"elementor-widget-wrap elementor-element-populated\">\n\t\t\t\t\t\t\t\t<div class=\"elementor-element elementor-element-1e32e71 elementor-widget elementor-widget-heading\" data-id=\"1e32e71\" data-element_type=\"widget\" data-widget_type=\"heading.default\">\n\t\t\t\t<div class=\"elementor-widget-container\">\n\t\t\t<h2 class=\"elementor-heading-title elementor-size-default\">budoucnost je v udr\u017eitelnosti<\/h2>\t\t<\/div>\n\t\t\t\t<\/div>\n\t\t\t\t<div class=\"elementor-element elementor-element-fe9913a elementor-widget elementor-widget-text-editor\" data-id=\"fe9913a\" data-element_type=\"widget\" data-widget_type=\"text-editor.default\">\n\t\t\t\t<div class=\"elementor-widget-container\">\n\t\t\t\t\t\t\t<p>Jen v Americe se ka\u017ed\u00fd den spot\u0159ebuje 500 mili\u00f3n\u016f plastov\u00fdch br\u010dek, kter\u00e9 kon\u010d\u00ed ka\u017edoro\u010dn\u011b na skl\u00e1dk\u00e1ch a v oce\u00e1nech, proto jsme se rozhodli vyr\u00e1b\u011bt br\u010dka s dlouhou \u017eivotnost\u00ed, tady u n\u00e1s v \u010cesk\u00e9 republice. Lok\u00e1ln\u00ed v\u00fdroba sni\u017euje nejen ekologickou stopu zp\u016fsobenou transportem, ov\u0161em je i spole\u010densky zodpov\u011bdn\u011bj\u0161\u00ed ne\u017e p\u0159ev\u00e1d\u011bn\u00ed v\u00fdroby do rozvojov\u00fdch zem\u00ed. Chceme ulevit planet\u011b a tvo\u0159it kvalitu.<\/p>\t\t\t\t\t\t<\/div>\n\t\t\t\t<\/div>\n\t\t\t\t\t<\/div>\n\t\t<\/div>\n\t\t\t\t<div class=\"elementor-column elementor-col-50 elementor-top-column elementor-element elementor-element-ea7e36a\" data-id=\"ea7e36a\" data-element_type=\"column\">\n\t\t\t<div class=\"elementor-widget-wrap elementor-element-populated\">\n\t\t\t\t\t\t\t\t<div class=\"elementor-element elementor-element-9020fc6 elementor-widget elementor-widget-image\" data-id=\"9020fc6\" data-element_type=\"widget\" data-widget_type=\"image.default\">\n\t\t\t\t<div class=\"elementor-widget-container\">\n\t\t\t\t\t\t\t\t\t\t\t\t\t\t\t<img loading=\"lazy\" decoding=\"async\" width=\"550\" height=\"550\" src=\"https:\/\/yoni.life\/cs\/wp-content\/uploads\/sites\/3\/2020\/10\/brcka-na-listech-550.png\" class=\"attachment-large size-large\" alt=\"\u010desk\u00e1 br\u010dka z \u010desk\u00e9 skl\u00e1rny\" srcset=\"https:\/\/yoni.life\/cs\/wp-content\/uploads\/sites\/3\/2020\/10\/brcka-na-listech-550.png 550w, https:\/\/yoni.life\/cs\/wp-content\/uploads\/sites\/3\/2020\/10\/brcka-na-listech-550-300x300.png 300w, https:\/\/yoni.life\/cs\/wp-content\/uploads\/sites\/3\/2020\/10\/brcka-na-listech-550-150x150.png 150w, https:\/\/yoni.life\/cs\/wp-content\/uploads\/sites\/3\/2020\/10\/brcka-na-listech-550-100x100.png 100w\" sizes=\"(max-width: 550px) 100vw, 550px\" \/>\t\t\t\t\t\t\t\t\t\t\t\t\t\t\t<\/div>\n\t\t\t\t<\/div>\n\t\t\t\t\t<\/div>\n\t\t<\/div>\n\t\t\t\t\t\t\t<\/div>\n\t\t<\/section>\n\t\t\t\t<section class=\"elementor-section elementor-top-section elementor-element elementor-element-03e383f elementor-section-stretched elementor-section-boxed elementor-section-height-default elementor-section-height-default\" data-id=\"03e383f\" data-element_type=\"section\" data-settings=\"{&quot;stretch_section&quot;:&quot;section-stretched&quot;}\">\n\t\t\t\t\t\t<div class=\"elementor-container elementor-column-gap-default\">\n\t\t\t\t\t<div class=\"elementor-column elementor-col-100 elementor-top-column elementor-element elementor-element-7af2ca4\" data-id=\"7af2ca4\" data-element_type=\"column\">\n\t\t\t<div class=\"elementor-widget-wrap elementor-element-populated\">\n\t\t\t\t\t\t\t\t<div class=\"elementor-element elementor-element-eba9216 elementor-widget elementor-widget-spacer\" data-id=\"eba9216\" data-element_type=\"widget\" data-widget_type=\"spacer.default\">\n\t\t\t\t<div class=\"elementor-widget-container\">\n\t\t\t\t\t<div class=\"elementor-spacer\">\n\t\t\t<div class=\"elementor-spacer-inner\"><\/div>\n\t\t<\/div>\n\t\t\t\t<\/div>\n\t\t\t\t<\/div>\n\t\t\t\t<div class=\"elementor-element elementor-element-f7b2ebb elementor-widget elementor-widget-heading\" data-id=\"f7b2ebb\" data-element_type=\"widget\" data-widget_type=\"heading.default\">\n\t\t\t\t<div class=\"elementor-widget-container\">\n\t\t\t<h2 class=\"elementor-heading-title elementor-size-default\"><a href=\"https:\/\/yoni.life\/cs\/straws\/\">Zjistit v\u00edce o br\u010dk\u00e1ch ><\/a><\/h2>\t\t<\/div>\n\t\t\t\t<\/div>\n\t\t\t\t\t<\/div>\n\t\t<\/div>\n\t\t\t\t\t\t\t<\/div>\n\t\t<\/section>\n\t\t\t\t<section class=\"elementor-section elementor-top-section elementor-element elementor-element-6f4eb6b elementor-section-stretched elementor-section-boxed elementor-section-height-default elementor-section-height-default\" data-id=\"6f4eb6b\" data-element_type=\"section\" data-settings=\"{&quot;stretch_section&quot;:&quot;section-stretched&quot;,&quot;background_background&quot;:&quot;classic&quot;}\">\n\t\t\t\t\t\t<div class=\"elementor-container elementor-column-gap-default\">\n\t\t\t\t\t<div class=\"elementor-column elementor-col-50 elementor-top-column elementor-element elementor-element-fbb6e5a\" data-id=\"fbb6e5a\" data-element_type=\"column\">\n\t\t\t<div class=\"elementor-widget-wrap elementor-element-populated\">\n\t\t\t\t\t\t\t\t<div class=\"elementor-element elementor-element-18d1b21 elementor-widget elementor-widget-heading\" data-id=\"18d1b21\" data-element_type=\"widget\" data-widget_type=\"heading.default\">\n\t\t\t\t<div class=\"elementor-widget-container\">\n\t\t\t<h2 class=\"elementor-heading-title elementor-size-default\">signature<\/h2>\t\t<\/div>\n\t\t\t\t<\/div>\n\t\t\t\t<div class=\"elementor-element elementor-element-5fd00ac elementor-widget elementor-widget-image\" data-id=\"5fd00ac\" data-element_type=\"widget\" data-widget_type=\"image.default\">\n\t\t\t\t<div class=\"elementor-widget-container\">\n\t\t\t\t\t\t\t\t\t\t\t\t\t\t\t<img loading=\"lazy\" decoding=\"async\" width=\"400\" height=\"400\" src=\"https:\/\/yoni.life\/cs\/wp-content\/uploads\/sites\/3\/2020\/10\/3brcka-signature-linky-clean-400_12eac12bcf7676bf811e9ac800c66c82.png\" class=\"attachment-large size-large\" alt=\"Yoni \u010desk\u00e1 br\u010dka z borosilik\u00e1tu - signature\" srcset=\"https:\/\/yoni.life\/cs\/wp-content\/uploads\/sites\/3\/2020\/10\/3brcka-signature-linky-clean-400_12eac12bcf7676bf811e9ac800c66c82.png 400w, https:\/\/yoni.life\/cs\/wp-content\/uploads\/sites\/3\/2020\/10\/3brcka-signature-linky-clean-400_12eac12bcf7676bf811e9ac800c66c82-300x300.png 300w, https:\/\/yoni.life\/cs\/wp-content\/uploads\/sites\/3\/2020\/10\/3brcka-signature-linky-clean-400_12eac12bcf7676bf811e9ac800c66c82-150x150.png 150w, https:\/\/yoni.life\/cs\/wp-content\/uploads\/sites\/3\/2020\/10\/3brcka-signature-linky-clean-400_12eac12bcf7676bf811e9ac800c66c82-100x100.png 100w\" sizes=\"(max-width: 400px) 100vw, 400px\" \/>\t\t\t\t\t\t\t\t\t\t\t\t\t\t\t<\/div>\n\t\t\t\t<\/div>\n\t\t\t\t<div class=\"elementor-element elementor-element-dee04af elementor-widget elementor-widget-spacer\" data-id=\"dee04af\" data-element_type=\"widget\" data-widget_type=\"spacer.default\">\n\t\t\t\t<div class=\"elementor-widget-container\">\n\t\t\t\t\t<div class=\"elementor-spacer\">\n\t\t\t<div class=\"elementor-spacer-inner\"><\/div>\n\t\t<\/div>\n\t\t\t\t<\/div>\n\t\t\t\t<\/div>\n\t\t\t\t<div class=\"elementor-element elementor-element-4c17d23 elementor-align-center elementor-widget elementor-widget-button\" data-id=\"4c17d23\" data-element_type=\"widget\" data-widget_type=\"button.default\">\n\t\t\t\t<div class=\"elementor-widget-container\">\n\t\t\t\t\t<div class=\"elementor-button-wrapper\">\n\t\t\t<a href=\"#addx\" class=\"elementor-button-link elementor-button elementor-size-sm\" role=\"button\">\n\t\t\t\t\t\t<span class=\"elementor-button-content-wrapper\">\n\t\t\t\t\t\t<span class=\"elementor-button-text\">P\u0158IDAT DO KO\u0160\u00cdKU<\/span>\n\t\t<\/span>\n\t\t\t\t\t<\/a>\n\t\t<\/div>\n\t\t\t\t<\/div>\n\t\t\t\t<\/div>\n\t\t\t\t<div class=\"elementor-element elementor-element-182494a elementor-widget elementor-widget-spacer\" data-id=\"182494a\" data-element_type=\"widget\" data-widget_type=\"spacer.default\">\n\t\t\t\t<div class=\"elementor-widget-container\">\n\t\t\t\t\t<div class=\"elementor-spacer\">\n\t\t\t<div class=\"elementor-spacer-inner\"><\/div>\n\t\t<\/div>\n\t\t\t\t<\/div>\n\t\t\t\t<\/div>\n\t\t\t\t\t<\/div>\n\t\t<\/div>\n\t\t\t\t<div class=\"elementor-column elementor-col-50 elementor-top-column elementor-element elementor-element-c31a352\" data-id=\"c31a352\" data-element_type=\"column\">\n\t\t\t<div class=\"elementor-widget-wrap elementor-element-populated\">\n\t\t\t\t\t\t\t\t<div class=\"elementor-element elementor-element-30ac320 elementor-widget elementor-widget-heading\" data-id=\"30ac320\" data-element_type=\"widget\" data-widget_type=\"heading.default\">\n\t\t\t\t<div class=\"elementor-widget-container\">\n\t\t\t<h2 class=\"elementor-heading-title elementor-size-default\">botanical<\/h2>\t\t<\/div>\n\t\t\t\t<\/div>\n\t\t\t\t<div class=\"elementor-element elementor-element-286e6a0 elementor-widget elementor-widget-image\" data-id=\"286e6a0\" data-element_type=\"widget\" data-widget_type=\"image.default\">\n\t\t\t\t<div class=\"elementor-widget-container\">\n\t\t\t\t\t\t\t\t\t\t\t\t\t\t\t<img loading=\"lazy\" decoding=\"async\" width=\"400\" height=\"400\" src=\"https:\/\/yoni.life\/cs\/wp-content\/uploads\/sites\/3\/2020\/10\/3brcka-moc-stred-400_74769815e2b65b05fdf6cfb1ab361479.png\" class=\"attachment-large size-large\" alt=\"Yoni \u010desk\u00e1 br\u010dka z borosilik\u00e1tu - botanical\" srcset=\"https:\/\/yoni.life\/cs\/wp-content\/uploads\/sites\/3\/2020\/10\/3brcka-moc-stred-400_74769815e2b65b05fdf6cfb1ab361479.png 400w, https:\/\/yoni.life\/cs\/wp-content\/uploads\/sites\/3\/2020\/10\/3brcka-moc-stred-400_74769815e2b65b05fdf6cfb1ab361479-300x300.png 300w, https:\/\/yoni.life\/cs\/wp-content\/uploads\/sites\/3\/2020\/10\/3brcka-moc-stred-400_74769815e2b65b05fdf6cfb1ab361479-150x150.png 150w, https:\/\/yoni.life\/cs\/wp-content\/uploads\/sites\/3\/2020\/10\/3brcka-moc-stred-400_74769815e2b65b05fdf6cfb1ab361479-100x100.png 100w\" sizes=\"(max-width: 400px) 100vw, 400px\" \/>\t\t\t\t\t\t\t\t\t\t\t\t\t\t\t<\/div>\n\t\t\t\t<\/div>\n\t\t\t\t<div class=\"elementor-element elementor-element-78789e0 elementor-widget elementor-widget-spacer\" data-id=\"78789e0\" data-element_type=\"widget\" data-widget_type=\"spacer.default\">\n\t\t\t\t<div class=\"elementor-widget-container\">\n\t\t\t\t\t<div class=\"elementor-spacer\">\n\t\t\t<div class=\"elementor-spacer-inner\"><\/div>\n\t\t<\/div>\n\t\t\t\t<\/div>\n\t\t\t\t<\/div>\n\t\t\t\t<div class=\"elementor-element elementor-element-5387a5b elementor-align-center elementor-widget elementor-widget-button\" data-id=\"5387a5b\" data-element_type=\"widget\" data-widget_type=\"button.default\">\n\t\t\t\t<div class=\"elementor-widget-container\">\n\t\t\t\t\t<div class=\"elementor-button-wrapper\">\n\t\t\t<a href=\"#addx\" class=\"elementor-button-link elementor-button elementor-size-sm\" role=\"button\">\n\t\t\t\t\t\t<span class=\"elementor-button-content-wrapper\">\n\t\t\t\t\t\t<span class=\"elementor-button-text\">P\u0158IDAT DO KO\u0160\u00cdKU<\/span>\n\t\t<\/span>\n\t\t\t\t\t<\/a>\n\t\t<\/div>\n\t\t\t\t<\/div>\n\t\t\t\t<\/div>\n\t\t\t\t\t<\/div>\n\t\t<\/div>\n\t\t\t\t\t\t\t<\/div>\n\t\t<\/section>\n\t\t\t\t<section class=\"elementor-section elementor-top-section elementor-element elementor-element-f9bf605 elementor-section-stretched elementor-section-boxed elementor-section-height-default elementor-section-height-default\" data-id=\"f9bf605\" data-element_type=\"section\" data-settings=\"{&quot;stretch_section&quot;:&quot;section-stretched&quot;,&quot;background_background&quot;:&quot;classic&quot;}\">\n\t\t\t\t\t\t<div class=\"elementor-container elementor-column-gap-default\">\n\t\t\t\t\t<div class=\"elementor-column elementor-col-50 elementor-top-column elementor-element elementor-element-37a34a4\" data-id=\"37a34a4\" data-element_type=\"column\">\n\t\t\t<div class=\"elementor-widget-wrap elementor-element-populated\">\n\t\t\t\t\t\t\t\t<div class=\"elementor-element elementor-element-7a412cf elementor-widget elementor-widget-text-editor\" data-id=\"7a412cf\" data-element_type=\"widget\" data-widget_type=\"text-editor.default\">\n\t\t\t\t<div class=\"elementor-widget-container\">\n\t\t\t\t\t\t\tZjisti v\u00edce o tom, kde na\u0161e br\u010dka pom\u00e1haj\u00ed a jak\u00fd je rozd\u00edl mezi ekologick\u00fdmi a v\u00edce pou\u017eiteln\u00fdmi br\u010dky.\t\t\t\t\t\t<\/div>\n\t\t\t\t<\/div>\n\t\t\t\t<div class=\"elementor-element elementor-element-dfdde1a elementor-align-center elementor-widget elementor-widget-button\" data-id=\"dfdde1a\" data-element_type=\"widget\" data-widget_type=\"button.default\">\n\t\t\t\t<div class=\"elementor-widget-container\">\n\t\t\t\t\t<div class=\"elementor-button-wrapper\">\n\t\t\t<a href=\"https:\/\/yoni.life\/cs\/blog\/\" target=\"_blank\" class=\"elementor-button-link elementor-button elementor-size-sm\" role=\"button\">\n\t\t\t\t\t\t<span class=\"elementor-button-content-wrapper\">\n\t\t\t\t\t\t<span class=\"elementor-button-text\">P\u0158EJ\u00cdT NA BLOG<\/span>\n\t\t<\/span>\n\t\t\t\t\t<\/a>\n\t\t<\/div>\n\t\t\t\t<\/div>\n\t\t\t\t<\/div>\n\t\t\t\t\t<\/div>\n\t\t<\/div>\n\t\t\t\t<div class=\"elementor-column elementor-col-50 elementor-top-column elementor-element elementor-element-1f302a3\" data-id=\"1f302a3\" data-element_type=\"column\">\n\t\t\t<div class=\"elementor-widget-wrap elementor-element-populated\">\n\t\t\t\t\t\t\t\t\t<\/div>\n\t\t<\/div>\n\t\t\t\t\t\t\t<\/div>\n\t\t<\/section>\n\t\t\t\t\t\t<\/div>\n\t\t\t\t\t<\/div>\n\t\t","protected":false},"excerpt":{"rendered":"<p>O\u017eivujeme tradici, kter\u00e1 ur\u010duje budoucnost.<\/p>\n<p>Sta\u010d\u00ed jen p\u00e1r br\u010dek k naprost\u00e9 spokojenosti.<\/p>\n<p>Br\u010dka z borosilik\u00e1tov\u00e9ho skla s jedine\u010dn\u00fdm designem jsou vyrobeny <strong>v rodinn\u00e9 skl\u00e1rn\u011b v \u010cesk\u00e9 republice. <\/strong><\/p>\n<p>Velikost br\u010dek je ide\u00e1ln\u00ed na smoothie, koktejly, k\u00e1vu. Nem\u011bn\u00ed chu\u0165 n\u00e1poje, zachov\u00e1v\u00e1 vitam\u00edny a je schopn\u00e9 odolat n\u00e1hl\u00fdm zm\u011bn\u00e1m teploty.<\/p>\n<p>Za ka\u017ed\u00fd prodan\u00fd set p\u0159isp\u00edv\u00e1me <strong>20 korun na Garbage Clinical Insurance. <\/strong><\/p>\n<p>Rozm\u011br: 20cm x 1,2cm (vnit\u0159n\u00ed 0,9cm)<br \/>\nBalen\u00ed obsahuje t\u0159i kusy br\u010dek a kart\u00e1\u010d.<\/p>\n","protected":false},"featured_media":206,"comment_status":"open","ping_status":"closed","template":"","meta":[],"product_cat":[106,54],"product_tag":[158,146,38,159,55,50],"_links":{"self":[{"href":"https:\/\/yoni.life\/cs\/wp-json\/wp\/v2\/product\/140"}],"collection":[{"href":"https:\/\/yoni.life\/cs\/wp-json\/wp\/v2\/product"}],"about":[{"href":"https:\/\/yoni.life\/cs\/wp-json\/wp\/v2\/types\/product"}],"replies":[{"embeddable":true,"href":"https:\/\/yoni.life\/cs\/wp-json\/wp\/v2\/comments?post=140"}],"version-history":[{"count":1,"href":"https:\/\/yoni.life\/cs\/wp-json\/wp\/v2\/product\/140\/revisions"}],"predecessor-version":[{"id":82788,"href":"https:\/\/yoni.life\/cs\/wp-json\/wp\/v2\/product\/140\/revisions\/82788"}],"wp:featuredmedia":[{"embeddable":true,"href":"https:\/\/yoni.life\/cs\/wp-json\/wp\/v2\/media\/206"}],"wp:attachment":[{"href":"https:\/\/yoni.life\/cs\/wp-json\/wp\/v2\/media?parent=140"}],"wp:term":[{"taxonomy":"product_cat","embeddable":true,"href":"https:\/\/yoni.life\/cs\/wp-json\/wp\/v2\/product_cat?post=140"},{"taxonomy":"product_tag","embeddable":true,"href":"https:\/\/yoni.life\/cs\/wp-json\/wp\/v2\/product_tag?post=140"}],"curies":[{"name":"wp","href":"https:\/\/api.w.org\/{rel}","templated":true}]}}