{"id":141,"date":"2020-10-01T11:59:42","date_gmt":"2020-10-01T10:59:42","guid":{"rendered":"https:\/\/yoni.life\/cs\/product\/import-placeholder-for-brush-straw\/"},"modified":"2025-05-29T04:04:00","modified_gmt":"2025-05-29T03:04:00","slug":"kartac-na-cisteni-brcek","status":"publish","type":"product","link":"https:\/\/yoni.life\/cs\/p\/kartac-na-cisteni-brcek\/","title":{"rendered":"Kart\u00e1\u010d na \u010di\u0161t\u011bn\u00ed br\u010dek"},"content":{"rendered":"","protected":false},"excerpt":{"rendered":"<p>Kart\u00e1\u010d na \u010di\u0161t\u011bn\u00ed <a href=\"https:\/\/yoni.life\/cs\/p\/brcka\/\">na\u0161ich borosilik\u00e1tov\u00fdch br\u010dek.<\/a><\/p>\n<p>V balen\u00ed br\u010dek jeden kart\u00e1\u010d je, pokud pot\u0159ebujete v\u00edce kart\u00e1\u010d\u016f p\u0159iho\u010fte tento produkt do Va\u0161eho ko\u0161\u00edku.<\/p>\n","protected":false},"featured_media":228,"comment_status":"open","ping_status":"closed","template":"","meta":[],"product_cat":[49],"product_tag":[38,37,24],"_links":{"self":[{"href":"https:\/\/yoni.life\/cs\/wp-json\/wp\/v2\/product\/141"}],"collection":[{"href":"https:\/\/yoni.life\/cs\/wp-json\/wp\/v2\/product"}],"about":[{"href":"https:\/\/yoni.life\/cs\/wp-json\/wp\/v2\/types\/product"}],"replies":[{"embeddable":true,"href":"https:\/\/yoni.life\/cs\/wp-json\/wp\/v2\/comments?post=141"}],"version-history":[{"count":1,"href":"https:\/\/yoni.life\/cs\/wp-json\/wp\/v2\/product\/141\/revisions"}],"predecessor-version":[{"id":82787,"href":"https:\/\/yoni.life\/cs\/wp-json\/wp\/v2\/product\/141\/revisions\/82787"}],"wp:featuredmedia":[{"embeddable":true,"href":"https:\/\/yoni.life\/cs\/wp-json\/wp\/v2\/media\/228"}],"wp:attachment":[{"href":"https:\/\/yoni.life\/cs\/wp-json\/wp\/v2\/media?parent=141"}],"wp:term":[{"taxonomy":"product_cat","embeddable":true,"href":"https:\/\/yoni.life\/cs\/wp-json\/wp\/v2\/product_cat?post=141"},{"taxonomy":"product_tag","embeddable":true,"href":"https:\/\/yoni.life\/cs\/wp-json\/wp\/v2\/product_tag?post=141"}],"curies":[{"name":"wp","href":"https:\/\/api.w.org\/{rel}","templated":true}]}}