{"id":1560,"date":"2021-02-15T17:57:58","date_gmt":"2021-02-15T17:57:58","guid":{"rendered":"https:\/\/yoni.life\/cs\/?post_type=product&#038;p=1560"},"modified":"2024-04-14T11:11:08","modified_gmt":"2024-04-14T10:11:08","slug":"poskladej-vejce","status":"publish","type":"product","link":"https:\/\/yoni.life\/cs\/p\/poskladej-vejce\/","title":{"rendered":"Poskl\u00e1dej si vlastn\u00ed set vaj\u00ed\u010dek"},"content":{"rendered":"\t\t<div data-elementor-type=\"product-post\" data-elementor-id=\"1560\" class=\"elementor elementor-1560\" data-elementor-settings=\"[]\">\n\t\t\t\t\t\t\t<div class=\"elementor-section-wrap\">\n\t\t\t\t\t\t\t<section class=\"elementor-section elementor-top-section elementor-element elementor-element-41c89586 elementor-reverse-mobile elementor-section-stretched elementor-section-boxed elementor-section-height-default elementor-section-height-default\" data-id=\"41c89586\" data-element_type=\"section\" data-settings=\"{&quot;stretch_section&quot;:&quot;section-stretched&quot;}\">\n\t\t\t\t\t\t<div class=\"elementor-container elementor-column-gap-default\">\n\t\t\t\t\t<div class=\"elementor-column elementor-col-50 elementor-top-column elementor-element elementor-element-c941a51\" data-id=\"c941a51\" data-element_type=\"column\">\n\t\t\t<div class=\"elementor-widget-wrap elementor-element-populated\">\n\t\t\t\t\t\t\t\t<div class=\"elementor-element elementor-element-3f0bf0b9 elementor-widget elementor-widget-image\" data-id=\"3f0bf0b9\" data-element_type=\"widget\" data-widget_type=\"image.default\">\n\t\t\t\t<div class=\"elementor-widget-container\">\n\t\t\t\t\t\t\t\t\t\t\t\t\t\t\t<img loading=\"lazy\" decoding=\"async\" width=\"550\" height=\"550\" src=\"https:\/\/yoni.life\/cs\/wp-content\/uploads\/sites\/3\/2021\/02\/AfterlightImage-80.jpg\" class=\"attachment-large size-large\" alt=\"\" srcset=\"https:\/\/yoni.life\/cs\/wp-content\/uploads\/sites\/3\/2021\/02\/AfterlightImage-80.jpg 550w, https:\/\/yoni.life\/cs\/wp-content\/uploads\/sites\/3\/2021\/02\/AfterlightImage-80-300x300.jpg 300w, https:\/\/yoni.life\/cs\/wp-content\/uploads\/sites\/3\/2021\/02\/AfterlightImage-80-150x150.jpg 150w, https:\/\/yoni.life\/cs\/wp-content\/uploads\/sites\/3\/2021\/02\/AfterlightImage-80-100x100.jpg 100w\" sizes=\"(max-width: 550px) 100vw, 550px\" \/>\t\t\t\t\t\t\t\t\t\t\t\t\t\t\t<\/div>\n\t\t\t\t<\/div>\n\t\t\t\t\t<\/div>\n\t\t<\/div>\n\t\t\t\t<div class=\"elementor-column elementor-col-50 elementor-top-column elementor-element elementor-element-6e69221c\" data-id=\"6e69221c\" data-element_type=\"column\">\n\t\t\t<div class=\"elementor-widget-wrap elementor-element-populated\">\n\t\t\t\t\t\t\t\t<div class=\"elementor-element elementor-element-452e139c elementor-widget elementor-widget-heading\" data-id=\"452e139c\" data-element_type=\"widget\" data-widget_type=\"heading.default\">\n\t\t\t\t<div class=\"elementor-widget-container\">\n\t\t\t<h2 class=\"elementor-heading-title elementor-size-default\">K\u0159i\u0161\u0165\u00e1l<\/h2>\t\t<\/div>\n\t\t\t\t<\/div>\n\t\t\t\t<div class=\"elementor-element elementor-element-2c4df4c0 elementor-widget elementor-widget-text-editor\" data-id=\"2c4df4c0\" data-element_type=\"widget\" data-widget_type=\"text-editor.default\">\n\t\t\t\t<div class=\"elementor-widget-container\">\n\t\t\t\t\t\t\tJe svoj\u00ed nej\u010dist\u0161\u00ed podobou. Proto je pr\u016fhledn\u00fd, n\u011bkdy b\u00edl\u00fd. V historii byl pova\u017eov\u00e1n za v\u011b\u010dn\u00fd led, dar od nebesk\u00fdch boh\u016f. Je to velmi univerz\u00e1ln\u00ed k\u00e1men, p\u0159ipraven\u00fd slou\u017eit jak\u00e9mukoli \u00fa\u010delu.\t\t\t\t\t\t<\/div>\n\t\t\t\t<\/div>\n\t\t\t\t\t<\/div>\n\t\t<\/div>\n\t\t\t\t\t\t\t<\/div>\n\t\t<\/section>\n\t\t\t\t<section class=\"elementor-section elementor-top-section elementor-element elementor-element-b58b15a elementor-section-stretched elementor-section-boxed elementor-section-height-default elementor-section-height-default\" data-id=\"b58b15a\" data-element_type=\"section\" data-settings=\"{&quot;stretch_section&quot;:&quot;section-stretched&quot;}\">\n\t\t\t\t\t\t<div class=\"elementor-container elementor-column-gap-default\">\n\t\t\t\t\t<div class=\"elementor-column elementor-col-50 elementor-top-column elementor-element elementor-element-b40c920\" data-id=\"b40c920\" data-element_type=\"column\">\n\t\t\t<div class=\"elementor-widget-wrap elementor-element-populated\">\n\t\t\t\t\t\t\t\t<div class=\"elementor-element elementor-element-2b1e875 elementor-widget elementor-widget-heading\" data-id=\"2b1e875\" data-element_type=\"widget\" data-widget_type=\"heading.default\">\n\t\t\t\t<div class=\"elementor-widget-container\">\n\t\t\t<h2 class=\"elementor-heading-title elementor-size-default\">Ametyst<\/h2>\t\t<\/div>\n\t\t\t\t<\/div>\n\t\t\t\t<div class=\"elementor-element elementor-element-9ef1d32 elementor-widget elementor-widget-text-editor\" data-id=\"9ef1d32\" data-element_type=\"widget\" data-widget_type=\"text-editor.default\">\n\t\t\t\t<div class=\"elementor-widget-container\">\n\t\t\t\t\t\t\tForma k\u0159emene, kter\u00fd zfialov\u011bl d\u00edky kovov\u00fdm iont\u016fm ve sv\u00e9 struktu\u0159e. Je to k\u00e1men vy\u0161\u0161\u00edho v\u011bd\u011bn\u00ed, spirituality intuice. Rezonuje s horn\u00edmi \u010dakrami jako je t\u0159et\u00ed oko a korunn\u00ed \u010dakra.\t\t\t\t\t\t<\/div>\n\t\t\t\t<\/div>\n\t\t\t\t\t<\/div>\n\t\t<\/div>\n\t\t\t\t<div class=\"elementor-column elementor-col-50 elementor-top-column elementor-element elementor-element-256fd51\" data-id=\"256fd51\" data-element_type=\"column\">\n\t\t\t<div class=\"elementor-widget-wrap elementor-element-populated\">\n\t\t\t\t\t\t\t\t<div class=\"elementor-element elementor-element-490cdfb elementor-widget elementor-widget-image\" data-id=\"490cdfb\" data-element_type=\"widget\" data-widget_type=\"image.default\">\n\t\t\t\t<div class=\"elementor-widget-container\">\n\t\t\t\t\t\t\t\t\t\t\t\t\t\t\t<img loading=\"lazy\" decoding=\"async\" width=\"550\" height=\"550\" src=\"https:\/\/yoni.life\/cs\/wp-content\/uploads\/sites\/3\/2021\/02\/AfterlightImage-82.jpg\" class=\"attachment-large size-large\" alt=\"\" srcset=\"https:\/\/yoni.life\/cs\/wp-content\/uploads\/sites\/3\/2021\/02\/AfterlightImage-82.jpg 550w, https:\/\/yoni.life\/cs\/wp-content\/uploads\/sites\/3\/2021\/02\/AfterlightImage-82-300x300.jpg 300w, https:\/\/yoni.life\/cs\/wp-content\/uploads\/sites\/3\/2021\/02\/AfterlightImage-82-150x150.jpg 150w, https:\/\/yoni.life\/cs\/wp-content\/uploads\/sites\/3\/2021\/02\/AfterlightImage-82-100x100.jpg 100w\" sizes=\"(max-width: 550px) 100vw, 550px\" \/>\t\t\t\t\t\t\t\t\t\t\t\t\t\t\t<\/div>\n\t\t\t\t<\/div>\n\t\t\t\t\t<\/div>\n\t\t<\/div>\n\t\t\t\t\t\t\t<\/div>\n\t\t<\/section>\n\t\t\t\t<section class=\"elementor-section elementor-top-section elementor-element elementor-element-3493b10a elementor-reverse-mobile elementor-section-stretched elementor-section-boxed elementor-section-height-default elementor-section-height-default\" data-id=\"3493b10a\" data-element_type=\"section\" data-settings=\"{&quot;stretch_section&quot;:&quot;section-stretched&quot;}\">\n\t\t\t\t\t\t<div class=\"elementor-container elementor-column-gap-default\">\n\t\t\t\t\t<div class=\"elementor-column elementor-col-50 elementor-top-column elementor-element elementor-element-7440a90c\" data-id=\"7440a90c\" data-element_type=\"column\">\n\t\t\t<div class=\"elementor-widget-wrap elementor-element-populated\">\n\t\t\t\t\t\t\t\t<div class=\"elementor-element elementor-element-b8cb1b2 elementor-widget elementor-widget-image\" data-id=\"b8cb1b2\" data-element_type=\"widget\" data-widget_type=\"image.default\">\n\t\t\t\t<div class=\"elementor-widget-container\">\n\t\t\t\t\t\t\t\t\t\t\t\t\t\t\t<img loading=\"lazy\" decoding=\"async\" width=\"600\" height=\"600\" src=\"https:\/\/yoni.life\/cs\/wp-content\/uploads\/sites\/3\/2021\/02\/AfterlightImage-61-2.jpg\" class=\"attachment-large size-large\" alt=\"Jana s yoni vaj\u00ed\u010dkem na yoni\" srcset=\"https:\/\/yoni.life\/cs\/wp-content\/uploads\/sites\/3\/2021\/02\/AfterlightImage-61-2.jpg 600w, https:\/\/yoni.life\/cs\/wp-content\/uploads\/sites\/3\/2021\/02\/AfterlightImage-61-2-300x300.jpg 300w, https:\/\/yoni.life\/cs\/wp-content\/uploads\/sites\/3\/2021\/02\/AfterlightImage-61-2-150x150.jpg 150w, https:\/\/yoni.life\/cs\/wp-content\/uploads\/sites\/3\/2021\/02\/AfterlightImage-61-2-100x100.jpg 100w\" sizes=\"(max-width: 600px) 100vw, 600px\" \/>\t\t\t\t\t\t\t\t\t\t\t\t\t\t\t<\/div>\n\t\t\t\t<\/div>\n\t\t\t\t\t<\/div>\n\t\t<\/div>\n\t\t\t\t<div class=\"elementor-column elementor-col-50 elementor-top-column elementor-element elementor-element-6b31108c\" data-id=\"6b31108c\" data-element_type=\"column\">\n\t\t\t<div class=\"elementor-widget-wrap elementor-element-populated\">\n\t\t\t\t\t\t\t\t<div class=\"elementor-element elementor-element-540bde8d elementor-widget elementor-widget-heading\" data-id=\"540bde8d\" data-element_type=\"widget\" data-widget_type=\"heading.default\">\n\t\t\t\t<div class=\"elementor-widget-container\">\n\t\t\t<h2 class=\"elementor-heading-title elementor-size-default\">R\u016f\u017een\u00edn<\/h2>\t\t<\/div>\n\t\t\t\t<\/div>\n\t\t\t\t<div class=\"elementor-element elementor-element-5606a602 elementor-widget elementor-widget-text-editor\" data-id=\"5606a602\" data-element_type=\"widget\" data-widget_type=\"text-editor.default\">\n\t\t\t\t<div class=\"elementor-widget-container\">\n\t\t\t\t\t\t\t<p>Dal\u0161\u00ed forma k\u0159emene, tentokr\u00e1t r\u016f\u017eov\u00e1. Je to k\u00e1men bezpodm\u00edne\u010dn\u00e9 l\u00e1sky. P\u0159edstavuje l\u00e1sku, m\u00edr a harmonii. Je l\u00e9\u010div\u00fd pro vztah se sebou i ostatn\u00edmi lidmi. Rezonuje se srde\u010dn\u00ed \u010dakrou.<\/p>\t\t\t\t\t\t<\/div>\n\t\t\t\t<\/div>\n\t\t\t\t\t<\/div>\n\t\t<\/div>\n\t\t\t\t\t\t\t<\/div>\n\t\t<\/section>\n\t\t\t\t<section class=\"elementor-section elementor-top-section elementor-element elementor-element-6b14428e elementor-section-stretched elementor-section-boxed elementor-section-height-default elementor-section-height-default\" data-id=\"6b14428e\" data-element_type=\"section\" data-settings=\"{&quot;stretch_section&quot;:&quot;section-stretched&quot;}\">\n\t\t\t\t\t\t<div class=\"elementor-container elementor-column-gap-default\">\n\t\t\t\t\t<div class=\"elementor-column elementor-col-50 elementor-top-column elementor-element elementor-element-6ac3d946\" data-id=\"6ac3d946\" data-element_type=\"column\">\n\t\t\t<div class=\"elementor-widget-wrap elementor-element-populated\">\n\t\t\t\t\t\t\t\t<div class=\"elementor-element elementor-element-1a7a53c6 elementor-widget elementor-widget-heading\" data-id=\"1a7a53c6\" data-element_type=\"widget\" data-widget_type=\"heading.default\">\n\t\t\t\t<div class=\"elementor-widget-container\">\n\t\t\t<h2 class=\"elementor-heading-title elementor-size-default\">Jaspis<\/h2>\t\t<\/div>\n\t\t\t\t<\/div>\n\t\t\t\t<div class=\"elementor-element elementor-element-142ee38c elementor-widget elementor-widget-text-editor\" data-id=\"142ee38c\" data-element_type=\"widget\" data-widget_type=\"text-editor.default\">\n\t\t\t\t<div class=\"elementor-widget-container\">\n\t\t\t\t\t\t\tPat\u0159\u00ed do t\u0159\u00eddy miner\u00e1l\u016f zvan\u00e9 Chalcedony. \u00dazce spojen\u00fd s matkou Zem\u00ed a \u017eenstv\u00edm. Podporuje vnit\u0159n\u00ed s\u00edlu a odvahu. Siln\u011b uzem\u0148uj\u00edc\u00ed. Rezonuje se sakr\u00e1ln\u00ed(druhou) a prvn\u00ed \u010dakrou.\t\t\t\t\t\t<\/div>\n\t\t\t\t<\/div>\n\t\t\t\t\t<\/div>\n\t\t<\/div>\n\t\t\t\t<div class=\"elementor-column elementor-col-50 elementor-top-column elementor-element elementor-element-5b95a380\" data-id=\"5b95a380\" data-element_type=\"column\">\n\t\t\t<div class=\"elementor-widget-wrap elementor-element-populated\">\n\t\t\t\t\t\t\t\t<div class=\"elementor-element elementor-element-343fc353 elementor-widget elementor-widget-image\" data-id=\"343fc353\" data-element_type=\"widget\" data-widget_type=\"image.default\">\n\t\t\t\t<div class=\"elementor-widget-container\">\n\t\t\t\t\t\t\t\t\t\t\t\t\t\t\t<img loading=\"lazy\" decoding=\"async\" width=\"550\" height=\"550\" src=\"https:\/\/yoni.life\/cs\/wp-content\/uploads\/sites\/3\/2021\/02\/AfterlightImage-81.jpg\" class=\"attachment-large size-large\" alt=\"\" srcset=\"https:\/\/yoni.life\/cs\/wp-content\/uploads\/sites\/3\/2021\/02\/AfterlightImage-81.jpg 550w, https:\/\/yoni.life\/cs\/wp-content\/uploads\/sites\/3\/2021\/02\/AfterlightImage-81-300x300.jpg 300w, https:\/\/yoni.life\/cs\/wp-content\/uploads\/sites\/3\/2021\/02\/AfterlightImage-81-150x150.jpg 150w, https:\/\/yoni.life\/cs\/wp-content\/uploads\/sites\/3\/2021\/02\/AfterlightImage-81-100x100.jpg 100w\" sizes=\"(max-width: 550px) 100vw, 550px\" \/>\t\t\t\t\t\t\t\t\t\t\t\t\t\t\t<\/div>\n\t\t\t\t<\/div>\n\t\t\t\t\t<\/div>\n\t\t<\/div>\n\t\t\t\t\t\t\t<\/div>\n\t\t<\/section>\n\t\t\t\t<section class=\"elementor-section elementor-top-section elementor-element elementor-element-7b1a7dde elementor-section-stretched elementor-section-boxed elementor-section-height-default elementor-section-height-default\" data-id=\"7b1a7dde\" data-element_type=\"section\" data-settings=\"{&quot;stretch_section&quot;:&quot;section-stretched&quot;}\">\n\t\t\t\t\t\t<div class=\"elementor-container elementor-column-gap-default\">\n\t\t\t\t\t<div class=\"elementor-column elementor-col-100 elementor-top-column elementor-element elementor-element-278ba485\" data-id=\"278ba485\" data-element_type=\"column\">\n\t\t\t<div class=\"elementor-widget-wrap elementor-element-populated\">\n\t\t\t\t\t\t\t\t<div class=\"elementor-element elementor-element-71fd9781 elementor-widget elementor-widget-spacer\" data-id=\"71fd9781\" data-element_type=\"widget\" data-widget_type=\"spacer.default\">\n\t\t\t\t<div class=\"elementor-widget-container\">\n\t\t\t\t\t<div class=\"elementor-spacer\">\n\t\t\t<div class=\"elementor-spacer-inner\"><\/div>\n\t\t<\/div>\n\t\t\t\t<\/div>\n\t\t\t\t<\/div>\n\t\t\t\t<div class=\"elementor-element elementor-element-781874a4 elementor-widget elementor-widget-heading\" data-id=\"781874a4\" data-element_type=\"widget\" data-widget_type=\"heading.default\">\n\t\t\t\t<div class=\"elementor-widget-container\">\n\t\t\t<h3 class=\"elementor-heading-title elementor-size-default\"><a href=\"https:\/\/yoni.life\/cs\/yoni-vajicko-certifikovane\/\">Zjistit v\u00edce o certifikovan\u00fdch Yoni vaji\u010dk\u00e1ch ><\/a><\/h3>\t\t<\/div>\n\t\t\t\t<\/div>\n\t\t\t\t\t<\/div>\n\t\t<\/div>\n\t\t\t\t\t\t\t<\/div>\n\t\t<\/section>\n\t\t\t\t\t\t<\/div>\n\t\t\t\t\t<\/div>\n\t\t","protected":false},"excerpt":{"rendered":"<p data-pm-slice=\"1 1 []\">Poskl\u00e1dej si vlastn\u00ed kombinaci <strong>t\u0159\u00ed r\u016fzn\u00fdch<\/strong>\u00a0polodrahokam\u016f v jednom setu.<\/p>\n<p data-pm-slice=\"1 1 []\">Set\u00a0obsahuje <strong>t\u0159i certifikovan\u00e1 vaj\u00ed\u010dka<\/strong> s d\u00edrkou. Velikost M (za\u010d\u00e1te\u010dn\u00edk) vaj\u00ed\u010dko S (pokro\u010dil\u00fd) a nejmen\u0161\u00ed XS (Master)<\/p>\n<p data-pm-slice=\"1 1 []\">Set d\u00e1l obsahuje:<\/p>\n<ul>\n<li data-pm-slice=\"1 1 []\">n\u00e1vod jak se o vaj\u00ed\u010dko starat a cvi\u010dit s n\u00edm<\/li>\n<li data-pm-slice=\"1 1 []\">video-n\u00e1vod na cvi\u010den\u00ed p\u00e1nevn\u00edho dna<\/li>\n<li data-pm-slice=\"1 1 []\">medita\u010dn\u00ed hudba speci\u00e1ln\u011b vytvo\u0159en\u00e1 pro cvi\u010den\u00ed p\u00e1nevn\u00edho dna<\/li>\n<li data-pm-slice=\"1 1 []\">3x p\u0159\u00edv\u011bsky<\/li>\n<li>pytl\u00ed\u010dek<\/li>\n<li data-pm-slice=\"1 1 []\">krabi\u010dku<\/li>\n<li data-pm-slice=\"1 1 []\"><a style=\"color: #ff8c91;\" href=\"https:\/\/yoni.life\/cs\/p\/kartac-na-vajicka\/\">1x kart\u00e1\u010d na \u010di\u0161t\u011bn\u00ed<\/a><\/li>\n<li data-pm-slice=\"1 1 []\"><a style=\"color: #ff8c91;\" href=\"https:\/\/yoni.life\/cs\/p\/provazek-k-yoni-vajicku\/\">1x 30 metr\u016f prov\u00e1zek\u00a0<\/a><\/li>\n<\/ul>\n","protected":false},"featured_media":72849,"comment_status":"open","ping_status":"closed","template":"","meta":[],"product_cat":[43,107],"product_tag":[119],"_links":{"self":[{"href":"https:\/\/yoni.life\/cs\/wp-json\/wp\/v2\/product\/1560"}],"collection":[{"href":"https:\/\/yoni.life\/cs\/wp-json\/wp\/v2\/product"}],"about":[{"href":"https:\/\/yoni.life\/cs\/wp-json\/wp\/v2\/types\/product"}],"replies":[{"embeddable":true,"href":"https:\/\/yoni.life\/cs\/wp-json\/wp\/v2\/comments?post=1560"}],"version-history":[{"count":3,"href":"https:\/\/yoni.life\/cs\/wp-json\/wp\/v2\/product\/1560\/revisions"}],"predecessor-version":[{"id":84690,"href":"https:\/\/yoni.life\/cs\/wp-json\/wp\/v2\/product\/1560\/revisions\/84690"}],"wp:featuredmedia":[{"embeddable":true,"href":"https:\/\/yoni.life\/cs\/wp-json\/wp\/v2\/media\/72849"}],"wp:attachment":[{"href":"https:\/\/yoni.life\/cs\/wp-json\/wp\/v2\/media?parent=1560"}],"wp:term":[{"taxonomy":"product_cat","embeddable":true,"href":"https:\/\/yoni.life\/cs\/wp-json\/wp\/v2\/product_cat?post=1560"},{"taxonomy":"product_tag","embeddable":true,"href":"https:\/\/yoni.life\/cs\/wp-json\/wp\/v2\/product_tag?post=1560"}],"curies":[{"name":"wp","href":"https:\/\/api.w.org\/{rel}","templated":true}]}}