{"id":1825,"date":"2021-02-27T13:19:33","date_gmt":"2021-02-27T12:19:33","guid":{"rendered":"https:\/\/yoni.life\/cs\/?post_type=product&#038;p=1825"},"modified":"2022-10-12T21:56:29","modified_gmt":"2022-10-12T20:56:29","slug":"tablety-pro-indikaci-zubniho-plaku","status":"publish","type":"product","link":"https:\/\/yoni.life\/cs\/p\/tablety-pro-indikaci-zubniho-plaku\/","title":{"rendered":"Tablety pro indikaci zubn\u00edho plaku"},"content":{"rendered":"<p>Slo\u017een\u00ed:\u00a0Dextrose Monohydrate,\u00a0Citric Acid,\u00a0Silicon Dioxide,\u00a0Magnesium Stearate, p\u0159\u00edchu\u0165 (\u010dern\u00fd ryb\u00edz), Erythrosine,\u00a0Briliantn\u00ed modr\u00e1 FCF,\u00a0PEG-150,\u00a0Sodium Benzoate.<\/p>\n<p>Pro d\u011bti do 12 let pouze pod dohledem zodpov\u011bdn\u00e9 osoby.<\/p>\n<p>Nevhodn\u00e9 pro d\u011bti do 8 let.<\/p>\n","protected":false},"excerpt":{"rendered":"<p>Tableta pro indikaci plaku je v\u00fdborn\u00fd pomocn\u00edk pro zlep\u0161en\u00ed techniky \u010dist\u011bn\u00ed Va\u0161ich zub\u016f a kontroly spr\u00e1vn\u00e9ho vy\u010di\u0161t\u011bn\u00ed.<\/p>\n<p>Pou\u017eit\u00ed: Vy\u010dist\u011bte si zuby, tablety pokousejte a prom\u00edchejte se slinami. Vytvo\u0159enou &#8220;ka\u0161i&#8221; jazykem pot\u0159ete po v\u0161ech zubech ze v\u0161ech stran. Zbytek vyplivn\u011bte a vypl\u00e1chn\u011bte \u00fasta. Nepolykat. Star\u00fd plak m\u00e1 modrou barvu, nov\u00fd \u010dervenou. Zabarven\u00ed indukuje m\u00edsta, kde nem\u00e1te spr\u00e1vnou techniku \u010dist\u011bn\u00ed. Zuby si nyn\u00ed do\u010dist\u011bte tak aby \u017e\u00e1dn\u00e1 barva z indika\u010dn\u00ed tabletky na zubech nez\u016fstala (nezapome\u0148te na mezizubn\u00ed prostory). A pot\u00e9 si po\u0159\u00e1dn\u011b vypl\u00e1chn\u011bte pusu.<\/p>\n<p>&nbsp;<\/p>\n<p>&nbsp;<\/p>\n","protected":false},"featured_media":1826,"comment_status":"open","ping_status":"closed","template":"","meta":[],"product_cat":[49,23],"product_tag":[],"_links":{"self":[{"href":"https:\/\/yoni.life\/cs\/wp-json\/wp\/v2\/product\/1825"}],"collection":[{"href":"https:\/\/yoni.life\/cs\/wp-json\/wp\/v2\/product"}],"about":[{"href":"https:\/\/yoni.life\/cs\/wp-json\/wp\/v2\/types\/product"}],"replies":[{"embeddable":true,"href":"https:\/\/yoni.life\/cs\/wp-json\/wp\/v2\/comments?post=1825"}],"version-history":[{"count":1,"href":"https:\/\/yoni.life\/cs\/wp-json\/wp\/v2\/product\/1825\/revisions"}],"predecessor-version":[{"id":82782,"href":"https:\/\/yoni.life\/cs\/wp-json\/wp\/v2\/product\/1825\/revisions\/82782"}],"wp:featuredmedia":[{"embeddable":true,"href":"https:\/\/yoni.life\/cs\/wp-json\/wp\/v2\/media\/1826"}],"wp:attachment":[{"href":"https:\/\/yoni.life\/cs\/wp-json\/wp\/v2\/media?parent=1825"}],"wp:term":[{"taxonomy":"product_cat","embeddable":true,"href":"https:\/\/yoni.life\/cs\/wp-json\/wp\/v2\/product_cat?post=1825"},{"taxonomy":"product_tag","embeddable":true,"href":"https:\/\/yoni.life\/cs\/wp-json\/wp\/v2\/product_tag?post=1825"}],"curies":[{"name":"wp","href":"https:\/\/api.w.org\/{rel}","templated":true}]}}