{"id":1832,"date":"2021-02-27T13:29:26","date_gmt":"2021-02-27T12:29:26","guid":{"rendered":"https:\/\/yoni.life\/cs\/?post_type=product&#038;p=1832"},"modified":"2023-04-25T22:09:13","modified_gmt":"2023-04-25T21:09:13","slug":"cestovni-obal-na-brcka","status":"publish","type":"product","link":"https:\/\/yoni.life\/cs\/p\/cestovni-obal-na-brcka\/","title":{"rendered":"Cestovn\u00ed obal na br\u010dka"},"content":{"rendered":"<p>Vyroben\u00fd z 100% bavln\u011bn\u00e9 l\u00e1tky, velmi skladn\u00fd.<\/p>\n<p>Pro jedno, dv\u011b a nebo sadu t\u0159\u00ed br\u010dek.<\/p>\n","protected":false},"excerpt":{"rendered":"<p>L\u00e1tkov\u00fd obal je vyroben\u00fd ze zbytkov\u00fdch l\u00e1tek (od Textile Mountain*) a u\u0161it\u00fd lok\u00e1ln\u011b.<\/p>\n<p>Textile Mountain je ekologickou alternativu textiln\u00ed metr\u00e1\u017ee, jeliko\u017e nab\u00edz\u00ed nevyu\u017eit\u00e9 skladov\u00e9 z\u00e1soby v\u00fdrobn\u00edch firem, studi\u00ed a jednotlivc\u016f.*<\/p>\n<p>Obal je z 100% bavlny a br\u010dka chr\u00e1n\u00ed p\u0159i p\u0159enosu.<\/p>\n<p>A\u0165 u\u017e si br\u010dka berete na cestu kolem sv\u011bta,\u00a0anebo do sv\u00e9ho obl\u00edben\u00e9ho podniku, n\u00e1\u0161 obal v\u00e1s podr\u017e\u00ed !<\/p>\n","protected":false},"featured_media":1833,"comment_status":"open","ping_status":"closed","template":"","meta":[],"product_cat":[49],"product_tag":[],"_links":{"self":[{"href":"https:\/\/yoni.life\/cs\/wp-json\/wp\/v2\/product\/1832"}],"collection":[{"href":"https:\/\/yoni.life\/cs\/wp-json\/wp\/v2\/product"}],"about":[{"href":"https:\/\/yoni.life\/cs\/wp-json\/wp\/v2\/types\/product"}],"replies":[{"embeddable":true,"href":"https:\/\/yoni.life\/cs\/wp-json\/wp\/v2\/comments?post=1832"}],"version-history":[{"count":1,"href":"https:\/\/yoni.life\/cs\/wp-json\/wp\/v2\/product\/1832\/revisions"}],"predecessor-version":[{"id":82781,"href":"https:\/\/yoni.life\/cs\/wp-json\/wp\/v2\/product\/1832\/revisions\/82781"}],"wp:featuredmedia":[{"embeddable":true,"href":"https:\/\/yoni.life\/cs\/wp-json\/wp\/v2\/media\/1833"}],"wp:attachment":[{"href":"https:\/\/yoni.life\/cs\/wp-json\/wp\/v2\/media?parent=1832"}],"wp:term":[{"taxonomy":"product_cat","embeddable":true,"href":"https:\/\/yoni.life\/cs\/wp-json\/wp\/v2\/product_cat?post=1832"},{"taxonomy":"product_tag","embeddable":true,"href":"https:\/\/yoni.life\/cs\/wp-json\/wp\/v2\/product_tag?post=1832"}],"curies":[{"name":"wp","href":"https:\/\/api.w.org\/{rel}","templated":true}]}}