{"id":1838,"date":"2021-02-27T13:36:56","date_gmt":"2021-02-27T12:36:56","guid":{"rendered":"https:\/\/yoni.life\/cs\/?post_type=product&#038;p=1838"},"modified":"2022-04-04T06:43:44","modified_gmt":"2022-04-04T05:43:44","slug":"sklenice","status":"publish","type":"product","link":"https:\/\/yoni.life\/cs\/p\/sklenice\/","title":{"rendered":"Sklenice"},"content":{"rendered":"<p>Je vhodn\u00e1 pro smoothie, limon\u00e1dy, drinky<br \/>\nObjem 350 &#8211; 400 ml<br \/>\nPevn\u00e1 a vhodn\u00e1 do my\u010dky<br \/>\nDno skleni\u010dky je protiskluzov\u00e9 po hladk\u00fdch povr\u0161\u00edch<\/p>\n","protected":false},"excerpt":{"rendered":"<p><strong>Skleni\u010dka<\/strong>\u00a0z up-cyklovan\u00e9ho (znovu zu\u017eitkovan\u00e9ho) \u010desk\u00e9ho skla s designov\u00fdm potiskem.<\/p>\n<p>Jsou vyroben\u00e9 nap\u0159\u00edklad z <strong>lahv\u00ed od v\u00edna<\/strong> a miner\u00e1lek, kter\u00e9 u\u017e nejdou zp\u00e1tky do ob\u011bhu.\u00a0\u00a0<wbr \/>Jestli jsi fanda <strong>zero waste<\/strong>, ekologie, udr\u017eitelnosti a\u00a0\u00a0<wbr \/>kr\u00e1sn\u00e9ho designu, tak tyhle <strong>skleni\u010dky jsou p\u0159\u00edmo pro tebe.<\/strong><\/p>\n","protected":false},"featured_media":1839,"comment_status":"open","ping_status":"closed","template":"","meta":[],"product_cat":[106,49],"product_tag":[145,146,38,147,50,148],"_links":{"self":[{"href":"https:\/\/yoni.life\/cs\/wp-json\/wp\/v2\/product\/1838"}],"collection":[{"href":"https:\/\/yoni.life\/cs\/wp-json\/wp\/v2\/product"}],"about":[{"href":"https:\/\/yoni.life\/cs\/wp-json\/wp\/v2\/types\/product"}],"replies":[{"embeddable":true,"href":"https:\/\/yoni.life\/cs\/wp-json\/wp\/v2\/comments?post=1838"}],"version-history":[{"count":0,"href":"https:\/\/yoni.life\/cs\/wp-json\/wp\/v2\/product\/1838\/revisions"}],"wp:featuredmedia":[{"embeddable":true,"href":"https:\/\/yoni.life\/cs\/wp-json\/wp\/v2\/media\/1839"}],"wp:attachment":[{"href":"https:\/\/yoni.life\/cs\/wp-json\/wp\/v2\/media?parent=1838"}],"wp:term":[{"taxonomy":"product_cat","embeddable":true,"href":"https:\/\/yoni.life\/cs\/wp-json\/wp\/v2\/product_cat?post=1838"},{"taxonomy":"product_tag","embeddable":true,"href":"https:\/\/yoni.life\/cs\/wp-json\/wp\/v2\/product_tag?post=1838"}],"curies":[{"name":"wp","href":"https:\/\/api.w.org\/{rel}","templated":true}]}}