{"id":1846,"date":"2021-02-27T13:50:39","date_gmt":"2021-02-27T12:50:39","guid":{"rendered":"https:\/\/yoni.life\/cs\/?post_type=product&#038;p=1846"},"modified":"2021-05-19T16:37:40","modified_gmt":"2021-05-19T15:37:40","slug":"svicka-a-sklenice","status":"publish","type":"product","link":"https:\/\/yoni.life\/cs\/p\/svicka-a-sklenice\/","title":{"rendered":"Sv\u00ed\u010dka a sklenice ????\ufe0f&#038; ????"},"content":{"rendered":"<p>Sou\u010d\u00e1st\u00ed je podlo\u017eka z kompostovateln\u00e9ho PLA materi\u00e1lu.<\/p>\n<p>Sv\u00ed\u010dky po doho\u0159en\u00ed m\u016f\u017eete vyu\u017e\u00edt jako sklenici na pit\u00ed studen\u00fdch nebo tepl\u00fdch n\u00e1poj\u016f.\u00a0<a href=\"https:\/\/yoni.life\/cs\/p\/brcka\/\">Perfektn\u00ed v kombinaci s\u00a0na\u0161\u00edm setem br\u010dek<\/a><\/p>\n<p>Vhodn\u00e9 do my\u010dky.<\/p>\n<p>Varianta 1) Modr\u00e1 sklenice od v\u00edna. Esenci\u00e1ln\u00ed olej levandulov\u00fd. P\u00e1r kousk\u016f kvalitn\u00edch ametyst\u016f a levandulov\u00e9 zdoben\u00ed. Podlo\u017eka modr\u00e1 (p\u0159i zah\u0159\u00e1t\u00ed m\u011bn\u00ed barvu na b\u00edlou)<\/p>\n<p>V\u00fd\u0161ka 135 mm, 400 ml objem sklenice.\u00a0Obsah 300ml vosku.<\/p>\n<p>Varianta 2) \u010cir\u00e1 sklenice od v\u00edna. Esenci\u00e1ln\u00ed olej pomeran\u010dov\u00fd. Zdoben kv\u011bty m\u011bs\u00ed\u010dku a himal\u00e1jskou sol\u00ed. Podlo\u017eka b\u00edl\u00e1 (na slunci m\u011bn\u00ed barvu na fialovou)<\/p>\n<p>V\u00fd\u0161ka 140 mm, 400 ml objem sklenice.\u00a0Obsah vosku 350ml.<\/p>\n<p>&nbsp;<\/p>\n<p><strong>Instrukce a upozorn\u011bn\u00ed:<\/strong><\/p>\n<div>Zapalte cel\u00fd knot, sna\u017ete se vyhnout p\u00e1len\u00ed z jednoho konce.<\/div>\n<div>Sv\u00ed\u010dka mus\u00ed ho\u0159et 40 minut \u2013 2 hodiny dokud se nerozpust\u00ed a\u017e k okraj\u016fm. Pokud sv\u00ed\u010dce nedovol\u00edte rozpustit celou vrchn\u00ed vrstvu, knot vydr\u017e\u00ed pouze p\u00e1r zap\u00e1len\u00ed. Plamen se b\u011bhem ho\u0159en\u00ed m\u011bn\u00ed od mal\u00e9ho praskaj\u00edc\u00edho po velk\u00fd tich\u00fd nebo naopak. Je to tak v po\u0159\u00e1dku, sv\u00ed\u010dka proch\u00e1z\u00ed f\u00e1zemi. Nejlep\u0161\u00ed je sv\u00ed\u010dku nechat ho\u0159et po 3-4 hodiny. Pokud je up\u00e1len\u00e1 \u010d\u00e1st velk\u00e1 a sv\u00ed\u010dka nap\u0159\u00edklad kou\u0159\u00ed, m\u016f\u017eete po zhasnut\u00ed a vychladnut\u00ed kousek knotu odlomit.<\/div>\n","protected":false},"excerpt":{"rendered":"<p><strong>Skleni\u010dka<\/strong> je z up-cyklovan\u00e9ho (znovu zu\u017eitkovan\u00e9ho) \u010desk\u00e9ho skla s designov\u00fdm potiskem.<\/p>\n<p><strong>Sv\u00ed\u010dka<\/strong>\u00a0je vyrobena ze s\u00f3jov\u00e9ho vosku a p\u0159\u00edrodn\u00edch esenci\u00e1ln\u00edch olej\u016f. Knot je d\u0159ev\u011bn\u00fd a jemn\u011b prask\u00e1 p\u0159i ho\u0159en\u00ed (imituje krb)<\/p>\n","protected":false},"featured_media":1847,"comment_status":"open","ping_status":"closed","template":"","meta":[],"product_cat":[49,106],"product_tag":[38,40,151,152,153,35],"_links":{"self":[{"href":"https:\/\/yoni.life\/cs\/wp-json\/wp\/v2\/product\/1846"}],"collection":[{"href":"https:\/\/yoni.life\/cs\/wp-json\/wp\/v2\/product"}],"about":[{"href":"https:\/\/yoni.life\/cs\/wp-json\/wp\/v2\/types\/product"}],"replies":[{"embeddable":true,"href":"https:\/\/yoni.life\/cs\/wp-json\/wp\/v2\/comments?post=1846"}],"version-history":[{"count":0,"href":"https:\/\/yoni.life\/cs\/wp-json\/wp\/v2\/product\/1846\/revisions"}],"wp:featuredmedia":[{"embeddable":true,"href":"https:\/\/yoni.life\/cs\/wp-json\/wp\/v2\/media\/1847"}],"wp:attachment":[{"href":"https:\/\/yoni.life\/cs\/wp-json\/wp\/v2\/media?parent=1846"}],"wp:term":[{"taxonomy":"product_cat","embeddable":true,"href":"https:\/\/yoni.life\/cs\/wp-json\/wp\/v2\/product_cat?post=1846"},{"taxonomy":"product_tag","embeddable":true,"href":"https:\/\/yoni.life\/cs\/wp-json\/wp\/v2\/product_tag?post=1846"}],"curies":[{"name":"wp","href":"https:\/\/api.w.org\/{rel}","templated":true}]}}