{"id":193,"date":"2020-10-01T12:00:08","date_gmt":"2020-10-01T11:00:08","guid":{"rendered":"https:\/\/yoni.life\/cs\/product\/import-placeholder-for-4724\/"},"modified":"2024-10-27T18:53:31","modified_gmt":"2024-10-27T17:53:31","slug":"daruj-usmev","status":"publish","type":"product","link":"https:\/\/yoni.life\/cs\/p\/daruj-usmev\/","title":{"rendered":"Daruj \u00fasm\u011bv"},"content":{"rendered":"\t\t<div data-elementor-type=\"product-post\" data-elementor-id=\"193\" class=\"elementor elementor-193\" data-elementor-settings=\"[]\">\n\t\t\t\t\t\t\t<div class=\"elementor-section-wrap\">\n\t\t\t\t\t\t\t<section class=\"elementor-section elementor-top-section elementor-element elementor-element-59d6c8a elementor-reverse-tablet elementor-reverse-mobile elementor-section-stretched elementor-section-boxed elementor-section-height-default elementor-section-height-default\" data-id=\"59d6c8a\" data-element_type=\"section\" data-settings=\"{&quot;stretch_section&quot;:&quot;section-stretched&quot;}\">\n\t\t\t\t\t\t<div class=\"elementor-container elementor-column-gap-default\">\n\t\t\t\t\t<div class=\"elementor-column elementor-col-50 elementor-top-column elementor-element elementor-element-00690e3\" data-id=\"00690e3\" data-element_type=\"column\">\n\t\t\t<div class=\"elementor-widget-wrap elementor-element-populated\">\n\t\t\t\t\t\t\t\t<div class=\"elementor-element elementor-element-1a28eb7 elementor-widget elementor-widget-image\" data-id=\"1a28eb7\" data-element_type=\"widget\" data-widget_type=\"image.default\">\n\t\t\t\t<div class=\"elementor-widget-container\">\n\t\t\t\t\t\t\t\t\t\t\t\t\t\t\t<img loading=\"lazy\" decoding=\"async\" width=\"550\" height=\"550\" src=\"https:\/\/yoni.life\/cs\/wp-content\/uploads\/sites\/3\/2020\/10\/IMG_6174_Facetune_23-06-2019-17-58-02-2.jpg\" class=\"attachment-large size-large\" alt=\"daruj \u00fasm\u011bv d\u00e1rkov\u00e1 krabice\" srcset=\"https:\/\/yoni.life\/cs\/wp-content\/uploads\/sites\/3\/2020\/10\/IMG_6174_Facetune_23-06-2019-17-58-02-2.jpg 550w, https:\/\/yoni.life\/cs\/wp-content\/uploads\/sites\/3\/2020\/10\/IMG_6174_Facetune_23-06-2019-17-58-02-2-300x300.jpg 300w, https:\/\/yoni.life\/cs\/wp-content\/uploads\/sites\/3\/2020\/10\/IMG_6174_Facetune_23-06-2019-17-58-02-2-150x150.jpg 150w, https:\/\/yoni.life\/cs\/wp-content\/uploads\/sites\/3\/2020\/10\/IMG_6174_Facetune_23-06-2019-17-58-02-2-100x100.jpg 100w\" sizes=\"(max-width: 550px) 100vw, 550px\" \/>\t\t\t\t\t\t\t\t\t\t\t\t\t\t\t<\/div>\n\t\t\t\t<\/div>\n\t\t\t\t\t<\/div>\n\t\t<\/div>\n\t\t\t\t<div class=\"elementor-column elementor-col-50 elementor-top-column elementor-element elementor-element-fb784cf\" data-id=\"fb784cf\" data-element_type=\"column\">\n\t\t\t<div class=\"elementor-widget-wrap elementor-element-populated\">\n\t\t\t\t\t\t\t\t<div class=\"elementor-element elementor-element-31ebc66 elementor-widget elementor-widget-heading\" data-id=\"31ebc66\" data-element_type=\"widget\" data-widget_type=\"heading.default\">\n\t\t\t\t<div class=\"elementor-widget-container\">\n\t\t\t<h2 class=\"elementor-heading-title elementor-size-default\">darovat zdrav\u00ed<\/h2>\t\t<\/div>\n\t\t\t\t<\/div>\n\t\t\t\t<div class=\"elementor-element elementor-element-1629c50 elementor-widget elementor-widget-text-editor\" data-id=\"1629c50\" data-element_type=\"widget\" data-widget_type=\"text-editor.default\">\n\t\t\t\t<div class=\"elementor-widget-container\">\n\t\t\t\t\t\t\tUd\u011blejte radost sv\u00fdm milovan\u00fdm d\u00e1rkovou krabi\u010dkou plnou p\u0159\u00edrody s ru\u010dn\u011b nati\u0161t\u011bn\u00fdm v\u011bnov\u00e1n\u00edm. Origin\u00e1ln\u00ed d\u00e1rek k narozenin\u00e1m \u010di jin\u00fdm vyjime\u010dn\u00fdm okam\u017eik\u016fm, kdy chcete vyj\u00e1d\u0159it svou l\u00e1sku druh\u00fdm netradi\u010dn\u00edm zp\u016fsobem.\t\t\t\t\t\t<\/div>\n\t\t\t\t<\/div>\n\t\t\t\t\t<\/div>\n\t\t<\/div>\n\t\t\t\t\t\t\t<\/div>\n\t\t<\/section>\n\t\t\t\t<section class=\"elementor-section elementor-top-section elementor-element elementor-element-ee7c4bb elementor-section-stretched elementor-section-boxed elementor-section-height-default elementor-section-height-default\" data-id=\"ee7c4bb\" data-element_type=\"section\" data-settings=\"{&quot;stretch_section&quot;:&quot;section-stretched&quot;}\">\n\t\t\t\t\t\t<div class=\"elementor-container elementor-column-gap-default\">\n\t\t\t\t\t<div class=\"elementor-column elementor-col-100 elementor-top-column elementor-element elementor-element-0376acd\" data-id=\"0376acd\" data-element_type=\"column\">\n\t\t\t<div class=\"elementor-widget-wrap elementor-element-populated\">\n\t\t\t\t\t\t\t\t<div class=\"elementor-element elementor-element-8481419 elementor-widget elementor-widget-heading\" data-id=\"8481419\" data-element_type=\"widget\" data-widget_type=\"heading.default\">\n\t\t\t\t<div class=\"elementor-widget-container\">\n\t\t\t<h2 class=\"elementor-heading-title elementor-size-default\">v\u00edce z na\u0161\u00ed nab\u00eddky dent\u00e1ln\u00edho zdrav\u00ed<\/h2>\t\t<\/div>\n\t\t\t\t<\/div>\n\t\t\t\t\t<\/div>\n\t\t<\/div>\n\t\t\t\t\t\t\t<\/div>\n\t\t<\/section>\n\t\t\t\t<section class=\"elementor-section elementor-top-section elementor-element elementor-element-1c24032 elementor-section-boxed elementor-section-height-default elementor-section-height-default\" data-id=\"1c24032\" data-element_type=\"section\">\n\t\t\t\t\t\t<div class=\"elementor-container elementor-column-gap-default\">\n\t\t\t\t\t<div class=\"elementor-column elementor-col-100 elementor-top-column elementor-element elementor-element-21bb802\" data-id=\"21bb802\" data-element_type=\"column\">\n\t\t\t<div class=\"elementor-widget-wrap elementor-element-populated\">\n\t\t\t\t\t\t\t\t<div class=\"elementor-element elementor-element-624ab2a elementor-grid-3 elementor-product-loop-item--align-center elementor-grid-tablet-3 elementor-grid-mobile-2 elementor-products-grid elementor-wc-products elementor-widget elementor-widget-woocommerce-products\" data-id=\"624ab2a\" data-element_type=\"widget\" data-widget_type=\"woocommerce-products.default\">\n\t\t\t\t<div class=\"elementor-widget-container\">\n\t\t\t<div class=\"woocommerce columns-3 \"><ul class=\"products elementor-grid columns-3\">\n<li class=\"product type-product post-130 status-publish first instock product_cat-dentalni-zdravi product_cat-sklo product_cat-zdravi product_cat-zero-waste product_tag-bio-rozlozitelna product_tag-darek product_tag-dentalni-nit product_tag-ekologicka product_tag-kartacek product_tag-komostovatelny product_tag-kompostovatelny product_tag-mezizubni-nit product_tag-na-doplneni product_tag-pouzdro product_tag-prirodni product_tag-sklo product_tag-usmev product_tag-vegan product_tag-zubni-nit product_tag-zuby has-post-thumbnail shipping-taxable purchasable product-type-variable\">\n\t<a href=\"https:\/\/yoni.life\/cs\/p\/dentalni-nit\/\" class=\"woocommerce-LoopProduct-link woocommerce-loop-product__link\"><img loading=\"lazy\" decoding=\"async\" width=\"300\" height=\"300\" src=\"https:\/\/yoni.life\/cs\/wp-content\/uploads\/sites\/3\/2020\/10\/floss-product-ctverec-1-1-300x300.png\" class=\"attachment-woocommerce_thumbnail size-woocommerce_thumbnail\" alt=\"Dent\u00e1ln\u00ed nit z bambusov\u00e9ho uhl\u00ed v sklen\u011bn\u00e9 lahvi\u010dce\" srcset=\"https:\/\/yoni.life\/cs\/wp-content\/uploads\/sites\/3\/2020\/10\/floss-product-ctverec-1-1-300x300.png 300w, https:\/\/yoni.life\/cs\/wp-content\/uploads\/sites\/3\/2020\/10\/floss-product-ctverec-1-1-150x150.png 150w, https:\/\/yoni.life\/cs\/wp-content\/uploads\/sites\/3\/2020\/10\/floss-product-ctverec-1-1-100x100.png 100w, https:\/\/yoni.life\/cs\/wp-content\/uploads\/sites\/3\/2020\/10\/floss-product-ctverec-1-1.png 550w\" sizes=\"(max-width: 300px) 100vw, 300px\" \/><h2 class=\"woocommerce-loop-product__title\">Dent\u00e1ln\u00ed nit<\/h2><div class=\"star-rating\" role=\"img\" aria-label=\"Hodnocen\u00ed 4.80 z 5\"><span style=\"width:96%\">Hodnocen\u00ed <strong class=\"rating\">4.80<\/strong> z 5<\/span><\/div>\n\t<span class=\"price\"><span class=\"woocommerce-Price-amount amount\"><bdi>149&nbsp;<span class=\"woocommerce-Price-currencySymbol\">&#75;&#269;<\/span><\/bdi><\/span> &ndash; <span class=\"woocommerce-Price-amount amount\"><bdi>189&nbsp;<span class=\"woocommerce-Price-currencySymbol\">&#75;&#269;<\/span><\/bdi><\/span><\/span>\n<\/a><a href=\"https:\/\/yoni.life\/cs\/p\/dentalni-nit\/\" data-quantity=\"1\" class=\"button product_type_variable add_to_cart_button\" data-product_id=\"130\" data-product_sku=\"nit\" aria-label=\"Vyberte nastaven\u00ed pro &bdquo;Dent\u00e1ln\u00ed nit&ldquo;\" aria-describedby=\"This product has multiple variants. The options may be chosen on the product page\" rel=\"nofollow\">V\u00fdb\u011br mo\u017enost\u00ed<\/a><span class=\"gtm4wp_productdata\" style=\"display:none; visibility:hidden;\" data-gtm4wp_product_data=\"{&quot;internal_id&quot;:130,&quot;item_id&quot;:&quot;nit&quot;,&quot;item_name&quot;:&quot;Dent\\u00e1ln\\u00ed nit&quot;,&quot;sku&quot;:&quot;nit&quot;,&quot;price&quot;:149,&quot;stocklevel&quot;:null,&quot;stockstatus&quot;:&quot;instock&quot;,&quot;google_business_vertical&quot;:&quot;retail&quot;,&quot;item_category&quot;:&quot;Dent\\u00e1ln\\u00ed zdrav\\u00ed&quot;,&quot;id&quot;:&quot;nit&quot;,&quot;productlink&quot;:&quot;https:\\\/\\\/yoni.life\\\/cs\\\/p\\\/dentalni-nit\\\/&quot;,&quot;item_list_name&quot;:&quot;General Product List&quot;,&quot;index&quot;:1,&quot;product_type&quot;:&quot;variable&quot;,&quot;item_brand&quot;:&quot;&quot;}\"><\/span><\/li>\n<li class=\"product type-product post-118 status-publish outofstock product_cat-dentalni-zdravi product_cat-sklo product_cat-zdravi product_cat-zero-waste product_tag-ceske-sklo product_tag-cisteni product_tag-kartac product_tag-kartacek product_tag-kayu-sugi product_tag-kvet-zivota product_tag-meswak product_tag-organik product_tag-pouzdro product_tag-prirodni product_tag-raw product_tag-rawtoothbrush product_tag-sewak product_tag-usmev product_tag-vegan product_tag-zubni-pasta product_tag-zuby has-post-thumbnail shipping-taxable purchasable product-type-variable\">\n\t<a href=\"https:\/\/yoni.life\/cs\/p\/rawtoothbrush-stp\/\" class=\"woocommerce-LoopProduct-link woocommerce-loop-product__link\"><img loading=\"lazy\" decoding=\"async\" width=\"300\" height=\"300\" src=\"https:\/\/yoni.life\/cs\/wp-content\/uploads\/sites\/3\/2020\/10\/nasada-stetiny-produktovka-ctverec1500-1-1-1-300x300.jpg\" class=\"attachment-woocommerce_thumbnail size-woocommerce_thumbnail\" alt=\"Rawtoothbrush startovac\u00ed balen\u00ed\" srcset=\"https:\/\/yoni.life\/cs\/wp-content\/uploads\/sites\/3\/2020\/10\/nasada-stetiny-produktovka-ctverec1500-1-1-1-300x300.jpg 300w, https:\/\/yoni.life\/cs\/wp-content\/uploads\/sites\/3\/2020\/10\/nasada-stetiny-produktovka-ctverec1500-1-1-1-150x150.jpg 150w, https:\/\/yoni.life\/cs\/wp-content\/uploads\/sites\/3\/2020\/10\/nasada-stetiny-produktovka-ctverec1500-1-1-1-100x100.jpg 100w, https:\/\/yoni.life\/cs\/wp-content\/uploads\/sites\/3\/2020\/10\/nasada-stetiny-produktovka-ctverec1500-1-1-1.jpg 550w\" sizes=\"(max-width: 300px) 100vw, 300px\" \/><h2 class=\"woocommerce-loop-product__title\">RAWTOOTHBRUSH \u00ae<\/h2><div class=\"star-rating\" role=\"img\" aria-label=\"Hodnocen\u00ed 4.91 z 5\"><span style=\"width:98.2%\">Hodnocen\u00ed <strong class=\"rating\">4.91<\/strong> z 5<\/span><\/div>\n\t<span class=\"price\"><span class=\"woocommerce-Price-amount amount\"><bdi>299&nbsp;<span class=\"woocommerce-Price-currencySymbol\">&#75;&#269;<\/span><\/bdi><\/span> &ndash; <span class=\"woocommerce-Price-amount amount\"><bdi>429&nbsp;<span class=\"woocommerce-Price-currencySymbol\">&#75;&#269;<\/span><\/bdi><\/span><\/span>\n<\/a><a href=\"https:\/\/yoni.life\/cs\/p\/rawtoothbrush-stp\/\" data-quantity=\"1\" class=\"button product_type_variable\" data-product_id=\"118\" data-product_sku=\"rtb-sp\" aria-label=\"Vyberte nastaven\u00ed pro &bdquo;RAWTOOTHBRUSH \u00ae&ldquo;\" aria-describedby=\"This product has multiple variants. The options may be chosen on the product page\" rel=\"nofollow\">V\u00fdb\u011br mo\u017enost\u00ed<\/a><span class=\"gtm4wp_productdata\" style=\"display:none; visibility:hidden;\" data-gtm4wp_product_data=\"{&quot;internal_id&quot;:118,&quot;item_id&quot;:&quot;rtb-sp&quot;,&quot;item_name&quot;:&quot;RAWTOOTHBRUSH \\u00ae&quot;,&quot;sku&quot;:&quot;rtb-sp&quot;,&quot;price&quot;:299,&quot;stocklevel&quot;:null,&quot;stockstatus&quot;:&quot;outofstock&quot;,&quot;google_business_vertical&quot;:&quot;retail&quot;,&quot;item_category&quot;:&quot;Dent\\u00e1ln\\u00ed zdrav\\u00ed&quot;,&quot;id&quot;:&quot;rtb-sp&quot;,&quot;productlink&quot;:&quot;https:\\\/\\\/yoni.life\\\/cs\\\/p\\\/rawtoothbrush-stp\\\/&quot;,&quot;item_list_name&quot;:&quot;General Product List&quot;,&quot;index&quot;:2,&quot;product_type&quot;:&quot;variable&quot;,&quot;item_brand&quot;:&quot;&quot;}\"><\/span><\/li>\n<li class=\"product type-product post-111 status-publish last outofstock product_cat-dentalni-zdravi product_cat-kartacky product_cat-kartacky-bez-obalu product_cat-zdravi product_cat-zero-waste product_tag-ekologicky-kartacek-na-zuby product_tag-kartac product_tag-kartacek product_tag-kartacek-na-zuby product_tag-kartacky-na-zuby product_tag-kayu-sugi product_tag-koren-na-zuby product_tag-koren-salvadory product_tag-koren-salvadory-perske product_tag-koren-savladory-perske product_tag-koren-stromu-salvadora-perska product_tag-meswak product_tag-miswak product_tag-organik product_tag-peelu product_tag-prirodni-kartace product_tag-prirodni-kartacek product_tag-prirodni-kartacek-na-zuby product_tag-prirodni-zubni-kartace product_tag-prirodni-zuni-kartacek product_tag-raw product_tag-rawtoothbrush product_tag-salvadora-perska product_tag-sewak product_tag-vegan product_tag-zubni-kartace product_tag-zubni-kartacek product_tag-zubni-pasta product_tag-zvykaci-koren has-post-thumbnail sale shipping-taxable purchasable product-type-variable\">\n\t<a href=\"https:\/\/yoni.life\/cs\/p\/prirodni-kartacek\/\" class=\"woocommerce-LoopProduct-link woocommerce-loop-product__link\">\n\t<span class=\"onsale\">Sleva!<\/span>\n\t<img loading=\"lazy\" decoding=\"async\" width=\"300\" height=\"300\" src=\"https:\/\/yoni.life\/cs\/wp-content\/uploads\/sites\/3\/2020\/10\/refills-productimage-1500-1-1-300x300.jpg\" class=\"attachment-woocommerce_thumbnail size-woocommerce_thumbnail\" alt=\"Rawtoothbrush a n\u00e1hradn\u00ed n\u00e1pln\u011b - p\u0159\u00edrodn\u00ed kart\u00e1\u010dek ze Salvadory persk\u00e9\" srcset=\"https:\/\/yoni.life\/cs\/wp-content\/uploads\/sites\/3\/2020\/10\/refills-productimage-1500-1-1-300x300.jpg 300w, https:\/\/yoni.life\/cs\/wp-content\/uploads\/sites\/3\/2020\/10\/refills-productimage-1500-1-1-150x150.jpg 150w, https:\/\/yoni.life\/cs\/wp-content\/uploads\/sites\/3\/2020\/10\/refills-productimage-1500-1-1-100x100.jpg 100w, https:\/\/yoni.life\/cs\/wp-content\/uploads\/sites\/3\/2020\/10\/refills-productimage-1500-1-1.jpg 550w\" sizes=\"(max-width: 300px) 100vw, 300px\" \/><h2 class=\"woocommerce-loop-product__title\">P\u0159\u00edrodn\u00ed kart\u00e1\u010dek &#8211; ko\u0159en Salvadory persk\u00e9<\/h2><div class=\"star-rating\" role=\"img\" aria-label=\"Hodnocen\u00ed 5.00 z 5\"><span style=\"width:100%\">Hodnocen\u00ed <strong class=\"rating\">5.00<\/strong> z 5<\/span><\/div>\n\t<span class=\"price\"><span class=\"woocommerce-Price-amount amount\"><bdi>89&nbsp;<span class=\"woocommerce-Price-currencySymbol\">&#75;&#269;<\/span><\/bdi><\/span> &ndash; <span class=\"woocommerce-Price-amount amount\"><bdi>2022&nbsp;<span class=\"woocommerce-Price-currencySymbol\">&#75;&#269;<\/span><\/bdi><\/span><\/span>\n<\/a><a href=\"https:\/\/yoni.life\/cs\/p\/prirodni-kartacek\/\" data-quantity=\"1\" class=\"button product_type_variable\" data-product_id=\"111\" data-product_sku=\"rawtoothbrush-refills\" aria-label=\"Vyberte nastaven\u00ed pro &bdquo;P\u0159\u00edrodn\u00ed kart\u00e1\u010dek - ko\u0159en Salvadory persk\u00e9&ldquo;\" aria-describedby=\"This product has multiple variants. The options may be chosen on the product page\" rel=\"nofollow\">V\u00fdb\u011br mo\u017enost\u00ed<\/a><span class=\"gtm4wp_productdata\" style=\"display:none; visibility:hidden;\" data-gtm4wp_product_data=\"{&quot;internal_id&quot;:111,&quot;item_id&quot;:&quot;rawtoothbrush-refills&quot;,&quot;item_name&quot;:&quot;P\\u0159\\u00edrodn\\u00ed kart\\u00e1\\u010dek - ko\\u0159en Salvadory persk\\u00e9&quot;,&quot;sku&quot;:&quot;rawtoothbrush-refills&quot;,&quot;price&quot;:89,&quot;stocklevel&quot;:null,&quot;stockstatus&quot;:&quot;outofstock&quot;,&quot;google_business_vertical&quot;:&quot;retail&quot;,&quot;item_category&quot;:&quot;Dent\\u00e1ln\\u00ed zdrav\\u00ed&quot;,&quot;id&quot;:&quot;rawtoothbrush-refills&quot;,&quot;productlink&quot;:&quot;https:\\\/\\\/yoni.life\\\/cs\\\/p\\\/prirodni-kartacek\\\/&quot;,&quot;item_list_name&quot;:&quot;General Product List&quot;,&quot;index&quot;:3,&quot;product_type&quot;:&quot;variable&quot;,&quot;item_brand&quot;:&quot;&quot;}\"><\/span><\/li>\n<\/ul>\n<\/div>\t\t<\/div>\n\t\t\t\t<\/div>\n\t\t\t\t\t<\/div>\n\t\t<\/div>\n\t\t\t\t\t\t\t<\/div>\n\t\t<\/section>\n\t\t\t\t\t\t<\/div>\n\t\t\t\t\t<\/div>\n\t\t","protected":false},"excerpt":{"rendered":"<p>Ud\u011blejte radost sv\u00fdm milovan\u00fdm na\u0161\u00ed d\u00e1rkovou krabi\u010dkou plnou p\u0159\u00edrody s ru\u010dn\u011b nati\u0161t\u011bn\u00fdm v\u011bnov\u00e1n\u00edm. Origin\u00e1ln\u00ed d\u00e1rek k\u00a0 narozenin\u00e1m \u010di jin\u00fdm vyjime\u010dn\u00fdm okam\u017eik\u016fm, kdy chcete vyj\u00e1d\u0159it svou l\u00e1sku druh\u00fdm netradi\u010dn\u00edm zp\u016fsobem.<\/p>\n<p>Krabi\u010dky jsou ru\u010dn\u011b ti\u0161t\u011bny pomoc\u00ed t\u0159\u00ed raz\u00edtek. Pokud si p\u0159ejete n\u011bkter\u00e9 z nich vynechat, uve\u010fte to pros\u00edm do pozn\u00e1mky.<\/p>\n<p>Na v\u00fdb\u011br je v\u00edce variant obsahu d\u00e1rkov\u00e9 krabi\u010dky.<\/p>\n<p>Text raz\u00edtka 1) Miluji tv\u016fj \u00fasm\u011bv, miluji Tebe<\/p>\n<p>Text raz\u00edtka 2) \u017dena je ko\u0159enem, mu\u017e stromem. Strom vyroste vysoko jen tehdy, m\u00e1-li siln\u00e9 ko\u0159eny. Pearl. S.Buck<\/p>\n<p>Dostupn\u00e9 i v ENG verzi.<\/p>\n","protected":false},"featured_media":222,"comment_status":"open","ping_status":"closed","template":"","meta":[],"product_cat":[49,107],"product_tag":[38,85,46,288,24,33,289,25,177,39,26,36,290,168,30,31,41,35,34,42],"_links":{"self":[{"href":"https:\/\/yoni.life\/cs\/wp-json\/wp\/v2\/product\/193"}],"collection":[{"href":"https:\/\/yoni.life\/cs\/wp-json\/wp\/v2\/product"}],"about":[{"href":"https:\/\/yoni.life\/cs\/wp-json\/wp\/v2\/types\/product"}],"replies":[{"embeddable":true,"href":"https:\/\/yoni.life\/cs\/wp-json\/wp\/v2\/comments?post=193"}],"version-history":[{"count":1,"href":"https:\/\/yoni.life\/cs\/wp-json\/wp\/v2\/product\/193\/revisions"}],"predecessor-version":[{"id":82786,"href":"https:\/\/yoni.life\/cs\/wp-json\/wp\/v2\/product\/193\/revisions\/82786"}],"wp:featuredmedia":[{"embeddable":true,"href":"https:\/\/yoni.life\/cs\/wp-json\/wp\/v2\/media\/222"}],"wp:attachment":[{"href":"https:\/\/yoni.life\/cs\/wp-json\/wp\/v2\/media?parent=193"}],"wp:term":[{"taxonomy":"product_cat","embeddable":true,"href":"https:\/\/yoni.life\/cs\/wp-json\/wp\/v2\/product_cat?post=193"},{"taxonomy":"product_tag","embeddable":true,"href":"https:\/\/yoni.life\/cs\/wp-json\/wp\/v2\/product_tag?post=193"}],"curies":[{"name":"wp","href":"https:\/\/api.w.org\/{rel}","templated":true}]}}