{"id":232,"date":"2020-10-01T12:00:24","date_gmt":"2020-10-01T11:00:24","guid":{"rendered":"https:\/\/yoni.life\/cs\/product\/import-placeholder-for-7204\/"},"modified":"2024-07-18T00:08:12","modified_gmt":"2024-07-17T23:08:12","slug":"provazek-k-yoni-vajicku","status":"publish","type":"product","link":"https:\/\/yoni.life\/cs\/p\/provazek-k-yoni-vajicku\/","title":{"rendered":"Prov\u00e1zek k Yoni vaj\u00ed\u010dku"},"content":{"rendered":"<p>B\u00edl\u00fd prov\u00e1zek vyroben\u00fd z kuku\u0159i\u010dn\u00e9ho \u0161krobu ur\u010den\u00fd jako dopln\u011bk k yoni vaj\u00ed\u010dku.<\/p>\n<p>Za prov\u00e1zek m\u016f\u017eete pov\u011bsit i z\u00e1va\u017e\u00ed, kter\u00e9 je mo\u017eno vytvo\u0159it z pytl\u00ed\u010dku s r\u00fd\u017e\u00ed. (<a href=\"https:\/\/yoni.life\/cs\/blog\/\">detaily na blogu<\/a>)<\/p>\n<p>Provle\u010dte zhruba 30 cm(0,3 m) prov\u00e1zku otvorem v yoni vaj\u00ed\u010dku, srovnejte konce a prov\u00e1zek zafixujte uzlem u vaj\u00ed\u010dka. Slou\u017e\u00ed jako pojistka pro snadn\u011bj\u0161\u00ed vyta\u017een\u00ed vaj\u00ed\u010dka po dokon\u010den\u00ed praxe.<\/p>\n<p>Slo\u017een\u00ed: Kuku\u0159i\u010dn\u00fd \u0161krob (PLA), Candelilov\u00fd vosk.<br \/>\nD\u00e9lka prov\u00e1zku: 3 000 cm (30 m)<br \/>\nKompostovateln\u00e9 \u267b\ufe0f.<\/p>\n","protected":false},"excerpt":{"rendered":"<p>B\u00edl\u00fd prov\u00e1zek vyroben\u00fd z kuku\u0159i\u010dn\u00e9ho \u0161krobu ur\u010den\u00fd jako dopln\u011bk k yoni vaj\u00ed\u010dku.<\/p>\n<p>Za prov\u00e1zek m\u016f\u017eete pov\u011bsit i z\u00e1va\u017e\u00ed, kter\u00e9 je mo\u017eno vytvo\u0159it z pytl\u00ed\u010dku s r\u00fd\u017e\u00ed. (<a href=\"https:\/\/yoni.life\/cs\/blog\/\">detaily na blogu<\/a>)<\/p>\n<p>Provle\u010dte zhruba 30 cm(0,3 m) prov\u00e1zku otvorem v yoni vaj\u00ed\u010dku, srovnejte konce a prov\u00e1zek zafixujte uzlem u vaj\u00ed\u010dka. Slou\u017e\u00ed jako pojistka pro snadn\u011bj\u0161\u00ed vyta\u017een\u00ed vaj\u00ed\u010dka po dokon\u010den\u00ed praxe.<\/p>\n<p>Slo\u017een\u00ed: Kuku\u0159i\u010dn\u00fd \u0161krob (PLA), Candelilov\u00fd vosk.<br \/>\nD\u00e9lka prov\u00e1zku: 3 000 cm (30 m)<br \/>\nKompostovateln\u00e9 \u267b\ufe0f.<\/p>\n","protected":false},"featured_media":236,"comment_status":"open","ping_status":"closed","template":"","meta":[],"product_cat":[49,54],"product_tag":[],"_links":{"self":[{"href":"https:\/\/yoni.life\/cs\/wp-json\/wp\/v2\/product\/232"}],"collection":[{"href":"https:\/\/yoni.life\/cs\/wp-json\/wp\/v2\/product"}],"about":[{"href":"https:\/\/yoni.life\/cs\/wp-json\/wp\/v2\/types\/product"}],"replies":[{"embeddable":true,"href":"https:\/\/yoni.life\/cs\/wp-json\/wp\/v2\/comments?post=232"}],"version-history":[{"count":1,"href":"https:\/\/yoni.life\/cs\/wp-json\/wp\/v2\/product\/232\/revisions"}],"predecessor-version":[{"id":82785,"href":"https:\/\/yoni.life\/cs\/wp-json\/wp\/v2\/product\/232\/revisions\/82785"}],"wp:featuredmedia":[{"embeddable":true,"href":"https:\/\/yoni.life\/cs\/wp-json\/wp\/v2\/media\/236"}],"wp:attachment":[{"href":"https:\/\/yoni.life\/cs\/wp-json\/wp\/v2\/media?parent=232"}],"wp:term":[{"taxonomy":"product_cat","embeddable":true,"href":"https:\/\/yoni.life\/cs\/wp-json\/wp\/v2\/product_cat?post=232"},{"taxonomy":"product_tag","embeddable":true,"href":"https:\/\/yoni.life\/cs\/wp-json\/wp\/v2\/product_tag?post=232"}],"curies":[{"name":"wp","href":"https:\/\/api.w.org\/{rel}","templated":true}]}}