{"id":72781,"date":"2021-05-07T12:25:47","date_gmt":"2021-05-07T11:25:47","guid":{"rendered":"https:\/\/yoni.life\/cs\/?post_type=product&#038;p=72781"},"modified":"2023-03-30T13:43:34","modified_gmt":"2023-03-30T12:43:34","slug":"kartac-na-vajicka","status":"publish","type":"product","link":"https:\/\/yoni.life\/cs\/p\/kartac-na-vajicka\/","title":{"rendered":"Kart\u00e1\u010d na \u010di\u0161t\u011bn\u00ed Yoni vaj\u00ed\u010dek"},"content":{"rendered":"","protected":false},"excerpt":{"rendered":"<p>Kart\u00e1\u010d na \u010di\u0161t\u011bn\u00ed <a href=\"https:\/\/yoni.life\/cs\/p\/yoni-vajicko\/\">na\u0161ich Yoni vaj\u00ed\u010dek<\/a><\/p>\n<p>Vejde se do krabi\u010dky s vaj\u00ed\u010dky i do samotn\u00e9ho pytl\u00ed\u010dku pro Yoni vaj\u00ed\u010dka (kter\u00fd je sou\u010dast\u00ed n\u00e1kupu <a href=\"https:\/\/yoni.life\/cs\/p\/yoni-vajicko\/\">Yoni vaj\u00ed\u010dka<\/a> ).<\/p>\n","protected":false},"featured_media":72782,"comment_status":"open","ping_status":"closed","template":"","meta":[],"product_cat":[17],"product_tag":[],"_links":{"self":[{"href":"https:\/\/yoni.life\/cs\/wp-json\/wp\/v2\/product\/72781"}],"collection":[{"href":"https:\/\/yoni.life\/cs\/wp-json\/wp\/v2\/product"}],"about":[{"href":"https:\/\/yoni.life\/cs\/wp-json\/wp\/v2\/types\/product"}],"replies":[{"embeddable":true,"href":"https:\/\/yoni.life\/cs\/wp-json\/wp\/v2\/comments?post=72781"}],"version-history":[{"count":2,"href":"https:\/\/yoni.life\/cs\/wp-json\/wp\/v2\/product\/72781\/revisions"}],"predecessor-version":[{"id":82941,"href":"https:\/\/yoni.life\/cs\/wp-json\/wp\/v2\/product\/72781\/revisions\/82941"}],"wp:featuredmedia":[{"embeddable":true,"href":"https:\/\/yoni.life\/cs\/wp-json\/wp\/v2\/media\/72782"}],"wp:attachment":[{"href":"https:\/\/yoni.life\/cs\/wp-json\/wp\/v2\/media?parent=72781"}],"wp:term":[{"taxonomy":"product_cat","embeddable":true,"href":"https:\/\/yoni.life\/cs\/wp-json\/wp\/v2\/product_cat?post=72781"},{"taxonomy":"product_tag","embeddable":true,"href":"https:\/\/yoni.life\/cs\/wp-json\/wp\/v2\/product_tag?post=72781"}],"curies":[{"name":"wp","href":"https:\/\/api.w.org\/{rel}","templated":true}]}}