{"id":69,"date":"2020-09-30T13:39:12","date_gmt":"2020-09-30T13:39:12","guid":{"rendered":"https:\/\/yoni.life\/fr\/?page_id=69"},"modified":"2021-09-28T15:22:36","modified_gmt":"2021-09-28T14:22:36","slug":"welcome-home","status":"publish","type":"page","link":"https:\/\/yoni.life\/fr\/","title":{"rendered":"Bienvenue chez nous"},"content":{"rendered":"\t\t<div data-elementor-type=\"wp-page\" data-elementor-id=\"69\" class=\"elementor elementor-69\" data-elementor-settings=\"[]\">\n\t\t\t\t\t\t<div class=\"elementor-inner\">\n\t\t\t\t\t\t\t<div class=\"elementor-section-wrap\">\n\t\t\t\t\t\t\t<section class=\"elementor-section elementor-top-section elementor-element elementor-element-62b5fff elementor-section-full_width elementor-section-height-full elementor-section-height-default elementor-section-items-middle\" data-id=\"62b5fff\" data-element_type=\"section\" data-settings=\"{&quot;background_background&quot;:&quot;classic&quot;}\">\n\t\t\t\t\t\t<div class=\"elementor-container elementor-column-gap-default\">\n\t\t\t\t\t\t\t<div class=\"elementor-row\">\n\t\t\t\t\t<div class=\"elementor-column elementor-col-25 elementor-top-column elementor-element elementor-element-eedae36\" data-id=\"eedae36\" data-element_type=\"column\">\n\t\t\t<div class=\"elementor-column-wrap\">\n\t\t\t\t\t\t\t<div class=\"elementor-widget-wrap\">\n\t\t\t\t\t\t\t\t<\/div>\n\t\t\t\t\t<\/div>\n\t\t<\/div>\n\t\t\t\t<div class=\"elementor-column elementor-col-50 elementor-top-column elementor-element elementor-element-661fa82\" data-id=\"661fa82\" data-element_type=\"column\">\n\t\t\t<div class=\"elementor-column-wrap elementor-element-populated\">\n\t\t\t\t\t\t\t<div class=\"elementor-widget-wrap\">\n\t\t\t\t\t\t<div class=\"elementor-element elementor-element-0036af2 elementor-widget elementor-widget-heading\" data-id=\"0036af2\" data-element_type=\"widget\" data-widget_type=\"heading.default\">\n\t\t\t\t<div class=\"elementor-widget-container\">\n\t\t\t<h1 class=\"elementor-heading-title elementor-size-default\">yoni<\/h1>\t\t<\/div>\n\t\t\t\t<\/div>\n\t\t\t\t<div class=\"elementor-element elementor-element-47f7e3e elementor-widget elementor-widget-text-editor\" data-id=\"47f7e3e\" data-element_type=\"widget\" data-widget_type=\"text-editor.default\">\n\t\t\t\t<div class=\"elementor-widget-container\">\n\t\t\t\t\t\t\t\t<div class=\"elementor-text-editor elementor-clearfix\">\n\t\t\t\tPorte sacr\u00e9e de toutes les naissances. C\u2019est la source du pouvoir cr\u00e9atif f\u00e9minin. La repr\u00e9sentation de votre d\u00e9esse int\u00e9rieure. Une partie de vous qui offre la possibilit\u00e9 de gu\u00e9rir \u00e0 tous les niveaux \u2013 corps, \u00e2me et esprit.\n\t\t\t\t\t<\/div>\n\t\t\t\t\t\t<\/div>\n\t\t\t\t<\/div>\n\t\t\t\t\t\t<\/div>\n\t\t\t\t\t<\/div>\n\t\t<\/div>\n\t\t\t\t<div class=\"elementor-column elementor-col-25 elementor-top-column elementor-element elementor-element-552123d\" data-id=\"552123d\" data-element_type=\"column\">\n\t\t\t<div class=\"elementor-column-wrap\">\n\t\t\t\t\t\t\t<div class=\"elementor-widget-wrap\">\n\t\t\t\t\t\t\t\t<\/div>\n\t\t\t\t\t<\/div>\n\t\t<\/div>\n\t\t\t\t\t\t\t\t<\/div>\n\t\t\t\t\t<\/div>\n\t\t<\/section>\n\t\t\t\t<section class=\"elementor-section elementor-top-section elementor-element elementor-element-9073322 elementor-section-full_width elementor-section-height-default elementor-section-height-default\" data-id=\"9073322\" data-element_type=\"section\" data-settings=\"{&quot;background_background&quot;:&quot;classic&quot;}\">\n\t\t\t\t\t\t<div class=\"elementor-container elementor-column-gap-default\">\n\t\t\t\t\t\t\t<div class=\"elementor-row\">\n\t\t\t\t\t<div class=\"elementor-column elementor-col-100 elementor-top-column elementor-element elementor-element-a06356e\" data-id=\"a06356e\" data-element_type=\"column\">\n\t\t\t<div class=\"elementor-column-wrap elementor-element-populated\">\n\t\t\t\t\t\t\t<div class=\"elementor-widget-wrap\">\n\t\t\t\t\t\t<div class=\"elementor-element elementor-element-4205d4b elementor-widget elementor-widget-image\" data-id=\"4205d4b\" data-element_type=\"widget\" data-widget_type=\"image.default\">\n\t\t\t\t<div class=\"elementor-widget-container\">\n\t\t\t\t\t\t\t\t<div class=\"elementor-image\">\n\t\t\t\t\t\t\t\t\t\t\t\t<img loading=\"lazy\" decoding=\"async\" width=\"800\" height=\"35\" src=\"https:\/\/yoni.life\/fr\/wp-content\/uploads\/sites\/4\/2020\/09\/loga-sede-web-1024x45.png\" class=\"attachment-large size-large\" alt=\"\" srcset=\"https:\/\/yoni.life\/fr\/wp-content\/uploads\/sites\/4\/2020\/09\/loga-sede-web-1024x45.png 1024w, https:\/\/yoni.life\/fr\/wp-content\/uploads\/sites\/4\/2020\/09\/loga-sede-web-300x13.png 300w, https:\/\/yoni.life\/fr\/wp-content\/uploads\/sites\/4\/2020\/09\/loga-sede-web-768x34.png 768w, https:\/\/yoni.life\/fr\/wp-content\/uploads\/sites\/4\/2020\/09\/loga-sede-web-600x26.png 600w, https:\/\/yoni.life\/fr\/wp-content\/uploads\/sites\/4\/2020\/09\/loga-sede-web.png 1440w\" sizes=\"(max-width: 800px) 100vw, 800px\" \/>\t\t\t\t\t\t\t\t\t\t\t\t\t\t<\/div>\n\t\t\t\t\t\t<\/div>\n\t\t\t\t<\/div>\n\t\t\t\t\t\t<\/div>\n\t\t\t\t\t<\/div>\n\t\t<\/div>\n\t\t\t\t\t\t\t\t<\/div>\n\t\t\t\t\t<\/div>\n\t\t<\/section>\n\t\t\t\t<section class=\"elementor-section elementor-top-section elementor-element elementor-element-46afa0c elementor-section-full_width elementor-section-height-default elementor-section-height-default\" data-id=\"46afa0c\" data-element_type=\"section\">\n\t\t\t\t\t\t<div class=\"elementor-container elementor-column-gap-default\">\n\t\t\t\t\t\t\t<div class=\"elementor-row\">\n\t\t\t\t\t<div class=\"elementor-column elementor-col-100 elementor-top-column elementor-element elementor-element-eabbc6a\" data-id=\"eabbc6a\" data-element_type=\"column\">\n\t\t\t<div class=\"elementor-column-wrap elementor-element-populated\">\n\t\t\t\t\t\t\t<div class=\"elementor-widget-wrap\">\n\t\t\t\t\t\t<div class=\"elementor-element elementor-element-bfc7219 elementor-widget elementor-widget-heading\" data-id=\"bfc7219\" data-element_type=\"widget\" data-widget_type=\"heading.default\">\n\t\t\t\t<div class=\"elementor-widget-container\">\n\t\t\t<h2 class=\"elementor-heading-title elementor-size-default\">\u0153uf de Yoni<\/h2>\t\t<\/div>\n\t\t\t\t<\/div>\n\t\t\t\t<div class=\"elementor-element elementor-element-b86ab1f elementor-widget elementor-widget-heading\" data-id=\"b86ab1f\" data-element_type=\"widget\" data-widget_type=\"heading.default\">\n\t\t\t\t<div class=\"elementor-widget-container\">\n\t\t\t<h2 class=\"elementor-heading-title elementor-size-default\">\u00c9veillez vos sens naturels.<br>\nR\u00e9veillez la d\u00e9esse qui est en vous.<\/h2>\t\t<\/div>\n\t\t\t\t<\/div>\n\t\t\t\t<section class=\"elementor-section elementor-inner-section elementor-element elementor-element-9c98be6 elementor-section-boxed elementor-section-height-default elementor-section-height-default\" data-id=\"9c98be6\" data-element_type=\"section\">\n\t\t\t\t\t\t<div class=\"elementor-container elementor-column-gap-default\">\n\t\t\t\t\t\t\t<div class=\"elementor-row\">\n\t\t\t\t\t<div class=\"elementor-column elementor-col-50 elementor-inner-column elementor-element elementor-element-978cd11\" data-id=\"978cd11\" data-element_type=\"column\">\n\t\t\t<div class=\"elementor-column-wrap elementor-element-populated\">\n\t\t\t\t\t\t\t<div class=\"elementor-widget-wrap\">\n\t\t\t\t\t\t<div class=\"elementor-element elementor-element-b37b05f elementor-align-right elementor-mobile-align-center elementor-widget elementor-widget-button\" data-id=\"b37b05f\" data-element_type=\"widget\" data-widget_type=\"button.default\">\n\t\t\t\t<div class=\"elementor-widget-container\">\n\t\t\t\t\t<div class=\"elementor-button-wrapper\">\n\t\t\t<a href=\"https:\/\/yoni.life\/fr\/p\/yoni-egg\/\" class=\"elementor-button-link elementor-button elementor-size-sm elementor-animation-grow\" role=\"button\">\n\t\t\t\t\t\t<span class=\"elementor-button-content-wrapper\">\n\t\t\t\t\t\t<span class=\"elementor-button-text\">Acheter<\/span>\n\t\t<\/span>\n\t\t\t\t\t<\/a>\n\t\t<\/div>\n\t\t\t\t<\/div>\n\t\t\t\t<\/div>\n\t\t\t\t\t\t<\/div>\n\t\t\t\t\t<\/div>\n\t\t<\/div>\n\t\t\t\t<div class=\"elementor-column elementor-col-50 elementor-inner-column elementor-element elementor-element-f713b06\" data-id=\"f713b06\" data-element_type=\"column\">\n\t\t\t<div class=\"elementor-column-wrap elementor-element-populated\">\n\t\t\t\t\t\t\t<div class=\"elementor-widget-wrap\">\n\t\t\t\t\t\t<div class=\"elementor-element elementor-element-b0858ed elementor-align-left elementor-mobile-align-center elementor-widget elementor-widget-button\" data-id=\"b0858ed\" data-element_type=\"widget\" data-widget_type=\"button.default\">\n\t\t\t\t<div class=\"elementor-widget-container\">\n\t\t\t\t\t<div class=\"elementor-button-wrapper\">\n\t\t\t<a href=\"https:\/\/yoni.life\/fr\/yoni-egg\/\" class=\"elementor-button-link elementor-button elementor-size-sm elementor-animation-grow\" role=\"button\">\n\t\t\t\t\t\t<span class=\"elementor-button-content-wrapper\">\n\t\t\t\t\t\t<span class=\"elementor-button-text\">En savoir plus<\/span>\n\t\t<\/span>\n\t\t\t\t\t<\/a>\n\t\t<\/div>\n\t\t\t\t<\/div>\n\t\t\t\t<\/div>\n\t\t\t\t\t\t<\/div>\n\t\t\t\t\t<\/div>\n\t\t<\/div>\n\t\t\t\t\t\t\t\t<\/div>\n\t\t\t\t\t<\/div>\n\t\t<\/section>\n\t\t\t\t<div class=\"elementor-element elementor-element-75f2a29 elementor-widget elementor-widget-image\" data-id=\"75f2a29\" data-element_type=\"widget\" data-widget_type=\"image.default\">\n\t\t\t\t<div class=\"elementor-widget-container\">\n\t\t\t\t\t\t\t\t<div class=\"elementor-image\">\n\t\t\t\t\t\t\t\t\t\t\t\t<img loading=\"lazy\" decoding=\"async\" width=\"550\" height=\"550\" src=\"https:\/\/yoni.life\/fr\/wp-content\/uploads\/sites\/4\/2020\/09\/1-fotka-2.jpg\" class=\"attachment-medium_large size-medium_large\" alt=\"Yoni eggs in wooden basket\" srcset=\"https:\/\/yoni.life\/fr\/wp-content\/uploads\/sites\/4\/2020\/09\/1-fotka-2.jpg 550w, https:\/\/yoni.life\/fr\/wp-content\/uploads\/sites\/4\/2020\/09\/1-fotka-2-300x300.jpg 300w, https:\/\/yoni.life\/fr\/wp-content\/uploads\/sites\/4\/2020\/09\/1-fotka-2-150x150.jpg 150w, https:\/\/yoni.life\/fr\/wp-content\/uploads\/sites\/4\/2020\/09\/1-fotka-2-100x100.jpg 100w\" sizes=\"(max-width: 550px) 100vw, 550px\" \/>\t\t\t\t\t\t\t\t\t\t\t\t\t\t<\/div>\n\t\t\t\t\t\t<\/div>\n\t\t\t\t<\/div>\n\t\t\t\t<div class=\"elementor-element elementor-element-0549c71 elementor-widget elementor-widget-heading\" data-id=\"0549c71\" data-element_type=\"widget\" data-widget_type=\"heading.default\">\n\t\t\t\t<div class=\"elementor-widget-container\">\n\t\t\t<h2 class=\"elementor-heading-title elementor-size-default\">Plus de produits<\/h2>\t\t<\/div>\n\t\t\t\t<\/div>\n\t\t\t\t\t\t<\/div>\n\t\t\t\t\t<\/div>\n\t\t<\/div>\n\t\t\t\t\t\t\t\t<\/div>\n\t\t\t\t\t<\/div>\n\t\t<\/section>\n\t\t\t\t<section class=\"elementor-section elementor-top-section elementor-element elementor-element-38cf898 elementor-section-boxed elementor-section-height-default elementor-section-height-default\" data-id=\"38cf898\" data-element_type=\"section\">\n\t\t\t\t\t\t<div class=\"elementor-container elementor-column-gap-default\">\n\t\t\t\t\t\t\t<div class=\"elementor-row\">\n\t\t\t\t\t<div class=\"elementor-column elementor-col-100 elementor-top-column elementor-element elementor-element-bcb1c2a\" data-id=\"bcb1c2a\" data-element_type=\"column\">\n\t\t\t<div class=\"elementor-column-wrap elementor-element-populated\">\n\t\t\t\t\t\t\t<div class=\"elementor-widget-wrap\">\n\t\t\t\t\t\t<div class=\"elementor-element elementor-element-244cbde elementor-grid-3 elementor-grid-mobile-3 elementor-product-loop-item--align-center elementor-grid-tablet-3 elementor-products-grid elementor-wc-products elementor-widget elementor-widget-woocommerce-products\" data-id=\"244cbde\" data-element_type=\"widget\" data-widget_type=\"woocommerce-products.default\">\n\t\t\t\t<div class=\"elementor-widget-container\">\n\t\t\t<div class=\"woocommerce columns-3 \"><ul class=\"products elementor-grid columns-3\">\n<li class=\"product type-product post-1871 status-publish first instock product_cat-accessories has-post-thumbnail taxable shipping-taxable purchasable product-type-simple\">\n\t<a href=\"https:\/\/yoni.life\/fr\/p\/brush-for-yoni-egg\/\" class=\"woocommerce-LoopProduct-link woocommerce-loop-product__link\"><img loading=\"lazy\" decoding=\"async\" width=\"300\" height=\"300\" src=\"https:\/\/yoni.life\/fr\/wp-content\/uploads\/sites\/4\/2021\/05\/kartac-k-yoni-vajicku-kopie-300x300.jpg\" class=\"attachment-woocommerce_thumbnail size-woocommerce_thumbnail\" alt=\"Brush for cleaning Yoni egg\" srcset=\"https:\/\/yoni.life\/fr\/wp-content\/uploads\/sites\/4\/2021\/05\/kartac-k-yoni-vajicku-kopie-300x300.jpg 300w, https:\/\/yoni.life\/fr\/wp-content\/uploads\/sites\/4\/2021\/05\/kartac-k-yoni-vajicku-kopie-150x150.jpg 150w, https:\/\/yoni.life\/fr\/wp-content\/uploads\/sites\/4\/2021\/05\/kartac-k-yoni-vajicku-kopie-100x100.jpg 100w\" sizes=\"(max-width: 300px) 100vw, 300px\" \/><h2 class=\"woocommerce-loop-product__title\">Brosse pour l\u2019\u0153uf de Yoni<\/h2>\n\t<span class=\"price\"><span class=\"woocommerce-Price-amount amount\"><bdi><span class=\"woocommerce-Price-currencySymbol\">&euro;<\/span>1,31<\/bdi><\/span><\/span>\n<\/a><a href=\"?add-to-cart=1871\" data-quantity=\"1\" class=\"button product_type_simple add_to_cart_button ajax_add_to_cart\" data-product_id=\"1871\" data-product_sku=\"\" aria-label=\"Ajouter au panier\u00a0: &ldquo;Brosse pour l\u2019\u0153uf de Yoni&rdquo;\" aria-describedby=\"\" rel=\"nofollow\">Ajouter au panier<\/a><\/li>\n<li class=\"product type-product post-1560 status-publish instock product_cat-pelvic-floor product_cat-health product_tag-config has-post-thumbnail taxable shipping-taxable purchasable product-type-variable\">\n\t<a href=\"https:\/\/yoni.life\/fr\/p\/yoni-egg-custom-set\/\" class=\"woocommerce-LoopProduct-link woocommerce-loop-product__link\"><img loading=\"lazy\" decoding=\"async\" width=\"300\" height=\"300\" src=\"https:\/\/yoni.life\/fr\/wp-content\/uploads\/sites\/4\/2021\/02\/poskaldej-1-300x300.jpg\" class=\"attachment-woocommerce_thumbnail size-woocommerce_thumbnail\" alt=\"put your own Yoni eggs set together, choose your stones\" srcset=\"https:\/\/yoni.life\/fr\/wp-content\/uploads\/sites\/4\/2021\/02\/poskaldej-1-300x300.jpg 300w, https:\/\/yoni.life\/fr\/wp-content\/uploads\/sites\/4\/2021\/02\/poskaldej-1-150x150.jpg 150w, https:\/\/yoni.life\/fr\/wp-content\/uploads\/sites\/4\/2021\/02\/poskaldej-1-100x100.jpg 100w, https:\/\/yoni.life\/fr\/wp-content\/uploads\/sites\/4\/2021\/02\/poskaldej-1.jpg 550w\" sizes=\"(max-width: 300px) 100vw, 300px\" \/><h2 class=\"woocommerce-loop-product__title\">Set d\u2019\u0153ufs de Yoni personnalis\u00e9<\/h2>\n\t<span class=\"price\"><span class=\"woocommerce-Price-amount amount\"><bdi><span class=\"woocommerce-Price-currencySymbol\">&euro;<\/span>111,00<\/bdi><\/span><\/span>\n<\/a><a href=\"https:\/\/yoni.life\/fr\/p\/yoni-egg-custom-set\/\" data-quantity=\"1\" class=\"button product_type_variable add_to_cart_button\" data-product_id=\"1560\" data-product_sku=\"custom-yoni-egg-set\" aria-label=\"S\u00e9lectionner les options pour &ldquo;Set d\u2019\u0153ufs de Yoni personnalis\u00e9&rdquo;\" aria-describedby=\"Ce produit a plusieurs variations. Les options peuvent \u00eatre choisies sur la page du produit\" rel=\"nofollow\">Choix des options<\/a><\/li>\n<li class=\"product type-product post-232 status-publish last instock product_cat-accessories product_cat-zero-waste has-post-thumbnail taxable shipping-taxable purchasable product-type-simple\">\n\t<a href=\"https:\/\/yoni.life\/fr\/p\/string-for-yoni-egg\/\" class=\"woocommerce-LoopProduct-link woocommerce-loop-product__link\"><img loading=\"lazy\" decoding=\"async\" width=\"300\" height=\"300\" src=\"https:\/\/yoni.life\/fr\/wp-content\/uploads\/sites\/4\/2020\/10\/IMG_2360_Facetune_10-04-2020-11-46-55-300x300.jpg\" class=\"attachment-woocommerce_thumbnail size-woocommerce_thumbnail\" alt=\"Yoni egg string biodegradable\" srcset=\"https:\/\/yoni.life\/fr\/wp-content\/uploads\/sites\/4\/2020\/10\/IMG_2360_Facetune_10-04-2020-11-46-55-300x300.jpg 300w, https:\/\/yoni.life\/fr\/wp-content\/uploads\/sites\/4\/2020\/10\/IMG_2360_Facetune_10-04-2020-11-46-55-150x150.jpg 150w, https:\/\/yoni.life\/fr\/wp-content\/uploads\/sites\/4\/2020\/10\/IMG_2360_Facetune_10-04-2020-11-46-55-100x100.jpg 100w, https:\/\/yoni.life\/fr\/wp-content\/uploads\/sites\/4\/2020\/10\/IMG_2360_Facetune_10-04-2020-11-46-55.jpg 600w\" sizes=\"(max-width: 300px) 100vw, 300px\" \/><h2 class=\"woocommerce-loop-product__title\">Cordon pour l\u2019\u0153uf de Yoni<\/h2>\n\t<span class=\"price\"><span class=\"woocommerce-Price-amount amount\"><bdi><span class=\"woocommerce-Price-currencySymbol\">&euro;<\/span>4,44<\/bdi><\/span><\/span>\n<\/a><a href=\"?add-to-cart=232\" data-quantity=\"1\" class=\"button product_type_simple add_to_cart_button ajax_add_to_cart\" data-product_id=\"232\" data-product_sku=\"egg-string\" aria-label=\"Ajouter au panier\u00a0: &ldquo;Cordon pour l\u2019\u0153uf de Yoni&rdquo;\" aria-describedby=\"\" rel=\"nofollow\">Ajouter au panier<\/a><\/li>\n<\/ul>\n<\/div>\t\t<\/div>\n\t\t\t\t<\/div>\n\t\t\t\t\t\t<\/div>\n\t\t\t\t\t<\/div>\n\t\t<\/div>\n\t\t\t\t\t\t\t\t<\/div>\n\t\t\t\t\t<\/div>\n\t\t<\/section>\n\t\t\t\t<section class=\"elementor-section elementor-top-section elementor-element elementor-element-3cc80b3 elementor-section-full_width elementor-section-height-default elementor-section-height-default\" data-id=\"3cc80b3\" data-element_type=\"section\" data-settings=\"{&quot;background_background&quot;:&quot;classic&quot;}\">\n\t\t\t\t\t\t<div class=\"elementor-container elementor-column-gap-default\">\n\t\t\t\t\t\t\t<div class=\"elementor-row\">\n\t\t\t\t\t<div class=\"elementor-column elementor-col-50 elementor-top-column elementor-element elementor-element-85d911f\" data-id=\"85d911f\" data-element_type=\"column\">\n\t\t\t<div class=\"elementor-column-wrap elementor-element-populated\">\n\t\t\t\t\t\t\t<div class=\"elementor-widget-wrap\">\n\t\t\t\t\t\t<div class=\"elementor-element elementor-element-d5ae656 elementor-widget elementor-widget-text-editor\" data-id=\"d5ae656\" data-element_type=\"widget\" data-widget_type=\"text-editor.default\">\n\t\t\t\t<div class=\"elementor-widget-container\">\n\t\t\t\t\t\t\t\t<div class=\"elementor-text-editor elementor-clearfix\">\n\t\t\t\t<h3 style=\"line-height: 1.4; color: white; margin: 0px; font-size: 22px; padding: 0px; border: 0px; font-variant-ligatures: normal; font-variant-numeric: inherit; font-variant-east-asian: inherit; font-stretch: inherit; vertical-align: baseline; orphans: 2; widows: 2; font-family: roboto !important;\">La cl\u00e9 du succ\u00e8s est d\u2019\u00eatre bien inform\u00e9. Consultez notre blog et d\u00e9couvrez une nouvelle perspective\u2009!\n<\/h3>\t\t\t\t\t<\/div>\n\t\t\t\t\t\t<\/div>\n\t\t\t\t<\/div>\n\t\t\t\t<div class=\"elementor-element elementor-element-a887975 elementor-align-center elementor-widget elementor-widget-button\" data-id=\"a887975\" data-element_type=\"widget\" data-widget_type=\"button.default\">\n\t\t\t\t<div class=\"elementor-widget-container\">\n\t\t\t\t\t<div class=\"elementor-button-wrapper\">\n\t\t\t<a href=\"https:\/\/yoni.life\/fr\/blog\/\" class=\"elementor-button-link elementor-button elementor-size-sm\" role=\"button\">\n\t\t\t\t\t\t<span class=\"elementor-button-content-wrapper\">\n\t\t\t\t\t\t<span class=\"elementor-button-text\">LIRE LE BLOG<\/span>\n\t\t<\/span>\n\t\t\t\t\t<\/a>\n\t\t<\/div>\n\t\t\t\t<\/div>\n\t\t\t\t<\/div>\n\t\t\t\t\t\t<\/div>\n\t\t\t\t\t<\/div>\n\t\t<\/div>\n\t\t\t\t<div class=\"elementor-column elementor-col-50 elementor-top-column elementor-element elementor-element-eddea81\" data-id=\"eddea81\" data-element_type=\"column\">\n\t\t\t<div class=\"elementor-column-wrap elementor-element-populated\">\n\t\t\t\t\t\t\t<div class=\"elementor-widget-wrap\">\n\t\t\t\t\t\t\t\t<\/div>\n\t\t\t\t\t<\/div>\n\t\t<\/div>\n\t\t\t\t\t\t\t\t<\/div>\n\t\t\t\t\t<\/div>\n\t\t<\/section>\n\t\t\t\t\t\t<\/div>\n\t\t\t\t\t\t<\/div>\n\t\t\t\t\t<\/div>\n\t\t","protected":false},"excerpt":{"rendered":"<p>yoni Porte sacr\u00e9e de toutes les naissances. C\u2019est la source du pouvoir cr\u00e9atif f\u00e9minin. La repr\u00e9sentation de votre d\u00e9esse int\u00e9rieure. Une partie de vous qui offre la possibilit\u00e9 de gu\u00e9rir \u00e0 tous les niveaux \u2013 corps, \u00e2me et esprit. \u0153uf de Yoni \u00c9veillez vos sens naturels. R\u00e9veillez la d\u00e9esse qui est en vous. Acheter En [&hellip;]<\/p>\n","protected":false},"author":1,"featured_media":0,"parent":0,"menu_order":0,"comment_status":"closed","ping_status":"closed","template":"","meta":{"footnotes":""},"_links":{"self":[{"href":"https:\/\/yoni.life\/fr\/wp-json\/wp\/v2\/pages\/69"}],"collection":[{"href":"https:\/\/yoni.life\/fr\/wp-json\/wp\/v2\/pages"}],"about":[{"href":"https:\/\/yoni.life\/fr\/wp-json\/wp\/v2\/types\/page"}],"author":[{"embeddable":true,"href":"https:\/\/yoni.life\/fr\/wp-json\/wp\/v2\/users\/1"}],"replies":[{"embeddable":true,"href":"https:\/\/yoni.life\/fr\/wp-json\/wp\/v2\/comments?post=69"}],"version-history":[{"count":139,"href":"https:\/\/yoni.life\/fr\/wp-json\/wp\/v2\/pages\/69\/revisions"}],"predecessor-version":[{"id":2908,"href":"https:\/\/yoni.life\/fr\/wp-json\/wp\/v2\/pages\/69\/revisions\/2908"}],"wp:attachment":[{"href":"https:\/\/yoni.life\/fr\/wp-json\/wp\/v2\/media?parent=69"}],"curies":[{"name":"wp","href":"https:\/\/api.w.org\/{rel}","templated":true}]}}