{"id":945,"date":"2020-10-23T11:22:45","date_gmt":"2020-10-23T11:22:45","guid":{"rendered":"https:\/\/yoni.life\/fr\/?page_id=945"},"modified":"2021-09-29T10:05:10","modified_gmt":"2021-09-29T09:05:10","slug":"faq","status":"publish","type":"page","link":"https:\/\/yoni.life\/fr\/faq\/","title":{"rendered":"FAQ"},"content":{"rendered":"\t\t<div data-elementor-type=\"wp-page\" data-elementor-id=\"945\" class=\"elementor elementor-945\" data-elementor-settings=\"[]\">\n\t\t\t\t\t\t<div class=\"elementor-inner\">\n\t\t\t\t\t\t\t<div class=\"elementor-section-wrap\">\n\t\t\t\t\t\t\t<section class=\"elementor-section elementor-top-section elementor-element elementor-element-b7caa6e elementor-section-boxed elementor-section-height-default elementor-section-height-default\" data-id=\"b7caa6e\" data-element_type=\"section\">\n\t\t\t\t\t\t<div class=\"elementor-container elementor-column-gap-default\">\n\t\t\t\t\t\t\t<div class=\"elementor-row\">\n\t\t\t\t\t<div class=\"elementor-column elementor-col-100 elementor-top-column elementor-element elementor-element-6af14b2\" data-id=\"6af14b2\" data-element_type=\"column\">\n\t\t\t<div class=\"elementor-column-wrap elementor-element-populated\">\n\t\t\t\t\t\t\t<div class=\"elementor-widget-wrap\">\n\t\t\t\t\t\t<div class=\"elementor-element elementor-element-eb87556 elementor-widget elementor-widget-heading\" data-id=\"eb87556\" data-element_type=\"widget\" data-widget_type=\"heading.default\">\n\t\t\t\t<div class=\"elementor-widget-container\">\n\t\t\t<h2 class=\"elementor-heading-title elementor-size-default\">FAQ<\/h2>\t\t<\/div>\n\t\t\t\t<\/div>\n\t\t\t\t<div class=\"elementor-element elementor-element-2ca6207 elementor-tabs-view-horizontal elementor-widget elementor-widget-tabs\" data-id=\"2ca6207\" data-element_type=\"widget\" data-widget_type=\"tabs.default\">\n\t\t\t\t<div class=\"elementor-widget-container\">\n\t\t\t\t\t<div class=\"elementor-tabs\">\n\t\t\t<div class=\"elementor-tabs-wrapper\" role=\"tablist\" >\n\t\t\t\t\t\t\t\t\t<div id=\"elementor-tab-title-4681\" class=\"elementor-tab-title elementor-tab-desktop-title\" aria-selected=\"true\" data-tab=\"1\" role=\"tab\" tabindex=\"0\" aria-controls=\"elementor-tab-content-4681\" aria-expanded=\"false\"><a href=\"\">Livraison<\/a><\/div>\n\t\t\t\t\t\t\t\t\t<div id=\"elementor-tab-title-4682\" class=\"elementor-tab-title elementor-tab-desktop-title\" aria-selected=\"false\" data-tab=\"2\" role=\"tab\" tabindex=\"-1\" aria-controls=\"elementor-tab-content-4682\" aria-expanded=\"false\"><a href=\"\">Retours<\/a><\/div>\n\t\t\t\t\t\t\t\t\t<div id=\"elementor-tab-title-4683\" class=\"elementor-tab-title elementor-tab-desktop-title\" aria-selected=\"false\" data-tab=\"3\" role=\"tab\" tabindex=\"-1\" aria-controls=\"elementor-tab-content-4683\" aria-expanded=\"false\"><a href=\"\">\u0152uf de YONI<\/a><\/div>\n\t\t\t\t\t\t\t<\/div>\n\t\t\t<div class=\"elementor-tabs-content-wrapper\" role=\"tablist\" aria-orientation=\"vertical\">\n\t\t\t\t\t\t\t\t\t<div class=\"elementor-tab-title elementor-tab-mobile-title\" aria-selected=\"true\" data-tab=\"1\" role=\"tab\" tabindex=\"0\" aria-controls=\"elementor-tab-content-4681\" aria-expanded=\"false\">Livraison<\/div>\n\t\t\t\t\t<div id=\"elementor-tab-content-4681\" class=\"elementor-tab-content elementor-clearfix\" data-tab=\"1\" role=\"tabpanel\" aria-labelledby=\"elementor-tab-title-4681\" tabindex=\"0\" hidden=\"false\"><p><b>Nous accordons une grande importance \u00e0 tous nos clients, et votre satisfaction est notre objectif. C\u2019est pourquoi nous nous effor\u00e7ons toujours de faire parvenir vos commandes \u00e0 vos portes le plus rapidement possible.<\/b><\/p><h2><span data-preserver-spaces=\"true\">TEMPS DE TRANSPORT<\/span><\/h2><h3>France<\/h3><p><strong>Nous exp\u00e9dions par Colissimo de La poste ou Colis Priv\u00e9.<\/strong><\/p><p>Colissimo \u2013 La Poste\u00a03-15\u00a0jours.<\/p><p>Colis Priv\u00e9 2-7\u00a0jours.<\/p><p style=\"font-size: 16px;\">\u00a0<\/p><h2>Reste de l\u2019Europe<\/h2><p><b>Exp\u00e9dition \u00e9conomique\u00a0:<\/b> 5 \u00e0 15\u00a0jours.<\/p><p>Chypre, Malte, Portugal, Royaume-Uni +2\u00a0jours.<\/p><p><b>Express<\/b> \u2013 1-3\u00a0jours.<\/p><p>\u00a0<\/p><p>Des achats dans le monde entier\u2009? Veuillez visiter notre magasin mondial \u00e0 <a href=\"https:\/\/yoni.life\/shop\/\">https:\/\/yoni.life\/shop\/<\/a><\/p><\/div>\n\t\t\t\t\t\t\t\t\t<div class=\"elementor-tab-title elementor-tab-mobile-title\" aria-selected=\"false\" data-tab=\"2\" role=\"tab\" tabindex=\"-1\" aria-controls=\"elementor-tab-content-4682\" aria-expanded=\"false\">Retours<\/div>\n\t\t\t\t\t<div id=\"elementor-tab-content-4682\" class=\"elementor-tab-content elementor-clearfix\" data-tab=\"2\" role=\"tabpanel\" aria-labelledby=\"elementor-tab-title-4682\" tabindex=\"0\" hidden=\"hidden\"><p><b>Nous sommes convaincus que vous aimerez ce que vous obtiendrez de nous. Mais dans le cas contraire, nous sommes tr\u00e8s compr\u00e9hensifs et acceptons tous les retours. Les retours sont soumis \u00e0 notre\u00a0<\/b><a href=\"https:\/\/yoni.life\/uk\/terms-conditions\/\"><b>politique de retour.<\/b><\/a><b>\u00a0<\/b><\/p><p>Vous pouvez retourner tout article dans les 14\u00a0jours suivant l\u2019achat sans aucune raison.<\/p><p>Si vous retournez l\u2019article dans les 14\u00a0jours \u00e0 partir de la date d\u2019exp\u00e9dition, vous avez droit \u00e0 un remboursement des frais de livraison.<\/p><p><span data-preserver-spaces=\"true\">\u00a0<\/span><\/p><p><b>Les produits peuvent \u00eatre retourn\u00e9s dans les 30\u00a0jours suivant leur r\u00e9ception.<\/b><\/p><p>Si vous retournez la commande dans le d\u00e9lai de 30\u00a0jours (c\u2019est-\u00e0-dire apr\u00e8s l\u2019expiration du d\u00e9lai de retour de 14\u00a0jours), vous n\u2019avez pas droit au remboursement des frais d\u2019exp\u00e9dition. Si vous ne retournez qu\u2019une partie de la commande, vous n\u2019avez pas droit \u00e0 un remboursement des frais d\u2019exp\u00e9dition.<\/p><\/div>\n\t\t\t\t\t\t\t\t\t<div class=\"elementor-tab-title elementor-tab-mobile-title\" aria-selected=\"false\" data-tab=\"3\" role=\"tab\" tabindex=\"-1\" aria-controls=\"elementor-tab-content-4683\" aria-expanded=\"false\">\u0152uf de YONI<\/div>\n\t\t\t\t\t<div id=\"elementor-tab-content-4683\" class=\"elementor-tab-content elementor-clearfix\" data-tab=\"3\" role=\"tabpanel\" aria-labelledby=\"elementor-tab-title-4683\" tabindex=\"0\" hidden=\"hidden\"><h3><b>1.Vos \u0153ufs de Yoni sont-ils certifi\u00e9s\u2009?<\/b><\/h3><p>Oui, nous sommes fiers de la qualit\u00e9, et c\u2019est pourquoi nous avons des \u0153ufs certifi\u00e9s ici en R\u00e9publique tch\u00e8que par la Soci\u00e9t\u00e9 tch\u00e8que de gemmologie.<\/p><h3><b>2. Pourquoi nos \u0153ufs de Yoni ont-ils un trou\u2009?<\/b><\/h3><p>Nous voulons que m\u00eame les femmes les plus d\u00e9licates se sentent en confiance et aient la possibilit\u00e9 de se d\u00e9tendre dans l\u2019exercice, en abandonnant toute crainte. Le trou sert d\u2019espace s\u00fbr sur lequel vous pouvez vous appuyer si vous avez peur d\u2019introduire l\u2019\u0153uf sans ficelle. Avec un \u0153uf perc\u00e9, vous pouvez travailler avec des poids. Il suffit de fixer le sac contenant un peu de riz \u00e0 l\u2019\u0153uf \u00e0 l\u2019aide d\u2019un cordon, et vous pouvez vous entra\u00eener.<\/p><h3>3. Pourquoi utiliser l\u2019\u0153uf de Yoni\u2009?<\/h3><p>L\u2019exercice du plancher pelvien est tr\u00e8s important pour une femme. Le plancher pelvien comprend l\u2019ut\u00e9rus, les ovaires, la vessie et le c\u00f4lon. Il a un effet profond sur la sant\u00e9 globale et l\u2019\u00e9tat du corps. L\u2019exercice avec l\u2019\u0153uf de Yoni renforcera tout le centre du corps, ce qui vous aidera \u00e0 soulager les maux de dos, l\u2019incontinence, \u00e0 r\u00e9duire les douleurs menstruelles, \u00e0 augmenter la capacit\u00e9 de concevoir, \u00e0 corriger la posture, \u00e0 renforcer le muscle ut\u00e9rin et \u00e0 am\u00e9liorer la sensibilit\u00e9 pour profiter d\u2019un plaisir intime plus intense. Selon une ancienne tradition tao\u00efste, un Yoni sain et fort amplifie le flux d\u2019\u00e9nergie vitale dans le corps.<\/p><h3>4. L\u2019\u0153uf de Yoni est-il hygi\u00e9nique\u2009?<\/h3><p>L\u2019\u0153uf de Yoni est parfait du point de vue de l\u2019hygi\u00e8ne, car il ne favorise pas la production et la croissance des bact\u00e9ries. L\u2019\u0153uf est comme un halt\u00e8re, il remplit donc son r\u00f4le, que vous ayez, ou non, confiance en ses capacit\u00e9s \u00ab\u2009\u00e9nerg\u00e9tiques\u2009\u00bb. Et quelle femme pr\u00e9f\u00e9rerait un morceau de plastique \u00e0 une pierre pr\u00e9cieuse\u2009?<\/p><h3>5. Comment choisir le bon \u0153uf de Yoni\u2009?<\/h3><p>Il suffit de prendre la pierre qui vous parle et attire votre attention. C\u2019est un indicateur que vous vous attirez mutuellement. Parfois, les probl\u00e8mes proviennent d\u2019une source cach\u00e9e. C\u2019est pourquoi le sentiment illogique, mais tangible fonctionne si bien. Cela fonctionne, que vous choisissiez avec une intention plus profonde ou que vous souhaitiez simplement avoir la plus belle pierre \u00e0 regarder.<\/p><h3>6. Comment choisir la bonne taille d\u2019\u0153uf de Yoni\u2009?<\/h3><p>En g\u00e9n\u00e9ral, plus l\u2019\u0153uf est petit, plus il est difficile de le sentir. Les femmes qui ont accouch\u00e9 ou les femmes de plus de 50\u00a0ans devront commencer par un \u0153uf plus gros (45 \u00d7 30\u00a0mm, 55-65\u00a0g). Un \u0153uf de taille moyenne (45 \u00d7 25\u00a0mm, 35-40\u00a0g) est le meilleur choix pour la plupart des femmes. L\u2019\u0153uf de petite taille (30 \u00d7 20\u00a0mm) convient aux femmes \u00e0 un stade de ma\u00eetrise avanc\u00e9 qui contr\u00f4lent leur plancher pelvien et souhaitent s\u2019am\u00e9liorer encore.<\/p><h3>7. Comment utiliser l\u2019\u0153uf de Yoni\u2009?<\/h3><p>Mettez l\u2019\u0153uf dans votre Yoni. Commencez \u00e9tape par \u00e9tape. Suivez votre intuition. Il n\u2019est pas n\u00e9cessaire d\u2019utiliser un \u0153uf pendant une longue p\u00e9riode \u2013 d\u2019abord quelques minutes seulement, puis progressivement plusieurs heures. Respirez profond\u00e9ment. \u00c0 l\u2019inspiration, contractez les muscles pour aspirer l\u2019\u0153uf, \u00e0 l\u2019expiration rel\u00e2chez-les et laissez-le descendre lentement jusqu\u2019\u00e0 l\u2019entr\u00e9e du Yoni, au niveau des petites l\u00e8vres. N\u2019oubliez pas que chaque chose a son temps. Vous vous sentirez de mieux en mieux avec le temps dans vos sens.<\/p><h3>8. \u00c0 quelle fr\u00e9quence dois-je utiliser l\u2019\u0153uf de Yoni\u2009?<\/h3><p>Prenez votre temps pour vous habituer \u00e0 l\u2019\u0153uf. Tout ce que vous avez \u00e0 faire, c\u2019est d\u2019exercer vos muscles pelviens plusieurs fois par semaine pendant 10 ou 15\u00a0minutes pendant le premier mois et de vous concentrer sur le fait de \u00ab\u2009serrer\u2009\u00bb l\u2019\u0153uf et de voir si vous le ressentez. Au fil du temps, votre force augmentera \u00e0 tel point que vous pourrez emmener l\u2019\u0153uf en promenade, le porter pendant le m\u00e9nage, au travail.<\/p><p>Si vous \u00eates plus avanc\u00e9, nous vous recommandons de vous entra\u00eener avec l\u2019\u0153uf environ 2\u00a0heures 3\u00a0fois par semaine. Mais comme toujours, il s\u2019agit de votre intuition et de vos sentiments. Il est bon de retirer l\u2019\u0153uf apr\u00e8s 12\u00a0heures pour le nettoyer et laisser votre Yoni se reposer.<\/p><h3>9. Comment nettoyer l\u2019\u0153uf de Yoni\u2009?<\/h3><p>Il est pr\u00e9f\u00e9rable de laver soigneusement l\u2019\u0153uf \u00e0 l\u2019eau du robinet imm\u00e9diatement apr\u00e8s l\u2019avoir retir\u00e9 et avant de l\u2019utiliser. Concentrez-vous sur le nettoyage du trou. Si l\u2019eau ne vous suffit pas, vous pouvez utiliser votre d\u00e9sinfectant pr\u00e9f\u00e9r\u00e9 sous forme de savon naturel pour peau sensible. Pour l\u2019eau chaude, attention aux dommages caus\u00e9s aux \u0153ufs (fissures). Il n\u2019est pas n\u00e9cessaire de le cuire \u00e0 point\u2009!<span class=\"Apple-converted-space\">\u00a0<\/span><\/p><h3>10. Quand ne dois-je pas utiliser l\u2019\u0153uf de Yoni\u2009?<\/h3><p><b>Grossesse<\/b><\/p><p>N\u2019utilisez pas Yoni Egg pendant la grossesse. Pendant la grossesse, votre ut\u00e9rus doit \u00eatre calme.<\/p><p><b>Apr\u00e8s l\u2019accouchement<\/b><\/p><p>N\u2019utilisez pas votre \u0153uf de Yoni juste apr\u00e8s l\u2019accouchement. La p\u00e9riode puerp\u00e9rale est le temps minimum jusqu\u2019\u00e0 ce que vous vous gu\u00e9rissiez. Il n\u2019y a pas besoin de se pr\u00e9cipiter. Apr\u00e8s la p\u00e9riode puerp\u00e9rale, nous vous recommandons de consulter un m\u00e9decin qui \u00e9valuera si tout est gu\u00e9ri comme il se doit.<\/p><p><b>Dispositif intra-ut\u00e9rin<\/b><\/p><p>N\u2019utilisez pas l\u2019\u0153uf de Yoni lorsque vous utilisez un dispositif intra-ut\u00e9rin. L\u2019\u0153uf et le corps peuvent entrer en collision et le pousser hors de son logement. De plus, pendant l\u2019exercice, le cordon peut s\u2019emm\u00ealer avec le cordon du corps. Cela peut r\u00e9duire son efficacit\u00e9 et m\u00eame provoquer une d\u00e9chirure des parois ut\u00e9rines.<\/p><h3>11. Puis-je utiliser un \u0153uf de Yoni pendant mes r\u00e8gles\u2009?<\/h3><p>Ce n\u2019est pas explicitement dangereux, mais nous ne recommandons certainement pas d\u2019utiliser un \u0153uf de Yoni pendant vos journ\u00e9es de r\u00e8gles. Il est pr\u00e9f\u00e9rable de laisser \u00e0 l\u2019ut\u00e9rus la possibilit\u00e9 de lib\u00e9rer le sang sans ajouter de stimulus suppl\u00e9mentaire. Vous devez \u00e9galement vous baser sur votre intuition. Si vous vous sentez \u00e0 l\u2019aise pendant vos r\u00e8gles, allez-y\u2009! Avant et apr\u00e8s chaque utilisation, assurez-vous d\u2019avoir bien nettoy\u00e9 l\u2019\u0153uf, car votre Yoni est plus sensible aux infections dans cette partie du mois. Ne portez pas un \u0153uf plus que le n\u00e9cessaire pour permettre au sang de quitter le corps.<\/p><h3>12. Comment introduire l\u2019\u0153uf de Yoni\u2009?<\/h3><p>Si vous voulez, vous pouvez mettre de la ficelle pour faciliter la r\u00e9cup\u00e9ration dans le trou perc\u00e9 et la fixer avec un n\u0153ud. Assurez-vous que le cordon est suffisamment solide en tirant dessus. La manipulation est tr\u00e8s similaire \u00e0 celle d\u2019un tampon. Ins\u00e9rez d\u2019abord d\u00e9licatement l\u2019extr\u00e9mit\u00e9 la plus large d\u2019un \u0153uf. (Vous pouvez m\u00eame le faire dans l\u2019autre sens). Ne le poussez pas vers le haut, laissez-le glisser tout seul. Vous pouvez r\u00e9chauffer votre \u0153uf dans de l\u2019eau ti\u00e8de ou simplement en le tenant dans vos mains. Il est possible d\u2019utiliser un \u0153uf sans ficelle.<\/p><p>Si vous avez besoin de lubrifiants, utilisez de l\u2019huile de noix de coco. Vous pouvez \u00e9galement ajouter le massage des seins \u00e0 votre pratique.<\/p><h3>13. Comment faire de l\u2019exercice avec l\u2019\u0153uf de Yoni\u2009?<\/h3><p>Allongez-vous sur le dos et pliez les genoux. Inspirez, serrez l\u2019\u0153uf et rel\u00e2chez-le en expirant. Proc\u00e9dez lentement. Vous pouvez compter jusqu\u2019\u00e0 cinq.<\/p><p>La m\u00eame position enrichie en soulevant les hanches en l\u2019air. En inspirant, prenez l\u2019\u0153uf et soulevez les hanches et les fesses du matelas. En expirant, d\u00e9tendez-vous et replacez-les sur le matelas.<\/p><p>Agenouillez-vous sur le matelas, placez vos mains sur vos cuisses. Redressez votre dos et rel\u00e2chez vos \u00e9paules. Avec une inspiration, serrez l\u2019\u0153uf et frappez vers l\u2019avant avec une expiration pour vous d\u00e9tendre et vous permettre de vous recroqueviller, de pendre la t\u00eate.<\/p><h3>14. Comment sortir l\u2019\u0153uf de Yoni\u2009?<\/h3><p>L\u2019\u0153uf peut sortir spontan\u00e9ment pendant ou apr\u00e8s un exercice. Si vous voulez lib\u00e9rer l\u2019\u0153uf, il faut soit tirer sur la ficelle, soit l\u2019expulser avec la force de vos propres muscles. Si vous n\u2019avez pas de ficelle dans l\u2019\u0153uf et qu\u2019il est impossible de l\u2019enlever, l\u2019essentiel est de calmer et de d\u00e9tendre les muscles. Puis accroupissez-vous tout en poussant l\u2019\u0153uf. Ce n\u2019est pas loin, et vous devriez l\u2019atteindre m\u00eame avec votre doigt.<\/p><h3>15. Que dois-je faire si je ne peux pas retenir l\u2019\u0153uf \u00e0 l\u2019int\u00e9rieur\u2009?<\/h3><p>D\u00e8s que vous commencerez \u00e0 faire de l\u2019exercice, cela s\u2019am\u00e9liorera tr\u00e8s rapidement. Concentrez-vous sur le fait de presser l\u2019\u0153uf et voyez si vous le sentez. Si vous ne ressentez aucun mouvement physique, continuez et concentrez-vous sur la zone pelvienne et imaginez que vous la serrez. Cela va commencer \u00e0 impliquer la partie de votre cerveau responsable du contr\u00f4le de ces muscles. Soyez patiente. Vous venez peut-\u00eatre de vous mettre au diapason de ces muscles pour la premi\u00e8re fois de votre vie \u2013 plusieurs fois par semaine pendant 10 ou 15\u00a0minutes.<\/p><h3>16. Je ne sens pas l\u2019\u0153uf, c\u2019est bon\u2009?<\/h3><p>C\u2019est tout \u00e0 fait normal, car on ne doit pas toujours sentir l\u2019\u0153uf. Votre \u0153uf de Yoni est l\u00e0 pour vous aider \u00e0 d\u00e9velopper une conscience du fonctionnement interne de votre vagin. Vous pouvez facilement augmenter la sensibilit\u00e9 et obtenir plus de contr\u00f4le avec un \u0153uf de Yoni. Vous remarquerez que l\u2019engagement des muscles du plancher pelvien vous permettra de mieux sentir l\u2019\u0153uf. Contrairement aux vibromasseurs, qui, avec le temps, \u00e9moussent les sens et vous obligent \u00e0 stimuler de plus en plus. L\u2019\u0153uf de Yoni vous aidera \u00e0 devenir plus sensible. Serrez simplement votre \u0153uf contre vous et remarquez sa pr\u00e9sence d\u00e9licate.<\/p><h3>17. Comment faire de l\u2019exercice avec un \u0153uf de Yoni et des poids\u2009?<\/h3><p>Il suffit d\u2019attacher un sac rempli de riz \u00e0 la ficelle, puis l\u2019\u0153uf lui-m\u00eame. Les poids ne doivent pas \u00eatre trop lourds\u2009; s\u2019il vous est difficile de garder l\u2019\u0153uf, r\u00e9duisez la quantit\u00e9 de riz jusqu\u2019\u00e0 ce que vous vous sentiez \u00e0 l\u2019aise. Il est important de ne pas se surcharger. Il vaut mieux proc\u00e9der lentement chaque jour, plut\u00f4t que de mettre une demi-livre sur votre \u0153uf une fois par semaine.<\/p><h3>19. Puis-je utiliser un \u0153uf m\u00eame s\u2019il est f\u00eal\u00e9, ou s\u2019il a commenc\u00e9 \u00e0 se f\u00ealer\u2009?<\/h3><p>Les fissures internes que vous voyez dans un \u0153uf en quartz rose, par exemple, sont normales. Toutefois, si l\u2019\u0153uf commence \u00e0 se fissurer et \u00e0 pr\u00e9senter des fissures externes que vous pouvez m\u00eame sentir avec votre doigt, cessez imm\u00e9diatement d\u2019utiliser l\u2019\u0153uf.<\/p><\/div>\n\t\t\t\t\t\t\t<\/div>\n\t\t<\/div>\n\t\t\t\t<\/div>\n\t\t\t\t<\/div>\n\t\t\t\t\t\t<\/div>\n\t\t\t\t\t<\/div>\n\t\t<\/div>\n\t\t\t\t\t\t\t\t<\/div>\n\t\t\t\t\t<\/div>\n\t\t<\/section>\n\t\t\t\t\t\t<\/div>\n\t\t\t\t\t\t<\/div>\n\t\t\t\t\t<\/div>\n\t\t","protected":false},"excerpt":{"rendered":"<p>FAQ Livraison Retours \u0152uf de YONI Livraison Nous accordons une grande importance \u00e0 tous nos clients, et votre satisfaction est notre objectif. C\u2019est pourquoi nous nous effor\u00e7ons toujours de faire parvenir vos commandes \u00e0 vos portes le plus rapidement possible. TEMPS DE TRANSPORT France Nous exp\u00e9dions par Colissimo de La poste ou Colis Priv\u00e9. Colissimo [&hellip;]<\/p>\n","protected":false},"author":1,"featured_media":0,"parent":0,"menu_order":0,"comment_status":"closed","ping_status":"closed","template":"","meta":{"footnotes":""},"_links":{"self":[{"href":"https:\/\/yoni.life\/fr\/wp-json\/wp\/v2\/pages\/945"}],"collection":[{"href":"https:\/\/yoni.life\/fr\/wp-json\/wp\/v2\/pages"}],"about":[{"href":"https:\/\/yoni.life\/fr\/wp-json\/wp\/v2\/types\/page"}],"author":[{"embeddable":true,"href":"https:\/\/yoni.life\/fr\/wp-json\/wp\/v2\/users\/1"}],"replies":[{"embeddable":true,"href":"https:\/\/yoni.life\/fr\/wp-json\/wp\/v2\/comments?post=945"}],"version-history":[{"count":13,"href":"https:\/\/yoni.life\/fr\/wp-json\/wp\/v2\/pages\/945\/revisions"}],"predecessor-version":[{"id":2925,"href":"https:\/\/yoni.life\/fr\/wp-json\/wp\/v2\/pages\/945\/revisions\/2925"}],"wp:attachment":[{"href":"https:\/\/yoni.life\/fr\/wp-json\/wp\/v2\/media?parent=945"}],"curies":[{"name":"wp","href":"https:\/\/api.w.org\/{rel}","templated":true}]}}