{"id":948,"date":"2020-10-23T11:25:53","date_gmt":"2020-10-23T11:25:53","guid":{"rendered":"https:\/\/yoni.life\/fr\/?page_id=948"},"modified":"2021-09-29T09:53:44","modified_gmt":"2021-09-29T08:53:44","slug":"about","status":"publish","type":"page","link":"https:\/\/yoni.life\/fr\/about\/","title":{"rendered":"Notre historie"},"content":{"rendered":"\t\t<div data-elementor-type=\"wp-page\" data-elementor-id=\"948\" class=\"elementor elementor-948\" data-elementor-settings=\"[]\">\n\t\t\t\t\t\t<div class=\"elementor-inner\">\n\t\t\t\t\t\t\t<div class=\"elementor-section-wrap\">\n\t\t\t\t\t\t\t<section class=\"elementor-section elementor-top-section elementor-element elementor-element-8f345fd elementor-section-boxed elementor-section-height-default elementor-section-height-default\" data-id=\"8f345fd\" data-element_type=\"section\">\n\t\t\t\t\t\t<div class=\"elementor-container elementor-column-gap-default\">\n\t\t\t\t\t\t\t<div class=\"elementor-row\">\n\t\t\t\t\t<div class=\"elementor-column elementor-col-100 elementor-top-column elementor-element elementor-element-9f17a2b\" data-id=\"9f17a2b\" data-element_type=\"column\">\n\t\t\t<div class=\"elementor-column-wrap elementor-element-populated\">\n\t\t\t\t\t\t\t<div class=\"elementor-widget-wrap\">\n\t\t\t\t\t\t<div class=\"elementor-element elementor-element-fc8ab3d elementor-widget elementor-widget-heading\" data-id=\"fc8ab3d\" data-element_type=\"widget\" data-widget_type=\"heading.default\">\n\t\t\t\t<div class=\"elementor-widget-container\">\n\t\t\t<h2 class=\"elementor-heading-title elementor-size-default\">\u201cIf you think we can\u2019t change the world,<br> it just means you\u2019re not one of those who will.\u201d<br>\n\u2015 Jacque Fresco<\/h2>\t\t<\/div>\n\t\t\t\t<\/div>\n\t\t\t\t\t\t<\/div>\n\t\t\t\t\t<\/div>\n\t\t<\/div>\n\t\t\t\t\t\t\t\t<\/div>\n\t\t\t\t\t<\/div>\n\t\t<\/section>\n\t\t\t\t<section class=\"elementor-section elementor-top-section elementor-element elementor-element-956c3d1 elementor-section-boxed elementor-section-height-default elementor-section-height-default\" data-id=\"956c3d1\" data-element_type=\"section\">\n\t\t\t\t\t\t<div class=\"elementor-container elementor-column-gap-default\">\n\t\t\t\t\t\t\t<div class=\"elementor-row\">\n\t\t\t\t\t<div class=\"elementor-column elementor-col-50 elementor-top-column elementor-element elementor-element-a07aeb4\" data-id=\"a07aeb4\" data-element_type=\"column\">\n\t\t\t<div class=\"elementor-column-wrap elementor-element-populated\">\n\t\t\t\t\t\t\t<div class=\"elementor-widget-wrap\">\n\t\t\t\t\t\t<div class=\"elementor-element elementor-element-32c8d87 elementor-widget elementor-widget-image\" data-id=\"32c8d87\" data-element_type=\"widget\" data-widget_type=\"image.default\">\n\t\t\t\t<div class=\"elementor-widget-container\">\n\t\t\t\t\t\t\t\t<div class=\"elementor-image\">\n\t\t\t\t\t\t\t\t\t\t\t\t<img loading=\"lazy\" decoding=\"async\" width=\"800\" height=\"800\" src=\"https:\/\/yoni.life\/fr\/wp-content\/uploads\/sites\/4\/2020\/10\/IMG_4210_Facetune_16-05-2019-14-20-20-1.jpeg\" class=\"attachment-large size-large\" alt=\"Kristof - Yonilife co foudner\" srcset=\"https:\/\/yoni.life\/fr\/wp-content\/uploads\/sites\/4\/2020\/10\/IMG_4210_Facetune_16-05-2019-14-20-20-1.jpeg 900w, https:\/\/yoni.life\/fr\/wp-content\/uploads\/sites\/4\/2020\/10\/IMG_4210_Facetune_16-05-2019-14-20-20-1-300x300.jpeg 300w, https:\/\/yoni.life\/fr\/wp-content\/uploads\/sites\/4\/2020\/10\/IMG_4210_Facetune_16-05-2019-14-20-20-1-150x150.jpeg 150w, https:\/\/yoni.life\/fr\/wp-content\/uploads\/sites\/4\/2020\/10\/IMG_4210_Facetune_16-05-2019-14-20-20-1-768x768.jpeg 768w, https:\/\/yoni.life\/fr\/wp-content\/uploads\/sites\/4\/2020\/10\/IMG_4210_Facetune_16-05-2019-14-20-20-1-600x600.jpeg 600w, https:\/\/yoni.life\/fr\/wp-content\/uploads\/sites\/4\/2020\/10\/IMG_4210_Facetune_16-05-2019-14-20-20-1-100x100.jpeg 100w\" sizes=\"(max-width: 800px) 100vw, 800px\" \/>\t\t\t\t\t\t\t\t\t\t\t\t\t\t<\/div>\n\t\t\t\t\t\t<\/div>\n\t\t\t\t<\/div>\n\t\t\t\t\t\t<\/div>\n\t\t\t\t\t<\/div>\n\t\t<\/div>\n\t\t\t\t<div class=\"elementor-column elementor-col-50 elementor-top-column elementor-element elementor-element-3752b49\" data-id=\"3752b49\" data-element_type=\"column\">\n\t\t\t<div class=\"elementor-column-wrap elementor-element-populated\">\n\t\t\t\t\t\t\t<div class=\"elementor-widget-wrap\">\n\t\t\t\t\t\t<div class=\"elementor-element elementor-element-733ea36 elementor-widget elementor-widget-image\" data-id=\"733ea36\" data-element_type=\"widget\" data-widget_type=\"image.default\">\n\t\t\t\t<div class=\"elementor-widget-container\">\n\t\t\t\t\t\t\t\t<div class=\"elementor-image\">\n\t\t\t\t\t\t\t\t\t\t\t\t<img loading=\"lazy\" decoding=\"async\" width=\"800\" height=\"800\" src=\"https:\/\/yoni.life\/fr\/wp-content\/uploads\/sites\/4\/2021\/02\/AfterlightImage.jpg\" class=\"attachment-large size-large\" alt=\"Jazine, Co-Founder of Yoni\" srcset=\"https:\/\/yoni.life\/fr\/wp-content\/uploads\/sites\/4\/2021\/02\/AfterlightImage.jpg 900w, https:\/\/yoni.life\/fr\/wp-content\/uploads\/sites\/4\/2021\/02\/AfterlightImage-300x300.jpg 300w, https:\/\/yoni.life\/fr\/wp-content\/uploads\/sites\/4\/2021\/02\/AfterlightImage-150x150.jpg 150w, https:\/\/yoni.life\/fr\/wp-content\/uploads\/sites\/4\/2021\/02\/AfterlightImage-768x768.jpg 768w, https:\/\/yoni.life\/fr\/wp-content\/uploads\/sites\/4\/2021\/02\/AfterlightImage-600x600.jpg 600w, https:\/\/yoni.life\/fr\/wp-content\/uploads\/sites\/4\/2021\/02\/AfterlightImage-100x100.jpg 100w\" sizes=\"(max-width: 800px) 100vw, 800px\" \/>\t\t\t\t\t\t\t\t\t\t\t\t\t\t<\/div>\n\t\t\t\t\t\t<\/div>\n\t\t\t\t<\/div>\n\t\t\t\t\t\t<\/div>\n\t\t\t\t\t<\/div>\n\t\t<\/div>\n\t\t\t\t\t\t\t\t<\/div>\n\t\t\t\t\t<\/div>\n\t\t<\/section>\n\t\t\t\t<section class=\"elementor-section elementor-top-section elementor-element elementor-element-a4a611d elementor-section-boxed elementor-section-height-default elementor-section-height-default\" data-id=\"a4a611d\" data-element_type=\"section\">\n\t\t\t\t\t\t<div class=\"elementor-container elementor-column-gap-default\">\n\t\t\t\t\t\t\t<div class=\"elementor-row\">\n\t\t\t\t\t<div class=\"elementor-column elementor-col-50 elementor-top-column elementor-element elementor-element-bcbfb7a\" data-id=\"bcbfb7a\" data-element_type=\"column\">\n\t\t\t<div class=\"elementor-column-wrap elementor-element-populated\">\n\t\t\t\t\t\t\t<div class=\"elementor-widget-wrap\">\n\t\t\t\t\t\t<div class=\"elementor-element elementor-element-d1fc43a elementor-widget elementor-widget-heading\" data-id=\"d1fc43a\" data-element_type=\"widget\" data-widget_type=\"heading.default\">\n\t\t\t\t<div class=\"elementor-widget-container\">\n\t\t\t<h2 class=\"elementor-heading-title elementor-size-default\">jazine & kri\u0161tof<\/h2>\t\t<\/div>\n\t\t\t\t<\/div>\n\t\t\t\t\t\t<\/div>\n\t\t\t\t\t<\/div>\n\t\t<\/div>\n\t\t\t\t<div class=\"elementor-column elementor-col-50 elementor-top-column elementor-element elementor-element-00c3c7c\" data-id=\"00c3c7c\" data-element_type=\"column\">\n\t\t\t<div class=\"elementor-column-wrap elementor-element-populated\">\n\t\t\t\t\t\t\t<div class=\"elementor-widget-wrap\">\n\t\t\t\t\t\t<div class=\"elementor-element elementor-element-daeb81a elementor-widget elementor-widget-heading\" data-id=\"daeb81a\" data-element_type=\"widget\" data-widget_type=\"heading.default\">\n\t\t\t\t<div class=\"elementor-widget-container\">\n\t\t\t<h3 class=\"elementor-heading-title elementor-size-default\">Le voyage<\/h3>\t\t<\/div>\n\t\t\t\t<\/div>\n\t\t\t\t<div class=\"elementor-element elementor-element-595a04b elementor-widget elementor-widget-text-editor\" data-id=\"595a04b\" data-element_type=\"widget\" data-widget_type=\"text-editor.default\">\n\t\t\t\t<div class=\"elementor-widget-container\">\n\t\t\t\t\t\t\t\t<div class=\"elementor-text-editor elementor-clearfix\">\n\t\t\t\t<p>Quand nous avions 19\u00a0ans, nous pensions partir avec un sac \u00e0 dos et ne pas revenir. Nous trouverons la bonne place dans un monde o\u00f9 nous nous serrons les coudes pour \u00eatre bien. Alors on s\u2019est ras\u00e9 la t\u00eate, on a pris les choses les plus essentielles et on a commenc\u00e9 \u00e0 faire de l\u2019auto-stop. Nous avons fait confiance \u00e0 l\u2019univers. Nous avons visit\u00e9 les plus beaux endroits et rencontr\u00e9 des gens qui sont devenus notre famille d\u00e8s le premier regard. Mais o\u00f9 que nous soyons, il manquait quelque chose. La r\u00e9alisation de soi. Et notre place\u2009? Ce n\u2019est pas \u00e0 l\u2019ext\u00e9rieur, mais \u00e0 l\u2019int\u00e9rieur de notre c\u0153ur.<\/p><p><br \/>Le Yoni est une affaire personnelle pour nous. Yoni est un r\u00e9sum\u00e9 de nos id\u00e9es et de notre travail de mise en \u0153uvre. Ce n\u2019est pas seulement ce que nous avons d\u00e9j\u00e0 r\u00e9alis\u00e9\u2009; c\u2019est tout ce \u00e0 quoi nous travaillons, ce que nous esp\u00e9rons et le monde que nous voulons co-cr\u00e9er. Il s\u2019agit de notre vision de l\u2019avenir, tant pour les individus que pour la soci\u00e9t\u00e9. C\u2019est notre croyance en la nature et en un mode de vie sain. Nous ne sommes pas une grande entreprise avec beaucoup d\u2019employ\u00e9s. Nous sommes juste deux personnes et nous avons d\u00e9cid\u00e9 de nous embarquer dans un voyage, et de relever sans cesse de nouveaux d\u00e9fis, d\u2019apprendre de nos erreurs, et de vivre les joies et les peines de la vie que nous avons choisie. La combinaison de l\u2019\u00e9nergie masculine et f\u00e9minine nous maintient en vie. La cr\u00e9ativit\u00e9 et le sens de la conjonction avec la logique et l\u2019esprit nous ont conduits ici, vers vous. Merci du fond du c\u0153ur d\u2019\u00eatre avec nous. Nous savons que vous d\u00e9sirez la m\u00eame chose au plus profond de votre \u00e2me.<\/p>\t\t\t\t\t<\/div>\n\t\t\t\t\t\t<\/div>\n\t\t\t\t<\/div>\n\t\t\t\t\t\t<\/div>\n\t\t\t\t\t<\/div>\n\t\t<\/div>\n\t\t\t\t\t\t\t\t<\/div>\n\t\t\t\t\t<\/div>\n\t\t<\/section>\n\t\t\t\t<section class=\"elementor-section elementor-top-section elementor-element elementor-element-daac146 elementor-section-boxed elementor-section-height-default elementor-section-height-default\" data-id=\"daac146\" data-element_type=\"section\">\n\t\t\t\t\t\t<div class=\"elementor-container elementor-column-gap-default\">\n\t\t\t\t\t\t\t<div class=\"elementor-row\">\n\t\t\t\t\t<div class=\"elementor-column elementor-col-50 elementor-top-column elementor-element elementor-element-b9ae383\" data-id=\"b9ae383\" data-element_type=\"column\">\n\t\t\t<div class=\"elementor-column-wrap\">\n\t\t\t\t\t\t\t<div class=\"elementor-widget-wrap\">\n\t\t\t\t\t\t\t\t<\/div>\n\t\t\t\t\t<\/div>\n\t\t<\/div>\n\t\t\t\t<div class=\"elementor-column elementor-col-50 elementor-top-column elementor-element elementor-element-f3258ec\" data-id=\"f3258ec\" data-element_type=\"column\">\n\t\t\t<div class=\"elementor-column-wrap elementor-element-populated\">\n\t\t\t\t\t\t\t<div class=\"elementor-widget-wrap\">\n\t\t\t\t\t\t<section class=\"elementor-section elementor-inner-section elementor-element elementor-element-3d5652c elementor-section-boxed elementor-section-height-default elementor-section-height-default\" data-id=\"3d5652c\" data-element_type=\"section\">\n\t\t\t\t\t\t<div class=\"elementor-container elementor-column-gap-default\">\n\t\t\t\t\t\t\t<div class=\"elementor-row\">\n\t\t\t\t\t<div class=\"elementor-column elementor-col-50 elementor-inner-column elementor-element elementor-element-b7413f8\" data-id=\"b7413f8\" data-element_type=\"column\">\n\t\t\t<div class=\"elementor-column-wrap elementor-element-populated\">\n\t\t\t\t\t\t\t<div class=\"elementor-widget-wrap\">\n\t\t\t\t\t\t<div class=\"elementor-element elementor-element-f1646af elementor-view-default elementor-widget elementor-widget-icon\" data-id=\"f1646af\" data-element_type=\"widget\" data-widget_type=\"icon.default\">\n\t\t\t\t<div class=\"elementor-widget-container\">\n\t\t\t\t\t<div class=\"elementor-icon-wrapper\">\n\t\t\t<a class=\"elementor-icon\" href=\"https:\/\/www.instagram.com\/yonilife\/\" target=\"_blank\" rel=\"noopener\">\n\t\t\t<i aria-hidden=\"true\" class=\"fab fa-instagram\"><\/i>\t\t\t<\/a>\n\t\t<\/div>\n\t\t\t\t<\/div>\n\t\t\t\t<\/div>\n\t\t\t\t\t\t<\/div>\n\t\t\t\t\t<\/div>\n\t\t<\/div>\n\t\t\t\t<div class=\"elementor-column elementor-col-50 elementor-inner-column elementor-element elementor-element-0d9def0\" data-id=\"0d9def0\" data-element_type=\"column\">\n\t\t\t<div class=\"elementor-column-wrap elementor-element-populated\">\n\t\t\t\t\t\t\t<div class=\"elementor-widget-wrap\">\n\t\t\t\t\t\t<div class=\"elementor-element elementor-element-29d7b4b elementor-view-default elementor-widget elementor-widget-icon\" data-id=\"29d7b4b\" data-element_type=\"widget\" data-widget_type=\"icon.default\">\n\t\t\t\t<div class=\"elementor-widget-container\">\n\t\t\t\t\t<div class=\"elementor-icon-wrapper\">\n\t\t\t<a class=\"elementor-icon\" href=\"https:\/\/www.facebook.com\/rawyoni\" target=\"_blank\" rel=\"noopener\">\n\t\t\t<i aria-hidden=\"true\" class=\"fab fa-facebook-square\"><\/i>\t\t\t<\/a>\n\t\t<\/div>\n\t\t\t\t<\/div>\n\t\t\t\t<\/div>\n\t\t\t\t\t\t<\/div>\n\t\t\t\t\t<\/div>\n\t\t<\/div>\n\t\t\t\t\t\t\t\t<\/div>\n\t\t\t\t\t<\/div>\n\t\t<\/section>\n\t\t\t\t\t\t<\/div>\n\t\t\t\t\t<\/div>\n\t\t<\/div>\n\t\t\t\t\t\t\t\t<\/div>\n\t\t\t\t\t<\/div>\n\t\t<\/section>\n\t\t\t\t<section class=\"elementor-section elementor-top-section elementor-element elementor-element-d9e7034 elementor-section-boxed elementor-section-height-default elementor-section-height-default\" data-id=\"d9e7034\" data-element_type=\"section\">\n\t\t\t\t\t\t<div class=\"elementor-container elementor-column-gap-default\">\n\t\t\t\t\t\t\t<div class=\"elementor-row\">\n\t\t\t\t\t<div class=\"elementor-column elementor-col-50 elementor-top-column elementor-element elementor-element-650c3b0\" data-id=\"650c3b0\" data-element_type=\"column\">\n\t\t\t<div class=\"elementor-column-wrap\">\n\t\t\t\t\t\t\t<div class=\"elementor-widget-wrap\">\n\t\t\t\t\t\t\t\t<\/div>\n\t\t\t\t\t<\/div>\n\t\t<\/div>\n\t\t\t\t<div class=\"elementor-column elementor-col-50 elementor-top-column elementor-element elementor-element-2e2c78c\" data-id=\"2e2c78c\" data-element_type=\"column\">\n\t\t\t<div class=\"elementor-column-wrap elementor-element-populated\">\n\t\t\t\t\t\t\t<div class=\"elementor-widget-wrap\">\n\t\t\t\t\t\t<div class=\"elementor-element elementor-element-14f6186 elementor-widget elementor-widget-heading\" data-id=\"14f6186\" data-element_type=\"widget\" data-widget_type=\"heading.default\">\n\t\t\t\t<div class=\"elementor-widget-container\">\n\t\t\t<h2 class=\"elementor-heading-title elementor-size-default\">Yoni<\/h2>\t\t<\/div>\n\t\t\t\t<\/div>\n\t\t\t\t<div class=\"elementor-element elementor-element-0c6870e elementor-widget elementor-widget-heading\" data-id=\"0c6870e\" data-element_type=\"widget\" data-widget_type=\"heading.default\">\n\t\t\t\t<div class=\"elementor-widget-container\">\n\t\t\t<h3 class=\"elementor-heading-title elementor-size-default\">lieu du commencement, de la naissance, de l\u2019origine, de la source\n<\/h3>\t\t<\/div>\n\t\t\t\t<\/div>\n\t\t\t\t<div class=\"elementor-element elementor-element-3ee3f85 elementor-widget elementor-widget-text-editor\" data-id=\"3ee3f85\" data-element_type=\"widget\" data-widget_type=\"text-editor.default\">\n\t\t\t\t<div class=\"elementor-widget-container\">\n\t\t\t\t\t\t\t\t<div class=\"elementor-text-editor elementor-clearfix\">\n\t\t\t\tavec le lingam, ils symbolisent la connexion du microcosme et du macrocosme, le processus divin sans fin de cr\u00e9ation et de r\u00e9g\u00e9n\u00e9ration, la connexion de l\u2019\u00e9nergie f\u00e9minine (Yoni) et masculine (lingam) qui restaure l\u2019existence enti\u00e8re.\t\t\t\t\t<\/div>\n\t\t\t\t\t\t<\/div>\n\t\t\t\t<\/div>\n\t\t\t\t<section class=\"elementor-section elementor-inner-section elementor-element elementor-element-e540eb3 elementor-section-boxed elementor-section-height-default elementor-section-height-default\" data-id=\"e540eb3\" data-element_type=\"section\">\n\t\t\t\t\t\t<div class=\"elementor-container elementor-column-gap-default\">\n\t\t\t\t\t\t\t<div class=\"elementor-row\">\n\t\t\t\t\t<div class=\"elementor-column elementor-col-50 elementor-inner-column elementor-element elementor-element-70be612\" data-id=\"70be612\" data-element_type=\"column\">\n\t\t\t<div class=\"elementor-column-wrap elementor-element-populated\">\n\t\t\t\t\t\t\t<div class=\"elementor-widget-wrap\">\n\t\t\t\t\t\t<div class=\"elementor-element elementor-element-527f7c0 elementor-widget elementor-widget-heading\" data-id=\"527f7c0\" data-element_type=\"widget\" data-widget_type=\"heading.default\">\n\t\t\t\t<div class=\"elementor-widget-container\">\n\t\t\t<h3 class=\"elementor-heading-title elementor-size-default\">jazine<\/h3>\t\t<\/div>\n\t\t\t\t<\/div>\n\t\t\t\t<div class=\"elementor-element elementor-element-2a2d5e8 elementor-widget elementor-widget-text-editor\" data-id=\"2a2d5e8\" data-element_type=\"widget\" data-widget_type=\"text-editor.default\">\n\t\t\t\t<div class=\"elementor-widget-container\">\n\t\t\t\t\t\t\t\t<div class=\"elementor-text-editor elementor-clearfix\">\n\t\t\t\tJ\u2019ai spontan\u00e9ment choisi le mot Yoni comme nom de notre projet, l\u2019intention d\u2019apporter aux gens le produit brut, l\u2019\u0153uf Yoni\u2026 d\u00e8s le premier moment o\u00f9 nous avons tous deux senti que l\u2019\u00ab\u2009univers\u2009\u00bb nous guidait et nous avons d\u00e9cid\u00e9 de suivre cet appel. Je me concentre sur les photos, les textes, les r\u00e9seaux sociaux. Ma m\u00e8re nous aide \u00e0 g\u00e9rer notre entrep\u00f4t et s\u2019occupe en partie de la communication, de l\u2019emballage des produits et de l\u2019exp\u00e9dition. C\u2019est notre seule employ\u00e9e. Elle est notre excellent soutien et notre motivation.\n\t\t\t\t\t<\/div>\n\t\t\t\t\t\t<\/div>\n\t\t\t\t<\/div>\n\t\t\t\t\t\t<\/div>\n\t\t\t\t\t<\/div>\n\t\t<\/div>\n\t\t\t\t<div class=\"elementor-column elementor-col-50 elementor-inner-column elementor-element elementor-element-144dce6\" data-id=\"144dce6\" data-element_type=\"column\">\n\t\t\t<div class=\"elementor-column-wrap elementor-element-populated\">\n\t\t\t\t\t\t\t<div class=\"elementor-widget-wrap\">\n\t\t\t\t\t\t<div class=\"elementor-element elementor-element-84f6c6e elementor-widget elementor-widget-heading\" data-id=\"84f6c6e\" data-element_type=\"widget\" data-widget_type=\"heading.default\">\n\t\t\t\t<div class=\"elementor-widget-container\">\n\t\t\t<h3 class=\"elementor-heading-title elementor-size-default\">kristof<\/h3>\t\t<\/div>\n\t\t\t\t<\/div>\n\t\t\t\t<div class=\"elementor-element elementor-element-3e95a41 elementor-widget elementor-widget-text-editor\" data-id=\"3e95a41\" data-element_type=\"widget\" data-widget_type=\"text-editor.default\">\n\t\t\t\t<div class=\"elementor-widget-container\">\n\t\t\t\t\t\t\t\t<div class=\"elementor-text-editor elementor-clearfix\">\n\t\t\t\tSans lui, toutes les visions ne seraient que des pens\u00e9es. Il a d\u00e9cid\u00e9 de s\u2019occuper de chaque n\u00e9cessit\u00e9 technique, a r\u00e9solu tous les probl\u00e8mes juridiques. Il maintient la structure fonctionnelle de notre entreprise. Il est un orateur et une repr\u00e9sentation de nous deux dans la vie de tous les jours. Elle fournit une coop\u00e9ration technique externe. En m\u00eame temps, nous voulons remercier tous ceux qui ont pr\u00eat\u00e9 leurs comp\u00e9tences pour am\u00e9liorer notre site web, notre design, notre marketing, etc. Sans aide ext\u00e9rieure, nous ne serions pas l\u00e0 o\u00f9 nous sommes maintenant.\n\t\t\t\t\t<\/div>\n\t\t\t\t\t\t<\/div>\n\t\t\t\t<\/div>\n\t\t\t\t\t\t<\/div>\n\t\t\t\t\t<\/div>\n\t\t<\/div>\n\t\t\t\t\t\t\t\t<\/div>\n\t\t\t\t\t<\/div>\n\t\t<\/section>\n\t\t\t\t\t\t<\/div>\n\t\t\t\t\t<\/div>\n\t\t<\/div>\n\t\t\t\t\t\t\t\t<\/div>\n\t\t\t\t\t<\/div>\n\t\t<\/section>\n\t\t\t\t<section class=\"elementor-section elementor-top-section elementor-element elementor-element-6a2155c elementor-section-boxed elementor-section-height-default elementor-section-height-default\" data-id=\"6a2155c\" data-element_type=\"section\">\n\t\t\t\t\t\t<div class=\"elementor-container elementor-column-gap-default\">\n\t\t\t\t\t\t\t<div class=\"elementor-row\">\n\t\t\t\t\t<div class=\"elementor-column elementor-col-50 elementor-top-column elementor-element elementor-element-5c43bd5\" data-id=\"5c43bd5\" data-element_type=\"column\">\n\t\t\t<div class=\"elementor-column-wrap elementor-element-populated\">\n\t\t\t\t\t\t\t<div class=\"elementor-widget-wrap\">\n\t\t\t\t\t\t<div class=\"elementor-element elementor-element-03c18ed elementor-widget elementor-widget-image\" data-id=\"03c18ed\" data-element_type=\"widget\" data-widget_type=\"image.default\">\n\t\t\t\t<div class=\"elementor-widget-container\">\n\t\t\t\t\t\t\t\t<div class=\"elementor-image\">\n\t\t\t\t\t\t\t\t\t\t\t\t<img loading=\"lazy\" decoding=\"async\" width=\"800\" height=\"34\" src=\"https:\/\/yoni.life\/fr\/wp-content\/uploads\/sites\/4\/2020\/10\/partneri-yoni-1024x43.png\" class=\"attachment-large size-large\" alt=\"They wrote about us - references\" srcset=\"https:\/\/yoni.life\/fr\/wp-content\/uploads\/sites\/4\/2020\/10\/partneri-yoni-1024x43.png 1024w, https:\/\/yoni.life\/fr\/wp-content\/uploads\/sites\/4\/2020\/10\/partneri-yoni-300x13.png 300w, https:\/\/yoni.life\/fr\/wp-content\/uploads\/sites\/4\/2020\/10\/partneri-yoni-768x32.png 768w, https:\/\/yoni.life\/fr\/wp-content\/uploads\/sites\/4\/2020\/10\/partneri-yoni-600x25.png 600w, https:\/\/yoni.life\/fr\/wp-content\/uploads\/sites\/4\/2020\/10\/partneri-yoni.png 1440w\" sizes=\"(max-width: 800px) 100vw, 800px\" \/>\t\t\t\t\t\t\t\t\t\t\t\t\t\t<\/div>\n\t\t\t\t\t\t<\/div>\n\t\t\t\t<\/div>\n\t\t\t\t\t\t<\/div>\n\t\t\t\t\t<\/div>\n\t\t<\/div>\n\t\t\t\t<div class=\"elementor-column elementor-col-50 elementor-top-column elementor-element elementor-element-a70cbd2\" data-id=\"a70cbd2\" data-element_type=\"column\">\n\t\t\t<div class=\"elementor-column-wrap elementor-element-populated\">\n\t\t\t\t\t\t\t<div class=\"elementor-widget-wrap\">\n\t\t\t\t\t\t<div class=\"elementor-element elementor-element-2fcae5c elementor-widget elementor-widget-image\" data-id=\"2fcae5c\" data-element_type=\"widget\" data-widget_type=\"image.default\">\n\t\t\t\t<div class=\"elementor-widget-container\">\n\t\t\t\t\t\t\t\t<div class=\"elementor-image\">\n\t\t\t\t\t\t\t\t\t\t\t\t<img loading=\"lazy\" decoding=\"async\" width=\"137\" height=\"60\" src=\"https:\/\/yoni.life\/fr\/wp-content\/uploads\/sites\/4\/2020\/10\/czech-design-week-logo-small-navypurple.jpg\" class=\"attachment-large size-large\" alt=\"Czech design week logo\" \/>\t\t\t\t\t\t\t\t\t\t\t\t\t\t<\/div>\n\t\t\t\t\t\t<\/div>\n\t\t\t\t<\/div>\n\t\t\t\t<div class=\"elementor-element elementor-element-11155ed elementor-widget elementor-widget-text-editor\" data-id=\"11155ed\" data-element_type=\"widget\" data-widget_type=\"text-editor.default\">\n\t\t\t\t<div class=\"elementor-widget-container\">\n\t\t\t\t\t\t\t\t<div class=\"elementor-text-editor elementor-clearfix\">\n\t\t\t\t<p><span style=\"caret-color: #4c4c4c; color: #4c4c4c; font-family: Roboto, Arial, Helvetica, sans-serif; font-size: 14px; text-align: center;\">1st place (best installation) in CZDW 2017<\/span><\/p>\t\t\t\t\t<\/div>\n\t\t\t\t\t\t<\/div>\n\t\t\t\t<\/div>\n\t\t\t\t\t\t<\/div>\n\t\t\t\t\t<\/div>\n\t\t<\/div>\n\t\t\t\t\t\t\t\t<\/div>\n\t\t\t\t\t<\/div>\n\t\t<\/section>\n\t\t\t\t\t\t<\/div>\n\t\t\t\t\t\t<\/div>\n\t\t\t\t\t<\/div>\n\t\t","protected":false},"excerpt":{"rendered":"<p>\u201cIf you think we can\u2019t change the world, it just means you\u2019re not one of those who will.\u201d \u2015 Jacque Fresco jazine &#038; kri\u0161tof Le voyage Quand nous avions 19\u00a0ans, nous pensions partir avec un sac \u00e0 dos et ne pas revenir. Nous trouverons la bonne place dans un monde o\u00f9 nous nous serrons les [&hellip;]<\/p>\n","protected":false},"author":1,"featured_media":0,"parent":0,"menu_order":0,"comment_status":"closed","ping_status":"closed","template":"","meta":{"footnotes":""},"_links":{"self":[{"href":"https:\/\/yoni.life\/fr\/wp-json\/wp\/v2\/pages\/948"}],"collection":[{"href":"https:\/\/yoni.life\/fr\/wp-json\/wp\/v2\/pages"}],"about":[{"href":"https:\/\/yoni.life\/fr\/wp-json\/wp\/v2\/types\/page"}],"author":[{"embeddable":true,"href":"https:\/\/yoni.life\/fr\/wp-json\/wp\/v2\/users\/1"}],"replies":[{"embeddable":true,"href":"https:\/\/yoni.life\/fr\/wp-json\/wp\/v2\/comments?post=948"}],"version-history":[{"count":16,"href":"https:\/\/yoni.life\/fr\/wp-json\/wp\/v2\/pages\/948\/revisions"}],"predecessor-version":[{"id":2915,"href":"https:\/\/yoni.life\/fr\/wp-json\/wp\/v2\/pages\/948\/revisions\/2915"}],"wp:attachment":[{"href":"https:\/\/yoni.life\/fr\/wp-json\/wp\/v2\/media?parent=948"}],"curies":[{"name":"wp","href":"https:\/\/api.w.org\/{rel}","templated":true}]}}