{"id":962,"date":"2020-10-23T11:42:52","date_gmt":"2020-10-23T11:42:52","guid":{"rendered":"https:\/\/yoni.life\/fr\/?page_id=962"},"modified":"2021-10-05T15:00:57","modified_gmt":"2021-10-05T14:00:57","slug":"privacy-policy-2","status":"publish","type":"page","link":"https:\/\/yoni.life\/fr\/privacy-policy-2\/","title":{"rendered":"POLITIQUE DE CONFIDENTIALIT\u00c9"},"content":{"rendered":"\n<p>Cette politique est un ajout aux \u00a0<a class=\"rank-math-link\" href=\"https:\/\/yoni.life\/terms-conditions\/\"><a href=\"https:\/\/yoni.life\/fr\/terms-conditions\/\">Conditions g\u00e9n\u00e9rales d\u2019utilisation<\/a><\/a><\/p>\n\n\n\n<p><strong>I. DISPOSITIONS INTRODUCTIVES<\/strong><\/p>\n\n\n\n<p>Aux fins de la pr\u00e9sente politique,<br>Op\u00e9rateur Yonilife, s.r.o., ID de la soci\u00e9t\u00e9 : 05690030, avec si\u00e8ge social \u00e0 Topolky 26, 61600<br>Brno, au tribunal de district de Brno, section C, dossier 97393, e-mail : shop@yonilife.com<br>Informations personnelles : nom et pr\u00e9nom, adresse, adresse e-mail, num\u00e9ro de t\u00e9l\u00e9phone, adresse IP, num\u00e9ro d&#8217;identification professionnelle de l&#8217;entrepreneur et num\u00e9ro d&#8217;identification fiscale de la personne physique exer\u00e7ant son activit\u00e9.<br>L&#8217;Op\u00e9rateur, en tant que fournisseur de donn\u00e9es personnelles, vous informe par la pr\u00e9sente de la mani\u00e8re et de l&#8217;\u00e9tendue du traitement des donn\u00e9es personnelles, y compris l&#8217;\u00e9tendue des droits de l&#8217;utilisateur (tels que d\u00e9finis ci-dessous) li\u00e9s au traitement de ses donn\u00e9es personnelles.<br>Op\u00e9rateur e-store www.yoni.life\/. Dans le cadre de cette activit\u00e9, l&#8217;Op\u00e9rateur est trait\u00e9 des Donn\u00e9es Personnelles :<br>dans la mesure o\u00f9 elles ont \u00e9t\u00e9 fournies dans le cadre de la commande des produits de l&#8217;Op\u00e9rateur, respectivement. dans la n\u00e9gociation de la conclusion d&#8217;un contrat avec l&#8217;Op\u00e9rateur, ainsi que dans le cadre d&#8217;un contrat conclu&nbsp;; et<br>aux fins \u00e9num\u00e9r\u00e9es ci-dessous au point 4.<br>L&#8217;Op\u00e9rateur traite les Donn\u00e9es Personnelles aux fins suivantes :<br>l&#8217;ex\u00e9cution du contrat et la prestation de services&nbsp;;<br>le respect des obligations l\u00e9gales (notamment comptables, fiscales et d&#8217;archivage) ;<br>offres marketing et commerciales des services de l&#8217;Op\u00e9rateur<br>la protection des droits et des int\u00e9r\u00eats l\u00e9gitimes du fiduciaire (int\u00e9r\u00eat l\u00e9gitime).<br>L&#8217;Op\u00e9rateur est le Contr\u00f4leur de la confidentialit\u00e9.<\/p>\n\n\n\n<p><strong>II. PROTECTION DES DONN\u00c9ES PERSONNELLES ET INFORMATIONS SUR LE TRAITEMENT<\/strong><br><\/p>\n\n\n\n<p>Pour les personnes physiques qui remplissent et envoient \u00e0 l&#8217;Op\u00e9rateur un formulaire de commande rempli depuis la boutique Internet yoni.life\/ (ci-apr\u00e8s d\u00e9nomm\u00e9e \u00ab&nbsp;l&#8217;Utilisateur&nbsp;\u00bb), la Loi n\u00b0 101\/2000 Coll., Sur la protection des donn\u00e9es personnelles , tel que modifi\u00e9, et d&#8217;autres lois pertinentes.<br>L&#8217;utilisateur reconna\u00eet qu&#8217;en envoyant le bon de commande rempli, le traitement des donn\u00e9es personnelles par l&#8217;op\u00e9rateur commence.<br>Si un utilisateur omet de fournir ses informations personnelles, il n&#8217;est pas possible d&#8217;entrer et \/ ou de fournir des services \u00e0 l&#8217;op\u00e9rateur. Les donn\u00e9es personnelles sont n\u00e9cessaires dans ce contexte pour fournir un service ou un produit sp\u00e9cifique \u00e0 l&#8217;Op\u00e9rateur.<br>Les donn\u00e9es personnelles seront trait\u00e9es lors de la n\u00e9gociation d&#8217;un contrat entre l&#8217;Op\u00e9rateur et l&#8217;Utilisateur dans le but de conclure le contrat ainsi que pour la dur\u00e9e de la relation contractuelle.<br>En cas de conclusion d&#8217;un contrat dans le cadre des Conditions G\u00e9n\u00e9rales d&#8217;Utilisation de l&#8217;Op\u00e9rateur, les Donn\u00e9es Personnelles seront trait\u00e9es et conserv\u00e9es pendant les 36 prochains mois en cas de litige concernant la relation entre l&#8217;Op\u00e9rateur et l&#8217;Utilisateur afin de prot\u00e9ger les int\u00e9r\u00eats l\u00e9gitimes de l&#8217;op\u00e9rateur. L&#8217;int\u00e9r\u00eat l\u00e9gitime de l&#8217;Op\u00e9rateur est l&#8217;ex\u00e9cution correcte et dans les d\u00e9lais de l&#8217;obligation contractuelle convenue entre l&#8217;Op\u00e9rateur et l&#8217;Utilisateur et l&#8217;accomplissement des obligations l\u00e9gales que l&#8217;Op\u00e9rateur d\u00e9coule de la relation contractuelle entre lui et l&#8217;Utilisateur.<br>Afin de remplir l&#8217;obligation l\u00e9gale d&#8217;archiver les documents comptables conform\u00e9ment \u00e0 la loi n\u00b0 563\/1991 Coll., sur la comptabilit\u00e9, telle que modifi\u00e9e, les donn\u00e9es personnelles (\u00e0 l&#8217;exception de l&#8217;adresse e-mail et du num\u00e9ro de t\u00e9l\u00e9phone) seront trait\u00e9es et conserv\u00e9es pendant 5 ans \u00e0 compter de avec l&#8217;ann\u00e9e qui suit l&#8217;ann\u00e9e au cours de laquelle le contrat entre l&#8217;Op\u00e9rateur et l&#8217;Utilisateur a \u00e9t\u00e9 conclu.<br>Les informations personnelles \u2013 num\u00e9ro de t\u00e9l\u00e9phone et e-mail \u2013 seront trait\u00e9es \u00e0 des fins de communication marketing et commerciale lors de l&#8217;enregistrement de l&#8217;Utilisateur conform\u00e9ment \u00e0 l&#8217;article II. (5), et pour une dur\u00e9e de 12 mois apr\u00e8s sa r\u00e9siliation, sauf si le consentement est retir\u00e9 par l&#8217;Utilisateur \u00e0 tout moment.<br>Apr\u00e8s le d\u00e9lai vis\u00e9 \u00e0 l&#8217;article II. (4), (5), (6) et (7) L&#8217;op\u00e9rateur doit liquider les donn\u00e9es personnelles.<br>L&#8217;utilisateur est uniquement tenu de fournir \u00e0 l&#8217;op\u00e9rateur des informations personnelles v\u00e9ridiques et exactes.<br>L&#8217;Op\u00e9rateur mettra tout en \u0153uvre pour \u00e9viter le traitement non autoris\u00e9 des Donn\u00e9es Personnelles.<br>Les donn\u00e9es personnelles sont et seront trait\u00e9es sous forme \u00e9lectronique de mani\u00e8re non automatis\u00e9e.<br>L&#8217;utilisateur reconna\u00eet que ses donn\u00e9es personnelles sont stock\u00e9es dans les centres de donn\u00e9es de Google LLC. L&#8217;op\u00e9rateur utilise les services G Suite et Google Cloud Platform pour fonctionner dans le respect des normes europ\u00e9ennes de confidentialit\u00e9.<\/p>\n\n\n\n<p><strong>II.A) COOKIES ET COMMERCIALISATION<\/strong><br>En cas de consentement d&#8217;un utilisateur \u00e0 l&#8217;utilisation de cookies et\/ou au traitement de donn\u00e9es personnelles, des cookies et des donn\u00e9es personnelles peuvent \u00eatre stock\u00e9s par l&#8217;op\u00e9rateur ou par des tiers, y compris Smartsupp.com, Ltd., DI\u010c CZ03668681, Google LLC, Facebook, Inc., Kinsta Ltd<\/p>\n\n\n\n<p><strong>III. DROITS DES UTILISATEURS RELATIFS AU TRAITEMENT<\/strong><br><\/p>\n\n\n\n<p>L&#8217;utilisateur a le droit de r\u00e9voquer le traitement des donn\u00e9es personnelles fournies \u00e0 tout moment (dans les cas o\u00f9 le traitement des donn\u00e9es personnelles est soumis au consentement). Cependant, le retrait du consentement au traitement des donn\u00e9es personnelles n&#8217;est pas possible dans la mesure et dans le but de remplir l&#8217;obligation l\u00e9gale de l&#8217;op\u00e9rateur. La r\u00e9vocation du consentement est sans pr\u00e9judice de la lic\u00e9it\u00e9 du traitement fond\u00e9 sur le consentement donn\u00e9 avant son rappel. La r\u00e9vocation du consentement n&#8217;a \u00e9galement aucun effet sur le traitement des Donn\u00e9es personnelles trait\u00e9es par le mandataire sur la base d&#8217;une base l\u00e9gale autre que le consentement (c&#8217;est-\u00e0-dire, en particulier, si le traitement est n\u00e9cessaire \u00e0 l&#8217;ex\u00e9cution du contrat, des obligations l\u00e9gales ou pour d&#8217;autres raisons \u00e9nonc\u00e9es dans la l\u00e9gislation applicable).<br>L&#8217;utilisateur a \u00e9galement le droit de :<br>demander \u00e0 l&#8217;Op\u00e9rateur d&#8217;acc\u00e9der \u00e0 ses Donn\u00e9es Personnelles\u00a0;<br>pour la r\u00e9paration des donn\u00e9es personnelles fournies\u00a0;<br>la suppression des Donn\u00e9es Personnelles fournies ;<br>limiter le traitement des Donn\u00e9es Personnelles\u00a0; et<br>d\u00e9poser une plainte aupr\u00e8s de l&#8217;Office de protection des donn\u00e9es personnelles.<br>Dans le cas o\u00f9 l&#8217;Utilisateur estime que l&#8217;Op\u00e9rateur effectue le traitement de ses Donn\u00e9es Personnelles contrairement \u00e0 la protection de sa vie priv\u00e9e et personnelle ou en violation des dispositions l\u00e9gales applicables, notamment si les Donn\u00e9es Personnelles sont inexactes au regard aux fins de leur traitement, peut :<br>demander une explication \u00e0 l&#8217;Op\u00e9rateur par e-mail \u00e0 sales@yonilife.com\u00a0;<br>s&#8217;opposer au traitement et demander par e-mail envoy\u00e9 \u00e0 shop@yonilife.com de s&#8217;assurer que l&#8217;Op\u00e9rateur assure la suppression de la situation qui en r\u00e9sulte (par exemple en bloquant, r\u00e9parant, ajoutant ou supprimant des donn\u00e9es personnelles). L&#8217;Op\u00e9rateur statuera sur l&#8217;opposition dans les plus brefs d\u00e9lais et en informera l&#8217;Utilisateur. Si l&#8217;Op\u00e9rateur ne se conforme pas \u00e0 l&#8217;objection, l&#8217;Utilisateur a le droit de contacter directement l&#8217;Office de protection des donn\u00e9es personnelles. Cette disposition est sans pr\u00e9judice du droit de l&#8217;Utilisateur de saisir directement l&#8217;Office de protection des donn\u00e9es personnelles avec sa r\u00e9clamation.<br>Si l&#8217;Utilisateur demande l&#8217;\u00e9tendue ou le mode de traitement de ses Donn\u00e9es Personnelles, l&#8217;Op\u00e9rateur est tenu de transmettre cette information sans d\u00e9lai, mais au plus tard dans le mois suivant la r\u00e9ception de la demande par l&#8217;Op\u00e9rateur \u00e0 shop@yonilife.com.<br>Si l&#8217;utilisateur exerce le droit d&#8217;acc\u00e9der aux donn\u00e9es personnelles sous forme \u00e9lectronique, l&#8217;op\u00e9rateur fournira \u00e9galement les informations demand\u00e9es sous forme \u00e9lectronique, \u00e0 moins que l&#8217;utilisateur ne demande un autre moyen de fournir des informations.<br>En cas de demande r\u00e9p\u00e9t\u00e9e et d\u00e9raisonnable de fournir une copie physique des donn\u00e9es personnelles trait\u00e9es, l&#8217;op\u00e9rateur est en droit de facturer des frais raisonnables pour les frais administratifs associ\u00e9s.<br><strong>IV. PROVISIONS FINALES<\/strong><br>Toutes les relations juridiques d\u00e9coulant du traitement des donn\u00e9es personnelles sont r\u00e9gies par les lois de la R\u00e9publique tch\u00e8que, quel que soit l&#8217;endroit o\u00f9 l&#8217;acc\u00e8s a \u00e9t\u00e9 fait. Pour r\u00e9soudre tout litige survenant en relation avec la protection de la vie priv\u00e9e entre l&#8217;Utilisateur et l&#8217;Op\u00e9rateur, les tribunaux tch\u00e8ques comp\u00e9tents sont comp\u00e9tents.<br>Les utilisateurs qui fournissent leurs donn\u00e9es personnelles afin de conclure un contrat avec l&#8217;op\u00e9rateur ou de donner leur consentement au traitement des donn\u00e9es personnelles via le formulaire de commande le font volontairement, en leur nom et l&#8217;op\u00e9rateur ne g\u00e8re en aucune mani\u00e8re leurs activit\u00e9s.<br>L&#8217;Op\u00e9rateur peut modifier ou compl\u00e9ter le texte de la Politique. Pour chacune de ces modifications, l&#8217;Op\u00e9rateur notifiera l&#8217;Utilisateur par e-mail au moins 30 jours avant que les modifications ne prennent effet.<br>Cette politique entre en vigueur le 23.05. 2018.<\/p>\n\n\n\n<p><strong>Nous contacter<\/strong><\/p>\n\n\n\n<p>Si vous avez des questions concernant cette politique de confidentialit\u00e9, vous pouvez nous contacter en utilisant les informations ci-dessous ou en utilisant le <a href=\"https:\/\/yoni.life\/contact\/\">page de contact<\/a><\/p>\n\n\n\n<p>https:\/\/yoni.life<br><strong>Yonilife, s.r.o.<\/strong><br>Czech Republic<br>Brno, 61600<br>Topolky 26<br>shop@yonilife.com<br><strong>+420 602 123 020<\/strong><\/p>\n","protected":false},"excerpt":{"rendered":"<p>Cette politique est un ajout aux \u00a0Conditions g\u00e9n\u00e9rales d\u2019utilisation I. DISPOSITIONS INTRODUCTIVES Aux fins de la pr\u00e9sente politique,Op\u00e9rateur Yonilife, s.r.o., ID de la soci\u00e9t\u00e9 : 05690030, avec si\u00e8ge social \u00e0 Topolky 26, 61600Brno, au tribunal de district de Brno, section C, dossier 97393, e-mail : shop@yonilife.comInformations personnelles : nom et pr\u00e9nom, adresse, adresse e-mail, num\u00e9ro [&hellip;]<\/p>\n","protected":false},"author":1,"featured_media":0,"parent":0,"menu_order":0,"comment_status":"closed","ping_status":"closed","template":"","meta":{"footnotes":""},"_links":{"self":[{"href":"https:\/\/yoni.life\/fr\/wp-json\/wp\/v2\/pages\/962"}],"collection":[{"href":"https:\/\/yoni.life\/fr\/wp-json\/wp\/v2\/pages"}],"about":[{"href":"https:\/\/yoni.life\/fr\/wp-json\/wp\/v2\/types\/page"}],"author":[{"embeddable":true,"href":"https:\/\/yoni.life\/fr\/wp-json\/wp\/v2\/users\/1"}],"replies":[{"embeddable":true,"href":"https:\/\/yoni.life\/fr\/wp-json\/wp\/v2\/comments?post=962"}],"version-history":[{"count":3,"href":"https:\/\/yoni.life\/fr\/wp-json\/wp\/v2\/pages\/962\/revisions"}],"predecessor-version":[{"id":2948,"href":"https:\/\/yoni.life\/fr\/wp-json\/wp\/v2\/pages\/962\/revisions\/2948"}],"wp:attachment":[{"href":"https:\/\/yoni.life\/fr\/wp-json\/wp\/v2\/media?parent=962"}],"curies":[{"name":"wp","href":"https:\/\/api.w.org\/{rel}","templated":true}]}}