{"id":122,"date":"2020-10-01T11:59:41","date_gmt":"2020-10-01T10:59:41","guid":{"rendered":"https:\/\/yoni.life\/fr\/product\/import-placeholder-for-4068\/"},"modified":"2024-06-02T22:28:40","modified_gmt":"2024-06-02T21:28:40","slug":"yoni-egg","status":"publish","type":"product","link":"https:\/\/yoni.life\/fr\/p\/yoni-egg\/","title":{"rendered":"\u0152uf de Yoni"},"content":{"rendered":"\t\t<div data-elementor-type=\"product-post\" data-elementor-id=\"122\" class=\"elementor elementor-122\" data-elementor-settings=\"[]\">\n\t\t\t\t\t\t<div class=\"elementor-inner\">\n\t\t\t\t\t\t\t<div class=\"elementor-section-wrap\">\n\t\t\t\t\t\t\t<section class=\"elementor-section elementor-top-section elementor-element elementor-element-953b521 elementor-reverse-mobile elementor-section-stretched elementor-section-boxed elementor-section-height-default elementor-section-height-default\" data-id=\"953b521\" data-element_type=\"section\" data-settings=\"{&quot;stretch_section&quot;:&quot;section-stretched&quot;}\">\n\t\t\t\t\t\t<div class=\"elementor-container elementor-column-gap-default\">\n\t\t\t\t\t\t\t<div class=\"elementor-row\">\n\t\t\t\t\t<div class=\"elementor-column elementor-col-50 elementor-top-column elementor-element elementor-element-809107f\" data-id=\"809107f\" data-element_type=\"column\">\n\t\t\t<div class=\"elementor-column-wrap elementor-element-populated\">\n\t\t\t\t\t\t\t<div class=\"elementor-widget-wrap\">\n\t\t\t\t\t\t<div class=\"elementor-element elementor-element-7f98d6b elementor-widget elementor-widget-image\" data-id=\"7f98d6b\" data-element_type=\"widget\" data-widget_type=\"image.default\">\n\t\t\t\t<div class=\"elementor-widget-container\">\n\t\t\t\t\t\t\t\t<div class=\"elementor-image\">\n\t\t\t\t\t\t\t\t\t\t\t\t<img loading=\"lazy\" decoding=\"async\" width=\"600\" height=\"600\" src=\"https:\/\/yoni.life\/fr\/wp-content\/uploads\/sites\/4\/2021\/02\/AfterlightImage-52-2.jpg\" class=\"attachment-large size-large\" alt=\"Magda with Yoni eggs\" srcset=\"https:\/\/yoni.life\/fr\/wp-content\/uploads\/sites\/4\/2021\/02\/AfterlightImage-52-2.jpg 600w, https:\/\/yoni.life\/fr\/wp-content\/uploads\/sites\/4\/2021\/02\/AfterlightImage-52-2-300x300.jpg 300w, https:\/\/yoni.life\/fr\/wp-content\/uploads\/sites\/4\/2021\/02\/AfterlightImage-52-2-150x150.jpg 150w, https:\/\/yoni.life\/fr\/wp-content\/uploads\/sites\/4\/2021\/02\/AfterlightImage-52-2-100x100.jpg 100w\" sizes=\"(max-width: 600px) 100vw, 600px\" \/>\t\t\t\t\t\t\t\t\t\t\t\t\t\t<\/div>\n\t\t\t\t\t\t<\/div>\n\t\t\t\t<\/div>\n\t\t\t\t\t\t<\/div>\n\t\t\t\t\t<\/div>\n\t\t<\/div>\n\t\t\t\t<div class=\"elementor-column elementor-col-50 elementor-top-column elementor-element elementor-element-f050f72\" data-id=\"f050f72\" data-element_type=\"column\">\n\t\t\t<div class=\"elementor-column-wrap elementor-element-populated\">\n\t\t\t\t\t\t\t<div class=\"elementor-widget-wrap\">\n\t\t\t\t\t\t<div class=\"elementor-element elementor-element-d021e51 elementor-widget elementor-widget-heading\" data-id=\"d021e51\" data-element_type=\"widget\" data-widget_type=\"heading.default\">\n\t\t\t\t<div class=\"elementor-widget-container\">\n\t\t\t<h2 class=\"elementor-heading-title elementor-size-default\">Qu\u2019est-ce que l\u2019\u0153uf de Yoni\u2009?<\/h2>\t\t<\/div>\n\t\t\t\t<\/div>\n\t\t\t\t<div class=\"elementor-element elementor-element-39b7751 elementor-widget elementor-widget-heading\" data-id=\"39b7751\" data-element_type=\"widget\" data-widget_type=\"heading.default\">\n\t\t\t\t<div class=\"elementor-widget-container\">\n\t\t\t<h3 class=\"elementor-heading-title elementor-size-default\">Amour, sant\u00e9 et long\u00e9vit\u00e9.<\/h3>\t\t<\/div>\n\t\t\t\t<\/div>\n\t\t\t\t<div class=\"elementor-element elementor-element-f3dfd42 elementor-widget elementor-widget-text-editor\" data-id=\"f3dfd42\" data-element_type=\"widget\" data-widget_type=\"text-editor.default\">\n\t\t\t\t<div class=\"elementor-widget-container\">\n\t\t\t\t\t\t\t\t<div class=\"elementor-text-editor elementor-clearfix\">\n\t\t\t\tSon origine se trouve dans la m\u00e9decine orientale de la Chine ancienne, o\u00f9 il a commenc\u00e9 \u00e0 \u00eatre utilis\u00e9 il y a 5000\u00a0ans. L\u2019\u0153uf de Yoni est d\u2019une grande aide pour renforcer et maintenir un plancher pelvien sain et flexible, cultiver l\u2019\u00e9nergie intime et am\u00e9liorer votre vie amoureuse. La relation entre les muscles du plancher pelvien et l\u2019intensit\u00e9 de l\u2019orgasme est bien connue et document\u00e9e.\t\t\t\t\t<\/div>\n\t\t\t\t\t\t<\/div>\n\t\t\t\t<\/div>\n\t\t\t\t\t\t<\/div>\n\t\t\t\t\t<\/div>\n\t\t<\/div>\n\t\t\t\t\t\t\t\t<\/div>\n\t\t\t\t\t<\/div>\n\t\t<\/section>\n\t\t\t\t<section class=\"elementor-section elementor-top-section elementor-element elementor-element-6f4490f elementor-section-stretched elementor-section-boxed elementor-section-height-default elementor-section-height-default\" data-id=\"6f4490f\" data-element_type=\"section\" data-settings=\"{&quot;stretch_section&quot;:&quot;section-stretched&quot;}\">\n\t\t\t\t\t\t<div class=\"elementor-container elementor-column-gap-default\">\n\t\t\t\t\t\t\t<div class=\"elementor-row\">\n\t\t\t\t\t<div class=\"elementor-column elementor-col-50 elementor-top-column elementor-element elementor-element-b5e8b7d\" data-id=\"b5e8b7d\" data-element_type=\"column\">\n\t\t\t<div class=\"elementor-column-wrap elementor-element-populated\">\n\t\t\t\t\t\t\t<div class=\"elementor-widget-wrap\">\n\t\t\t\t\t\t<div class=\"elementor-element elementor-element-8fed8e9 elementor-widget elementor-widget-heading\" data-id=\"8fed8e9\" data-element_type=\"widget\" data-widget_type=\"heading.default\">\n\t\t\t\t<div class=\"elementor-widget-container\">\n\t\t\t<h2 class=\"elementor-heading-title elementor-size-default\">Pourquoi utiliser l\u2019\u0153uf de Yoni\u2009?<\/h2>\t\t<\/div>\n\t\t\t\t<\/div>\n\t\t\t\t<div class=\"elementor-element elementor-element-375fbaa elementor-widget elementor-widget-text-editor\" data-id=\"375fbaa\" data-element_type=\"widget\" data-widget_type=\"text-editor.default\">\n\t\t\t\t<div class=\"elementor-widget-container\">\n\t\t\t\t\t\t\t\t<div class=\"elementor-text-editor elementor-clearfix\">\n\t\t\t\t<p>Le plancher pelvien est un sujet important et oubli\u00e9. Le plancher pelvien comprend l\u2019ut\u00e9rus, les ovaires, la vessie et le c\u00f4lon, et a donc un effet important sur la sant\u00e9 globale et l\u2019\u00e9tat du corps. C\u2019est comme soulever un halt\u00e8re. Vous pouvez le faire aussi\u2009!<\/p>\t\t\t\t\t<\/div>\n\t\t\t\t\t\t<\/div>\n\t\t\t\t<\/div>\n\t\t\t\t\t\t<\/div>\n\t\t\t\t\t<\/div>\n\t\t<\/div>\n\t\t\t\t<div class=\"elementor-column elementor-col-50 elementor-top-column elementor-element elementor-element-44f26ae\" data-id=\"44f26ae\" data-element_type=\"column\">\n\t\t\t<div class=\"elementor-column-wrap elementor-element-populated\">\n\t\t\t\t\t\t\t<div class=\"elementor-widget-wrap\">\n\t\t\t\t\t\t<div class=\"elementor-element elementor-element-54cfbb9 elementor-widget elementor-widget-image\" data-id=\"54cfbb9\" data-element_type=\"widget\" data-widget_type=\"image.default\">\n\t\t\t\t<div class=\"elementor-widget-container\">\n\t\t\t\t\t\t\t\t<div class=\"elementor-image\">\n\t\t\t\t\t\t\t\t\t\t\t\t<img loading=\"lazy\" decoding=\"async\" width=\"600\" height=\"600\" src=\"https:\/\/yoni.life\/fr\/wp-content\/uploads\/sites\/4\/2021\/02\/AfterlightImage-61-2.jpg\" class=\"attachment-large size-large\" alt=\"Jazine with Yoni egg on her woman parts\" srcset=\"https:\/\/yoni.life\/fr\/wp-content\/uploads\/sites\/4\/2021\/02\/AfterlightImage-61-2.jpg 600w, https:\/\/yoni.life\/fr\/wp-content\/uploads\/sites\/4\/2021\/02\/AfterlightImage-61-2-300x300.jpg 300w, https:\/\/yoni.life\/fr\/wp-content\/uploads\/sites\/4\/2021\/02\/AfterlightImage-61-2-150x150.jpg 150w, https:\/\/yoni.life\/fr\/wp-content\/uploads\/sites\/4\/2021\/02\/AfterlightImage-61-2-100x100.jpg 100w\" sizes=\"(max-width: 600px) 100vw, 600px\" \/>\t\t\t\t\t\t\t\t\t\t\t\t\t\t<\/div>\n\t\t\t\t\t\t<\/div>\n\t\t\t\t<\/div>\n\t\t\t\t\t\t<\/div>\n\t\t\t\t\t<\/div>\n\t\t<\/div>\n\t\t\t\t\t\t\t\t<\/div>\n\t\t\t\t\t<\/div>\n\t\t<\/section>\n\t\t\t\t<section class=\"elementor-section elementor-top-section elementor-element elementor-element-eb01344 elementor-reverse-mobile elementor-section-stretched elementor-section-boxed elementor-section-height-default elementor-section-height-default\" data-id=\"eb01344\" data-element_type=\"section\" data-settings=\"{&quot;stretch_section&quot;:&quot;section-stretched&quot;}\">\n\t\t\t\t\t\t<div class=\"elementor-container elementor-column-gap-default\">\n\t\t\t\t\t\t\t<div class=\"elementor-row\">\n\t\t\t\t\t<div class=\"elementor-column elementor-col-50 elementor-top-column elementor-element elementor-element-f3f7db4\" data-id=\"f3f7db4\" data-element_type=\"column\">\n\t\t\t<div class=\"elementor-column-wrap elementor-element-populated\">\n\t\t\t\t\t\t\t<div class=\"elementor-widget-wrap\">\n\t\t\t\t\t\t<div class=\"elementor-element elementor-element-b52bc0e elementor-widget elementor-widget-image\" data-id=\"b52bc0e\" data-element_type=\"widget\" data-widget_type=\"image.default\">\n\t\t\t\t<div class=\"elementor-widget-container\">\n\t\t\t\t\t\t\t\t<div class=\"elementor-image\">\n\t\t\t\t\t\t\t\t\t\t\t\t<img loading=\"lazy\" decoding=\"async\" width=\"600\" height=\"600\" src=\"https:\/\/yoni.life\/fr\/wp-content\/uploads\/sites\/4\/2021\/02\/AfterlightImage-63-2.jpg\" class=\"attachment-large size-large\" alt=\"Jazine with yoni eggs on her chest\" srcset=\"https:\/\/yoni.life\/fr\/wp-content\/uploads\/sites\/4\/2021\/02\/AfterlightImage-63-2.jpg 600w, https:\/\/yoni.life\/fr\/wp-content\/uploads\/sites\/4\/2021\/02\/AfterlightImage-63-2-300x300.jpg 300w, https:\/\/yoni.life\/fr\/wp-content\/uploads\/sites\/4\/2021\/02\/AfterlightImage-63-2-150x150.jpg 150w, https:\/\/yoni.life\/fr\/wp-content\/uploads\/sites\/4\/2021\/02\/AfterlightImage-63-2-100x100.jpg 100w\" sizes=\"(max-width: 600px) 100vw, 600px\" \/>\t\t\t\t\t\t\t\t\t\t\t\t\t\t<\/div>\n\t\t\t\t\t\t<\/div>\n\t\t\t\t<\/div>\n\t\t\t\t\t\t<\/div>\n\t\t\t\t\t<\/div>\n\t\t<\/div>\n\t\t\t\t<div class=\"elementor-column elementor-col-50 elementor-top-column elementor-element elementor-element-4ccf90f\" data-id=\"4ccf90f\" data-element_type=\"column\">\n\t\t\t<div class=\"elementor-column-wrap elementor-element-populated\">\n\t\t\t\t\t\t\t<div class=\"elementor-widget-wrap\">\n\t\t\t\t\t\t<div class=\"elementor-element elementor-element-a97a275 elementor-widget elementor-widget-heading\" data-id=\"a97a275\" data-element_type=\"widget\" data-widget_type=\"heading.default\">\n\t\t\t\t<div class=\"elementor-widget-container\">\n\t\t\t<h2 class=\"elementor-heading-title elementor-size-default\">\u0152uf de Yoni certifi\u00e9<\/h2>\t\t<\/div>\n\t\t\t\t<\/div>\n\t\t\t\t<div class=\"elementor-element elementor-element-8e492f8 elementor-widget elementor-widget-text-editor\" data-id=\"8e492f8\" data-element_type=\"widget\" data-widget_type=\"text-editor.default\">\n\t\t\t\t<div class=\"elementor-widget-container\">\n\t\t\t\t\t\t\t\t<div class=\"elementor-text-editor elementor-clearfix\">\n\t\t\t\tNous tenons \u00e0 la qualit\u00e9 et \u00e0 l\u2019origine de nos \u0153ufs de Yoni, c\u2019est pourquoi nous les faisons tous certifier par le laboratoire de gemmologie tch\u00e8que. La certification garantit la qualit\u00e9 de la pierre. Nous pouvons donc garantir que les pierres ne sont pas coll\u00e9es ou alt\u00e9r\u00e9es d\u2019une autre mani\u00e8re. Nos fournisseurs garantissent qu\u2019aucun enfant n\u2019a travaill\u00e9 \u00e0 l\u2019extraction des pierres.\t\t\t\t\t<\/div>\n\t\t\t\t\t\t<\/div>\n\t\t\t\t<\/div>\n\t\t\t\t\t\t<\/div>\n\t\t\t\t\t<\/div>\n\t\t<\/div>\n\t\t\t\t\t\t\t\t<\/div>\n\t\t\t\t\t<\/div>\n\t\t<\/section>\n\t\t\t\t<section class=\"elementor-section elementor-top-section elementor-element elementor-element-03c9b73 elementor-section-stretched elementor-section-boxed elementor-section-height-default elementor-section-height-default\" data-id=\"03c9b73\" data-element_type=\"section\" data-settings=\"{&quot;stretch_section&quot;:&quot;section-stretched&quot;}\">\n\t\t\t\t\t\t<div class=\"elementor-container elementor-column-gap-default\">\n\t\t\t\t\t\t\t<div class=\"elementor-row\">\n\t\t\t\t\t<div class=\"elementor-column elementor-col-100 elementor-top-column elementor-element elementor-element-3d742f3\" data-id=\"3d742f3\" data-element_type=\"column\">\n\t\t\t<div class=\"elementor-column-wrap elementor-element-populated\">\n\t\t\t\t\t\t\t<div class=\"elementor-widget-wrap\">\n\t\t\t\t\t\t<div class=\"elementor-element elementor-element-44ee4a8 elementor-widget elementor-widget-spacer\" data-id=\"44ee4a8\" data-element_type=\"widget\" data-widget_type=\"spacer.default\">\n\t\t\t\t<div class=\"elementor-widget-container\">\n\t\t\t\t\t<div class=\"elementor-spacer\">\n\t\t\t<div class=\"elementor-spacer-inner\"><\/div>\n\t\t<\/div>\n\t\t\t\t<\/div>\n\t\t\t\t<\/div>\n\t\t\t\t<div class=\"elementor-element elementor-element-5ef3a28 elementor-widget elementor-widget-heading\" data-id=\"5ef3a28\" data-element_type=\"widget\" data-widget_type=\"heading.default\">\n\t\t\t\t<div class=\"elementor-widget-container\">\n\t\t\t<h3 class=\"elementor-heading-title elementor-size-default\"><a href=\"http:\/\/yoni.life\/fr\/yoni-egg\/\">En savoir plus sur les \u0153ufs de Yoni certifi\u00e9s. ><\/a><\/h3>\t\t<\/div>\n\t\t\t\t<\/div>\n\t\t\t\t\t\t<\/div>\n\t\t\t\t\t<\/div>\n\t\t<\/div>\n\t\t\t\t\t\t\t\t<\/div>\n\t\t\t\t\t<\/div>\n\t\t<\/section>\n\t\t\t\t\t\t<\/div>\n\t\t\t\t\t\t<\/div>\n\t\t\t\t\t<\/div>\n\t\t","protected":false},"excerpt":{"rendered":"<p>R\u00e9veillez votre d\u00e9esse int\u00e9rieure et vos sens naturels avec un \u0153uf de Yoni certifi\u00e9.<br \/>\nLa pierre est une pierre semi-pr\u00e9cieuse en forme d\u2019\u0153uf.<br \/>\nL\u2019exercice avec l\u2019\u0153uf de Yoni renforcera tout le centre du corps, ce qui vous aidera \u00e0 soulager les maux de dos, l\u2019incontinence, les douleurs menstruelles, augmentera la capacit\u00e9 de concevoir, \u00e9quilibrera la posture, la circulation sanguine dans le bas du corps, renforcera les muscles ut\u00e9rins et provoquera une sensibilisation. Il convient \u00e9galement pour la pr\u00e9paration \u00e0 l\u2019accouchement ainsi que pour le traitement et la restauration de l\u2019\u00e9tat du corps apr\u00e8s l\u2019accouchement.<br \/>\nUne vieille tradition tao\u00efste dit qu\u2019un Yoni sain et fort amplifie le flux d\u2019\u00e9nergie vitale dans le corps.<\/p>\n<p>La taille de l\u2019\u0153uf est de 45x30mm et son poids de 55 \u00e0 65\u00a0g<br \/>\nL\u2019\u0153uf a un trou perc\u00e9 pour attacher la ficelle.<br \/>\nL\u2019emballage comprend une bo\u00eete, une ficelle, un pendentif et un sac, qui sert d\u2019\u00e9tui de voyage pour l\u2019\u0153uf.<br \/>\nLa bo\u00eete est doubl\u00e9e d\u2019un mat\u00e9riau EVA. Si vous ne souhaitez pas qu\u2019il soit dedans, laissez une note \u00e0 la caisse.<\/p>\n","protected":false},"featured_media":2477,"comment_status":"open","ping_status":"closed","template":"","meta":[],"product_cat":[43,107],"product_tag":[44,45,46,47,48],"_links":{"self":[{"href":"https:\/\/yoni.life\/fr\/wp-json\/wp\/v2\/product\/122"}],"collection":[{"href":"https:\/\/yoni.life\/fr\/wp-json\/wp\/v2\/product"}],"about":[{"href":"https:\/\/yoni.life\/fr\/wp-json\/wp\/v2\/types\/product"}],"replies":[{"embeddable":true,"href":"https:\/\/yoni.life\/fr\/wp-json\/wp\/v2\/comments?post=122"}],"version-history":[{"count":28,"href":"https:\/\/yoni.life\/fr\/wp-json\/wp\/v2\/product\/122\/revisions"}],"predecessor-version":[{"id":2879,"href":"https:\/\/yoni.life\/fr\/wp-json\/wp\/v2\/product\/122\/revisions\/2879"}],"wp:featuredmedia":[{"embeddable":true,"href":"https:\/\/yoni.life\/fr\/wp-json\/wp\/v2\/media\/2477"}],"wp:attachment":[{"href":"https:\/\/yoni.life\/fr\/wp-json\/wp\/v2\/media?parent=122"}],"wp:term":[{"taxonomy":"product_cat","embeddable":true,"href":"https:\/\/yoni.life\/fr\/wp-json\/wp\/v2\/product_cat?post=122"},{"taxonomy":"product_tag","embeddable":true,"href":"https:\/\/yoni.life\/fr\/wp-json\/wp\/v2\/product_tag?post=122"}],"curies":[{"name":"wp","href":"https:\/\/api.w.org\/{rel}","templated":true}]}}