{"id":1560,"date":"2021-02-15T17:57:58","date_gmt":"2021-02-15T16:57:58","guid":{"rendered":"https:\/\/yoni.life\/fr\/?post_type=product&#038;p=1560"},"modified":"2022-04-19T07:54:50","modified_gmt":"2022-04-19T06:54:50","slug":"yoni-egg-custom-set","status":"publish","type":"product","link":"https:\/\/yoni.life\/fr\/p\/yoni-egg-custom-set\/","title":{"rendered":"Set d\u2019\u0153ufs de Yoni personnalis\u00e9"},"content":{"rendered":"\t\t<div data-elementor-type=\"product-post\" data-elementor-id=\"1560\" class=\"elementor elementor-1560\" data-elementor-settings=\"[]\">\n\t\t\t\t\t\t<div class=\"elementor-inner\">\n\t\t\t\t\t\t\t<div class=\"elementor-section-wrap\">\n\t\t\t\t\t\t\t<section class=\"elementor-section elementor-top-section elementor-element elementor-element-e081836 elementor-reverse-mobile elementor-section-stretched elementor-section-boxed elementor-section-height-default elementor-section-height-default\" data-id=\"e081836\" data-element_type=\"section\" data-settings=\"{&quot;stretch_section&quot;:&quot;section-stretched&quot;}\">\n\t\t\t\t\t\t<div class=\"elementor-container elementor-column-gap-default\">\n\t\t\t\t\t\t\t<div class=\"elementor-row\">\n\t\t\t\t\t<div class=\"elementor-column elementor-col-50 elementor-top-column elementor-element elementor-element-cb34069\" data-id=\"cb34069\" data-element_type=\"column\">\n\t\t\t<div class=\"elementor-column-wrap elementor-element-populated\">\n\t\t\t\t\t\t\t<div class=\"elementor-widget-wrap\">\n\t\t\t\t\t\t<div class=\"elementor-element elementor-element-e6c27f6 elementor-widget elementor-widget-image\" data-id=\"e6c27f6\" data-element_type=\"widget\" data-widget_type=\"image.default\">\n\t\t\t\t<div class=\"elementor-widget-container\">\n\t\t\t\t\t\t\t\t<div class=\"elementor-image\">\n\t\t\t\t\t\t\t\t\t\t\t\t<img loading=\"lazy\" decoding=\"async\" width=\"550\" height=\"550\" src=\"https:\/\/yoni.life\/fr\/wp-content\/uploads\/sites\/4\/2021\/02\/AfterlightImage-80.jpg\" class=\"attachment-large size-large\" alt=\"crystal quartz yoni egg\" srcset=\"https:\/\/yoni.life\/fr\/wp-content\/uploads\/sites\/4\/2021\/02\/AfterlightImage-80.jpg 550w, https:\/\/yoni.life\/fr\/wp-content\/uploads\/sites\/4\/2021\/02\/AfterlightImage-80-300x300.jpg 300w, https:\/\/yoni.life\/fr\/wp-content\/uploads\/sites\/4\/2021\/02\/AfterlightImage-80-150x150.jpg 150w, https:\/\/yoni.life\/fr\/wp-content\/uploads\/sites\/4\/2021\/02\/AfterlightImage-80-100x100.jpg 100w\" sizes=\"(max-width: 550px) 100vw, 550px\" \/>\t\t\t\t\t\t\t\t\t\t\t\t\t\t<\/div>\n\t\t\t\t\t\t<\/div>\n\t\t\t\t<\/div>\n\t\t\t\t\t\t<\/div>\n\t\t\t\t\t<\/div>\n\t\t<\/div>\n\t\t\t\t<div class=\"elementor-column elementor-col-50 elementor-top-column elementor-element elementor-element-8aef672\" data-id=\"8aef672\" data-element_type=\"column\">\n\t\t\t<div class=\"elementor-column-wrap elementor-element-populated\">\n\t\t\t\t\t\t\t<div class=\"elementor-widget-wrap\">\n\t\t\t\t\t\t<div class=\"elementor-element elementor-element-bef37e8 elementor-widget elementor-widget-heading\" data-id=\"bef37e8\" data-element_type=\"widget\" data-widget_type=\"heading.default\">\n\t\t\t\t<div class=\"elementor-widget-container\">\n\t\t\t<h2 class=\"elementor-heading-title elementor-size-default\">Cristal de quartz <\/h2>\t\t<\/div>\n\t\t\t\t<\/div>\n\t\t\t\t<div class=\"elementor-element elementor-element-399f28f elementor-widget elementor-widget-text-editor\" data-id=\"399f28f\" data-element_type=\"widget\" data-widget_type=\"text-editor.default\">\n\t\t\t\t<div class=\"elementor-widget-container\">\n\t\t\t\t\t\t\t\t<div class=\"elementor-text-editor elementor-clearfix\">\n\t\t\t\t<p>Le cristal de quartz est la forme la plus pure qui soit. C\u2019est pourquoi sa couleur est transparente, parfois blanche. Dans l\u2019histoire, elle \u00e9tait consid\u00e9r\u00e9e comme la glace \u00e9ternelle envoy\u00e9e par les dieux c\u00e9lestes. C\u2019est une pierre tr\u00e8s polyvalente. C\u2019est votre<b> ardoise vierge pr\u00eate \u00e0 servir n\u2019importe quel objectif.<\/b><\/p>\t\t\t\t\t<\/div>\n\t\t\t\t\t\t<\/div>\n\t\t\t\t<\/div>\n\t\t\t\t\t\t<\/div>\n\t\t\t\t\t<\/div>\n\t\t<\/div>\n\t\t\t\t\t\t\t\t<\/div>\n\t\t\t\t\t<\/div>\n\t\t<\/section>\n\t\t\t\t<section class=\"elementor-section elementor-top-section elementor-element elementor-element-6c60d0f elementor-section-stretched elementor-section-boxed elementor-section-height-default elementor-section-height-default\" data-id=\"6c60d0f\" data-element_type=\"section\" data-settings=\"{&quot;stretch_section&quot;:&quot;section-stretched&quot;}\">\n\t\t\t\t\t\t<div class=\"elementor-container elementor-column-gap-default\">\n\t\t\t\t\t\t\t<div class=\"elementor-row\">\n\t\t\t\t\t<div class=\"elementor-column elementor-col-50 elementor-top-column elementor-element elementor-element-30af03f\" data-id=\"30af03f\" data-element_type=\"column\">\n\t\t\t<div class=\"elementor-column-wrap elementor-element-populated\">\n\t\t\t\t\t\t\t<div class=\"elementor-widget-wrap\">\n\t\t\t\t\t\t<div class=\"elementor-element elementor-element-9e5dd40 elementor-widget elementor-widget-heading\" data-id=\"9e5dd40\" data-element_type=\"widget\" data-widget_type=\"heading.default\">\n\t\t\t\t<div class=\"elementor-widget-container\">\n\t\t\t<h2 class=\"elementor-heading-title elementor-size-default\">Am\u00e9thyste<\/h2>\t\t<\/div>\n\t\t\t\t<\/div>\n\t\t\t\t<div class=\"elementor-element elementor-element-0973399 elementor-widget elementor-widget-text-editor\" data-id=\"0973399\" data-element_type=\"widget\" data-widget_type=\"text-editor.default\">\n\t\t\t\t<div class=\"elementor-widget-container\">\n\t\t\t\t\t\t\t\t<div class=\"elementor-text-editor elementor-clearfix\">\n\t\t\t\tForme de quartz qui est devenue violette en raison de la pr\u00e9sence d\u2019ions m\u00e9talliques dans sa structure. C\u2019est une pierre de connaissance sup\u00e9rieure, de spiritualit\u00e9, d\u2019intuition. Elle r\u00e9sonne avec les chakras sup\u00e9rieurs comme le troisi\u00e8me \u0153il et la couronne.\t\t\t\t\t<\/div>\n\t\t\t\t\t\t<\/div>\n\t\t\t\t<\/div>\n\t\t\t\t\t\t<\/div>\n\t\t\t\t\t<\/div>\n\t\t<\/div>\n\t\t\t\t<div class=\"elementor-column elementor-col-50 elementor-top-column elementor-element elementor-element-351d167\" data-id=\"351d167\" data-element_type=\"column\">\n\t\t\t<div class=\"elementor-column-wrap elementor-element-populated\">\n\t\t\t\t\t\t\t<div class=\"elementor-widget-wrap\">\n\t\t\t\t\t\t<div class=\"elementor-element elementor-element-7ec2a1a elementor-widget elementor-widget-image\" data-id=\"7ec2a1a\" data-element_type=\"widget\" data-widget_type=\"image.default\">\n\t\t\t\t<div class=\"elementor-widget-container\">\n\t\t\t\t\t\t\t\t<div class=\"elementor-image\">\n\t\t\t\t\t\t\t\t\t\t\t\t<img loading=\"lazy\" decoding=\"async\" width=\"550\" height=\"550\" src=\"https:\/\/yoni.life\/fr\/wp-content\/uploads\/sites\/4\/2021\/02\/AfterlightImage-82.jpg\" class=\"attachment-large size-large\" alt=\"certified amethyst yoni egg\" srcset=\"https:\/\/yoni.life\/fr\/wp-content\/uploads\/sites\/4\/2021\/02\/AfterlightImage-82.jpg 550w, https:\/\/yoni.life\/fr\/wp-content\/uploads\/sites\/4\/2021\/02\/AfterlightImage-82-300x300.jpg 300w, https:\/\/yoni.life\/fr\/wp-content\/uploads\/sites\/4\/2021\/02\/AfterlightImage-82-150x150.jpg 150w, https:\/\/yoni.life\/fr\/wp-content\/uploads\/sites\/4\/2021\/02\/AfterlightImage-82-100x100.jpg 100w\" sizes=\"(max-width: 550px) 100vw, 550px\" \/>\t\t\t\t\t\t\t\t\t\t\t\t\t\t<\/div>\n\t\t\t\t\t\t<\/div>\n\t\t\t\t<\/div>\n\t\t\t\t\t\t<\/div>\n\t\t\t\t\t<\/div>\n\t\t<\/div>\n\t\t\t\t\t\t\t\t<\/div>\n\t\t\t\t\t<\/div>\n\t\t<\/section>\n\t\t\t\t<section class=\"elementor-section elementor-top-section elementor-element elementor-element-41c89586 elementor-reverse-mobile elementor-section-stretched elementor-section-boxed elementor-section-height-default elementor-section-height-default\" data-id=\"41c89586\" data-element_type=\"section\" data-settings=\"{&quot;stretch_section&quot;:&quot;section-stretched&quot;}\">\n\t\t\t\t\t\t<div class=\"elementor-container elementor-column-gap-default\">\n\t\t\t\t\t\t\t<div class=\"elementor-row\">\n\t\t\t\t\t<div class=\"elementor-column elementor-col-50 elementor-top-column elementor-element elementor-element-c941a51\" data-id=\"c941a51\" data-element_type=\"column\">\n\t\t\t<div class=\"elementor-column-wrap elementor-element-populated\">\n\t\t\t\t\t\t\t<div class=\"elementor-widget-wrap\">\n\t\t\t\t\t\t<div class=\"elementor-element elementor-element-3f0bf0b9 elementor-widget elementor-widget-image\" data-id=\"3f0bf0b9\" data-element_type=\"widget\" data-widget_type=\"image.default\">\n\t\t\t\t<div class=\"elementor-widget-container\">\n\t\t\t\t\t\t\t\t<div class=\"elementor-image\">\n\t\t\t\t\t\t\t\t\t\t\t\t<img loading=\"lazy\" decoding=\"async\" width=\"600\" height=\"600\" src=\"https:\/\/yoni.life\/fr\/wp-content\/uploads\/sites\/4\/2021\/02\/AfterlightImage-61-2.jpg\" class=\"attachment-large size-large\" alt=\"Jazine with Yoni egg on her woman parts\" srcset=\"https:\/\/yoni.life\/fr\/wp-content\/uploads\/sites\/4\/2021\/02\/AfterlightImage-61-2.jpg 600w, https:\/\/yoni.life\/fr\/wp-content\/uploads\/sites\/4\/2021\/02\/AfterlightImage-61-2-300x300.jpg 300w, https:\/\/yoni.life\/fr\/wp-content\/uploads\/sites\/4\/2021\/02\/AfterlightImage-61-2-150x150.jpg 150w, https:\/\/yoni.life\/fr\/wp-content\/uploads\/sites\/4\/2021\/02\/AfterlightImage-61-2-100x100.jpg 100w\" sizes=\"(max-width: 600px) 100vw, 600px\" \/>\t\t\t\t\t\t\t\t\t\t\t\t\t\t<\/div>\n\t\t\t\t\t\t<\/div>\n\t\t\t\t<\/div>\n\t\t\t\t\t\t<\/div>\n\t\t\t\t\t<\/div>\n\t\t<\/div>\n\t\t\t\t<div class=\"elementor-column elementor-col-50 elementor-top-column elementor-element elementor-element-6e69221c\" data-id=\"6e69221c\" data-element_type=\"column\">\n\t\t\t<div class=\"elementor-column-wrap elementor-element-populated\">\n\t\t\t\t\t\t\t<div class=\"elementor-widget-wrap\">\n\t\t\t\t\t\t<div class=\"elementor-element elementor-element-452e139c elementor-widget elementor-widget-heading\" data-id=\"452e139c\" data-element_type=\"widget\" data-widget_type=\"heading.default\">\n\t\t\t\t<div class=\"elementor-widget-container\">\n\t\t\t<h2 class=\"elementor-heading-title elementor-size-default\">Quartz rose<\/h2>\t\t<\/div>\n\t\t\t\t<\/div>\n\t\t\t\t<div class=\"elementor-element elementor-element-2c4df4c0 elementor-widget elementor-widget-text-editor\" data-id=\"2c4df4c0\" data-element_type=\"widget\" data-widget_type=\"text-editor.default\">\n\t\t\t\t<div class=\"elementor-widget-container\">\n\t\t\t\t\t\t\t\t<div class=\"elementor-text-editor elementor-clearfix\">\n\t\t\t\tUne autre forme de quartz, cette fois-ci rose. C\u2019est la pierre de l\u2019amour inconditionnel. Elle repr\u00e9sente l\u2019amour, la paix et l\u2019harmonie. C\u2019est la gu\u00e9rison de la relation avec nous-m\u00eames et avec les autres. Elle r\u00e9sonne avec le chakra du c\u0153ur.\t\t\t\t\t<\/div>\n\t\t\t\t\t\t<\/div>\n\t\t\t\t<\/div>\n\t\t\t\t\t\t<\/div>\n\t\t\t\t\t<\/div>\n\t\t<\/div>\n\t\t\t\t\t\t\t\t<\/div>\n\t\t\t\t\t<\/div>\n\t\t<\/section>\n\t\t\t\t<section class=\"elementor-section elementor-top-section elementor-element elementor-element-6b14428e elementor-section-stretched elementor-section-boxed elementor-section-height-default elementor-section-height-default\" data-id=\"6b14428e\" data-element_type=\"section\" data-settings=\"{&quot;stretch_section&quot;:&quot;section-stretched&quot;}\">\n\t\t\t\t\t\t<div class=\"elementor-container elementor-column-gap-default\">\n\t\t\t\t\t\t\t<div class=\"elementor-row\">\n\t\t\t\t\t<div class=\"elementor-column elementor-col-50 elementor-top-column elementor-element elementor-element-6ac3d946\" data-id=\"6ac3d946\" data-element_type=\"column\">\n\t\t\t<div class=\"elementor-column-wrap elementor-element-populated\">\n\t\t\t\t\t\t\t<div class=\"elementor-widget-wrap\">\n\t\t\t\t\t\t<div class=\"elementor-element elementor-element-1a7a53c6 elementor-widget elementor-widget-heading\" data-id=\"1a7a53c6\" data-element_type=\"widget\" data-widget_type=\"heading.default\">\n\t\t\t\t<div class=\"elementor-widget-container\">\n\t\t\t<h2 class=\"elementor-heading-title elementor-size-default\">Jaspe rouge<\/h2>\t\t<\/div>\n\t\t\t\t<\/div>\n\t\t\t\t<div class=\"elementor-element elementor-element-142ee38c elementor-widget elementor-widget-text-editor\" data-id=\"142ee38c\" data-element_type=\"widget\" data-widget_type=\"text-editor.default\">\n\t\t\t\t<div class=\"elementor-widget-container\">\n\t\t\t\t\t\t\t\t<div class=\"elementor-text-editor elementor-clearfix\">\n\t\t\t\t<p>Appartient \u00e0 la<b> classe min\u00e9rale des calc\u00e9doines. \u00c9troitement li\u00e9 \u00e0 notre m\u00e8re la Terre<\/b> et \u00e0 la f\u00e9minit\u00e9. Soutient la force int\u00e9rieure et le courage. Tr\u00e8s terre \u00e0 terre. Elle r\u00e9sonne avec le chakra sacr\u00e9 et le chakra de base.<\/p>\t\t\t\t\t<\/div>\n\t\t\t\t\t\t<\/div>\n\t\t\t\t<\/div>\n\t\t\t\t\t\t<\/div>\n\t\t\t\t\t<\/div>\n\t\t<\/div>\n\t\t\t\t<div class=\"elementor-column elementor-col-50 elementor-top-column elementor-element elementor-element-5b95a380\" data-id=\"5b95a380\" data-element_type=\"column\">\n\t\t\t<div class=\"elementor-column-wrap elementor-element-populated\">\n\t\t\t\t\t\t\t<div class=\"elementor-widget-wrap\">\n\t\t\t\t\t\t<div class=\"elementor-element elementor-element-343fc353 elementor-widget elementor-widget-image\" data-id=\"343fc353\" data-element_type=\"widget\" data-widget_type=\"image.default\">\n\t\t\t\t<div class=\"elementor-widget-container\">\n\t\t\t\t\t\t\t\t<div class=\"elementor-image\">\n\t\t\t\t\t\t\t\t\t\t\t\t<img loading=\"lazy\" decoding=\"async\" width=\"550\" height=\"550\" src=\"https:\/\/yoni.life\/fr\/wp-content\/uploads\/sites\/4\/2021\/02\/AfterlightImage-81.jpg\" class=\"attachment-large size-large\" alt=\"red jasper yoni egg certified GIA\" srcset=\"https:\/\/yoni.life\/fr\/wp-content\/uploads\/sites\/4\/2021\/02\/AfterlightImage-81.jpg 550w, https:\/\/yoni.life\/fr\/wp-content\/uploads\/sites\/4\/2021\/02\/AfterlightImage-81-300x300.jpg 300w, https:\/\/yoni.life\/fr\/wp-content\/uploads\/sites\/4\/2021\/02\/AfterlightImage-81-150x150.jpg 150w, https:\/\/yoni.life\/fr\/wp-content\/uploads\/sites\/4\/2021\/02\/AfterlightImage-81-100x100.jpg 100w\" sizes=\"(max-width: 550px) 100vw, 550px\" \/>\t\t\t\t\t\t\t\t\t\t\t\t\t\t<\/div>\n\t\t\t\t\t\t<\/div>\n\t\t\t\t<\/div>\n\t\t\t\t\t\t<\/div>\n\t\t\t\t\t<\/div>\n\t\t<\/div>\n\t\t\t\t\t\t\t\t<\/div>\n\t\t\t\t\t<\/div>\n\t\t<\/section>\n\t\t\t\t<section class=\"elementor-section elementor-top-section elementor-element elementor-element-7b1a7dde elementor-section-stretched elementor-section-boxed elementor-section-height-default elementor-section-height-default\" data-id=\"7b1a7dde\" data-element_type=\"section\" data-settings=\"{&quot;stretch_section&quot;:&quot;section-stretched&quot;}\">\n\t\t\t\t\t\t<div class=\"elementor-container elementor-column-gap-default\">\n\t\t\t\t\t\t\t<div class=\"elementor-row\">\n\t\t\t\t\t<div class=\"elementor-column elementor-col-100 elementor-top-column elementor-element elementor-element-278ba485\" data-id=\"278ba485\" data-element_type=\"column\">\n\t\t\t<div class=\"elementor-column-wrap elementor-element-populated\">\n\t\t\t\t\t\t\t<div class=\"elementor-widget-wrap\">\n\t\t\t\t\t\t<div class=\"elementor-element elementor-element-71fd9781 elementor-widget elementor-widget-spacer\" data-id=\"71fd9781\" data-element_type=\"widget\" data-widget_type=\"spacer.default\">\n\t\t\t\t<div class=\"elementor-widget-container\">\n\t\t\t\t\t<div class=\"elementor-spacer\">\n\t\t\t<div class=\"elementor-spacer-inner\"><\/div>\n\t\t<\/div>\n\t\t\t\t<\/div>\n\t\t\t\t<\/div>\n\t\t\t\t<div class=\"elementor-element elementor-element-781874a4 elementor-widget elementor-widget-heading\" data-id=\"781874a4\" data-element_type=\"widget\" data-widget_type=\"heading.default\">\n\t\t\t\t<div class=\"elementor-widget-container\">\n\t\t\t<h3 class=\"elementor-heading-title elementor-size-default\"><a href=\"https:\/\/yoni.life\/fr\/yoni-egg\/\">En savoir plus sur les \u0153ufs de Yoni certifi\u00e9s. ><\/a><\/h3>\t\t<\/div>\n\t\t\t\t<\/div>\n\t\t\t\t\t\t<\/div>\n\t\t\t\t\t<\/div>\n\t\t<\/div>\n\t\t\t\t\t\t\t\t<\/div>\n\t\t\t\t\t<\/div>\n\t\t<\/section>\n\t\t\t\t\t\t<\/div>\n\t\t\t\t\t\t<\/div>\n\t\t\t\t\t<\/div>\n\t\t","protected":false},"excerpt":{"rendered":"<p>Personnalisez votre set d\u2019\u0153ufs de Yoni. Vous pouvez choisir parmi des pierres semi-pr\u00e9cieuses <b>certifi\u00e9es\u00a0:<\/b><\/p>\n<p><b>Quartz rose, quartz cristal, am\u00e9thyste et jaspe rouge.<\/b><\/p>\n<p>Le set contient trois \u0153ufs certifi\u00e9s avec un trou. <b>Taille M<\/b> (d\u00e9butant), <b>taille S<\/b> (avanc\u00e9) et <b>plus petit XS<\/b> (Master)<\/p>\n<p>L\u2019ensemble contient \u00e9galement\u00a0:<\/p>\n<ul>\n<li>des instructions sur la fa\u00e7on de prendre soin de l\u2019\u0153uf et de s\u2019exercer avec lui<\/li>\n<li>instructions vid\u00e9o pour les exercices du plancher pelvien<\/li>\n<li>musique de m\u00e9ditation sp\u00e9cialement cr\u00e9\u00e9e pour les exercices du plancher pelvien<\/li>\n<li>3x pendentif<\/li>\n<li>sac<\/li>\n<li>bo\u00eete<\/li>\n<li><a href=\"https:\/\/yoni.life\/fr\/p\/brush-for-yoni-egg\/\">brosse de nettoyage<\/a><\/li>\n<li><a href=\"https:\/\/yoni.life\/fr\/p\/string-for-yoni-egg\/\">30\u00a0m\u00e8tres de ficelle pour l\u2019\u0153uf de Yoni<\/a><\/li>\n<\/ul>\n","protected":false},"featured_media":2474,"comment_status":"open","ping_status":"closed","template":"","meta":[],"product_cat":[43,107],"product_tag":[119],"_links":{"self":[{"href":"https:\/\/yoni.life\/fr\/wp-json\/wp\/v2\/product\/1560"}],"collection":[{"href":"https:\/\/yoni.life\/fr\/wp-json\/wp\/v2\/product"}],"about":[{"href":"https:\/\/yoni.life\/fr\/wp-json\/wp\/v2\/types\/product"}],"replies":[{"embeddable":true,"href":"https:\/\/yoni.life\/fr\/wp-json\/wp\/v2\/comments?post=1560"}],"version-history":[{"count":18,"href":"https:\/\/yoni.life\/fr\/wp-json\/wp\/v2\/product\/1560\/revisions"}],"predecessor-version":[{"id":2887,"href":"https:\/\/yoni.life\/fr\/wp-json\/wp\/v2\/product\/1560\/revisions\/2887"}],"wp:featuredmedia":[{"embeddable":true,"href":"https:\/\/yoni.life\/fr\/wp-json\/wp\/v2\/media\/2474"}],"wp:attachment":[{"href":"https:\/\/yoni.life\/fr\/wp-json\/wp\/v2\/media?parent=1560"}],"wp:term":[{"taxonomy":"product_cat","embeddable":true,"href":"https:\/\/yoni.life\/fr\/wp-json\/wp\/v2\/product_cat?post=1560"},{"taxonomy":"product_tag","embeddable":true,"href":"https:\/\/yoni.life\/fr\/wp-json\/wp\/v2\/product_tag?post=1560"}],"curies":[{"name":"wp","href":"https:\/\/api.w.org\/{rel}","templated":true}]}}