{"id":1871,"date":"2021-05-07T12:49:44","date_gmt":"2021-05-07T11:49:44","guid":{"rendered":"https:\/\/yoni.life\/fr\/?post_type=product&#038;p=1871"},"modified":"2025-09-22T13:55:27","modified_gmt":"2025-09-22T12:55:27","slug":"brush-for-yoni-egg","status":"publish","type":"product","link":"https:\/\/yoni.life\/fr\/p\/brush-for-yoni-egg\/","title":{"rendered":"Brosse pour l\u2019\u0153uf de Yoni"},"content":{"rendered":"","protected":false},"excerpt":{"rendered":"<p>Brosse pour nettoyer facilement le trou de l\u2019\u0153uf de Yoni.<\/p>\n<p>La brosse s\u2019ins\u00e8re dans la bo\u00eete et dans le sac pour les \u0153ufs de Yoni (qui est inclus dans l\u2019achat des \u0153ufs de Yoni) <a href=\"https:\/\/yoni.life\/fr\/p\/yoni-egg\/\">\u0153ufs de Yoni<\/a>).<\/p>\n","protected":false},"featured_media":1872,"comment_status":"open","ping_status":"closed","template":"","meta":[],"product_cat":[49],"product_tag":[],"_links":{"self":[{"href":"https:\/\/yoni.life\/fr\/wp-json\/wp\/v2\/product\/1871"}],"collection":[{"href":"https:\/\/yoni.life\/fr\/wp-json\/wp\/v2\/product"}],"about":[{"href":"https:\/\/yoni.life\/fr\/wp-json\/wp\/v2\/types\/product"}],"replies":[{"embeddable":true,"href":"https:\/\/yoni.life\/fr\/wp-json\/wp\/v2\/comments?post=1871"}],"version-history":[{"count":3,"href":"https:\/\/yoni.life\/fr\/wp-json\/wp\/v2\/product\/1871\/revisions"}],"predecessor-version":[{"id":2880,"href":"https:\/\/yoni.life\/fr\/wp-json\/wp\/v2\/product\/1871\/revisions\/2880"}],"wp:featuredmedia":[{"embeddable":true,"href":"https:\/\/yoni.life\/fr\/wp-json\/wp\/v2\/media\/1872"}],"wp:attachment":[{"href":"https:\/\/yoni.life\/fr\/wp-json\/wp\/v2\/media?parent=1871"}],"wp:term":[{"taxonomy":"product_cat","embeddable":true,"href":"https:\/\/yoni.life\/fr\/wp-json\/wp\/v2\/product_cat?post=1871"},{"taxonomy":"product_tag","embeddable":true,"href":"https:\/\/yoni.life\/fr\/wp-json\/wp\/v2\/product_tag?post=1871"}],"curies":[{"name":"wp","href":"https:\/\/api.w.org\/{rel}","templated":true}]}}