{"id":232,"date":"2020-10-01T12:00:24","date_gmt":"2020-10-01T11:00:24","guid":{"rendered":"https:\/\/yoni.life\/fr\/product\/import-placeholder-for-7204\/"},"modified":"2023-02-01T21:46:17","modified_gmt":"2023-02-01T20:46:17","slug":"string-for-yoni-egg","status":"publish","type":"product","link":"https:\/\/yoni.life\/fr\/p\/string-for-yoni-egg\/","title":{"rendered":"Cordon pour l\u2019\u0153uf de Yoni"},"content":{"rendered":"<p>Ficelle blanche en amidon de ma\u00efs pour l\u2019utilisation de l\u2019\u0153uf de Yoni.<\/p>\n<p>Vous pouvez \u00e9galement accrocher des poids \u00e0 la ficelle, qui peut \u00eatre fabriqu\u00e9e \u00e0 partir d\u2019un sac de riz. (<a href=\"https:\/\/yoni.life\/fr\/blog\/\">d\u00e9tails sur le blog<\/a>)<\/p>\n<p>Passez environ 30\u00a0cm (0,3\u00a0m) de ficelle \u00e0 travers l\u2019\u0153illet de l\u2019\u0153uf de Yoni, redressez les extr\u00e9mit\u00e9s et fixez la ficelle avec un n\u0153ud \u00e0 l\u2019\u0153uf. Cela sert de mesure de s\u00e9curit\u00e9 pour faciliter le retrait de l\u2019\u0153uf de Yoni une fois la pratique termin\u00e9e.<\/p>\n<p>Fabriqu\u00e9 en\u00a0: Amidon de ma\u00efs (PLA), cire de candelilla.<\/p>\n<p>Longueur de la corde\u00a0: 3\u2009000\u00a0cm (30\u00a0m)<\/p>\n<p>Compostable \u267b\ufe0f.<\/p>\n","protected":false},"excerpt":{"rendered":"<p>Ficelle blanche en amidon de ma\u00efs pour l\u2019utilisation de l\u2019\u0153uf de Yoni.<\/p>\n<p>Vous pouvez \u00e9galement accrocher des poids \u00e0 la ficelle, qui peut \u00eatre fabriqu\u00e9e \u00e0 partir d\u2019un sac de riz. (<a href=\"https:\/\/yoni.life\/fr\/blog\/\">d\u00e9tails sur le blog<\/a>)<\/p>\n<p>Passez environ 30\u00a0cm (0,3\u00a0m) de ficelle \u00e0 travers l\u2019\u0153illet de l\u2019\u0153uf de Yoni, redressez les extr\u00e9mit\u00e9s et fixez la ficelle avec un n\u0153ud \u00e0 l\u2019\u0153uf. Cela sert de mesure de s\u00e9curit\u00e9 pour faciliter le retrait de l\u2019\u0153uf de Yoni une fois la pratique termin\u00e9e.<\/p>\n<p>Fabriqu\u00e9 en\u00a0: Amidon de ma\u00efs (PLA), cire de candelilla.<\/p>\n<p>Longueur de la corde\u00a0: 3\u2009000\u00a0cm (30\u00a0m)<\/p>\n<p>Compostable \u267b\ufe0f.<\/p>\n","protected":false},"featured_media":236,"comment_status":"open","ping_status":"closed","template":"","meta":[],"product_cat":[49,54],"product_tag":[],"_links":{"self":[{"href":"https:\/\/yoni.life\/fr\/wp-json\/wp\/v2\/product\/232"}],"collection":[{"href":"https:\/\/yoni.life\/fr\/wp-json\/wp\/v2\/product"}],"about":[{"href":"https:\/\/yoni.life\/fr\/wp-json\/wp\/v2\/types\/product"}],"replies":[{"embeddable":true,"href":"https:\/\/yoni.life\/fr\/wp-json\/wp\/v2\/comments?post=232"}],"version-history":[{"count":4,"href":"https:\/\/yoni.life\/fr\/wp-json\/wp\/v2\/product\/232\/revisions"}],"predecessor-version":[{"id":2888,"href":"https:\/\/yoni.life\/fr\/wp-json\/wp\/v2\/product\/232\/revisions\/2888"}],"wp:featuredmedia":[{"embeddable":true,"href":"https:\/\/yoni.life\/fr\/wp-json\/wp\/v2\/media\/236"}],"wp:attachment":[{"href":"https:\/\/yoni.life\/fr\/wp-json\/wp\/v2\/media?parent=232"}],"wp:term":[{"taxonomy":"product_cat","embeddable":true,"href":"https:\/\/yoni.life\/fr\/wp-json\/wp\/v2\/product_cat?post=232"},{"taxonomy":"product_tag","embeddable":true,"href":"https:\/\/yoni.life\/fr\/wp-json\/wp\/v2\/product_tag?post=232"}],"curies":[{"name":"wp","href":"https:\/\/api.w.org\/{rel}","templated":true}]}}